{"id":12123,"date":"2025-01-24T17:02:59","date_gmt":"2025-01-24T14:02:59","guid":{"rendered":"https:\/\/nordicdiy.ee\/aterga-till\/"},"modified":"2025-01-24T17:02:59","modified_gmt":"2025-01-24T14:02:59","slug":"aterga-till","status":"publish","type":"page","link":"https:\/\/nordicdiy.ee\/sv\/aterga-till\/","title":{"rendered":"\u00c5terg\u00e5 till"},"content":{"rendered":"<p>*Efter mottagandet av best\u00e4llningen kan varorna returneras inom 14 dagar.<br \/>\n*F\u00f6r att beg\u00e4ra retur av varorna, v\u00e4nligen skicka ett e-postmeddelande till <a class=\"ms-outlook-linkify\" href=\"mailto:epood@nordicdiy.ee\">epood@nordicdiy.ee <\/a>med ordernummer, ditt namn, varans namn och anledningen till returen.<br \/>\n*Varorna som ska returneras m\u00e5ste vara oanv\u00e4nda, oskadade och i originalf\u00f6rpackningen.<br \/>\n*Returkostnader b\u00e4rs av kunden. Om inte sk\u00e4let till returen \u00e4r att fel vara skickats eller att varan \u00e4r defekt.<br \/>\n*Pengarna f\u00f6r de returnerade varorna kommer att \u00f6verf\u00f6ras omedelbart, men senast 14 dagar efter mottagandet av uttaget.<\/p>\n","protected":false},"excerpt":{"rendered":"<p>*Efter mottagandet av best\u00e4llningen kan varorna returneras inom 14 dagar. *F\u00f6r att beg\u00e4ra retur av varorna, v\u00e4nligen skicka ett e-postmeddelande till epood@nordicdiy.ee med ordernummer, ditt namn, varans namn och anledningen till returen. *Varorna som ska returneras m\u00e5ste vara oanv\u00e4nda, oskadade och i originalf\u00f6rpackningen. *Returkostnader b\u00e4rs av kunden. Om inte sk\u00e4let till returen \u00e4r att fel [&hellip;]<\/p>\n","protected":false},"author":32,"featured_media":0,"parent":0,"menu_order":0,"comment_status":"closed","ping_status":"closed","template":"","meta":{"site-sidebar-layout":"default","site-content-layout":"","ast-site-content-layout":"default","site-content-style":"default","site-sidebar-style":"default","ast-global-header-display":"","ast-banner-title-visibility":"","ast-main-header-display":"","ast-hfb-above-header-display":"","ast-hfb-below-header-display":"","ast-hfb-mobile-header-display":"","site-post-title":"","ast-breadcrumbs-content":"","ast-featured-img":"","footer-sml-layout":"","ast-disable-related-posts":"","theme-transparent-header-meta":"default","adv-header-id-meta":"","stick-header-meta":"default","header-above-stick-meta":"","header-main-stick-meta":"","header-below-stick-meta":"","astra-migrate-meta-layouts":"default","ast-page-background-enabled":"default","ast-page-background-meta":{"desktop":{"background-color":"","background-image":"","background-repeat":"repeat","background-position":"center center","background-size":"auto","background-attachment":"scroll","background-type":"","background-media":"","overlay-type":"","overlay-color":"","overlay-opacity":"","overlay-gradient":""},"tablet":{"background-color":"","background-image":"","background-repeat":"repeat","background-position":"center center","background-size":"auto","background-attachment":"scroll","background-type":"","background-media":"","overlay-type":"","overlay-color":"","overlay-opacity":"","overlay-gradient":""},"mobile":{"background-color":"","background-image":"","background-repeat":"repeat","background-position":"center center","background-size":"auto","background-attachment":"scroll","background-type":"","background-media":"","overlay-type":"","overlay-color":"","overlay-opacity":"","overlay-gradient":""}},"ast-content-background-meta":{"desktop":{"background-color":"var(--ast-global-color-5)","background-image":"","background-repeat":"repeat","background-position":"center center","background-size":"auto","background-attachment":"scroll","background-type":"","background-media":"","overlay-type":"","overlay-color":"","overlay-opacity":"","overlay-gradient":""},"tablet":{"background-color":"var(--ast-global-color-5)","background-image":"","background-repeat":"repeat","background-position":"center center","background-size":"auto","background-attachment":"scroll","background-type":"","background-media":"","overlay-type":"","overlay-color":"","overlay-opacity":"","overlay-gradient":""},"mobile":{"background-color":"var(--ast-global-color-5)","background-image":"","background-repeat":"repeat","background-position":"center center","background-size":"auto","background-attachment":"scroll","background-type":"","background-media":"","overlay-type":"","overlay-color":"","overlay-opacity":"","overlay-gradient":""}},"footnotes":""},"class_list":["post-12123","page","type-page","status-publish","hentry"],"_links":{"self":[{"href":"https:\/\/nordicdiy.ee\/sv\/wp-json\/wp\/v2\/pages\/12123","targetHints":{"allow":["GET"]}}],"collection":[{"href":"https:\/\/nordicdiy.ee\/sv\/wp-json\/wp\/v2\/pages"}],"about":[{"href":"https:\/\/nordicdiy.ee\/sv\/wp-json\/wp\/v2\/types\/page"}],"author":[{"embeddable":true,"href":"https:\/\/nordicdiy.ee\/sv\/wp-json\/wp\/v2\/users\/32"}],"replies":[{"embeddable":true,"href":"https:\/\/nordicdiy.ee\/sv\/wp-json\/wp\/v2\/comments?post=12123"}],"version-history":[{"count":0,"href":"https:\/\/nordicdiy.ee\/sv\/wp-json\/wp\/v2\/pages\/12123\/revisions"}],"wp:attachment":[{"href":"https:\/\/nordicdiy.ee\/sv\/wp-json\/wp\/v2\/media?parent=12123"}],"curies":[{"name":"wp","href":"https:\/\/api.w.org\/{rel}","templated":true}]}}