{"id":12128,"date":"2024-09-06T19:33:49","date_gmt":"2024-09-06T16:33:49","guid":{"rendered":"https:\/\/nordicdiy.ee\/villkor-for-dataskydd\/"},"modified":"2026-03-03T17:33:18","modified_gmt":"2026-03-03T14:33:18","slug":"villkor-for-dataskydd","status":"publish","type":"page","link":"https:\/\/nordicdiy.ee\/sv\/villkor-for-dataskydd\/","title":{"rendered":"Villkor f\u00f6r dataskydd"},"content":{"rendered":"<p>Personuppgiftsansvarig f\u00f6r webbshoppen <a href=\"http:\/\/nordicdiy.ee\">nordicdiy.ee<\/a> \u00e4r Nordic DIY O\u00dc (s\u00e4te 17209922) med adress Lootuse tee 3, Metsakasti by Viimsi kommun Harjumaa 74019. Telefon +372 5167996 och e-post <a href=\"mailto:epood@nordicdiy.ee\">epood@nordicdiy.ee.<\/a> <\/p>\n<p>Nordic DIY O\u00dc \u00f6verf\u00f6r de personuppgifter som \u00e4r n\u00f6dv\u00e4ndiga f\u00f6r att genomf\u00f6ra betalningar till personuppgiftsbitr\u00e4det Montonio Finance UAB.<\/p>\n<p>Vilka personuppgifter som behandlas<\/p>\n<ul>\n<li>namn, telefonnummer och e-postadress<\/li>\n<li>leveransadress<\/li>\n<li>bankkontonummer<\/li>\n<li>kostnader f\u00f6r varor och tj\u00e4nster och betalningsuppgifter (k\u00f6phistorik).<\/li>\n<li>information om kundsupport<\/li>\n<li>IP-adress<\/li>\n<\/ul>\n<p><strong>\u00c4ndam\u00e5l f\u00f6r vilka personuppgifter behandlas<\/strong><\/p>\n<p>Personuppgifter anv\u00e4nds f\u00f6r att hantera kundorder och f\u00f6r leverans av varor.<br \/>\nUppgifter om k\u00f6phistorik (ink\u00f6psdatum, varor, kvantitet, kunddata) anv\u00e4nds f\u00f6r att sammanst\u00e4lla en \u00f6versikt \u00f6ver de varor och tj\u00e4nster som k\u00f6pts, f\u00f6r att analysera kundpreferenser och bland annat i syfte att l\u00f6sa konsumenttvister.<\/p>\n<p>Bankkontonumret anv\u00e4nds f\u00f6r att \u00e5terf\u00f6ra betalningar till kunden.<\/p>\n<p>Personuppgifter, s\u00e5som e-post, telefonnummer, kundnamn, behandlas f\u00f6r att l\u00f6sa problem relaterade till tillhandah\u00e5llande av varor och tj\u00e4nster (kundsupport). Dessutom anv\u00e4nds e-post f\u00f6r att skicka fakturor och telefonnumret anv\u00e4nds f\u00f6r att meddela varornas ankomst till paketautomaten.<br \/>\nIP-adressen eller andra n\u00e4tverksidentifierare f\u00f6r anv\u00e4ndaren av webbshoppen behandlas i syfte att tillhandah\u00e5lla webbshoppen som en informationssamh\u00e4llstj\u00e4nst och f\u00f6r statistik \u00f6ver webbanv\u00e4ndning. <\/p>\n<p><strong>R\u00e4ttslig grund<\/strong><\/p>\n<p>Behandlingen av personuppgifter sker i syfte att fullg\u00f6ra avtalet med kunden (hantering av kundorder, leverans, retur av varor och betalningar).<br \/>\nBehandlingen av personuppgifter sker f\u00f6r att fullg\u00f6ra en r\u00e4ttslig f\u00f6rpliktelse (t.ex. bokf\u00f6ring och konsumenttvistl\u00f6sning).<br \/>\nBehandlingen av personuppgifter \u00e4r n\u00f6dv\u00e4ndig f\u00f6r att den personuppgiftsansvarige ska kunna tillgodose sitt ber\u00e4ttigade intresse av att samla in k\u00f6phistorik f\u00f6r att kunna l\u00f6sa eventuella konsumenttvister.<\/p>\n<p><strong>Mottagare till vilka personuppgifterna l\u00e4mnas ut<\/strong><\/p>\n<p>Namn, telefonnummer och e-postadress vidarebefordras till den transportleverant\u00f6r som kunden har valt. F\u00f6r varor som levereras med bud kommer kundens adress att \u00f6verf\u00f6ras ut\u00f6ver kontaktuppgifterna.<br \/>\nOm bokf\u00f6ringen av onlinebutiken utf\u00f6rs av en tj\u00e4nsteleverant\u00f6r kommer personuppgifter att \u00f6verf\u00f6ras till tj\u00e4nsteleverant\u00f6ren i syfte att utf\u00f6ra bokf\u00f6rings\u00e5tg\u00e4rder.<br \/>\nPersonuppgifter kan \u00f6verf\u00f6ras till leverant\u00f6rer av informationstekniktj\u00e4nster om detta \u00e4r n\u00f6dv\u00e4ndigt f\u00f6r att s\u00e4kerst\u00e4lla funktionaliteten eller datatillg\u00e4ngligheten i onlinebutiken. <\/p>\n<p><strong>S\u00e4kerhet och tillg\u00e5ng till data<\/strong><\/p>\n<p>Personuppgifterna lagras p\u00e5 servrar som \u00e4r bel\u00e4gna i en medlemsstat i Europeiska unionen eller i l\u00e4nder som anslutit sig till Europeiska ekonomiska samarbetsomr\u00e5det. Uppgifterna kan \u00f6verf\u00f6ras till l\u00e4nder vars dataskyddsniv\u00e5 har bed\u00f6mts som tillr\u00e4cklig av Europeiska kommissionen eller till ett f\u00f6retag i tredje land f\u00f6r vilket en skydds\u00e5tg\u00e4rd enligt artikel 46 har vidtagits.<br \/>\nPersonuppgifter kan vara tillg\u00e4ngliga f\u00f6r personalen i n\u00e4tbutiken i syfte att l\u00f6sa tekniska problem relaterade till anv\u00e4ndningen av n\u00e4tbutiken och tillhandah\u00e5lla kundsupporttj\u00e4nster.<br \/>\nWebbutiken vidtar l\u00e4mpliga fysiska, organisatoriska och informationstekniska s\u00e4kerhets\u00e5tg\u00e4rder f\u00f6r att skydda personuppgifter mot oavsiktlig eller olaglig f\u00f6rst\u00f6relse, f\u00f6rlust, \u00e4ndring eller obeh\u00f6rig \u00e5tkomst och utl\u00e4mnande.<br \/>\n\u00d6verf\u00f6ringen av personuppgifter till webbutikens personuppgiftsbitr\u00e4den (t.ex. leverant\u00f6rer av transporttj\u00e4nster och dataaggregatorer) sker p\u00e5 grundval av avtal mellan webbutiken och personuppgiftsbitr\u00e4dena. Personuppgiftsbitr\u00e4dena \u00e4r skyldiga att vidta l\u00e4mpliga skydds\u00e5tg\u00e4rder vid behandling av personuppgifter.  <\/p>\n<p><strong>Tillg\u00e5ng till och r\u00e4ttelse av personuppgifter<\/strong><\/p>\n<p>Personuppgifter kan n\u00e5s och korrigeras i webbutikens anv\u00e4ndarprofil. Om k\u00f6pet har gjorts utan anv\u00e4ndarkonto kan personuppgifterna n\u00e5s via inloggningen. Om beg\u00e4ran om tillg\u00e5ng till personuppgifter har gjorts elektroniskt kommer informationen ocks\u00e5 att tillhandah\u00e5llas p\u00e5 vanligt f\u00f6rekommande elektroniska s\u00e4tt.  <\/p>\n<p><strong>\u00c5terkallande av samtycke<\/strong><\/p>\n<p>Om behandlingen av personuppgifter grundar sig p\u00e5 kundens samtycke har kunden r\u00e4tt att \u00e5terkalla samtycket i kundkontoinst\u00e4llningarna eller genom att informera kundtj\u00e4nst via e-post.<\/p>\n<p><strong>F\u00f6rvaring p\u00e5<\/strong><\/p>\n<p>N\u00e4r du avslutar ditt kundkonto i webbutiken kommer dina personuppgifter att raderas, med undantag f\u00f6r personuppgifter (k\u00f6phistorik) som beh\u00f6ver sparas f\u00f6r bokf\u00f6rings\u00e4ndam\u00e5l eller f\u00f6r att l\u00f6sa konsumenttvister. N\u00e4r det g\u00e4ller tvister som r\u00f6r betalningar och konsumenttvister kommer personuppgifterna att sparas tills fordran \u00e4r reglerad eller preskriptionstiden har l\u00f6pt ut. Personuppgifter som finns i de ursprungliga bokf\u00f6ringsdokumenten sparas i sju \u00e5r.  <\/p>\n<p><strong>Begr\u00e4nsning<\/strong><\/p>\n<p>Du har r\u00e4tt att beg\u00e4ra att behandlingen av dina personuppgifter begr\u00e4nsas om uppgifterna \u00e4r felaktiga eller ofullst\u00e4ndiga eller om dina personuppgifter behandlas p\u00e5 ett olagligt s\u00e4tt.<\/p>\n<p><strong>Inv\u00e4ndningar<\/strong><\/p>\n<p>Kunden har r\u00e4tt att inv\u00e4nda mot behandlingen av sina personuppgifter om han\/hon har anledning att tro att det inte finns n\u00e5gon laglig grund f\u00f6r behandlingen av hans\/hennes personuppgifter.<\/p>\n<p><strong>Radering<\/strong><\/p>\n<p>F\u00f6r att radera personuppgifter m\u00e5ste du kontakta kundtj\u00e4nst via e-post. Ett svar p\u00e5 beg\u00e4ran om radering kommer att l\u00e4mnas senast inom en m\u00e5nad, med angivande av den period under vilken uppgifterna kommer att raderas.<br \/>\nI svaret p\u00e5 beg\u00e4ran kommer det ocks\u00e5 att anges vilka personuppgifter som inte kommer att raderas och p\u00e5 vilken r\u00e4ttslig grund och av vilken anledning. <\/p>\n<p><strong>\u00d6verf\u00f6ring till<\/strong><\/p>\n<p>F\u00f6rfr\u00e5gningar om \u00f6verf\u00f6ring av personuppgifter som skickas via e-post kommer att besvaras senast inom en m\u00e5nad.<br \/>\nCustomer Support kommer att verifiera identiteten och meddela vilka personuppgifter som ska \u00f6verf\u00f6ras.<\/p>\n<p><strong>Kommunikation genom direktmarknadsf\u00f6ring<\/strong><\/p>\n<p>E-postadressen och telefonnumret kommer att anv\u00e4ndas f\u00f6r att skicka direktmarknadsf\u00f6ringsmeddelanden om kunden har gett sitt samtycke. Om kunden inte vill ta emot direktmarknadsf\u00f6ring ska han\/hon v\u00e4lja l\u00e4mplig referens i sidfoten i e-postmeddelandet eller kontakta kundtj\u00e4nst.<br \/>\nOm personuppgifter behandlas f\u00f6r direktmarknadsf\u00f6ring (profilering) har kunden r\u00e4tt att n\u00e4r som helst inv\u00e4nda mot b\u00e5de den inledande och den fortsatta behandlingen av sina personuppgifter, inklusive profilering i samband med direktmarknadsf\u00f6ring, genom att informera kundtj\u00e4nst via e-post. <\/p>\n<p><strong>Tvistl\u00f6sning<\/strong><\/p>\n<p>Tvister om behandling av personuppgifter kan l\u00f6sas genom kundsupport genom att skicka ett e-postmeddelande till <a href=\"mailto:epood@nordicdiy.ee\">epood@nordicdiy.ee<\/a> eller genom att ringa +372 5167996.<br \/>\nTillsynsmyndigheten \u00e4r Estlands dataskyddsinspektion<a href=\"mailto:info@aki.ee\">(info@aki.ee)<\/a>.<\/p>\n","protected":false},"excerpt":{"rendered":"<p>Personuppgiftsansvarig f\u00f6r webbshoppen nordicdiy.ee \u00e4r Nordic DIY O\u00dc (s\u00e4te 17209922) med adress Lootuse tee 3, Metsakasti by Viimsi kommun Harjumaa 74019. Telefon +372 5167996 och e-post epood@nordicdiy.ee. Nordic DIY O\u00dc \u00f6verf\u00f6r de personuppgifter som \u00e4r n\u00f6dv\u00e4ndiga f\u00f6r att genomf\u00f6ra betalningar till personuppgiftsbitr\u00e4det Montonio Finance UAB. Vilka personuppgifter som behandlas namn, telefonnummer och e-postadress leveransadress bankkontonummer [&hellip;]<\/p>\n","protected":false},"author":1,"featured_media":0,"parent":0,"menu_order":0,"comment_status":"closed","ping_status":"closed","template":"","meta":{"site-sidebar-layout":"default","site-content-layout":"","ast-site-content-layout":"default","site-content-style":"default","site-sidebar-style":"default","ast-global-header-display":"","ast-banner-title-visibility":"","ast-main-header-display":"","ast-hfb-above-header-display":"","ast-hfb-below-header-display":"","ast-hfb-mobile-header-display":"","site-post-title":"","ast-breadcrumbs-content":"","ast-featured-img":"","footer-sml-layout":"","ast-disable-related-posts":"","theme-transparent-header-meta":"default","adv-header-id-meta":"","stick-header-meta":"default","header-above-stick-meta":"","header-main-stick-meta":"","header-below-stick-meta":"","astra-migrate-meta-layouts":"default","ast-page-background-enabled":"default","ast-page-background-meta":{"desktop":{"background-color":"","background-image":"","background-repeat":"repeat","background-position":"center center","background-size":"auto","background-attachment":"scroll","background-type":"","background-media":"","overlay-type":"","overlay-color":"","overlay-opacity":"","overlay-gradient":""},"tablet":{"background-color":"","background-image":"","background-repeat":"repeat","background-position":"center center","background-size":"auto","background-attachment":"scroll","background-type":"","background-media":"","overlay-type":"","overlay-color":"","overlay-opacity":"","overlay-gradient":""},"mobile":{"background-color":"","background-image":"","background-repeat":"repeat","background-position":"center center","background-size":"auto","background-attachment":"scroll","background-type":"","background-media":"","overlay-type":"","overlay-color":"","overlay-opacity":"","overlay-gradient":""}},"ast-content-background-meta":{"desktop":{"background-color":"var(--ast-global-color-5)","background-image":"","background-repeat":"repeat","background-position":"center center","background-size":"auto","background-attachment":"scroll","background-type":"","background-media":"","overlay-type":"","overlay-color":"","overlay-opacity":"","overlay-gradient":""},"tablet":{"background-color":"var(--ast-global-color-5)","background-image":"","background-repeat":"repeat","background-position":"center center","background-size":"auto","background-attachment":"scroll","background-type":"","background-media":"","overlay-type":"","overlay-color":"","overlay-opacity":"","overlay-gradient":""},"mobile":{"background-color":"var(--ast-global-color-5)","background-image":"","background-repeat":"repeat","background-position":"center center","background-size":"auto","background-attachment":"scroll","background-type":"","background-media":"","overlay-type":"","overlay-color":"","overlay-opacity":"","overlay-gradient":""}},"footnotes":""},"class_list":["post-12128","page","type-page","status-publish","hentry"],"_links":{"self":[{"href":"https:\/\/nordicdiy.ee\/sv\/wp-json\/wp\/v2\/pages\/12128","targetHints":{"allow":["GET"]}}],"collection":[{"href":"https:\/\/nordicdiy.ee\/sv\/wp-json\/wp\/v2\/pages"}],"about":[{"href":"https:\/\/nordicdiy.ee\/sv\/wp-json\/wp\/v2\/types\/page"}],"author":[{"embeddable":true,"href":"https:\/\/nordicdiy.ee\/sv\/wp-json\/wp\/v2\/users\/1"}],"replies":[{"embeddable":true,"href":"https:\/\/nordicdiy.ee\/sv\/wp-json\/wp\/v2\/comments?post=12128"}],"version-history":[{"count":2,"href":"https:\/\/nordicdiy.ee\/sv\/wp-json\/wp\/v2\/pages\/12128\/revisions"}],"predecessor-version":[{"id":28259,"href":"https:\/\/nordicdiy.ee\/sv\/wp-json\/wp\/v2\/pages\/12128\/revisions\/28259"}],"wp:attachment":[{"href":"https:\/\/nordicdiy.ee\/sv\/wp-json\/wp\/v2\/media?parent=12128"}],"curies":[{"name":"wp","href":"https:\/\/api.w.org\/{rel}","templated":true}]}}