{"id":12133,"date":"2024-09-06T19:21:09","date_gmt":"2024-09-06T16:21:09","guid":{"rendered":"https:\/\/nordicdiy.ee\/ufi-gron\/"},"modified":"2025-06-11T17:25:37","modified_gmt":"2025-06-11T14:25:37","slug":"ufi-gron","status":"publish","type":"page","link":"https:\/\/nordicdiy.ee\/sv\/ufi-gron\/","title":{"rendered":"UFI Gr\u00f6n"},"content":{"rendered":"<p>Det som g\u00f6r oss mest speciella \u00e4r v\u00e5r UFI Green-certifierade kollektion av doftoljor, som garanterar h\u00f6gsta s\u00e4kerhets- och milj\u00f6standarder. Vi \u00e4r stolta \u00f6ver att vara den exklusiva distribut\u00f6ren av Aspoli doftoljor i Estland, Finland, Sverige och Lettland.<br \/>\n<strong><br \/>\nFr\u00e5n och med den 1 januari 2025 kommer EU-lagstiftningen att g\u00e4lla <\/strong>, vilket inneb\u00e4r att alla kemiska blandningar som anv\u00e4nds inom kosmetika- och doftindustrin m\u00e5ste omfattas av ett harmoniserat PCN (Poison Centres Notification). Detta inneb\u00e4r att om en produkt s\u00e4ljs i EU-l\u00e4nder m\u00e5ste de ansvariga f\u00f6retagen f\u00f6rse de europeiska giftinformationscentralerna med information om sammans\u00e4ttning, faror och anv\u00e4ndning av den kemikalie som anv\u00e4nds i produkten. Fr\u00e5n och med nu m\u00e5ste alla nya och befintliga produkter uppfylla detta nya krav fullt ut.  <\/p>\n<p><strong>Enkelt uttryckt<\/strong> inneb\u00e4r den nya lagen att om en kund k\u00f6per en produkt fr\u00e5n en n\u00e4tbutik, butik eller marknadsplats som inneh\u00e5ller en doftolja (t.ex. ett ljus) m\u00e5ste alla f\u00e4rdiga produkter f\u00f6rhandsregistreras hos Europeiska arbetsmilj\u00f6centrumet (ECHAS). F\u00f6r att garantera s\u00e4kerheten m\u00e5ste tillverkaren tillhandah\u00e5lla korrekt information om produkternas sammans\u00e4ttning och potentiella faror. Detta kommer att bidra till att h\u00e5lla m\u00e4nniskor och milj\u00f6 s\u00e4kra.  <\/p>\n<p><strong>\u00c4r allt f\u00f6r komplicerat?<br \/>\n<\/strong>Ja, det \u00e4r en komplicerad och tidskr\u00e4vande process, och det \u00e4r d\u00e4rf\u00f6r vi har gjort livet enklare f\u00f6r tillverkarna.<strong><br \/>\nF\u00f6r att f\u00f6renkla produktionen kan du ladda ner Soy Leather Candle Safety Sheets (SDS) och CLP-etiketter f\u00f6r varje doftolja GRATIS, och du beh\u00f6ver inte generera och rapportera UFI-koden i PCN eller registrera din produkt i ECHAS<\/strong>.<\/p>\n<p><strong>Hur fungerar det?<br \/>\n<a href=\"https:\/\/nordicdiy.ee\/sv\/ufi-gron\/ufi-susteem-2\/\" rel=\"attachment wp-att-5374\"><img decoding=\"async\" class=\"alignnone wp-image-5374\" src=\"https:\/\/nordicdiy.ee\/wp-content\/uploads\/2025\/02\/ufi-susteem-300x72.jpg\" alt=\"\" width=\"426\" height=\"102\" srcset=\"https:\/\/nordicdiy.ee\/wp-content\/uploads\/2025\/02\/ufi-susteem-300x72.jpg 300w, https:\/\/nordicdiy.ee\/wp-content\/uploads\/2025\/02\/ufi-susteem-1024x244.jpg 1024w, https:\/\/nordicdiy.ee\/wp-content\/uploads\/2025\/02\/ufi-susteem-768x183.jpg 768w, https:\/\/nordicdiy.ee\/wp-content\/uploads\/2025\/02\/ufi-susteem-600x143.jpg 600w, https:\/\/nordicdiy.ee\/wp-content\/uploads\/2025\/02\/ufi-susteem.jpg 1132w\" sizes=\"(max-width: 426px) 100vw, 426px\" \/><\/a><br \/>\n<\/strong><\/p>\n<ol>\n<li><strong>V\u00e4lj<\/strong> <strong>en doftolja<\/strong> fr\u00e5n v\u00e5r onlinebutik som \u00e4r m\u00e4rkt med en <strong>UFI GREEN-niv\u00e5<\/strong>.<br \/>\nVarje doftolja har en UFIGREEN-anv\u00e4ndningsniv\u00e5, eller tr\u00f6skelv\u00e4rde, som anger den maximalt s\u00e4kra m\u00e4ngden doftolja f\u00f6r ljus eller hemdofter (t.ex. Baccarat 39%).<\/li>\n<li><strong>V\u00e4lj<\/strong> ett h\u00e4lso- och milj\u00f6neutralt <strong>vax<\/strong>, t.ex. sojavax, m\u00e4rkt UFI GREEN.<br \/>\nEtt h\u00e4lso- och milj\u00f6neutralt vax \u00e4r ett vax som inte inneh\u00e5ller \u00e4mnen som klassificeras som farliga.<\/li>\n<li><strong>Ladda ner det kostnadsfria s\u00e4kerhets<\/strong> databladet (SDS) f\u00f6r ljuset med den doseringsniv\u00e5 du har valt och spara det p\u00e5 din dator.<br \/>\nI produktbeskrivningen f\u00f6r doftolja hittar du kostnadsfria s\u00e4kerhetsdatablad (SDS) f\u00f6r sojaljus (3 doseringsniv\u00e5er 6%, 8% eller 10%).<\/li>\n<li><strong>Ladda ner ett klisterm\u00e4rke<\/strong> att f\u00e4sta <strong>p\u00e5 ljuset<\/strong> med piktogram, faroangivelser och en lista \u00f6ver allergener. Gl\u00f6m inte att l\u00e4gga till dina f\u00f6retagsuppgifter och ljusets vaxvikt f\u00f6re utskrift!<br \/>\n<strong>V\u00e4nligen notera!  <\/strong>- klisterm\u00e4rket saknar UFI-kod - eftersom UFI GREEN-logotypen bekr\u00e4ftar att den f\u00e4rdiga produkten inte beh\u00f6ver registreras hos ECHAS och \u00e4r n\u00e4ra kopplad till produktens s\u00e4kerhetsdatablad.<\/li>\n<\/ol>\n<p><strong>Vad h\u00e4nder om jag har valt en doftolja med UFI READY-logotypen?<\/strong><br \/>\nOm den doftolja du har valt har UFI READY-logotypen kan den ocks\u00e5 anv\u00e4ndas vid tillverkning av doftljus.<br \/>\nF\u00f6lj de 4 stegen ovan (som UFI GREEN) s\u00e5 hittar du gratis s\u00e4kerhetsdatablad (SDS) f\u00f6r sojaljus i beskrivningen av varje doftoljeprodukt.<br \/>\n<strong>V\u00e4nligen notera!  <\/strong>- dekalen \u00e4r f\u00f6rsedd med UFI-kod och faropiktogram!<\/p>\n<p><strong>Kan jag anv\u00e4nda ASPOL doftoljor i dofter f\u00f6r hemmabruk?<br \/>\n<\/strong>Ja, du kan anv\u00e4nda pinnar i hemdofter, rumssprayer och bildofter. Kontrollera gr\u00e4nsv\u00e4rdena f\u00f6r <strong data-start=\"174\" data-end=\"210\">s\u00e4ker anv\u00e4ndning<\/strong> f\u00f6re anv\u00e4ndning. Se IFRA-tabellen f\u00f6r anv\u00e4ndningsniv\u00e5erna f\u00f6r kategorierna.<br \/>\nSprayer f\u00f6r ytspray, luftfr\u00e4schare f\u00f6r bilar, kategori nr: 10B.<br \/>\nStick-on-husfr\u00e4schare, doftpinnar, luftfr\u00e4schare utan spray, kategori nr: 10A.  <\/p>\n<p><strong>Om du vill g\u00f6ra en rumscenter med pinnar som inte beh\u00f6ver ECHAS-registreras, f\u00f6lj dessa 2 enkla steg.<br \/>\n<\/strong><\/p>\n<ol>\n<li>V\u00e4lj en doftolja som ligger inom gr\u00e4nsen f\u00f6r din valda m\u00e4ngd. T.ex. har Baccarat UFIGREEN doftolja en anv\u00e4ndningsgr\u00e4ns p\u00e5 upp till 39%! Det inneb\u00e4r att upp till 39% av doftoljan kan anv\u00e4ndas f\u00f6r dofts\u00e4ttning i hemmet.  <\/li>\n<li>Anv\u00e4nd UFI GREEN basv\u00e4tska nr 7. Skapa de renaste och s\u00e4kraste diffusorerna p\u00e5 marknaden! <\/li>\n<li>Produkten ska vara m\u00e4rkt med UFI GREEN-logotypen.<\/li>\n<\/ol>\n<p>&nbsp;<\/p>\n<p><strong>Vad betyder UFI GREEN?<\/strong><\/p>\n<p>\"UFIGREEN\" \u00e4r en f\u00f6rkortning f\u00f6r \"Unique Formula Identifier Green\", som \u00e4r relaterad till m\u00e4rkning av kemikalier och farliga \u00e4mnen i Europeiska unionen. Det \u00e4r en s\u00e4rskild identifierare som utvecklats enligt kemikalief\u00f6rordningen, \u00e4ven k\u00e4nd som CLP-f\u00f6rordningen (klassificering, m\u00e4rkning och f\u00f6rpackning). <\/p>\n<p>UFI Green \u00e4r en s\u00e4rskild kod som anv\u00e4nds inom EU f\u00f6r att identifiera milj\u00f6v\u00e4nliga kemikalier och farliga \u00e4mnen. Denna 16-siffriga kod hj\u00e4lper till att snabbt och korrekt identifiera produkter som uppfyller vissa s\u00e4kerhets- och milj\u00f6krav. UFI Green syftar till att g\u00f6ra anv\u00e4ndningen av kemikalier s\u00e4krare och mer transparent f\u00f6r b\u00e5de konsumenter och industri.  <\/p>\n<p>UFI Green har som m\u00e5l att fr\u00e4mja gr\u00f6nare produkter och att g\u00f6ra s\u00e4kerheten och hanteringen av kemikalier enklare och mer transparent f\u00f6r b\u00e5de konsumenter och industri.<\/p>\n<p><strong>Vad \u00e4r UFI READY och vad \u00e4r skillnaden mellan det och UFI GREEN?<\/strong><\/p>\n<p>UFI Ready inneb\u00e4r att en produkt eller ett system \u00e4r tekniskt redo att anv\u00e4nda den UFI-kod som kr\u00e4vs f\u00f6r att korrekt identifiera kemikalier i enlighet med EU:s s\u00e4kerhetskrav.<\/p>\n<p>UFI Green, \u00e5 andra sidan, avser produkter som \u00e4r utformade eller m\u00e4rkta f\u00f6r att uppfylla kraven p\u00e5 milj\u00f6v\u00e4nlighet eller l\u00e4gre risk.<br \/>\nDen huvudsakliga skillnaden: UFI Ready fokuserar p\u00e5 den tekniska beredskapen f\u00f6r anv\u00e4ndning av UFI-koden, medan UFI Green fokuserar p\u00e5 produktens s\u00e4kerhets- och milj\u00f6v\u00e4nlighetsniv\u00e5.<\/p>\n<p>CLP-f\u00f6rordningen (f\u00f6rordning (EG) nr 1272\/2008) \u00e4r en regel som hj\u00e4lper till att identifiera och kommunicera farorna med kemikalier. Den kr\u00e4ver att alla kemiska produkter (\u00e4mnen och blandningar) som s\u00e4ljs i Europeiska unionen m\u00e5ste vara korrekt m\u00e4rkta och f\u00f6rpackade. Etiketterna har s\u00e4rskilda varningar och bilder (piktogram) f\u00f6r att visa hur farlig produkten \u00e4r. CLP-f\u00f6rordningen bygger p\u00e5 FN:s system f\u00f6r att garantera s\u00e4ker anv\u00e4ndning av kemiska produkter och underl\u00e4tta f\u00f6rs\u00e4ljningen av dem \u00f6ver hela v\u00e4rlden.   <\/p>\n","protected":false},"excerpt":{"rendered":"<p>Det som g\u00f6r oss mest speciella \u00e4r v\u00e5r UFI Green-certifierade kollektion av doftoljor, som garanterar h\u00f6gsta s\u00e4kerhets- och milj\u00f6standarder. Vi \u00e4r stolta \u00f6ver att vara den exklusiva distribut\u00f6ren av Aspoli doftoljor i Estland, Finland, Sverige och Lettland. Fr\u00e5n och med den 1 januari 2025 kommer EU-lagstiftningen att g\u00e4lla , vilket inneb\u00e4r att alla kemiska blandningar [&hellip;]<\/p>\n","protected":false},"author":1,"featured_media":0,"parent":0,"menu_order":0,"comment_status":"closed","ping_status":"closed","template":"","meta":{"site-sidebar-layout":"default","site-content-layout":"","ast-site-content-layout":"default","site-content-style":"default","site-sidebar-style":"default","ast-global-header-display":"","ast-banner-title-visibility":"","ast-main-header-display":"","ast-hfb-above-header-display":"","ast-hfb-below-header-display":"","ast-hfb-mobile-header-display":"","site-post-title":"","ast-breadcrumbs-content":"","ast-featured-img":"","footer-sml-layout":"","ast-disable-related-posts":"","theme-transparent-header-meta":"default","adv-header-id-meta":"","stick-header-meta":"default","header-above-stick-meta":"","header-main-stick-meta":"","header-below-stick-meta":"","astra-migrate-meta-layouts":"default","ast-page-background-enabled":"default","ast-page-background-meta":{"desktop":{"background-color":"","background-image":"","background-repeat":"repeat","background-position":"center center","background-size":"auto","background-attachment":"scroll","background-type":"","background-media":"","overlay-type":"","overlay-color":"","overlay-opacity":"","overlay-gradient":""},"tablet":{"background-color":"","background-image":"","background-repeat":"repeat","background-position":"center center","background-size":"auto","background-attachment":"scroll","background-type":"","background-media":"","overlay-type":"","overlay-color":"","overlay-opacity":"","overlay-gradient":""},"mobile":{"background-color":"","background-image":"","background-repeat":"repeat","background-position":"center center","background-size":"auto","background-attachment":"scroll","background-type":"","background-media":"","overlay-type":"","overlay-color":"","overlay-opacity":"","overlay-gradient":""}},"ast-content-background-meta":{"desktop":{"background-color":"var(--ast-global-color-5)","background-image":"","background-repeat":"repeat","background-position":"center center","background-size":"auto","background-attachment":"scroll","background-type":"","background-media":"","overlay-type":"","overlay-color":"","overlay-opacity":"","overlay-gradient":""},"tablet":{"background-color":"var(--ast-global-color-5)","background-image":"","background-repeat":"repeat","background-position":"center center","background-size":"auto","background-attachment":"scroll","background-type":"","background-media":"","overlay-type":"","overlay-color":"","overlay-opacity":"","overlay-gradient":""},"mobile":{"background-color":"var(--ast-global-color-5)","background-image":"","background-repeat":"repeat","background-position":"center center","background-size":"auto","background-attachment":"scroll","background-type":"","background-media":"","overlay-type":"","overlay-color":"","overlay-opacity":"","overlay-gradient":""}},"footnotes":""},"class_list":["post-12133","page","type-page","status-publish","hentry"],"_links":{"self":[{"href":"https:\/\/nordicdiy.ee\/sv\/wp-json\/wp\/v2\/pages\/12133","targetHints":{"allow":["GET"]}}],"collection":[{"href":"https:\/\/nordicdiy.ee\/sv\/wp-json\/wp\/v2\/pages"}],"about":[{"href":"https:\/\/nordicdiy.ee\/sv\/wp-json\/wp\/v2\/types\/page"}],"author":[{"embeddable":true,"href":"https:\/\/nordicdiy.ee\/sv\/wp-json\/wp\/v2\/users\/1"}],"replies":[{"embeddable":true,"href":"https:\/\/nordicdiy.ee\/sv\/wp-json\/wp\/v2\/comments?post=12133"}],"version-history":[{"count":1,"href":"https:\/\/nordicdiy.ee\/sv\/wp-json\/wp\/v2\/pages\/12133\/revisions"}],"predecessor-version":[{"id":19126,"href":"https:\/\/nordicdiy.ee\/sv\/wp-json\/wp\/v2\/pages\/12133\/revisions\/19126"}],"wp:attachment":[{"href":"https:\/\/nordicdiy.ee\/sv\/wp-json\/wp\/v2\/media?parent=12133"}],"curies":[{"name":"wp","href":"https:\/\/api.w.org\/{rel}","templated":true}]}}