{"id":12141,"date":"2024-09-06T19:20:37","date_gmt":"2024-09-06T16:20:37","guid":{"rendered":"https:\/\/nordicdiy.ee\/tjanster\/"},"modified":"2024-09-06T19:20:37","modified_gmt":"2024-09-06T16:20:37","slug":"tjanster","status":"publish","type":"page","link":"https:\/\/nordicdiy.ee\/sv\/tjanster\/","title":{"rendered":"Tj\u00e4nster"},"content":{"rendered":"<p>V\u00e5ra tj\u00e4nster - att skapa personliga och unika l\u00f6sningar. Vi erbjuder h\u00f6gkvalitativa och personliga tj\u00e4nster som hj\u00e4lper dig att lyfta fram dina produkter och ge dem ett unikt utseende:<\/p>\n<ul>\n<li><strong>Logogravyr p\u00e5 tr<\/strong> \u00e4ljusstakar - Gravera din logotyp elegant p\u00e5 tr\u00e4ljusstakar och ge dina produkter en lyxig och minnesv\u00e4rd detalj.<\/li>\n<li>M\u00e5lning av <strong>ljusglas<\/strong> - vi erbjuder professionell m\u00e5lning av ljusglas s\u00e5 att dina ljus passar perfekt till ditt varum\u00e4rke eller din heminredning.<\/li>\n<li><strong>Skapa en doftoljebukett<\/strong> - vi hj\u00e4lper dig att skapa en unik doftoljekombination som \u00e5terspeglar din varum\u00e4rkesidentitet och skapar en behaglig atmosf\u00e4r.<\/li>\n<\/ul>\n<p>F\u00f6r en offert, v\u00e4nligen kontakta oss: <a href=\"mailto:epood@nordicdiy.ee\">epood@nordicdiy.ee<\/a><\/p>\n","protected":false},"excerpt":{"rendered":"<p>V\u00e5ra tj\u00e4nster - att skapa personliga och unika l\u00f6sningar. Vi erbjuder h\u00f6gkvalitativa och personliga tj\u00e4nster som hj\u00e4lper dig att lyfta fram dina produkter och ge dem ett unikt utseende: Logogravyr p\u00e5 tr \u00e4ljusstakar - Gravera din logotyp elegant p\u00e5 tr\u00e4ljusstakar och ge dina produkter en lyxig och minnesv\u00e4rd detalj. M\u00e5lning av ljusglas - vi erbjuder [&hellip;]<\/p>\n","protected":false},"author":1,"featured_media":0,"parent":0,"menu_order":0,"comment_status":"closed","ping_status":"closed","template":"","meta":{"site-sidebar-layout":"default","site-content-layout":"","ast-site-content-layout":"default","site-content-style":"default","site-sidebar-style":"default","ast-global-header-display":"","ast-banner-title-visibility":"","ast-main-header-display":"","ast-hfb-above-header-display":"","ast-hfb-below-header-display":"","ast-hfb-mobile-header-display":"","site-post-title":"","ast-breadcrumbs-content":"","ast-featured-img":"","footer-sml-layout":"","ast-disable-related-posts":"","theme-transparent-header-meta":"default","adv-header-id-meta":"","stick-header-meta":"default","header-above-stick-meta":"","header-main-stick-meta":"","header-below-stick-meta":"","astra-migrate-meta-layouts":"default","ast-page-background-enabled":"default","ast-page-background-meta":{"desktop":{"background-color":"","background-image":"","background-repeat":"repeat","background-position":"center center","background-size":"auto","background-attachment":"scroll","background-type":"","background-media":"","overlay-type":"","overlay-color":"","overlay-opacity":"","overlay-gradient":""},"tablet":{"background-color":"","background-image":"","background-repeat":"repeat","background-position":"center center","background-size":"auto","background-attachment":"scroll","background-type":"","background-media":"","overlay-type":"","overlay-color":"","overlay-opacity":"","overlay-gradient":""},"mobile":{"background-color":"","background-image":"","background-repeat":"repeat","background-position":"center center","background-size":"auto","background-attachment":"scroll","background-type":"","background-media":"","overlay-type":"","overlay-color":"","overlay-opacity":"","overlay-gradient":""}},"ast-content-background-meta":{"desktop":{"background-color":"var(--ast-global-color-5)","background-image":"","background-repeat":"repeat","background-position":"center center","background-size":"auto","background-attachment":"scroll","background-type":"","background-media":"","overlay-type":"","overlay-color":"","overlay-opacity":"","overlay-gradient":""},"tablet":{"background-color":"var(--ast-global-color-5)","background-image":"","background-repeat":"repeat","background-position":"center center","background-size":"auto","background-attachment":"scroll","background-type":"","background-media":"","overlay-type":"","overlay-color":"","overlay-opacity":"","overlay-gradient":""},"mobile":{"background-color":"var(--ast-global-color-5)","background-image":"","background-repeat":"repeat","background-position":"center center","background-size":"auto","background-attachment":"scroll","background-type":"","background-media":"","overlay-type":"","overlay-color":"","overlay-opacity":"","overlay-gradient":""}},"footnotes":""},"class_list":["post-12141","page","type-page","status-publish","hentry"],"_links":{"self":[{"href":"https:\/\/nordicdiy.ee\/sv\/wp-json\/wp\/v2\/pages\/12141","targetHints":{"allow":["GET"]}}],"collection":[{"href":"https:\/\/nordicdiy.ee\/sv\/wp-json\/wp\/v2\/pages"}],"about":[{"href":"https:\/\/nordicdiy.ee\/sv\/wp-json\/wp\/v2\/types\/page"}],"author":[{"embeddable":true,"href":"https:\/\/nordicdiy.ee\/sv\/wp-json\/wp\/v2\/users\/1"}],"replies":[{"embeddable":true,"href":"https:\/\/nordicdiy.ee\/sv\/wp-json\/wp\/v2\/comments?post=12141"}],"version-history":[{"count":0,"href":"https:\/\/nordicdiy.ee\/sv\/wp-json\/wp\/v2\/pages\/12141\/revisions"}],"wp:attachment":[{"href":"https:\/\/nordicdiy.ee\/sv\/wp-json\/wp\/v2\/media?parent=12141"}],"curies":[{"name":"wp","href":"https:\/\/api.w.org\/{rel}","templated":true}]}}