{"id":12147,"date":"2024-09-06T19:19:19","date_gmt":"2024-09-06T16:19:19","guid":{"rendered":"https:\/\/nordicdiy.ee\/b2b-forsaljning\/"},"modified":"2024-09-06T19:19:19","modified_gmt":"2024-09-06T16:19:19","slug":"b2b-forsaljning","status":"publish","type":"page","link":"https:\/\/nordicdiy.ee\/sv\/b2b-forsaljning\/","title":{"rendered":"B2B-f\u00f6rs\u00e4ljning"},"content":{"rendered":"<div>\n<p>V\u00e5rt f\u00f6retag erbjuder B2B-kunder ett brett utbud av h\u00f6gkvalitativa produkter, inklusive UFI Green-certifierade doftoljor, f\u00e4rgade ljusglas, sojavaxer med mera. F\u00f6r grossister erbjuder vi konkurrenskraftiga grossistpriser och m\u00f6jligheten att skapa din egen unika doftbukett och best\u00e4lla specialm\u00e5lade ljusglas eller rumsdoftflaskor. V\u00e5rt sortiment omfattar \u00e4ven ljusvaxer, doftvaxer, ljusvaxer, ljusf\u00e4rger, glitter, flytande tv\u00e5lbaser och flaskor, ljusl\u00e5dor och mycket mer f\u00f6r att st\u00f6dja din aff\u00e4rs tillv\u00e4xt och kreativitet. V\u00e5rt m\u00e5l \u00e4r att tillhandah\u00e5lla flexibla och anpassningsbara l\u00f6sningar som uppfyller dina aff\u00e4rsbehov och hj\u00e4lper dig att f\u00e5 ut milj\u00f6v\u00e4nliga produkter av h\u00f6g kvalitet p\u00e5 marknaden.   <\/p>\n<p>N\u00e4r du arbetar med oss kan du vara s\u00e4ker p\u00e5 att dina produkter uppfyller de h\u00f6gsta standarderna och st\u00f6der h\u00e5llbarhet och s\u00e4kerhet. Nordic DIY-teamet har \u00e5tagit sig att tillhandah\u00e5lla b\u00e4sta m\u00f6jliga service och support, s\u00e5 att ditt f\u00f6retag kan fokusera p\u00e5 det som \u00e4r viktigast - att skapa och marknadsf\u00f6ra h\u00f6gkvalitativa och milj\u00f6v\u00e4nliga produkter. <\/p>\n<p>Oavsett om dina behov \u00e4r stora eller sm\u00e5 har vi l\u00f6sningen. B\u00f6rja arbeta med oss idag och uppt\u00e4ck hur vi kan hj\u00e4lpa dig att uppn\u00e5 dina aff\u00e4rsm\u00e5l! <\/p>\n<p>Be om en offert nu!<\/p>\n<\/div>\n<div>Kaspar P\u00e4rn<br \/>\nB2B Sales<br \/>\nMobil: +372 52 66461<br \/>\nE-post: <a href=\"mailto:kaspar@nordicdiy.ee\">kaspar@nordicdiy.ee<\/a><\/div>\n","protected":false},"excerpt":{"rendered":"<p>V\u00e5rt f\u00f6retag erbjuder B2B-kunder ett brett utbud av h\u00f6gkvalitativa produkter, inklusive UFI Green-certifierade doftoljor, f\u00e4rgade ljusglas, sojavaxer med mera. F\u00f6r grossister erbjuder vi konkurrenskraftiga grossistpriser och m\u00f6jligheten att skapa din egen unika doftbukett och best\u00e4lla specialm\u00e5lade ljusglas eller rumsdoftflaskor. V\u00e5rt sortiment omfattar \u00e4ven ljusvaxer, doftvaxer, ljusvaxer, ljusf\u00e4rger, glitter, flytande tv\u00e5lbaser och flaskor, ljusl\u00e5dor och mycket [&hellip;]<\/p>\n","protected":false},"author":1,"featured_media":0,"parent":0,"menu_order":0,"comment_status":"closed","ping_status":"closed","template":"","meta":{"site-sidebar-layout":"default","site-content-layout":"","ast-site-content-layout":"default","site-content-style":"default","site-sidebar-style":"default","ast-global-header-display":"","ast-banner-title-visibility":"","ast-main-header-display":"","ast-hfb-above-header-display":"","ast-hfb-below-header-display":"","ast-hfb-mobile-header-display":"","site-post-title":"","ast-breadcrumbs-content":"","ast-featured-img":"","footer-sml-layout":"","ast-disable-related-posts":"","theme-transparent-header-meta":"default","adv-header-id-meta":"","stick-header-meta":"default","header-above-stick-meta":"","header-main-stick-meta":"","header-below-stick-meta":"","astra-migrate-meta-layouts":"default","ast-page-background-enabled":"default","ast-page-background-meta":{"desktop":{"background-color":"","background-image":"","background-repeat":"repeat","background-position":"center center","background-size":"auto","background-attachment":"scroll","background-type":"","background-media":"","overlay-type":"","overlay-color":"","overlay-opacity":"","overlay-gradient":""},"tablet":{"background-color":"","background-image":"","background-repeat":"repeat","background-position":"center center","background-size":"auto","background-attachment":"scroll","background-type":"","background-media":"","overlay-type":"","overlay-color":"","overlay-opacity":"","overlay-gradient":""},"mobile":{"background-color":"","background-image":"","background-repeat":"repeat","background-position":"center center","background-size":"auto","background-attachment":"scroll","background-type":"","background-media":"","overlay-type":"","overlay-color":"","overlay-opacity":"","overlay-gradient":""}},"ast-content-background-meta":{"desktop":{"background-color":"var(--ast-global-color-5)","background-image":"","background-repeat":"repeat","background-position":"center center","background-size":"auto","background-attachment":"scroll","background-type":"","background-media":"","overlay-type":"","overlay-color":"","overlay-opacity":"","overlay-gradient":""},"tablet":{"background-color":"var(--ast-global-color-5)","background-image":"","background-repeat":"repeat","background-position":"center center","background-size":"auto","background-attachment":"scroll","background-type":"","background-media":"","overlay-type":"","overlay-color":"","overlay-opacity":"","overlay-gradient":""},"mobile":{"background-color":"var(--ast-global-color-5)","background-image":"","background-repeat":"repeat","background-position":"center center","background-size":"auto","background-attachment":"scroll","background-type":"","background-media":"","overlay-type":"","overlay-color":"","overlay-opacity":"","overlay-gradient":""}},"footnotes":""},"class_list":["post-12147","page","type-page","status-publish","hentry"],"_links":{"self":[{"href":"https:\/\/nordicdiy.ee\/sv\/wp-json\/wp\/v2\/pages\/12147","targetHints":{"allow":["GET"]}}],"collection":[{"href":"https:\/\/nordicdiy.ee\/sv\/wp-json\/wp\/v2\/pages"}],"about":[{"href":"https:\/\/nordicdiy.ee\/sv\/wp-json\/wp\/v2\/types\/page"}],"author":[{"embeddable":true,"href":"https:\/\/nordicdiy.ee\/sv\/wp-json\/wp\/v2\/users\/1"}],"replies":[{"embeddable":true,"href":"https:\/\/nordicdiy.ee\/sv\/wp-json\/wp\/v2\/comments?post=12147"}],"version-history":[{"count":0,"href":"https:\/\/nordicdiy.ee\/sv\/wp-json\/wp\/v2\/pages\/12147\/revisions"}],"wp:attachment":[{"href":"https:\/\/nordicdiy.ee\/sv\/wp-json\/wp\/v2\/media?parent=12147"}],"curies":[{"name":"wp","href":"https:\/\/api.w.org\/{rel}","templated":true}]}}