{"id":12150,"date":"2024-09-06T19:19:31","date_gmt":"2024-09-06T16:19:31","guid":{"rendered":"https:\/\/nordicdiy.ee\/om-oss\/"},"modified":"2024-09-06T19:19:31","modified_gmt":"2024-09-06T16:19:31","slug":"om-oss","status":"publish","type":"page","link":"https:\/\/nordicdiy.ee\/sv\/om-oss\/","title":{"rendered":"Om oss"},"content":{"rendered":"<p>V\u00e4lkommen till v\u00e5rt familjef\u00f6retags nya och innovativa DIY-e-butik! Vi erbjuder ett brett utbud av milj\u00f6v\u00e4nliga produkter som \u00e4r utformade med h\u00e5llbarhet och omsorg om naturen i \u00e5tanke. I v\u00e5rt sortiment hittar du material f\u00f6r ljusst\u00f6pning, dofttillbeh\u00f6r f\u00f6r hemmet och ingredienser f\u00f6r flytande tv\u00e5ltillverkning. Det som g\u00f6r oss mest speciella \u00e4r v\u00e5r samling av doftoljor med UFI Green-certifiering, vilket garanterar h\u00f6gsta s\u00e4kerhets- och milj\u00f6standarder. Vi \u00e4r stolta \u00f6ver att vara den exklusiva distribut\u00f6ren av Aspoli doftoljor i Estland, Finland, Sverige och Lettland.    <\/p>\n<p>V\u00e5r butik \u00e4r utformad f\u00f6r att tillhandah\u00e5lla kvalitetsprodukter f\u00f6r privatpersoner, tillverkare och f\u00f6retag som vill ha naturliga och s\u00e4kra l\u00f6sningar. V\u00e5rt m\u00e5l \u00e4r att f\u00f6renkla din resa i hantverksv\u00e4rlden genom att erbjuda ett brett utbud av material och tillbeh\u00f6r som \u00e4r milj\u00f6v\u00e4nliga och certifierade. <\/p>\n<p>Vi erbjuder ocks\u00e5 B2B-l\u00f6sningar, inklusive grossist- och skr\u00e4ddarsydda l\u00f6sningar som att skapa din egen doftbukett eller f\u00e4rga ljusglas. Dessutom kan du ladda ner etiketter och s\u00e4kerhetscertifikat (SDS) fr\u00e5n v\u00e5r webbplats f\u00f6r att bevisa att dina produkter \u00e4r tillverkade p\u00e5 ett milj\u00f6v\u00e4nligt s\u00e4tt och uppfyller de h\u00f6gsta s\u00e4kerhetsstandarderna. <\/p>\n<p>V\u00e5rt produktsortiment utvecklas st\u00e4ndigt f\u00f6r att erbjuda dig den b\u00e4sta DIY-upplevelsen. V\u00e5rt m\u00e5l \u00e4r att inspirera och st\u00f6dja din kreativitet genom att tillhandah\u00e5lla allt du beh\u00f6ver f\u00f6r att skapa n\u00e5got verkligt speciellt och milj\u00f6v\u00e4nligt. Oavsett om du \u00e4r nyb\u00f6rjare eller proffs har v\u00e5r onlinebutik allt du beh\u00f6ver f\u00f6r att f\u00f6rverkliga dina id\u00e9er. Ta ett steg mot en gr\u00f6nare och s\u00e4krare framtid med oss!   <\/p>\n","protected":false},"excerpt":{"rendered":"<p>V\u00e4lkommen till v\u00e5rt familjef\u00f6retags nya och innovativa DIY-e-butik! Vi erbjuder ett brett utbud av milj\u00f6v\u00e4nliga produkter som \u00e4r utformade med h\u00e5llbarhet och omsorg om naturen i \u00e5tanke. I v\u00e5rt sortiment hittar du material f\u00f6r ljusst\u00f6pning, dofttillbeh\u00f6r f\u00f6r hemmet och ingredienser f\u00f6r flytande tv\u00e5ltillverkning. Det som g\u00f6r oss mest speciella \u00e4r v\u00e5r samling av doftoljor med [&hellip;]<\/p>\n","protected":false},"author":1,"featured_media":0,"parent":0,"menu_order":0,"comment_status":"closed","ping_status":"closed","template":"","meta":{"site-sidebar-layout":"default","site-content-layout":"","ast-site-content-layout":"default","site-content-style":"default","site-sidebar-style":"default","ast-global-header-display":"","ast-banner-title-visibility":"","ast-main-header-display":"","ast-hfb-above-header-display":"","ast-hfb-below-header-display":"","ast-hfb-mobile-header-display":"","site-post-title":"","ast-breadcrumbs-content":"","ast-featured-img":"","footer-sml-layout":"","ast-disable-related-posts":"","theme-transparent-header-meta":"default","adv-header-id-meta":"","stick-header-meta":"default","header-above-stick-meta":"","header-main-stick-meta":"","header-below-stick-meta":"","astra-migrate-meta-layouts":"default","ast-page-background-enabled":"default","ast-page-background-meta":{"desktop":{"background-color":"","background-image":"","background-repeat":"repeat","background-position":"center center","background-size":"auto","background-attachment":"scroll","background-type":"","background-media":"","overlay-type":"","overlay-color":"","overlay-opacity":"","overlay-gradient":""},"tablet":{"background-color":"","background-image":"","background-repeat":"repeat","background-position":"center center","background-size":"auto","background-attachment":"scroll","background-type":"","background-media":"","overlay-type":"","overlay-color":"","overlay-opacity":"","overlay-gradient":""},"mobile":{"background-color":"","background-image":"","background-repeat":"repeat","background-position":"center center","background-size":"auto","background-attachment":"scroll","background-type":"","background-media":"","overlay-type":"","overlay-color":"","overlay-opacity":"","overlay-gradient":""}},"ast-content-background-meta":{"desktop":{"background-color":"var(--ast-global-color-5)","background-image":"","background-repeat":"repeat","background-position":"center center","background-size":"auto","background-attachment":"scroll","background-type":"","background-media":"","overlay-type":"","overlay-color":"","overlay-opacity":"","overlay-gradient":""},"tablet":{"background-color":"var(--ast-global-color-5)","background-image":"","background-repeat":"repeat","background-position":"center center","background-size":"auto","background-attachment":"scroll","background-type":"","background-media":"","overlay-type":"","overlay-color":"","overlay-opacity":"","overlay-gradient":""},"mobile":{"background-color":"var(--ast-global-color-5)","background-image":"","background-repeat":"repeat","background-position":"center center","background-size":"auto","background-attachment":"scroll","background-type":"","background-media":"","overlay-type":"","overlay-color":"","overlay-opacity":"","overlay-gradient":""}},"footnotes":""},"class_list":["post-12150","page","type-page","status-publish","hentry"],"_links":{"self":[{"href":"https:\/\/nordicdiy.ee\/sv\/wp-json\/wp\/v2\/pages\/12150","targetHints":{"allow":["GET"]}}],"collection":[{"href":"https:\/\/nordicdiy.ee\/sv\/wp-json\/wp\/v2\/pages"}],"about":[{"href":"https:\/\/nordicdiy.ee\/sv\/wp-json\/wp\/v2\/types\/page"}],"author":[{"embeddable":true,"href":"https:\/\/nordicdiy.ee\/sv\/wp-json\/wp\/v2\/users\/1"}],"replies":[{"embeddable":true,"href":"https:\/\/nordicdiy.ee\/sv\/wp-json\/wp\/v2\/comments?post=12150"}],"version-history":[{"count":0,"href":"https:\/\/nordicdiy.ee\/sv\/wp-json\/wp\/v2\/pages\/12150\/revisions"}],"wp:attachment":[{"href":"https:\/\/nordicdiy.ee\/sv\/wp-json\/wp\/v2\/media?parent=12150"}],"curies":[{"name":"wp","href":"https:\/\/api.w.org\/{rel}","templated":true}]}}