{"id":14606,"date":"2025-01-24T17:01:55","date_gmt":"2025-01-24T14:01:55","guid":{"rendered":"https:\/\/nordicdiy.ee\/leverans-till\/"},"modified":"2025-01-24T17:01:55","modified_gmt":"2025-01-24T14:01:55","slug":"leverans-till","status":"publish","type":"page","link":"https:\/\/nordicdiy.ee\/sv\/leverans-till\/","title":{"rendered":"Leverans till"},"content":{"rendered":"<p>Varor skickas till Estland, Lettland, Litauen, Finland, Sverige.<\/p>\n<p><strong>Smartposti paketautomat <\/strong>fr\u00e5n 2,50\u20ac oavsett storlek p\u00e5 paketet<br \/>\nPaket skickas till <strong>Estland 2,50\u20ac, Lettland 4,90\u20ac, Litauen 4,90\u20ac, Finland 13,90\u20ac<\/strong>. <strong><br \/>\n Du f\u00e5r ett meddelande om paketets ankomst via SMS, som inneh\u00e5ller den PIN-kod som kr\u00e4vs f\u00f6r att ta emot paketet. G\u00e5 sedan till automaten och ange d\u00f6rrkoden som ing\u00e5r i SMS:et p\u00e5 peksk\u00e4rmen. Den h\u00f6gra d\u00f6rren \u00f6ppnas och du f\u00e5r paketet i din hand!<\/strong><br \/>\nLeveranstid i Helsingforsregionen i Finland inom 2-3 arbetsdagar, i \u00f6vriga Finland inom 3-5 arbetsdagar.<br \/>\nPaketet m\u00e5ste h\u00e4mtas ut inom 7 dagar fr\u00e5n det att det anl\u00e4nt till paketautomaten.  <\/p>\n<p><strong>Omniva paket<\/strong> automater fr\u00e5n 2,90 \u20ac oavsett paketstorlek<br \/>\nPaket skickas f\u00f6r 2,90<strong> \u20ac i Estland, 2,90 \u20ac i Lettland och 2,90 \u20ac i Litauen.<br \/>\n<\/strong>Omniva paketautomater \u00e4r alltid \u00f6ppna. Leverans inom 1-2 arbetsdagar.<br \/>\nDu f\u00e5r ett sms om att ditt paket har anl\u00e4nt med den PIN-kod som kr\u00e4vs f\u00f6r att ta emot det. G\u00e5 sedan till automaten och ange d\u00f6rrkoden som finns i SMS:et p\u00e5 peksk\u00e4rmen. Den h\u00f6gra sk\u00e5pd\u00f6rren \u00f6ppnas och du har paketet i din hand!   <\/p>\n<p><strong>Venipak paketautomater fr\u00e5n 2,50\u20ac<\/strong> oavsett storlek p\u00e5 paketet<br \/>\nPaket skickas till <strong>Estland f\u00f6r 2,50\u20ac, Lettland f\u00f6r 4,90\u20ac och Litauen f\u00f6r 4,90\u20ac<\/strong>.<br \/>\nDu f\u00e5r ett SMS om att ditt paket \u00e4r p\u00e5 v\u00e4g och d\u00e4r finns den PIN-kod som kr\u00e4vs f\u00f6r att ta emot paketet. G\u00e5 sedan till automaten och ange d\u00f6rrkoden som ing\u00e5r i SMS:et p\u00e5 peksk\u00e4rmen. Den h\u00f6gra sk\u00e5pd\u00f6rren \u00f6ppnas och du har paketet i din hand!  <\/p>\n<p><strong>DPD paketautomat fr\u00e5n 2,90\u20ac<\/strong> oavsett storlek p\u00e5 paketet<br \/>\nPaket skickas till<strong> Estland 2,90\u20ac, Lettland 4,90\u20ac, Litauen 4,90\u20ac, Finland 9,90\u20ac, Sverige 10,90\u20ac<\/strong>.<br \/>\nDu f\u00e5r ett meddelande om att ditt paket har anl\u00e4nt via SMS, som inneh\u00e5ller den PIN-kod som kr\u00e4vs f\u00f6r att ta emot paketet. G\u00e5 sedan till automaten och ange d\u00f6rrkoden som finns i SMS:et p\u00e5 peksk\u00e4rmen. Den h\u00f6gra sk\u00e5pd\u00f6rren \u00f6ppnas och du har paketet i din hand!  <\/p>\n<p>Fraktkostnaderna b\u00e4rs av k\u00f6paren och motsvarande prisinformation visas med fraktmetoden.<br \/>\nInrikesf\u00f6rs\u00e4ndelser i Estland n\u00e5r vanligtvis den av k\u00f6paren angivna destinationen inom 2-4 arbetsdagar fr\u00e5n det datum d\u00e5 f\u00f6rs\u00e4ljningsavtalet tr\u00e4der i kraft.<\/p>\n<p>I undantagsfall har den r\u00e4tt att leverera varorna inom h\u00f6gst 30 kalenderdagar.<br \/>\nOm n\u00e4tbutiken p\u00e5 webbplatsen eller i orderbekr\u00e4ftelsen har informerat k\u00f6paren om leveransproblem och om en tidsfrist som \u00f6verstiger 30 kalenderdagar, g\u00e4ller den tidsfrist som n\u00e4tbutiken har offentliggjort.<\/p>\n","protected":false},"excerpt":{"rendered":"<p>Varor skickas till Estland, Lettland, Litauen, Finland, Sverige. Smartposti paketautomat fr\u00e5n 2,50\u20ac oavsett storlek p\u00e5 paketet Paket skickas till Estland 2,50\u20ac, Lettland 4,90\u20ac, Litauen 4,90\u20ac, Finland 13,90\u20ac. Du f\u00e5r ett meddelande om paketets ankomst via SMS, som inneh\u00e5ller den PIN-kod som kr\u00e4vs f\u00f6r att ta emot paketet. G\u00e5 sedan till automaten och ange d\u00f6rrkoden som [&hellip;]<\/p>\n","protected":false},"author":32,"featured_media":0,"parent":0,"menu_order":0,"comment_status":"closed","ping_status":"closed","template":"","meta":{"site-sidebar-layout":"default","site-content-layout":"","ast-site-content-layout":"default","site-content-style":"default","site-sidebar-style":"default","ast-global-header-display":"","ast-banner-title-visibility":"","ast-main-header-display":"","ast-hfb-above-header-display":"","ast-hfb-below-header-display":"","ast-hfb-mobile-header-display":"","site-post-title":"","ast-breadcrumbs-content":"","ast-featured-img":"","footer-sml-layout":"","ast-disable-related-posts":"","theme-transparent-header-meta":"default","adv-header-id-meta":"","stick-header-meta":"default","header-above-stick-meta":"","header-main-stick-meta":"","header-below-stick-meta":"","astra-migrate-meta-layouts":"default","ast-page-background-enabled":"default","ast-page-background-meta":{"desktop":{"background-color":"","background-image":"","background-repeat":"repeat","background-position":"center center","background-size":"auto","background-attachment":"scroll","background-type":"","background-media":"","overlay-type":"","overlay-color":"","overlay-opacity":"","overlay-gradient":""},"tablet":{"background-color":"","background-image":"","background-repeat":"repeat","background-position":"center center","background-size":"auto","background-attachment":"scroll","background-type":"","background-media":"","overlay-type":"","overlay-color":"","overlay-opacity":"","overlay-gradient":""},"mobile":{"background-color":"","background-image":"","background-repeat":"repeat","background-position":"center center","background-size":"auto","background-attachment":"scroll","background-type":"","background-media":"","overlay-type":"","overlay-color":"","overlay-opacity":"","overlay-gradient":""}},"ast-content-background-meta":{"desktop":{"background-color":"var(--ast-global-color-5)","background-image":"","background-repeat":"repeat","background-position":"center center","background-size":"auto","background-attachment":"scroll","background-type":"","background-media":"","overlay-type":"","overlay-color":"","overlay-opacity":"","overlay-gradient":""},"tablet":{"background-color":"var(--ast-global-color-5)","background-image":"","background-repeat":"repeat","background-position":"center center","background-size":"auto","background-attachment":"scroll","background-type":"","background-media":"","overlay-type":"","overlay-color":"","overlay-opacity":"","overlay-gradient":""},"mobile":{"background-color":"var(--ast-global-color-5)","background-image":"","background-repeat":"repeat","background-position":"center center","background-size":"auto","background-attachment":"scroll","background-type":"","background-media":"","overlay-type":"","overlay-color":"","overlay-opacity":"","overlay-gradient":""}},"footnotes":""},"class_list":["post-14606","page","type-page","status-publish","hentry"],"_links":{"self":[{"href":"https:\/\/nordicdiy.ee\/sv\/wp-json\/wp\/v2\/pages\/14606","targetHints":{"allow":["GET"]}}],"collection":[{"href":"https:\/\/nordicdiy.ee\/sv\/wp-json\/wp\/v2\/pages"}],"about":[{"href":"https:\/\/nordicdiy.ee\/sv\/wp-json\/wp\/v2\/types\/page"}],"author":[{"embeddable":true,"href":"https:\/\/nordicdiy.ee\/sv\/wp-json\/wp\/v2\/users\/32"}],"replies":[{"embeddable":true,"href":"https:\/\/nordicdiy.ee\/sv\/wp-json\/wp\/v2\/comments?post=14606"}],"version-history":[{"count":0,"href":"https:\/\/nordicdiy.ee\/sv\/wp-json\/wp\/v2\/pages\/14606\/revisions"}],"wp:attachment":[{"href":"https:\/\/nordicdiy.ee\/sv\/wp-json\/wp\/v2\/media?parent=14606"}],"curies":[{"name":"wp","href":"https:\/\/api.w.org\/{rel}","templated":true}]}}