{"id":14608,"date":"2025-01-24T16:56:34","date_gmt":"2025-01-24T13:56:34","guid":{"rendered":"https:\/\/nordicdiy.ee\/att-bestalla\/"},"modified":"2025-01-24T16:56:34","modified_gmt":"2025-01-24T13:56:34","slug":"att-bestalla","status":"publish","type":"page","link":"https:\/\/nordicdiy.ee\/sv\/att-bestalla\/","title":{"rendered":"Att best\u00e4lla"},"content":{"rendered":"<p>* F\u00f6r att g\u00f6ra en best\u00e4llning m\u00e5ste du l\u00e4gga till \u00f6nskade produkter i kundvagnen.<br \/>\n* G\u00e5 till kundvagnssidan genom att klicka p\u00e5 knappen<a href=\"https:\/\/nordicdiy.ee\/sv\/varukorg\/\">\"<\/a>Kundvagn\" l\u00e4ngst upp till h\u00f6ger<br \/>\n* F\u00f6r att l\u00e4gga en best\u00e4llning i kundvagnen, klicka p\u00e5 \"G\u00e5 till kassan\" s\u00e5 kommer du till sidan \"<a href=\"https:\/\/nordicdiy.ee\/sv\/kassa\/\">Kassan<\/a>\"<br \/>\n* F\u00f6r att slutf\u00f6ra best\u00e4llningen m\u00e5ste du fylla i de obligatoriska f\u00e4lten och v\u00e4lja l\u00e4mplig leveransmetod. Avgiftsbeloppet visas sedan p\u00e5 sk\u00e4rmen, vilket kan betalas via bank\u00f6verf\u00f6ring eller annan betalningsmetod. Betalningar behandlas av Montonio Finance UAB.  <\/p>\n<p>Avtalet tr\u00e4der i kraft fr\u00e5n och med dagen f\u00f6r mottagandet av det belopp som ska betalas till onlinebutikens l\u00f6pande konto.<\/p>\n<p>Om de best\u00e4llda varorna inte kan levereras p\u00e5 grund av att varorna har g\u00e5tt ut eller av n\u00e5gon annan anledning, kommer k\u00f6paren att informeras s\u00e5 snart som m\u00f6jligt och de betalda pengarna (inklusive leveranskostnader) kommer att \u00e5terbetalas, vanligtvis inom 1-2 arbetsdagar. Beroende p\u00e5 betalningsmetod kan det ta upp till 7 arbetsdagar att ta emot betalningen. <\/p>\n","protected":false},"excerpt":{"rendered":"<p>* F\u00f6r att g\u00f6ra en best\u00e4llning m\u00e5ste du l\u00e4gga till \u00f6nskade produkter i kundvagnen. * G\u00e5 till kundvagnssidan genom att klicka p\u00e5 knappen\"Kundvagn\" l\u00e4ngst upp till h\u00f6ger * F\u00f6r att l\u00e4gga en best\u00e4llning i kundvagnen, klicka p\u00e5 \"G\u00e5 till kassan\" s\u00e5 kommer du till sidan \"Kassan\" * F\u00f6r att slutf\u00f6ra best\u00e4llningen m\u00e5ste du fylla i [&hellip;]<\/p>\n","protected":false},"author":32,"featured_media":0,"parent":0,"menu_order":0,"comment_status":"closed","ping_status":"closed","template":"","meta":{"site-sidebar-layout":"default","site-content-layout":"","ast-site-content-layout":"default","site-content-style":"default","site-sidebar-style":"default","ast-global-header-display":"","ast-banner-title-visibility":"","ast-main-header-display":"","ast-hfb-above-header-display":"","ast-hfb-below-header-display":"","ast-hfb-mobile-header-display":"","site-post-title":"","ast-breadcrumbs-content":"","ast-featured-img":"","footer-sml-layout":"","ast-disable-related-posts":"","theme-transparent-header-meta":"default","adv-header-id-meta":"","stick-header-meta":"default","header-above-stick-meta":"","header-main-stick-meta":"","header-below-stick-meta":"","astra-migrate-meta-layouts":"default","ast-page-background-enabled":"default","ast-page-background-meta":{"desktop":{"background-color":"","background-image":"","background-repeat":"repeat","background-position":"center center","background-size":"auto","background-attachment":"scroll","background-type":"","background-media":"","overlay-type":"","overlay-color":"","overlay-opacity":"","overlay-gradient":""},"tablet":{"background-color":"","background-image":"","background-repeat":"repeat","background-position":"center center","background-size":"auto","background-attachment":"scroll","background-type":"","background-media":"","overlay-type":"","overlay-color":"","overlay-opacity":"","overlay-gradient":""},"mobile":{"background-color":"","background-image":"","background-repeat":"repeat","background-position":"center center","background-size":"auto","background-attachment":"scroll","background-type":"","background-media":"","overlay-type":"","overlay-color":"","overlay-opacity":"","overlay-gradient":""}},"ast-content-background-meta":{"desktop":{"background-color":"var(--ast-global-color-5)","background-image":"","background-repeat":"repeat","background-position":"center center","background-size":"auto","background-attachment":"scroll","background-type":"","background-media":"","overlay-type":"","overlay-color":"","overlay-opacity":"","overlay-gradient":""},"tablet":{"background-color":"var(--ast-global-color-5)","background-image":"","background-repeat":"repeat","background-position":"center center","background-size":"auto","background-attachment":"scroll","background-type":"","background-media":"","overlay-type":"","overlay-color":"","overlay-opacity":"","overlay-gradient":""},"mobile":{"background-color":"var(--ast-global-color-5)","background-image":"","background-repeat":"repeat","background-position":"center center","background-size":"auto","background-attachment":"scroll","background-type":"","background-media":"","overlay-type":"","overlay-color":"","overlay-opacity":"","overlay-gradient":""}},"footnotes":""},"class_list":["post-14608","page","type-page","status-publish","hentry"],"_links":{"self":[{"href":"https:\/\/nordicdiy.ee\/sv\/wp-json\/wp\/v2\/pages\/14608","targetHints":{"allow":["GET"]}}],"collection":[{"href":"https:\/\/nordicdiy.ee\/sv\/wp-json\/wp\/v2\/pages"}],"about":[{"href":"https:\/\/nordicdiy.ee\/sv\/wp-json\/wp\/v2\/types\/page"}],"author":[{"embeddable":true,"href":"https:\/\/nordicdiy.ee\/sv\/wp-json\/wp\/v2\/users\/32"}],"replies":[{"embeddable":true,"href":"https:\/\/nordicdiy.ee\/sv\/wp-json\/wp\/v2\/comments?post=14608"}],"version-history":[{"count":0,"href":"https:\/\/nordicdiy.ee\/sv\/wp-json\/wp\/v2\/pages\/14608\/revisions"}],"wp:attachment":[{"href":"https:\/\/nordicdiy.ee\/sv\/wp-json\/wp\/v2\/media?parent=14608"}],"curies":[{"name":"wp","href":"https:\/\/api.w.org\/{rel}","templated":true}]}}