{"id":14609,"date":"2024-09-06T19:28:37","date_gmt":"2024-09-06T16:28:37","guid":{"rendered":"https:\/\/nordicdiy.ee\/villkor-och-anvisningar-for-e-shopen\/"},"modified":"2026-03-03T17:31:51","modified_gmt":"2026-03-03T14:31:51","slug":"villkor-och-anvisningar-for-e-shopen","status":"publish","type":"page","link":"https:\/\/nordicdiy.ee\/sv\/villkor-och-anvisningar-for-e-shopen\/","title":{"rendered":"Villkor och anvisningar f\u00f6r e-shopen"},"content":{"rendered":"<p>\u00c4gare till webbshoppen <a href=\"https:\/\/nordicdiy.ee\/sv\/\">https:\/\/nordicdiy.ee\/<\/a> (nedan kallad webbshoppen) \u00e4r Nordic DIY O\u00dc (registreringsnummer 17209922) med adress Lootuse tee 3, Metsakasti by Viimsi kommun Harjumaa 74019.<\/p>\n<p><strong>Giltigheten av k\u00f6peavtalet, kommersiell information och prisinformation<\/strong><\/p>\n<p>F\u00f6rs\u00e4ljningsvillkoren g\u00e4ller f\u00f6r k\u00f6p av varor fr\u00e5n webbutiken. Priserna p\u00e5 produkter som s\u00e4ljs i onlinebutiken anges med produkterna. <\/p>\n<p>En leveransavgift tillkommer p\u00e5 priset. Leveransavgiften beror p\u00e5 var k\u00f6paren befinner sig och vilken leveransmetod som anv\u00e4nds. Leveransavgiften visas f\u00f6r k\u00f6paren n\u00e4r denne g\u00f6r sin best\u00e4llning.  <\/p>\n<p>Information om varorna finns i Online Shop i direkt anslutning till varorna.<\/p>\n<p><strong>L\u00e4gga en order<\/strong><\/p>\n<p>F\u00f6r att best\u00e4lla m\u00e5ste du l\u00e4gga till de produkter du vill ha i din kundvagn. F\u00f6r att kunna g\u00f6ra en best\u00e4llning m\u00e5ste du fylla i de obligatoriska f\u00e4lten och v\u00e4lja l\u00e4mplig leveransmetod. Avgiftsbeloppet visas sedan p\u00e5 sk\u00e4rmen, som kan betalas via bank\u00f6verf\u00f6ring eller annan betalningsmetod. Betalningar behandlas av Montonio Finance UAB.   <\/p>\n<p>Avtalet tr\u00e4der i kraft fr\u00e5n och med dagen f\u00f6r mottagandet av det belopp som ska betalas till onlinebutikens l\u00f6pande konto.<\/p>\n<p>Om de best\u00e4llda varorna inte kan levereras p\u00e5 grund av att varorna har g\u00e5tt ut eller av n\u00e5gon annan anledning, kommer k\u00f6paren att informeras s\u00e5 snart som m\u00f6jligt och de betalda pengarna (inklusive leveranskostnader) kommer att \u00e5terbetalas, vanligtvis inom 1-2 arbetsdagar. Beroende p\u00e5 betalningsmetod kan det ta upp till 7 arbetsdagar att ta emot betalningen. <\/p>\n<p><strong>Leverans till<\/strong><\/p>\n<p>Varor skickas till f\u00f6ljande l\u00e4nder: Estland, Lettland, Litauen, Finland, Sverige.<br \/>\nFraktkostnaderna b\u00e4rs av k\u00f6paren och motsvarande prisinformation visas med fraktmetoden. Leveranstiden f\u00f6r f\u00f6rs\u00e4ndelser inom Estland \u00e4r i allm\u00e4nhet 2-4 arbetsdagar fr\u00e5n f\u00f6rs\u00e4ljningsavtalets datum. <\/p>\n<p>I undantagsfall har du r\u00e4tt att f\u00e5 varan levererad inom 30 kalenderdagar. Om webbutiken p\u00e5 webbplatsen eller i orderbekr\u00e4ftelsen har informerat k\u00f6paren om leveransproblem och om en tidsfrist som \u00f6verstiger 30 kalenderdagar, ska den tidsfrist som webbutiken har publicerat g\u00e4lla. <\/p>\n<p><strong>\u00c5ngerr\u00e4tt<\/strong><\/p>\n<p>Efter mottagandet av best\u00e4llningen har k\u00f6paren r\u00e4tt att fr\u00e5ntr\u00e4da e-avtalet inom 14 dagar. \u00c5ngerr\u00e4tten g\u00e4ller inte om k\u00f6paren \u00e4r en juridisk person.<br \/>\nF\u00f6r att kunna ut\u00f6va den 14-dagars \u00e5ngerr\u00e4tten f\u00e5r de best\u00e4llda varorna inte anv\u00e4ndas p\u00e5 n\u00e5got annat s\u00e4tt \u00e4n vad som \u00e4r n\u00f6dv\u00e4ndigt f\u00f6r att fastst\u00e4lla varornas art, egenskaper och funktion p\u00e5 samma s\u00e4tt som \u00e4r till\u00e5tet f\u00f6r att testa varorna i en fysisk butik. <\/p>\n<p>Om varorna har anv\u00e4nts f\u00f6r andra \u00e4ndam\u00e5l \u00e4n vad som \u00e4r n\u00f6dv\u00e4ndigt f\u00f6r att fastst\u00e4lla varornas art, egenskaper och funktion, eller om varorna visar tecken p\u00e5 anv\u00e4ndning eller slitage, har Onlinebutiken r\u00e4tt att minska den \u00e5terbetalningsbara avgiften i enlighet med minskningen av varornas v\u00e4rde.<\/p>\n<p>F\u00f6r att kunna returnera varan m\u00e5ste du skicka in en \u00e5ngerblankett till <a href=\"mailto:epood@nordicdiy.ee\">epood@nordicdiy.ee<\/a> inom 14 dagar fr\u00e5n det att du mottagit varan.<\/p>\n<p>Kostnaden f\u00f6r att returnera varorna b\u00e4rs av k\u00f6paren, s\u00e5vida inte sk\u00e4let till att returnera varorna \u00e4r att de inte motsvarar vad som best\u00e4llts (t.ex. att de \u00e4r felaktiga eller defekta).<\/p>\n<p>K\u00f6paren ska \u00e5terl\u00e4mna varan inom 14 dagar fr\u00e5n dagen f\u00f6r ans\u00f6kan eller visa att han inom denna tid har \u00f6verl\u00e4mnat varan till transport\u00f6ren.<\/p>\n<p>Vid mottagandet av de returnerade varorna ska n\u00e4tbutiken omedelbart, men inte senare \u00e4n 14 dagar efter mottagandet av \u00e5terkallelsen, \u00e5terbetala alla betalningar som mottagits fr\u00e5n k\u00f6paren enligt avtalet till k\u00f6paren. Webbutiken kan v\u00e4gra att g\u00f6ra \u00e5terbetalningar tills den har mottagit retur av de varor som \u00e4r f\u00f6rem\u00e5l f\u00f6r avtalet eller tills k\u00f6paren har l\u00e4mnat bevis p\u00e5 att den har returnerat varorna, beroende p\u00e5 vilket som intr\u00e4ffar f\u00f6rst. <\/p>\n<p>Om k\u00f6paren uttryckligen har valt en annan leveransmetod \u00e4n den billigaste leveransmetoden som erbjuds av Online Shop, \u00e4r Online Shop inte skyldig att ers\u00e4tta konsumenten f\u00f6r den kostnad som \u00f6verstiger kostnaden f\u00f6r den vanliga leveransmetoden.<\/p>\n<p>N\u00e4tbutiken har r\u00e4tt att fr\u00e5ntr\u00e4da k\u00f6pet och kr\u00e4va att k\u00f6paren \u00e5terl\u00e4mnar varan om priset p\u00e5 varan i n\u00e4tbutiken p\u00e5 grund av ett misstag \u00e4r betydligt l\u00e4gre \u00e4n varans marknadspris.<\/p>\n<p><strong>R\u00e4tt att l\u00e4mna in klagom\u00e5l<\/strong><\/p>\n<p>N\u00e4tbutiken \u00e4r ansvarig f\u00f6r den bristande \u00f6verensst\u00e4mmelse eller defekt i de varor som s\u00e4ljs till k\u00f6paren, som redan fanns vid tidpunkten f\u00f6r leveransen och som kommer att framg\u00e5 inom h\u00f6gst tv\u00e5 \u00e5r fr\u00e5n leveransen av varorna till k\u00f6paren. Under detta f\u00f6rsta \u00e5r efter leveransen av varorna till k\u00f6paren f\u00f6ruts\u00e4tts det att felet redan fanns vid leveranstillf\u00e4llet. Det \u00e5ligger n\u00e4tbutiken att motbevisa denna presumtion.  <\/p>\n<p>Vid fel har k\u00f6paren r\u00e4tt att kontakta webbutiken senast inom tv\u00e5 m\u00e5nader genom att skicka ett e-postmeddelande till <a href=\"mailto:epood@nordicdiy.ee\">epood@nordicdiy.ee<\/a> eller genom att ringa +372 5167996.<br \/>\nWebbutiken ansvarar inte f\u00f6r fel som uppst\u00e5r efter leveransen av varorna p\u00e5 grund av konsumentens handlingar eller f\u00f6rsummelser (felaktig anv\u00e4ndning, olycka etc.) eller vid normalt slitage som orsakas av normal anv\u00e4ndning av varorna.<\/p>\n<p>Om de varor som k\u00f6pts fr\u00e5n webbshoppen har fel som webbshoppen ansvarar f\u00f6r, kommer webbshoppen att reparera eller byta ut de defekta varorna.<br \/>\nOm varorna inte kan repareras eller bytas ut, kommer webbshoppen att \u00e5terbetala k\u00f6paren alla avgifter som ing\u00e5r i f\u00f6rs\u00e4ljningsavtalet.<br \/>\nWebbshoppen kommer att svara p\u00e5 det klagom\u00e5l som konsumenten l\u00e4mnat skriftligen eller i en form som kan reproduceras skriftligen inom 15 dagar.<\/p>\n<p><strong>Villkor f\u00f6r dataskydd<\/strong><\/p>\n<p>L\u00e4s villkoren f\u00f6r dataskydd <a href=\"https:\/\/nordicdiy.ee\/sv\/villkor-for-dataskydd\/\">h\u00e4r<\/a><\/p>\n<p><strong>Tvistl\u00f6sning<\/strong><\/p>\n<p>Om k\u00f6paren har n\u00e5gra klagom\u00e5l p\u00e5 webbutiken ska de skickas via e-post till <a href=\"mailto:epood@nordicdiy.ee\">epood@nordicdiy.ee<\/a> eller per telefon till +372 5167996.<br \/>\nOm k\u00f6paren och webbutiken inte kan l\u00f6sa tvisten genom \u00f6verenskommelse kan k\u00f6paren v\u00e4nda sig till konsumenttvisten\u00e4mnden. Du kan l\u00e4sa villkoren f\u00f6r f\u00f6rfarandet och l\u00e4mna in en ans\u00f6kan <a href=\"https:\/\/ttja.ee\/tarbijavaidluste-komisjon\">h\u00e4r.<\/a> <\/p>\n<p>Konsumenttvistkommitt\u00e9n \u00e4r beh\u00f6rig att l\u00f6sa tvister som uppst\u00e5r till f\u00f6ljd av ett avtal som ing\u00e5tts mellan k\u00f6paren och onlinebutiken. Kommissionens granskning av k\u00f6parens klagom\u00e5l \u00e4r kostnadsfri. K\u00f6paren kan h\u00e4nskjuta \u00e4rendet <a href=\"https:\/\/commission.europa.eu\/live-work-travel-eu\/consumer-rights-and-complaints\/resolve-your-consumer-complaint_et\">till Europeiska unionens plattform f\u00f6r l\u00f6sning av konsumenttvister.<\/a>  <\/p>\n","protected":false},"excerpt":{"rendered":"<p>\u00c4gare till webbshoppen https:\/\/nordicdiy.ee\/ (nedan kallad webbshoppen) \u00e4r Nordic DIY O\u00dc (registreringsnummer 17209922) med adress Lootuse tee 3, Metsakasti by Viimsi kommun Harjumaa 74019. Giltigheten av k\u00f6peavtalet, kommersiell information och prisinformation F\u00f6rs\u00e4ljningsvillkoren g\u00e4ller f\u00f6r k\u00f6p av varor fr\u00e5n webbutiken. Priserna p\u00e5 produkter som s\u00e4ljs i onlinebutiken anges med produkterna. En leveransavgift tillkommer p\u00e5 priset. Leveransavgiften [&hellip;]<\/p>\n","protected":false},"author":1,"featured_media":0,"parent":0,"menu_order":0,"comment_status":"closed","ping_status":"closed","template":"","meta":{"site-sidebar-layout":"default","site-content-layout":"","ast-site-content-layout":"default","site-content-style":"default","site-sidebar-style":"default","ast-global-header-display":"","ast-banner-title-visibility":"","ast-main-header-display":"","ast-hfb-above-header-display":"","ast-hfb-below-header-display":"","ast-hfb-mobile-header-display":"","site-post-title":"","ast-breadcrumbs-content":"","ast-featured-img":"","footer-sml-layout":"","ast-disable-related-posts":"","theme-transparent-header-meta":"default","adv-header-id-meta":"","stick-header-meta":"default","header-above-stick-meta":"","header-main-stick-meta":"","header-below-stick-meta":"","astra-migrate-meta-layouts":"default","ast-page-background-enabled":"default","ast-page-background-meta":{"desktop":{"background-color":"","background-image":"","background-repeat":"repeat","background-position":"center center","background-size":"auto","background-attachment":"scroll","background-type":"","background-media":"","overlay-type":"","overlay-color":"","overlay-opacity":"","overlay-gradient":""},"tablet":{"background-color":"","background-image":"","background-repeat":"repeat","background-position":"center center","background-size":"auto","background-attachment":"scroll","background-type":"","background-media":"","overlay-type":"","overlay-color":"","overlay-opacity":"","overlay-gradient":""},"mobile":{"background-color":"","background-image":"","background-repeat":"repeat","background-position":"center center","background-size":"auto","background-attachment":"scroll","background-type":"","background-media":"","overlay-type":"","overlay-color":"","overlay-opacity":"","overlay-gradient":""}},"ast-content-background-meta":{"desktop":{"background-color":"var(--ast-global-color-5)","background-image":"","background-repeat":"repeat","background-position":"center center","background-size":"auto","background-attachment":"scroll","background-type":"","background-media":"","overlay-type":"","overlay-color":"","overlay-opacity":"","overlay-gradient":""},"tablet":{"background-color":"var(--ast-global-color-5)","background-image":"","background-repeat":"repeat","background-position":"center center","background-size":"auto","background-attachment":"scroll","background-type":"","background-media":"","overlay-type":"","overlay-color":"","overlay-opacity":"","overlay-gradient":""},"mobile":{"background-color":"var(--ast-global-color-5)","background-image":"","background-repeat":"repeat","background-position":"center center","background-size":"auto","background-attachment":"scroll","background-type":"","background-media":"","overlay-type":"","overlay-color":"","overlay-opacity":"","overlay-gradient":""}},"footnotes":""},"class_list":["post-14609","page","type-page","status-publish","hentry"],"_links":{"self":[{"href":"https:\/\/nordicdiy.ee\/sv\/wp-json\/wp\/v2\/pages\/14609","targetHints":{"allow":["GET"]}}],"collection":[{"href":"https:\/\/nordicdiy.ee\/sv\/wp-json\/wp\/v2\/pages"}],"about":[{"href":"https:\/\/nordicdiy.ee\/sv\/wp-json\/wp\/v2\/types\/page"}],"author":[{"embeddable":true,"href":"https:\/\/nordicdiy.ee\/sv\/wp-json\/wp\/v2\/users\/1"}],"replies":[{"embeddable":true,"href":"https:\/\/nordicdiy.ee\/sv\/wp-json\/wp\/v2\/comments?post=14609"}],"version-history":[{"count":2,"href":"https:\/\/nordicdiy.ee\/sv\/wp-json\/wp\/v2\/pages\/14609\/revisions"}],"predecessor-version":[{"id":28251,"href":"https:\/\/nordicdiy.ee\/sv\/wp-json\/wp\/v2\/pages\/14609\/revisions\/28251"}],"wp:attachment":[{"href":"https:\/\/nordicdiy.ee\/sv\/wp-json\/wp\/v2\/media?parent=14609"}],"curies":[{"name":"wp","href":"https:\/\/api.w.org\/{rel}","templated":true}]}}