{"id":12153,"date":"2024-09-13T14:59:29","date_gmt":"2024-09-13T11:59:29","guid":{"rendered":"https:\/\/nordicdiy.ee\/epood\/okategoriserad\/tvalvax-kerax-kerasoy-behallare-4130-for-ljusglas\/"},"modified":"2026-04-20T10:14:15","modified_gmt":"2026-04-20T07:14:15","slug":"tvalvax-kerax-kerasoy-behallare-4130-for-ljusglas","status":"publish","type":"product","link":"https:\/\/nordicdiy.ee\/sv\/epood\/tillverkning-av-stearinljus\/vaxer-for-stearinljus\/tvalvax-kerax-kerasoy-behallare-4130-for-ljusglas\/","title":{"rendered":"Tv\u00e5lvax Kerax Kerasoy Beh\u00e5llare 4130 f\u00f6r ljusglas"},"content":{"rendered":"<p>Kerasoy Container 4130 Candle Wax \u00e4r ett naturligt vegetabiliskt tv\u00e5lvax f\u00f6r ljus och parfymvaxer. Detta sojavax har utm\u00e4rkta s\u00e4ttningsegenskaper. Det sprider sig j\u00e4mnt i glasbeh\u00e5llaren och \u00e4r mycket l\u00e4tt att h\u00e4lla.  <\/p>\n<p>Det finns inget behov av att blanda n\u00e5gra andra tillsatser med Kerasoy tv\u00e5lvax, tills\u00e4tt bara doftolja eller nagellack. Produkten har inte testats p\u00e5 djur och \u00e4r GMO-fri. P\u00e5 grund av spridningen av genetiskt modifierade sojagr\u00f6dor p\u00e5 marknaden kan tillverkaren inte garantera att produkten inte inneh\u00e5ller sp\u00e5r av GMO, men str\u00e4var efter att endast anv\u00e4nda GMO-fria r\u00e5varor. Producerad i England. Sojavaxljus brinner renare och l\u00e4ngre \u00e4n traditionella paraffinljus och avger inte sot, vilket kan vara skadligt f\u00f6r b\u00e5de h\u00e4lsa och milj\u00f6.    <\/p>\n<p>Det \u00e4r inte tillr\u00e5dligt att \u00f6verhetta Kerasoy Container 4130, eftersom detta kommer att leda till f\u00f6rlust av de b\u00e4sta fysiska och kemiska egenskaperna (maximal uppv\u00e4rmningstemperatur upp till 85\u00b0C). Ljusets kvalitet och effektivitet kommer att f\u00f6rbli of\u00f6r\u00e4ndrad, men \u00f6verhettning kan p\u00e5verka ljusets estetiska utseende och sprickor kan uppst\u00e5 p\u00e5 ljusets yta. Sm\u00e4lttemperaturen ligger mellan 45,5 \u00b0C (42 \u00b0C och 48 \u00b0C). Inst\u00e4llningstemperaturen \u00e4r mellan 34\u00b0C och 42\u00b0C (34\u00b0F och 42\u00b0F). Vi rekommenderar att pulverf\u00e4rger tills\u00e4tts vid 75 \u00b0C (75 \u00b0F) och vid anv\u00e4ndning av pulverf\u00e4rger i parfym vid 70 \u00b0C (70 \u00b0F). Doftoljor kan blandas vid 70 \u00b0C. N\u00e4r du anv\u00e4nder doftolja ska du f\u00f6lja tillverkarens rekommendationer f\u00f6r m\u00e4ngder. Doftoljor kan tills\u00e4ttas upp till 10-12%. H\u00e4ll upp ljusen i beh\u00e5llare vid 45-55\u00b0C. L\u00e5t de f\u00e4rdiga ljusen stelna helt i rumstemperatur 25\u00b0C. Experimentera med olika vaxf\u00e4rger, dofter och vekar f\u00f6r att skapa det perfekta ljuset.          <\/p>\n","protected":false},"excerpt":{"rendered":"<p>Kerasoy Container 4130 \u00e4r ett naturligt sojavax f\u00f6r ljustillverkning med utm\u00e4rkta stelningsegenskaper och j\u00e4mn f\u00f6rdelning i glasbeh\u00e5llaren. Vaxet kr\u00e4ver inga tillsatser, bara tillsats av doftolja eller f\u00e4rg. Non-GMO och inte testat p\u00e5 djur. Doftoljor kan tills\u00e4ttas i 10-12%.   <\/p>\n","protected":false},"featured_media":23220,"template":"","meta":{"site-sidebar-layout":"default","site-content-layout":"","ast-site-content-layout":"default","site-content-style":"default","site-sidebar-style":"default","ast-global-header-display":"","ast-banner-title-visibility":"","ast-main-header-display":"","ast-hfb-above-header-display":"","ast-hfb-below-header-display":"","ast-hfb-mobile-header-display":"","site-post-title":"","ast-breadcrumbs-content":"","ast-featured-img":"","footer-sml-layout":"","ast-disable-related-posts":"","theme-transparent-header-meta":"default","adv-header-id-meta":"","stick-header-meta":"default","header-above-stick-meta":"","header-main-stick-meta":"","header-below-stick-meta":"","astra-migrate-meta-layouts":"default","ast-page-background-enabled":"default","ast-page-background-meta":{"desktop":{"background-color":"","background-image":"","background-repeat":"repeat","background-position":"center center","background-size":"auto","background-attachment":"scroll","background-type":"","background-media":"","overlay-type":"","overlay-color":"","overlay-opacity":"","overlay-gradient":""},"tablet":{"background-color":"","background-image":"","background-repeat":"repeat","background-position":"center center","background-size":"auto","background-attachment":"scroll","background-type":"","background-media":"","overlay-type":"","overlay-color":"","overlay-opacity":"","overlay-gradient":""},"mobile":{"background-color":"","background-image":"","background-repeat":"repeat","background-position":"center center","background-size":"auto","background-attachment":"scroll","background-type":"","background-media":"","overlay-type":"","overlay-color":"","overlay-opacity":"","overlay-gradient":""}},"ast-content-background-meta":{"desktop":{"background-color":"var(--ast-global-color-5)","background-image":"","background-repeat":"repeat","background-position":"center center","background-size":"auto","background-attachment":"scroll","background-type":"","background-media":"","overlay-type":"","overlay-color":"","overlay-opacity":"","overlay-gradient":""},"tablet":{"background-color":"var(--ast-global-color-5)","background-image":"","background-repeat":"repeat","background-position":"center center","background-size":"auto","background-attachment":"scroll","background-type":"","background-media":"","overlay-type":"","overlay-color":"","overlay-opacity":"","overlay-gradient":""},"mobile":{"background-color":"var(--ast-global-color-5)","background-image":"","background-repeat":"repeat","background-position":"center center","background-size":"auto","background-attachment":"scroll","background-type":"","background-media":"","overlay-type":"","overlay-color":"","overlay-opacity":"","overlay-gradient":""}}},"product_brand":[],"product_cat":[138,139],"product_tag":[],"class_list":{"0":"post-12153","1":"product","2":"type-product","3":"status-publish","4":"has-post-thumbnail","6":"product_cat-tillverkning-av-stearinljus","7":"product_cat-vaxer-for-stearinljus","8":"desktop-align-left","9":"tablet-align-left","10":"mobile-align-left","11":"ast-product-gallery-layout-horizontal","12":"ast-product-single-variable","13":"ast-product-tabs-layout-horizontal","15":"first","16":"instock","17":"taxable","18":"shipping-taxable","19":"purchasable","20":"product-type-variable"},"_links":{"self":[{"href":"https:\/\/nordicdiy.ee\/sv\/wp-json\/wp\/v2\/product\/12153","targetHints":{"allow":["GET"]}}],"collection":[{"href":"https:\/\/nordicdiy.ee\/sv\/wp-json\/wp\/v2\/product"}],"about":[{"href":"https:\/\/nordicdiy.ee\/sv\/wp-json\/wp\/v2\/types\/product"}],"wp:featuredmedia":[{"embeddable":true,"href":"https:\/\/nordicdiy.ee\/sv\/wp-json\/wp\/v2\/media\/23220"}],"wp:attachment":[{"href":"https:\/\/nordicdiy.ee\/sv\/wp-json\/wp\/v2\/media?parent=12153"}],"wp:term":[{"taxonomy":"product_brand","embeddable":true,"href":"https:\/\/nordicdiy.ee\/sv\/wp-json\/wp\/v2\/product_brand?post=12153"},{"taxonomy":"product_cat","embeddable":true,"href":"https:\/\/nordicdiy.ee\/sv\/wp-json\/wp\/v2\/product_cat?post=12153"},{"taxonomy":"product_tag","embeddable":true,"href":"https:\/\/nordicdiy.ee\/sv\/wp-json\/wp\/v2\/product_tag?post=12153"}],"curies":[{"name":"wp","href":"https:\/\/api.w.org\/{rel}","templated":true}]}}