{"id":12162,"date":"2024-09-13T13:53:54","date_gmt":"2024-09-13T10:53:54","guid":{"rendered":"https:\/\/nordicdiy.ee\/epood\/okategoriserad\/tval-vax-keragreen-behallare-for-ljus-glas\/"},"modified":"2026-03-08T12:56:32","modified_gmt":"2026-03-08T09:56:32","slug":"tval-vax-keragreen-behallare-for-ljus-glas","status":"publish","type":"product","link":"https:\/\/nordicdiy.ee\/sv\/epood\/tillverkning-av-stearinljus\/vaxer-for-stearinljus\/tval-vax-keragreen-behallare-for-ljus-glas\/","title":{"rendered":"Tv\u00e5l Vax Keragreen Beh\u00e5llare f\u00f6r ljus Glas"},"content":{"rendered":"<p>Keragreens sojavaxljusglas \u00e4r tillverkade av h\u00f6gkvalitativt, naturligt sojavax, som \u00e4r ett milj\u00f6v\u00e4nligt och biologiskt nedbrytbart material. Sojavaxljus brinner renare och l\u00e4ngre \u00e4n traditionella paraffinljus och avger inte sot, vilket kan vara skadligt f\u00f6r b\u00e5de h\u00e4lsan och milj\u00f6n. Dess veganv\u00e4nliga formulering inneb\u00e4r att det inte inneh\u00e5ller n\u00e5gra animaliska ingredienser. Tack vare sin l\u00e4gre sm\u00e4ltpunkt brinner sojavax j\u00e4mnare och l\u00e4ngre, vilket skapar en behaglig atmosf\u00e4r, samtidigt som doftspridningen \u00e4r intensivare och mer l\u00e5ngvarig. Det perfekta valet f\u00f6r nyb\u00f6rjare inom ljusst\u00f6pning! Tillverkad i Europa.     <\/p>\n<p>Sm\u00e4ltpunkt: Keragreen-vax sm\u00e4lter i allm\u00e4nhet mellan 48-52\u00b0C. Denna l\u00e4gre sm\u00e4ltpunkt g\u00f6r att ljusen brinner och sm\u00e4lter j\u00e4mnare. Stelningstemperatur: Keragreen sojavax stelnar vanligtvis mellan 32\u00b0C och 42\u00b0C. Detta \u00e4r den l\u00e4gre stelningstemperaturen, vilket inneb\u00e4r en l\u00e4gre stelningstemperatur. Det inneb\u00e4r att sojavaxet b\u00f6rjar svalna och stelna n\u00e4r temperaturen sjunker under detta intervall, vilket ger ljusen en stabil form.<br \/>\nDoftoljor kan tills\u00e4ttas upp till 7-10%, eller 70-100g\/ml doftoljor per 1 kg vax. Vid ljusst\u00f6pning \u00e4r det viktigt att h\u00e5lla koll p\u00e5 b\u00e5de sm\u00e4lt- och st\u00f6ptemperatur f\u00f6r att s\u00e4kerst\u00e4lla en h\u00f6g kvalitet och j\u00e4mn st\u00f6pning. H\u00e4lltemperatur 65\u00b0C (50-70\u00b0C). Vi rekommenderar att du utf\u00f6r ytterligare tester f\u00f6r att hitta den b\u00e4sta h\u00e4lltemperaturen f\u00f6r dina f\u00f6rh\u00e5llanden. Den rekommenderade temperaturen f\u00f6r tillsats av doftolja \u00e4r inte l\u00e4gre \u00e4n +70\u00b0C (+70\u00b0F). Rekommenderad temperatur f\u00f6r tillsats av f\u00e4rgpulver \u00e4r +75\u00b0C, f\u00f6r tillsats av flytande f\u00e4rg och f\u00e4rgpulver +70\u00b0C.        <\/p>\n<p>Keragreen sojavax har en god vidh\u00e4ftning till k\u00e4rlen, vilket kan f\u00f6rb\u00e4ttras, s\u00e4rskilt genom att f\u00f6rv\u00e4rma glasen under vinterm\u00e5naderna. N\u00e4r vaxet har sm\u00e4lt helt rekommenderar vi att du s\u00e4nker v\u00e4rmen och kyler ner det till 50-70 \u00b0C. Detta minskar sprickbildning och missf\u00e4rgning. Keragreens sojavax \u00e4r dessutom ett utm\u00e4rkt val f\u00f6r dig som vill anv\u00e4nda naturliga och veganv\u00e4nliga material.   <\/p>\n","protected":false},"excerpt":{"rendered":"<p>Keragreen sojavaxljusglas \u00e4r ett milj\u00f6v\u00e4nligt och rent alternativ till traditionella paraffinljus. Det \u00e4r tillverkat av naturligt sojavax och ger en renare f\u00f6rbr\u00e4nning, producerar inget sot och \u00e4r biologiskt nedbrytbart. Perfekt f\u00f6r nyb\u00f6rjare! Aromatiska oljor kan tills\u00e4ttas upp till 7-10%.   <\/p>\n","protected":false},"featured_media":5819,"template":"","meta":{"site-sidebar-layout":"default","site-content-layout":"","ast-site-content-layout":"default","site-content-style":"default","site-sidebar-style":"default","ast-global-header-display":"","ast-banner-title-visibility":"","ast-main-header-display":"","ast-hfb-above-header-display":"","ast-hfb-below-header-display":"","ast-hfb-mobile-header-display":"","site-post-title":"","ast-breadcrumbs-content":"","ast-featured-img":"","footer-sml-layout":"","ast-disable-related-posts":"","theme-transparent-header-meta":"default","adv-header-id-meta":"","stick-header-meta":"default","header-above-stick-meta":"","header-main-stick-meta":"","header-below-stick-meta":"","astra-migrate-meta-layouts":"default","ast-page-background-enabled":"default","ast-page-background-meta":{"desktop":{"background-color":"","background-image":"","background-repeat":"repeat","background-position":"center center","background-size":"auto","background-attachment":"scroll","background-type":"","background-media":"","overlay-type":"","overlay-color":"","overlay-opacity":"","overlay-gradient":""},"tablet":{"background-color":"","background-image":"","background-repeat":"repeat","background-position":"center center","background-size":"auto","background-attachment":"scroll","background-type":"","background-media":"","overlay-type":"","overlay-color":"","overlay-opacity":"","overlay-gradient":""},"mobile":{"background-color":"","background-image":"","background-repeat":"repeat","background-position":"center center","background-size":"auto","background-attachment":"scroll","background-type":"","background-media":"","overlay-type":"","overlay-color":"","overlay-opacity":"","overlay-gradient":""}},"ast-content-background-meta":{"desktop":{"background-color":"var(--ast-global-color-5)","background-image":"","background-repeat":"repeat","background-position":"center center","background-size":"auto","background-attachment":"scroll","background-type":"","background-media":"","overlay-type":"","overlay-color":"","overlay-opacity":"","overlay-gradient":""},"tablet":{"background-color":"var(--ast-global-color-5)","background-image":"","background-repeat":"repeat","background-position":"center center","background-size":"auto","background-attachment":"scroll","background-type":"","background-media":"","overlay-type":"","overlay-color":"","overlay-opacity":"","overlay-gradient":""},"mobile":{"background-color":"var(--ast-global-color-5)","background-image":"","background-repeat":"repeat","background-position":"center center","background-size":"auto","background-attachment":"scroll","background-type":"","background-media":"","overlay-type":"","overlay-color":"","overlay-opacity":"","overlay-gradient":""}}},"product_brand":[],"product_cat":[138,139],"product_tag":[],"class_list":{"0":"post-12162","1":"product","2":"type-product","3":"status-publish","4":"has-post-thumbnail","6":"product_cat-tillverkning-av-stearinljus","7":"product_cat-vaxer-for-stearinljus","8":"desktop-align-left","9":"tablet-align-left","10":"mobile-align-left","11":"ast-product-gallery-layout-horizontal","12":"ast-product-single-variable","13":"ast-product-tabs-layout-horizontal","15":"first","16":"instock","17":"taxable","18":"shipping-taxable","19":"purchasable","20":"product-type-variable"},"_links":{"self":[{"href":"https:\/\/nordicdiy.ee\/sv\/wp-json\/wp\/v2\/product\/12162","targetHints":{"allow":["GET"]}}],"collection":[{"href":"https:\/\/nordicdiy.ee\/sv\/wp-json\/wp\/v2\/product"}],"about":[{"href":"https:\/\/nordicdiy.ee\/sv\/wp-json\/wp\/v2\/types\/product"}],"wp:featuredmedia":[{"embeddable":true,"href":"https:\/\/nordicdiy.ee\/sv\/wp-json\/wp\/v2\/media\/5819"}],"wp:attachment":[{"href":"https:\/\/nordicdiy.ee\/sv\/wp-json\/wp\/v2\/media?parent=12162"}],"wp:term":[{"taxonomy":"product_brand","embeddable":true,"href":"https:\/\/nordicdiy.ee\/sv\/wp-json\/wp\/v2\/product_brand?post=12162"},{"taxonomy":"product_cat","embeddable":true,"href":"https:\/\/nordicdiy.ee\/sv\/wp-json\/wp\/v2\/product_cat?post=12162"},{"taxonomy":"product_tag","embeddable":true,"href":"https:\/\/nordicdiy.ee\/sv\/wp-json\/wp\/v2\/product_tag?post=12162"}],"curies":[{"name":"wp","href":"https:\/\/api.w.org\/{rel}","templated":true}]}}