{"id":12292,"date":"2024-09-19T17:02:30","date_gmt":"2024-09-19T14:02:30","guid":{"rendered":"https:\/\/nordicdiy.ee\/epood\/okategoriserad\/doftolja-hot-apple-desert\/"},"modified":"2026-03-05T01:37:27","modified_gmt":"2026-03-04T22:37:27","slug":"doftolja-hot-apple-desert","status":"publish","type":"product","link":"https:\/\/nordicdiy.ee\/sv\/epood\/aromoljor\/dofter-av-frukt\/doftolja-hot-apple-desert\/","title":{"rendered":"Doftolja Hot Apple Desert"},"content":{"rendered":"<p><strong>ASPOL SCENTRA<\/strong> har registrerat<strong> UFIREADY<\/strong> Safety Data Sheets (SDS) som \u00e4r framtagna f\u00f6r olika m\u00e4ngder doftolja och som kan anv\u00e4ndas vid tillverkning av sojavaxljus. Dessa s\u00e4kerhetskort och CLP-klisterm\u00e4rken inneb\u00e4r att du <strong>inte beh\u00f6ver generera UFI-koden sj\u00e4lv och rapportera den i PCN eller registrera dig i ECHAS, eftersom fabriken redan har registrerat din produkt \u00e5t dig.<\/strong> <\/p>\n<p><strong>Anv\u00e4ndning i ljus<\/strong> - f\u00f6r tillverkning av sojavaxljus, vaxt\u00e5rtor \u00e4r den rekommenderade m\u00e4ngden doftolja 6-12%. F\u00f6r exakta m\u00e4ngder och SDS-kort se nedan.   <strong>Blanda inte olika doftoljor!<\/strong><\/p>\n<p>Genom att ladda ner det kostnadsfria UFIREADY-s\u00e4kerhetsdatabladet (SDS) och CLP-klisterm\u00e4rket f\u00f6r sojavaxljuset bekr\u00e4ftar jag att jag har tillverkat min produkt i enlighet med UFICONTROL-kraven och att jag har k\u00f6pt de ingredienser som anges p\u00e5 SDS-kortet fr\u00e5n Nordic DIY.<\/p>\n<ul>\n<li><strong>CLP-klisterm\u00e4rke kan laddas ner h\u00e4r - <a href=\"https:\/\/aspol.info\/wp-content\/uploads\/etykiety\/ufi-green.html\" target=\"_blank\" rel=\"noopener\">CLP-klisterm\u00e4rkesgenerator<\/a><\/strong><\/li>\n<li><strong><a href=\"https:\/\/goldelseou.sharepoint.com\/:f:\/s\/Nordicdiy.ee\/EvevW_iZgkZMkxc8ygzrTvABmgwrpvDUWwYH46HG2Xk6-w?e=q3Ater\" target=\"_blank\" rel=\"noopener\">S\u00e4kerhetsdatablad (SDS), IFRA, allergentabell och s\u00e4kerhetsdatablad (SDS) f\u00f6r f\u00e4rdiga ljus hittar du h\u00e4r.<\/a><\/strong><\/li>\n<\/ul>\n<p><span dir=\"auto\">S\u00e4kerhetsdatabladet (SDS) \u00e4ndras inte om du g\u00f6r ljus <a href=\"https:\/\/nordicdiy.ee\/sv\/produkt-kategori\/tillverkning-av-stearinljus\/farger-pa-stearinljus\/\" target=\"_blank\" rel=\"noopener\">med ACL UFIGREEN flytande f\u00e4rg\u00e4mnen<\/a>. ACL:s nagellack har en s\u00e4ker sammans\u00e4ttning, \u00e4r inte klassificerad som farlig och kr\u00e4ver inget PCN-certifikat.<\/span><\/p>\n<p>De h\u00f6gsta till\u00e5tna kvantiteterna f\u00f6r tillverkning av doftpinnar, doftsprayer, tv\u00e5lar (fasta och flytande) och andra produkter kan laddas ner fr\u00e5n IFRA-tabellen.<\/p>\n<p>F\u00f6rvaring<strong data-start=\"1310\" data-end=\"1326\">:<\/strong> Rekommenderad h\u00e5llbarhetstid \u00e4r <strong data-start=\"1353\" data-end=\"1364\">1 \u00e5r<\/strong>, men om produkten f\u00f6rvaras p\u00e5 r\u00e4tt s\u00e4tt (skyddas fr\u00e5n solljus, p\u00e5 en torr och sval plats) kan den anv\u00e4ndas i flera \u00e5r.<\/p>\n<p>VARNING!<br \/>\n<img decoding=\"async\" class=\"\" src=\"https:\/\/nordicdiy.ee\/wp-content\/uploads\/2025\/01\/terviseoht.jpg\" width=\"70\" height=\"70\"><img decoding=\"async\" class=\"\" src=\"https:\/\/nordicdiy.ee\/wp-content\/uploads\/2025\/02\/keskkonnaoht.jpg\" width=\"70\" height=\"70\"><\/p>\n","protected":false},"excerpt":{"rendered":"<p><strong>ASPOL SCENTRA UFIREADY-certifierade doftoljor<\/strong> \u00e4r det perfekta valet f\u00f6r tillverkning av doftljus, hemdofter, doftsprayer, doftvaxer och tv\u00e5lar. De \u00e4r rena, h\u00f6gkvalitativa och s\u00e4kra doftoljor. Kontrollera <strong>gr\u00e4nsv\u00e4rdena<\/strong> f\u00f6r <strong>s\u00e4ker anv\u00e4ndning<\/strong> f\u00f6re anv\u00e4ndning.  <\/p>\n<p>F\u00f6r att f\u00f6renkla produktionen kan du ladda ner Soy Leather Candle Safety Sheets (SDS) och CLP-klisterm\u00e4rken <strong>GRATIS.<\/strong> Fabriken kommer att ha genererat <strong>en UFI-kod \u00e5t <\/strong>dig <strong>och meddelat PCN och ECHAS kommer att ha registrerat <\/strong>din produkt, f\u00f6rutsatt att du anv\u00e4nder doftolja till den fabriksregistrerade hastigheten.<br \/>\nMer information om anv\u00e4ndningen av doftolja finns i produktbeskrivningen. <\/p>\n<p><strong>Doftnoter<\/strong><br \/>\nToppnoter: gr\u00f6nt \u00e4pple, ananas, jordgubbe, persika<br \/>\nHj\u00e4rtnoter: kanel, anis, kryddnejlika, kokos<br \/>\nBasnoter: vanilj, tonkab\u00f6na, mysk.<\/p>\n","protected":false},"featured_media":22377,"template":"","meta":{"site-sidebar-layout":"default","site-content-layout":"","ast-site-content-layout":"default","site-content-style":"default","site-sidebar-style":"default","ast-global-header-display":"","ast-banner-title-visibility":"","ast-main-header-display":"","ast-hfb-above-header-display":"","ast-hfb-below-header-display":"","ast-hfb-mobile-header-display":"","site-post-title":"","ast-breadcrumbs-content":"","ast-featured-img":"","footer-sml-layout":"","ast-disable-related-posts":"","theme-transparent-header-meta":"default","adv-header-id-meta":"","stick-header-meta":"default","header-above-stick-meta":"","header-main-stick-meta":"","header-below-stick-meta":"","astra-migrate-meta-layouts":"default","ast-page-background-enabled":"default","ast-page-background-meta":{"desktop":{"background-color":"","background-image":"","background-repeat":"repeat","background-position":"center center","background-size":"auto","background-attachment":"scroll","background-type":"","background-media":"","overlay-type":"","overlay-color":"","overlay-opacity":"","overlay-gradient":""},"tablet":{"background-color":"","background-image":"","background-repeat":"repeat","background-position":"center center","background-size":"auto","background-attachment":"scroll","background-type":"","background-media":"","overlay-type":"","overlay-color":"","overlay-opacity":"","overlay-gradient":""},"mobile":{"background-color":"","background-image":"","background-repeat":"repeat","background-position":"center center","background-size":"auto","background-attachment":"scroll","background-type":"","background-media":"","overlay-type":"","overlay-color":"","overlay-opacity":"","overlay-gradient":""}},"ast-content-background-meta":{"desktop":{"background-color":"var(--ast-global-color-5)","background-image":"","background-repeat":"repeat","background-position":"center center","background-size":"auto","background-attachment":"scroll","background-type":"","background-media":"","overlay-type":"","overlay-color":"","overlay-opacity":"","overlay-gradient":""},"tablet":{"background-color":"var(--ast-global-color-5)","background-image":"","background-repeat":"repeat","background-position":"center center","background-size":"auto","background-attachment":"scroll","background-type":"","background-media":"","overlay-type":"","overlay-color":"","overlay-opacity":"","overlay-gradient":""},"mobile":{"background-color":"var(--ast-global-color-5)","background-image":"","background-repeat":"repeat","background-position":"center center","background-size":"auto","background-attachment":"scroll","background-type":"","background-media":"","overlay-type":"","overlay-color":"","overlay-opacity":"","overlay-gradient":""}}},"product_brand":[],"product_cat":[133,255,194,192,415,193],"product_tag":[],"class_list":{"0":"post-12292","1":"product","2":"type-product","3":"status-publish","4":"has-post-thumbnail","6":"product_cat-aromoljor","7":"product_cat-dofter-av-frukt","8":"product_cat-dofter-av-jul","9":"product_cat-dofter-av-stearinljus","10":"product_cat-specialerbjudanden-fran","11":"product_cat-ufi-ready","12":"desktop-align-left","13":"tablet-align-left","14":"mobile-align-left","15":"ast-product-gallery-layout-horizontal","16":"ast-product-gallery-with-no-image","17":"ast-product-single-variable","18":"ast-product-tabs-layout-horizontal","20":"first","21":"instock","22":"sale","23":"taxable","24":"shipping-taxable","25":"purchasable","26":"product-type-variable"},"_links":{"self":[{"href":"https:\/\/nordicdiy.ee\/sv\/wp-json\/wp\/v2\/product\/12292","targetHints":{"allow":["GET"]}}],"collection":[{"href":"https:\/\/nordicdiy.ee\/sv\/wp-json\/wp\/v2\/product"}],"about":[{"href":"https:\/\/nordicdiy.ee\/sv\/wp-json\/wp\/v2\/types\/product"}],"wp:featuredmedia":[{"embeddable":true,"href":"https:\/\/nordicdiy.ee\/sv\/wp-json\/wp\/v2\/media\/22377"}],"wp:attachment":[{"href":"https:\/\/nordicdiy.ee\/sv\/wp-json\/wp\/v2\/media?parent=12292"}],"wp:term":[{"taxonomy":"product_brand","embeddable":true,"href":"https:\/\/nordicdiy.ee\/sv\/wp-json\/wp\/v2\/product_brand?post=12292"},{"taxonomy":"product_cat","embeddable":true,"href":"https:\/\/nordicdiy.ee\/sv\/wp-json\/wp\/v2\/product_cat?post=12292"},{"taxonomy":"product_tag","embeddable":true,"href":"https:\/\/nordicdiy.ee\/sv\/wp-json\/wp\/v2\/product_tag?post=12292"}],"curies":[{"name":"wp","href":"https:\/\/api.w.org\/{rel}","templated":true}]}}