{"id":13127,"date":"2024-09-18T12:35:18","date_gmt":"2024-09-18T09:35:18","guid":{"rendered":"https:\/\/nordicdiy.ee\/epood\/okategoriserad\/traklossar-10st-kors-13-100\/"},"modified":"2026-02-07T18:25:59","modified_gmt":"2026-02-07T15:25:59","slug":"traklossar-10st-kors-13-100","status":"publish","type":"product","link":"https:\/\/nordicdiy.ee\/sv\/epood\/tillverkning-av-stearinljus\/vekar-och-socklar-till-stearinljus\/traklossar-10st-kors-13-100\/","title":{"rendered":"Tr\u00e4klossar 10st kors 13\/100"},"content":{"rendered":"<p>Ljush\u00e5llaren i tr\u00e4 \u00e4r tillverkad av h\u00e5rt boktr\u00e4 och erbjuder en naturlig och s\u00e4ker l\u00f6sning f\u00f6r ljusst\u00f6pning. Denna GMO-fria veke \u00e4r vegansk, otestad p\u00e5 djur och giftfri. Perfekt f\u00f6r en m\u00e4ngd olika vaxer, t.ex. sojavax, rapsvax, kokosvax, bivax, palmvax, paraffin och paraffinblandningar.   Fodralet levereras med en metallbas.<\/p>\n<p>Det perfekta valet f\u00f6r att g\u00f6ra naturliga och h\u00f6gkvalitativa ljus!<\/p>\n","protected":false},"excerpt":{"rendered":"<p>Ljush\u00e5llaren i tr\u00e4 \u00e4r tillverkad av h\u00e5rt boktr\u00e4 och erbjuder en naturlig och s\u00e4ker l\u00f6sning f\u00f6r ljusst\u00f6pning. Denna GMO-fria veke \u00e4r vegansk, otestad p\u00e5 djur och giftfri. Perfekt f\u00f6r en m\u00e4ngd olika vaxer, t.ex. sojavax, rapsvax, kokosvax, bivax, palmvax, paraffin och paraffinblandningar.  <\/p>\n<p>Tr\u00e4pinnar \u00e4r mycket bra p\u00e5 att kontrollera aromer. En ytterligare f\u00f6rdel med tr\u00e4flis \u00e4r att den \u00e4r stabil vid f\u00f6rbr\u00e4nning, inte ryker och inte avger obehagliga lukter. De \u00e4r inte giftiga.  <\/p>\n<p>M\u00e5tt:<br \/>\n- l\u00e4ngd: 100 mm<br \/>\n- bredd: 13 mm<\/p>\n<p>Vi rekommenderar att du anv\u00e4nder veken till ljus som \u00e4r 70-80 mm i glas.<\/p>\n<p>Det perfekta valet f\u00f6r att g\u00f6ra naturliga och h\u00f6gkvalitativa ljus!<\/p>\n","protected":false},"featured_media":6389,"template":"","meta":{"site-sidebar-layout":"default","site-content-layout":"","ast-site-content-layout":"default","site-content-style":"default","site-sidebar-style":"default","ast-global-header-display":"","ast-banner-title-visibility":"","ast-main-header-display":"","ast-hfb-above-header-display":"","ast-hfb-below-header-display":"","ast-hfb-mobile-header-display":"","site-post-title":"","ast-breadcrumbs-content":"","ast-featured-img":"","footer-sml-layout":"","ast-disable-related-posts":"","theme-transparent-header-meta":"default","adv-header-id-meta":"","stick-header-meta":"default","header-above-stick-meta":"","header-main-stick-meta":"","header-below-stick-meta":"","astra-migrate-meta-layouts":"default","ast-page-background-enabled":"default","ast-page-background-meta":{"desktop":{"background-color":"","background-image":"","background-repeat":"repeat","background-position":"center center","background-size":"auto","background-attachment":"scroll","background-type":"","background-media":"","overlay-type":"","overlay-color":"","overlay-opacity":"","overlay-gradient":""},"tablet":{"background-color":"","background-image":"","background-repeat":"repeat","background-position":"center center","background-size":"auto","background-attachment":"scroll","background-type":"","background-media":"","overlay-type":"","overlay-color":"","overlay-opacity":"","overlay-gradient":""},"mobile":{"background-color":"","background-image":"","background-repeat":"repeat","background-position":"center center","background-size":"auto","background-attachment":"scroll","background-type":"","background-media":"","overlay-type":"","overlay-color":"","overlay-opacity":"","overlay-gradient":""}},"ast-content-background-meta":{"desktop":{"background-color":"var(--ast-global-color-5)","background-image":"","background-repeat":"repeat","background-position":"center center","background-size":"auto","background-attachment":"scroll","background-type":"","background-media":"","overlay-type":"","overlay-color":"","overlay-opacity":"","overlay-gradient":""},"tablet":{"background-color":"var(--ast-global-color-5)","background-image":"","background-repeat":"repeat","background-position":"center center","background-size":"auto","background-attachment":"scroll","background-type":"","background-media":"","overlay-type":"","overlay-color":"","overlay-opacity":"","overlay-gradient":""},"mobile":{"background-color":"var(--ast-global-color-5)","background-image":"","background-repeat":"repeat","background-position":"center center","background-size":"auto","background-attachment":"scroll","background-type":"","background-media":"","overlay-type":"","overlay-color":"","overlay-opacity":"","overlay-gradient":""}}},"product_brand":[],"product_cat":[138,198],"product_tag":[],"class_list":{"0":"post-13127","1":"product","2":"type-product","3":"status-publish","4":"has-post-thumbnail","6":"product_cat-tillverkning-av-stearinljus","7":"product_cat-vekar-och-socklar-till-stearinljus","8":"desktop-align-left","9":"tablet-align-left","10":"mobile-align-left","11":"ast-product-gallery-layout-horizontal","12":"ast-product-gallery-with-no-image","13":"ast-product-tabs-layout-horizontal","15":"first","16":"instock","17":"taxable","18":"shipping-taxable","19":"purchasable","20":"product-type-simple"},"_links":{"self":[{"href":"https:\/\/nordicdiy.ee\/sv\/wp-json\/wp\/v2\/product\/13127","targetHints":{"allow":["GET"]}}],"collection":[{"href":"https:\/\/nordicdiy.ee\/sv\/wp-json\/wp\/v2\/product"}],"about":[{"href":"https:\/\/nordicdiy.ee\/sv\/wp-json\/wp\/v2\/types\/product"}],"wp:featuredmedia":[{"embeddable":true,"href":"https:\/\/nordicdiy.ee\/sv\/wp-json\/wp\/v2\/media\/6389"}],"wp:attachment":[{"href":"https:\/\/nordicdiy.ee\/sv\/wp-json\/wp\/v2\/media?parent=13127"}],"wp:term":[{"taxonomy":"product_brand","embeddable":true,"href":"https:\/\/nordicdiy.ee\/sv\/wp-json\/wp\/v2\/product_brand?post=13127"},{"taxonomy":"product_cat","embeddable":true,"href":"https:\/\/nordicdiy.ee\/sv\/wp-json\/wp\/v2\/product_cat?post=13127"},{"taxonomy":"product_tag","embeddable":true,"href":"https:\/\/nordicdiy.ee\/sv\/wp-json\/wp\/v2\/product_tag?post=13127"}],"curies":[{"name":"wp","href":"https:\/\/api.w.org\/{rel}","templated":true}]}}