{"id":13146,"date":"2024-09-18T12:35:18","date_gmt":"2024-09-18T09:35:18","guid":{"rendered":"https:\/\/nordicdiy.ee\/epood\/okategoriserad\/tralock-for-stearinljusglas-med-packning\/"},"modified":"2026-01-22T01:26:57","modified_gmt":"2026-01-21T22:26:57","slug":"tralock-for-stearinljusglas-med-packning","status":"publish","type":"product","link":"https:\/\/nordicdiy.ee\/sv\/epood\/tillverkning-av-stearinljus\/glas-och-lock-till-stearinljus\/tralock-for-stearinljusglas-med-packning\/","title":{"rendered":"Tr\u00e4lock f\u00f6r stearinljusglas 10036 med packning"},"content":{"rendered":"<p>Detta tr\u00e4lock med packning \u00e4r ett perfekt designelement f\u00f6r ljusstakar och garanterar l\u00e4ngre lukth\u00e5llning och s\u00e4ker f\u00f6rvaring. Den h\u00e5ller ocks\u00e5 damm och smuts borta. Tr\u00e4locket passar till b\u00e5de Ombre, 260 ml och 280 ml ljusglas, oavsett om de \u00e4r transparenta eller f\u00e4rgade. M\u00e5tt p\u00e5 locket med tr\u00e4packning: h\u00f6jd - 1,3 cm, ytterdiameter - 8,0 cm, innerdiameter - 6,6 cm. Du kan f\u00e5 din logotyp eller annat meddelande graverat p\u00e5 ljusets lock av tr\u00e4, vilket ger din produkt en lyxig och minnesv\u00e4rd detalj. Beg\u00e4r en offert f\u00f6r gravyr p\u00e5 epood@nordicdiy.ee.<\/p>\n","protected":false},"excerpt":{"rendered":"<p>Detta tr\u00e4lock med packning \u00e4r ett perfekt designelement f\u00f6r ljusstakar och garanterar l\u00e4ngre lukth\u00e5llning och s\u00e4ker f\u00f6rvaring. Den h\u00e5ller ocks\u00e5 damm och smuts borta. Tr\u00e4locket passar till b\u00e5de Ombre, 260 ml och 280 ml ljusglas, oavsett om de \u00e4r transparenta eller f\u00e4rgade.<\/p>\n","protected":false},"featured_media":6344,"template":"","meta":{"site-sidebar-layout":"default","site-content-layout":"","ast-site-content-layout":"default","site-content-style":"default","site-sidebar-style":"default","ast-global-header-display":"","ast-banner-title-visibility":"","ast-main-header-display":"","ast-hfb-above-header-display":"","ast-hfb-below-header-display":"","ast-hfb-mobile-header-display":"","site-post-title":"","ast-breadcrumbs-content":"","ast-featured-img":"","footer-sml-layout":"","ast-disable-related-posts":"","theme-transparent-header-meta":"default","adv-header-id-meta":"","stick-header-meta":"default","header-above-stick-meta":"","header-main-stick-meta":"","header-below-stick-meta":"","astra-migrate-meta-layouts":"default","ast-page-background-enabled":"default","ast-page-background-meta":{"desktop":{"background-color":"","background-image":"","background-repeat":"repeat","background-position":"center center","background-size":"auto","background-attachment":"scroll","background-type":"","background-media":"","overlay-type":"","overlay-color":"","overlay-opacity":"","overlay-gradient":""},"tablet":{"background-color":"","background-image":"","background-repeat":"repeat","background-position":"center center","background-size":"auto","background-attachment":"scroll","background-type":"","background-media":"","overlay-type":"","overlay-color":"","overlay-opacity":"","overlay-gradient":""},"mobile":{"background-color":"","background-image":"","background-repeat":"repeat","background-position":"center center","background-size":"auto","background-attachment":"scroll","background-type":"","background-media":"","overlay-type":"","overlay-color":"","overlay-opacity":"","overlay-gradient":""}},"ast-content-background-meta":{"desktop":{"background-color":"var(--ast-global-color-5)","background-image":"","background-repeat":"repeat","background-position":"center center","background-size":"auto","background-attachment":"scroll","background-type":"","background-media":"","overlay-type":"","overlay-color":"","overlay-opacity":"","overlay-gradient":""},"tablet":{"background-color":"var(--ast-global-color-5)","background-image":"","background-repeat":"repeat","background-position":"center center","background-size":"auto","background-attachment":"scroll","background-type":"","background-media":"","overlay-type":"","overlay-color":"","overlay-opacity":"","overlay-gradient":""},"mobile":{"background-color":"var(--ast-global-color-5)","background-image":"","background-repeat":"repeat","background-position":"center center","background-size":"auto","background-attachment":"scroll","background-type":"","background-media":"","overlay-type":"","overlay-color":"","overlay-opacity":"","overlay-gradient":""}}},"product_brand":[],"product_cat":[162,138],"product_tag":[],"class_list":{"0":"post-13146","1":"product","2":"type-product","3":"status-publish","4":"has-post-thumbnail","6":"product_cat-glas-och-lock-till-stearinljus","7":"product_cat-tillverkning-av-stearinljus","8":"desktop-align-left","9":"tablet-align-left","10":"mobile-align-left","11":"ast-product-gallery-layout-horizontal","12":"ast-product-gallery-with-no-image","13":"ast-product-tabs-layout-horizontal","15":"first","16":"instock","17":"taxable","18":"shipping-taxable","19":"purchasable","20":"product-type-simple"},"_links":{"self":[{"href":"https:\/\/nordicdiy.ee\/sv\/wp-json\/wp\/v2\/product\/13146","targetHints":{"allow":["GET"]}}],"collection":[{"href":"https:\/\/nordicdiy.ee\/sv\/wp-json\/wp\/v2\/product"}],"about":[{"href":"https:\/\/nordicdiy.ee\/sv\/wp-json\/wp\/v2\/types\/product"}],"wp:featuredmedia":[{"embeddable":true,"href":"https:\/\/nordicdiy.ee\/sv\/wp-json\/wp\/v2\/media\/6344"}],"wp:attachment":[{"href":"https:\/\/nordicdiy.ee\/sv\/wp-json\/wp\/v2\/media?parent=13146"}],"wp:term":[{"taxonomy":"product_brand","embeddable":true,"href":"https:\/\/nordicdiy.ee\/sv\/wp-json\/wp\/v2\/product_brand?post=13146"},{"taxonomy":"product_cat","embeddable":true,"href":"https:\/\/nordicdiy.ee\/sv\/wp-json\/wp\/v2\/product_cat?post=13146"},{"taxonomy":"product_tag","embeddable":true,"href":"https:\/\/nordicdiy.ee\/sv\/wp-json\/wp\/v2\/product_tag?post=13146"}],"curies":[{"name":"wp","href":"https:\/\/api.w.org\/{rel}","templated":true}]}}