{"id":13168,"date":"2024-09-18T12:35:17","date_gmt":"2024-09-18T09:35:17","guid":{"rendered":"https:\/\/nordicdiy.ee\/epood\/okategoriserad\/vattenbaserad-tvalbas-1-liter-naturlig-och-vegansk\/"},"modified":"2026-04-06T14:17:11","modified_gmt":"2026-04-06T11:17:11","slug":"vattenbaserad-tvalbas-1-liter-naturlig-och-vegansk","status":"publish","type":"product","link":"https:\/\/nordicdiy.ee\/sv\/epood\/tillverkning-av-tval\/tvalmassor\/vattenbaserad-tvalbas-1-liter-naturlig-och-vegansk\/","title":{"rendered":"Vattens\u00e5pa bas 1 liter"},"content":{"rendered":"<p><strong>Hur g\u00f6r man flytande tv\u00e5l?<\/strong><br \/>\nIngredienser och verktyg som beh\u00f6vs:<\/p>\n<p>1 liter flytande tv\u00e5lbas<br \/>\n10 ml flytande tv\u00e5lparfym<br \/>\nFlytande tv\u00e5lf\u00e4rg<br \/>\nBlandningssk\u00e5l<br \/>\nM\u00e4tkapsel eller spruta f\u00f6r exakt dosering<br \/>\nVisp eller blandningsverktyg<br \/>\nTv\u00e5lflaska (pump- eller dispenserflaska)<\/p>\n<p><strong>Guide:<\/strong><\/p>\n<p>M\u00e4t upp ingredienserna<br \/>\nTa 1 liter flytande tv\u00e5lbas och m\u00e4t upp 10 ml doft. Den flytande tv\u00e5lbasen kan ocks\u00e5 kompletteras med eteriska oljor enligt \u00f6nskem\u00e5l. <\/p>\n<p>Blanda ingredienserna<br \/>\nH\u00e4ll doft\u00e4mnet i botten av den flytande tv\u00e5len i blandningssk\u00e5len. Anv\u00e4nd en visp eller ett blandningsverktyg f\u00f6r att blanda ingredienserna ordentligt. R\u00f6r om f\u00f6rsiktigt tills doften \u00e4r helt f\u00f6rdelad i tv\u00e5lbasen. Tills\u00e4tt 1 droppe flytande tv\u00e5lf\u00e4rg, om blandningen \u00e4r f\u00f6r ljus tills\u00e4tt ytterligare en droppe och blanda.   <\/p>\n<p>H\u00e4ll blandningen i flaskan<br \/>\nN\u00e4r blandningen \u00e4r v\u00e4l blandad h\u00e4ller du blandningen i den f\u00f6rberedda tv\u00e5lflaskan. Se till att flaskan \u00e4r ren och torr. <\/p>\n<p>Testa din tv\u00e5l<br \/>\nInnan du anv\u00e4nder en ny flytande tv\u00e5l, l\u00e5t den sitta i n\u00e5gra timmar s\u00e5 att dofterna kan blanda sig v\u00e4l med tv\u00e5lbasen. Om du vill ha en tjockare flytande tv\u00e5l kan du blanda i 20% saltl\u00f6sning i slutet. Vanligt salt och kokt vatten duger. Vattnet b\u00f6r vara n\u00e5got varmt. F\u00f6r att f\u00e5 en 20% saltl\u00f6sning, tills\u00e4tt 20 g salt till 100 ml vatten. Tills\u00e4tt saltl\u00f6sningen droppvis i botten av den flytande tv\u00e5len under omr\u00f6rning tills \u00f6nskat resultat erh\u00e5lls.     <\/p>\n<p><strong>W405 stabilisator<br \/>\n<\/strong><\/p>\n<p>Doftoljor kan g\u00f6ra duschgeler mj\u00f6lkiga eller flytande, f\u00f6r att l\u00f6sa detta rekommenderas att anv\u00e4nda W405 stabilisator. W405 stabilisator anv\u00e4nds vanligtvis f\u00f6r att \u00f6ka viskositeten hos flytande tv\u00e5lar, schampon, duschgeler och andra tensidbaserade (ytaktiva) reng\u00f6ringsmedel, dvs. f\u00f6r att g\u00f6ra produkten tjockare och mer stabil. Denna ingrediens bidrar till att uppn\u00e5 den behagliga gelliknande konsistens som konsumenterna f\u00f6rv\u00e4ntar sig av en tv\u00e5l eller ett schampo.  <\/p>\n<p>Det \u00e4r s\u00e5 enkelt som det \u00e4r! En naturlig, vegansk och personligt anpassad flytande tv\u00e5l \u00e4r klar att anv\u00e4nda. <\/p>\n","protected":false},"excerpt":{"rendered":"<p><strong>MED EN NY FORMULERING!<\/strong>  G\u00f6r din egen flytande tv\u00e5l hemma eller l\u00e4gg till i ditt varum\u00e4rkessortiment. Den naturliga och klara tv\u00e5lbasen \u00e4r ftalatfri och perfekt f\u00f6r kreativ anv\u00e4ndning. Genom att bara tills\u00e4tta 0,5-1% av en l\u00e4mplig doftolja kan du skapa en personlig vegansk flytande tv\u00e5l. Dosering: 5-10 ml doftolja\/1000 ml tv\u00e5lbas. Speciella doftoljor f\u00f6r flytande tv\u00e5l \u00e4r l\u00e4mpliga. Plastflaskor och pumpar finns ocks\u00e5 i Nordic DIY-sortimentet. Om du vill ha en tjockare flytande tv\u00e5l kan du blanda i 20 % saltl\u00f6sning eller tills\u00e4tta stabilisator W405.      <\/p>\n","protected":false},"featured_media":6379,"template":"","meta":{"site-sidebar-layout":"default","site-content-layout":"","ast-site-content-layout":"default","site-content-style":"default","site-sidebar-style":"default","ast-global-header-display":"","ast-banner-title-visibility":"","ast-main-header-display":"","ast-hfb-above-header-display":"","ast-hfb-below-header-display":"","ast-hfb-mobile-header-display":"","site-post-title":"","ast-breadcrumbs-content":"","ast-featured-img":"","footer-sml-layout":"","ast-disable-related-posts":"","theme-transparent-header-meta":"default","adv-header-id-meta":"","stick-header-meta":"default","header-above-stick-meta":"","header-main-stick-meta":"","header-below-stick-meta":"","astra-migrate-meta-layouts":"default","ast-page-background-enabled":"default","ast-page-background-meta":{"desktop":{"background-color":"","background-image":"","background-repeat":"repeat","background-position":"center center","background-size":"auto","background-attachment":"scroll","background-type":"","background-media":"","overlay-type":"","overlay-color":"","overlay-opacity":"","overlay-gradient":""},"tablet":{"background-color":"","background-image":"","background-repeat":"repeat","background-position":"center center","background-size":"auto","background-attachment":"scroll","background-type":"","background-media":"","overlay-type":"","overlay-color":"","overlay-opacity":"","overlay-gradient":""},"mobile":{"background-color":"","background-image":"","background-repeat":"repeat","background-position":"center center","background-size":"auto","background-attachment":"scroll","background-type":"","background-media":"","overlay-type":"","overlay-color":"","overlay-opacity":"","overlay-gradient":""}},"ast-content-background-meta":{"desktop":{"background-color":"var(--ast-global-color-5)","background-image":"","background-repeat":"repeat","background-position":"center center","background-size":"auto","background-attachment":"scroll","background-type":"","background-media":"","overlay-type":"","overlay-color":"","overlay-opacity":"","overlay-gradient":""},"tablet":{"background-color":"var(--ast-global-color-5)","background-image":"","background-repeat":"repeat","background-position":"center center","background-size":"auto","background-attachment":"scroll","background-type":"","background-media":"","overlay-type":"","overlay-color":"","overlay-opacity":"","overlay-gradient":""},"mobile":{"background-color":"var(--ast-global-color-5)","background-image":"","background-repeat":"repeat","background-position":"center center","background-size":"auto","background-attachment":"scroll","background-type":"","background-media":"","overlay-type":"","overlay-color":"","overlay-opacity":"","overlay-gradient":""}}},"product_brand":[],"product_cat":[415,213,384],"product_tag":[],"class_list":{"0":"post-13168","1":"product","2":"type-product","3":"status-publish","4":"has-post-thumbnail","6":"product_cat-rea","7":"product_cat-tillverkning-av-tval","8":"product_cat-tvalmassor","9":"desktop-align-left","10":"tablet-align-left","11":"mobile-align-left","12":"ast-product-gallery-layout-horizontal","13":"ast-product-gallery-with-no-image","14":"ast-product-tabs-layout-horizontal","16":"first","17":"instock","18":"taxable","19":"shipping-taxable","20":"purchasable","21":"product-type-simple"},"_links":{"self":[{"href":"https:\/\/nordicdiy.ee\/sv\/wp-json\/wp\/v2\/product\/13168","targetHints":{"allow":["GET"]}}],"collection":[{"href":"https:\/\/nordicdiy.ee\/sv\/wp-json\/wp\/v2\/product"}],"about":[{"href":"https:\/\/nordicdiy.ee\/sv\/wp-json\/wp\/v2\/types\/product"}],"wp:featuredmedia":[{"embeddable":true,"href":"https:\/\/nordicdiy.ee\/sv\/wp-json\/wp\/v2\/media\/6379"}],"wp:attachment":[{"href":"https:\/\/nordicdiy.ee\/sv\/wp-json\/wp\/v2\/media?parent=13168"}],"wp:term":[{"taxonomy":"product_brand","embeddable":true,"href":"https:\/\/nordicdiy.ee\/sv\/wp-json\/wp\/v2\/product_brand?post=13168"},{"taxonomy":"product_cat","embeddable":true,"href":"https:\/\/nordicdiy.ee\/sv\/wp-json\/wp\/v2\/product_cat?post=13168"},{"taxonomy":"product_tag","embeddable":true,"href":"https:\/\/nordicdiy.ee\/sv\/wp-json\/wp\/v2\/product_tag?post=13168"}],"curies":[{"name":"wp","href":"https:\/\/api.w.org\/{rel}","templated":true}]}}