{"id":13194,"date":"2024-09-18T12:35:16","date_gmt":"2024-09-18T09:35:16","guid":{"rendered":"https:\/\/nordicdiy.ee\/epood\/okategoriserad\/ljusglas-ombre-rosa-orange-280-ml-h96-x-d80-mm\/"},"modified":"2026-02-02T01:49:42","modified_gmt":"2026-02-01T22:49:42","slug":"ljusglas-ombre-rosa-orange-280-ml-h96-x-d80-mm","status":"publish","type":"product","link":"https:\/\/nordicdiy.ee\/sv\/epood\/tillverkning-av-stearinljus\/glas-och-lock-till-stearinljus\/ljusglas-ombre-rosa-orange-280-ml-h96-x-d80-mm\/","title":{"rendered":"Ljusglas Ombre rosa-orange 280 ml, h96 x d80 mm"},"content":{"rendered":"<p>Elegant Ombre rosa-orange ljusburk med 280 ml kapacitet \u00e4r det perfekta valet f\u00f6r hantverksljus. Dess unika ombre-effekt, d\u00e4r glaset \u00f6verg\u00e5r s\u00f6ml\u00f6st fr\u00e5n rosa till orange, ger ljusen ett lyxigt och modernt utseende. Ljuset \u00e4r underbart n\u00e4r det \u00e4r t\u00e4nt!  <\/p>\n<p>L\u00e4mplig f\u00f6r anv\u00e4ndning med en m\u00e4ngd olika ljusvaxer som sojavax, paraffin, rapsvax, bivax och palmvax, vilket ger en s\u00e4ker och v\u00e4rmet\u00e5lig burk f\u00f6r b\u00e5de dekorativa ljus och doftljus. Tack vare sin kapacitet p\u00e5 280 ml och m\u00e5tten h96 x d80 mm kan den anv\u00e4ndas f\u00f6r att g\u00f6ra b\u00e5de sm\u00e5 och medelstora ljus som brinner l\u00e4nge och j\u00e4mnt. <\/p>\n<p>Detta rosa-orange ljusglas \u00e4r perfekt f\u00f6r b\u00e5de heminredning och som present, och \u00e4r det perfekta valet f\u00f6r alla ljusmakare som vill skapa snygga och praktiska ljus.<\/p>\n","protected":false},"excerpt":{"rendered":"<p>Elegant Ombre rosa-orange ljusburk med en kapacitet p\u00e5 280 ml \u00e4r det perfekta valet f\u00f6r hantverksljus. Dess unika ombre-effekt, d\u00e4r glaset s\u00f6ml\u00f6st \u00f6verg\u00e5r fr\u00e5n rosa till orange, ger ljusen ett lyxigt och modernt utseende. Ljuset \u00e4r underbart n\u00e4r det \u00e4r t\u00e4nt!  <\/p>\n","protected":false},"featured_media":6264,"template":"","meta":{"site-sidebar-layout":"default","site-content-layout":"","ast-site-content-layout":"default","site-content-style":"default","site-sidebar-style":"default","ast-global-header-display":"","ast-banner-title-visibility":"","ast-main-header-display":"","ast-hfb-above-header-display":"","ast-hfb-below-header-display":"","ast-hfb-mobile-header-display":"","site-post-title":"","ast-breadcrumbs-content":"","ast-featured-img":"","footer-sml-layout":"","ast-disable-related-posts":"","theme-transparent-header-meta":"default","adv-header-id-meta":"","stick-header-meta":"default","header-above-stick-meta":"","header-main-stick-meta":"","header-below-stick-meta":"","astra-migrate-meta-layouts":"default","ast-page-background-enabled":"default","ast-page-background-meta":{"desktop":{"background-color":"","background-image":"","background-repeat":"repeat","background-position":"center center","background-size":"auto","background-attachment":"scroll","background-type":"","background-media":"","overlay-type":"","overlay-color":"","overlay-opacity":"","overlay-gradient":""},"tablet":{"background-color":"","background-image":"","background-repeat":"repeat","background-position":"center center","background-size":"auto","background-attachment":"scroll","background-type":"","background-media":"","overlay-type":"","overlay-color":"","overlay-opacity":"","overlay-gradient":""},"mobile":{"background-color":"","background-image":"","background-repeat":"repeat","background-position":"center center","background-size":"auto","background-attachment":"scroll","background-type":"","background-media":"","overlay-type":"","overlay-color":"","overlay-opacity":"","overlay-gradient":""}},"ast-content-background-meta":{"desktop":{"background-color":"var(--ast-global-color-5)","background-image":"","background-repeat":"repeat","background-position":"center center","background-size":"auto","background-attachment":"scroll","background-type":"","background-media":"","overlay-type":"","overlay-color":"","overlay-opacity":"","overlay-gradient":""},"tablet":{"background-color":"var(--ast-global-color-5)","background-image":"","background-repeat":"repeat","background-position":"center center","background-size":"auto","background-attachment":"scroll","background-type":"","background-media":"","overlay-type":"","overlay-color":"","overlay-opacity":"","overlay-gradient":""},"mobile":{"background-color":"var(--ast-global-color-5)","background-image":"","background-repeat":"repeat","background-position":"center center","background-size":"auto","background-attachment":"scroll","background-type":"","background-media":"","overlay-type":"","overlay-color":"","overlay-opacity":"","overlay-gradient":""}}},"product_brand":[],"product_cat":[162,138],"product_tag":[],"class_list":{"0":"post-13194","1":"product","2":"type-product","3":"status-publish","4":"has-post-thumbnail","6":"product_cat-glas-och-lock-till-stearinljus","7":"product_cat-tillverkning-av-stearinljus","8":"desktop-align-left","9":"tablet-align-left","10":"mobile-align-left","11":"ast-product-gallery-layout-horizontal","12":"ast-product-gallery-with-no-image","13":"ast-product-tabs-layout-horizontal","15":"first","16":"instock","17":"taxable","18":"shipping-taxable","19":"purchasable","20":"product-type-simple"},"_links":{"self":[{"href":"https:\/\/nordicdiy.ee\/sv\/wp-json\/wp\/v2\/product\/13194","targetHints":{"allow":["GET"]}}],"collection":[{"href":"https:\/\/nordicdiy.ee\/sv\/wp-json\/wp\/v2\/product"}],"about":[{"href":"https:\/\/nordicdiy.ee\/sv\/wp-json\/wp\/v2\/types\/product"}],"wp:featuredmedia":[{"embeddable":true,"href":"https:\/\/nordicdiy.ee\/sv\/wp-json\/wp\/v2\/media\/6264"}],"wp:attachment":[{"href":"https:\/\/nordicdiy.ee\/sv\/wp-json\/wp\/v2\/media?parent=13194"}],"wp:term":[{"taxonomy":"product_brand","embeddable":true,"href":"https:\/\/nordicdiy.ee\/sv\/wp-json\/wp\/v2\/product_brand?post=13194"},{"taxonomy":"product_cat","embeddable":true,"href":"https:\/\/nordicdiy.ee\/sv\/wp-json\/wp\/v2\/product_cat?post=13194"},{"taxonomy":"product_tag","embeddable":true,"href":"https:\/\/nordicdiy.ee\/sv\/wp-json\/wp\/v2\/product_tag?post=13194"}],"curies":[{"name":"wp","href":"https:\/\/api.w.org\/{rel}","templated":true}]}}