{"id":13233,"date":"2024-12-10T20:18:26","date_gmt":"2024-12-10T17:18:26","guid":{"rendered":"https:\/\/nordicdiy.ee\/epood\/okategoriserad\/doftvax-i-form-av-hjartvax\/"},"modified":"2025-08-14T15:11:11","modified_gmt":"2025-08-14T12:11:11","slug":"doftvax-i-form-av-hjartvax","status":"publish","type":"product","link":"https:\/\/nordicdiy.ee\/sv\/epood\/tillverkning-av-stearinljus\/vaxer-for-stearinljus\/doftvax-i-form-av-hjartvax\/","title":{"rendered":"Doftvax i form av \"Hj\u00e4rtvax"},"content":{"rendered":"<p><strong>M\u00e5tt:<\/strong> 13 cm x 9 cm x 2,5 cm<br \/>\n<strong>Material:<\/strong> plast<\/p>\n<p>Formen \"Hearts\" f\u00f6r doftvax \u00e4r det perfekta valet f\u00f6r att g\u00f6ra hemmagjorda doftvaxer som kan anv\u00e4ndas i doftlampor. Med den h\u00e4r praktiska formen kan du g\u00f6ra hj\u00e4rtformade vaxer. <\/p>\n<p><strong>Bruksanvisning:<\/strong><br \/>\nVid anv\u00e4ndning av plastformar \u00e4r det viktigt att h\u00e4lla vaxet vid en temperatur p\u00e5 50-60 \u00b0C, eftersom h\u00f6gre temperaturer (\u00f6ver 65 \u00b0C) kan mjuka upp formen. Vi rekommenderar att du anv\u00e4nder en h\u00e5rdare formulering av nagelvax, t.ex.<strong> Kerax Kerasoy sojavax<\/strong>, som g\u00f6r att de f\u00e4rdiga produkterna l\u00e4tt kan avl\u00e4gsnas fr\u00e5n formen. Om du anv\u00e4nder ett mjukare sojavax (t.ex. <strong>Nature C-3<\/strong> eller <strong>EcoSoja CB-135<\/strong>) kan du placera den f\u00e4rdiga produkten i kylsk\u00e5pet under en kort tid f\u00f6r att underl\u00e4tta borttagningen fr\u00e5n formen.  <\/p>\n<p><strong>M\u00e5ngsidig anv\u00e4ndning:<\/strong><br \/>\nDu kan anv\u00e4nda de doftvaxer som tillverkas med formen i ditt eget hem, packa dem som presenter eller kombinera dem med en doftvaxlampa f\u00f6r att skapa en personlig och praktisk upps\u00e4ttning.<\/p>\n<p><strong>L\u00e5t din kreativitet fl\u00f6da och g\u00f6r unika doftvaxer hemma!<\/strong><\/p>\n","protected":false},"excerpt":{"rendered":"<p>Formen \"Hearts\" f\u00f6r doftvax \u00e4r det perfekta valet f\u00f6r att g\u00f6ra hemmagjorda doftvaxer som kan anv\u00e4ndas i doftlampor. Med den h\u00e4r praktiska formen kan du g\u00f6ra hj\u00e4rtformade vaxer. <strong>M\u00e5tt:<\/strong> 13 cm x 9 cm x 2,5 cm. <\/p>\n","protected":false},"featured_media":6949,"template":"","meta":{"site-sidebar-layout":"default","site-content-layout":"","ast-site-content-layout":"default","site-content-style":"default","site-sidebar-style":"default","ast-global-header-display":"","ast-banner-title-visibility":"","ast-main-header-display":"","ast-hfb-above-header-display":"","ast-hfb-below-header-display":"","ast-hfb-mobile-header-display":"","site-post-title":"","ast-breadcrumbs-content":"","ast-featured-img":"","footer-sml-layout":"","ast-disable-related-posts":"","theme-transparent-header-meta":"default","adv-header-id-meta":"","stick-header-meta":"default","header-above-stick-meta":"","header-main-stick-meta":"","header-below-stick-meta":"","astra-migrate-meta-layouts":"default","ast-page-background-enabled":"default","ast-page-background-meta":{"desktop":{"background-color":"","background-image":"","background-repeat":"repeat","background-position":"center center","background-size":"auto","background-attachment":"scroll","background-type":"","background-media":"","overlay-type":"","overlay-color":"","overlay-opacity":"","overlay-gradient":""},"tablet":{"background-color":"","background-image":"","background-repeat":"repeat","background-position":"center center","background-size":"auto","background-attachment":"scroll","background-type":"","background-media":"","overlay-type":"","overlay-color":"","overlay-opacity":"","overlay-gradient":""},"mobile":{"background-color":"","background-image":"","background-repeat":"repeat","background-position":"center center","background-size":"auto","background-attachment":"scroll","background-type":"","background-media":"","overlay-type":"","overlay-color":"","overlay-opacity":"","overlay-gradient":""}},"ast-content-background-meta":{"desktop":{"background-color":"var(--ast-global-color-5)","background-image":"","background-repeat":"repeat","background-position":"center center","background-size":"auto","background-attachment":"scroll","background-type":"","background-media":"","overlay-type":"","overlay-color":"","overlay-opacity":"","overlay-gradient":""},"tablet":{"background-color":"var(--ast-global-color-5)","background-image":"","background-repeat":"repeat","background-position":"center center","background-size":"auto","background-attachment":"scroll","background-type":"","background-media":"","overlay-type":"","overlay-color":"","overlay-opacity":"","overlay-gradient":""},"mobile":{"background-color":"var(--ast-global-color-5)","background-image":"","background-repeat":"repeat","background-position":"center center","background-size":"auto","background-attachment":"scroll","background-type":"","background-media":"","overlay-type":"","overlay-color":"","overlay-opacity":"","overlay-gradient":""}}},"product_brand":[],"product_cat":[139],"product_tag":[],"class_list":{"0":"post-13233","1":"product","2":"type-product","3":"status-publish","4":"has-post-thumbnail","6":"product_cat-vaxer-for-stearinljus","7":"desktop-align-left","8":"tablet-align-left","9":"mobile-align-left","10":"ast-product-gallery-layout-horizontal","11":"ast-product-gallery-with-no-image","12":"ast-product-tabs-layout-horizontal","14":"first","15":"instock","16":"taxable","17":"shipping-taxable","18":"purchasable","19":"product-type-simple"},"_links":{"self":[{"href":"https:\/\/nordicdiy.ee\/sv\/wp-json\/wp\/v2\/product\/13233","targetHints":{"allow":["GET"]}}],"collection":[{"href":"https:\/\/nordicdiy.ee\/sv\/wp-json\/wp\/v2\/product"}],"about":[{"href":"https:\/\/nordicdiy.ee\/sv\/wp-json\/wp\/v2\/types\/product"}],"wp:featuredmedia":[{"embeddable":true,"href":"https:\/\/nordicdiy.ee\/sv\/wp-json\/wp\/v2\/media\/6949"}],"wp:attachment":[{"href":"https:\/\/nordicdiy.ee\/sv\/wp-json\/wp\/v2\/media?parent=13233"}],"wp:term":[{"taxonomy":"product_brand","embeddable":true,"href":"https:\/\/nordicdiy.ee\/sv\/wp-json\/wp\/v2\/product_brand?post=13233"},{"taxonomy":"product_cat","embeddable":true,"href":"https:\/\/nordicdiy.ee\/sv\/wp-json\/wp\/v2\/product_cat?post=13233"},{"taxonomy":"product_tag","embeddable":true,"href":"https:\/\/nordicdiy.ee\/sv\/wp-json\/wp\/v2\/product_tag?post=13233"}],"curies":[{"name":"wp","href":"https:\/\/api.w.org\/{rel}","templated":true}]}}