{"id":13312,"date":"2024-09-18T12:35:15","date_gmt":"2024-09-18T09:35:15","guid":{"rendered":"https:\/\/nordicdiy.ee\/epood\/okategoriserad\/doftpinnar-for-hemmet-tillverkade-av-bambu-5st\/"},"modified":"2025-08-14T15:12:44","modified_gmt":"2025-08-14T12:12:44","slug":"doftpinnar-for-hemmet-tillverkade-av-bambu-5st","status":"publish","type":"product","link":"https:\/\/nordicdiy.ee\/sv\/epood\/beredning-av-rumsfraschare\/bas-och-stickor-for-rumsfraschare\/doftpinnar-for-hemmet-tillverkade-av-bambu-5st\/","title":{"rendered":"Doftpinnar f\u00f6r hemmet tillverkade av bambu 5st"},"content":{"rendered":"<p>Dessa bambupinnar \u00e4r idealiska f\u00f6r doftspridare och hj\u00e4lper till att sprida doften j\u00e4mnt i hela rummet. Tillverkad av h\u00f6gkvalitativt rottingtr\u00e4 som absorberar aromatiska oljor v\u00e4l och garanterar l\u00e5ngvarig anv\u00e4ndning. Set med 5 pinnar, l\u00e4mpliga f\u00f6r alla typer av diffusorer och rumsdoftare. Naturlig tr\u00e4f\u00e4rg. L\u00e4ngd p\u00e5 pinnarna 20 cm, d4 mm.<\/p>\n","protected":false},"excerpt":{"rendered":"<p>Dessa bambupinnar \u00e4r idealiska f\u00f6r doftspridare och hj\u00e4lper till att sprida doften j\u00e4mnt i hela rummet. Tillverkade av h\u00f6gkvalitativt rottingtr\u00e4, som absorberar doftoljor v\u00e4l och garanterar l\u00e5ngvarig anv\u00e4ndning. Set med 5 pinnar, l\u00e4mpliga f\u00f6r alla typer av diffusorer och rumsdoftare. L\u00e4ngd 20 cm, diameter 4 mm.   <\/p>\n","protected":false},"featured_media":6314,"template":"","meta":{"site-sidebar-layout":"default","site-content-layout":"","ast-site-content-layout":"default","site-content-style":"default","site-sidebar-style":"default","ast-global-header-display":"","ast-banner-title-visibility":"","ast-main-header-display":"","ast-hfb-above-header-display":"","ast-hfb-below-header-display":"","ast-hfb-mobile-header-display":"","site-post-title":"","ast-breadcrumbs-content":"","ast-featured-img":"","footer-sml-layout":"","ast-disable-related-posts":"","theme-transparent-header-meta":"default","adv-header-id-meta":"","stick-header-meta":"default","header-above-stick-meta":"","header-main-stick-meta":"","header-below-stick-meta":"","astra-migrate-meta-layouts":"default","ast-page-background-enabled":"default","ast-page-background-meta":{"desktop":{"background-color":"","background-image":"","background-repeat":"repeat","background-position":"center center","background-size":"auto","background-attachment":"scroll","background-type":"","background-media":"","overlay-type":"","overlay-color":"","overlay-opacity":"","overlay-gradient":""},"tablet":{"background-color":"","background-image":"","background-repeat":"repeat","background-position":"center center","background-size":"auto","background-attachment":"scroll","background-type":"","background-media":"","overlay-type":"","overlay-color":"","overlay-opacity":"","overlay-gradient":""},"mobile":{"background-color":"","background-image":"","background-repeat":"repeat","background-position":"center center","background-size":"auto","background-attachment":"scroll","background-type":"","background-media":"","overlay-type":"","overlay-color":"","overlay-opacity":"","overlay-gradient":""}},"ast-content-background-meta":{"desktop":{"background-color":"var(--ast-global-color-5)","background-image":"","background-repeat":"repeat","background-position":"center center","background-size":"auto","background-attachment":"scroll","background-type":"","background-media":"","overlay-type":"","overlay-color":"","overlay-opacity":"","overlay-gradient":""},"tablet":{"background-color":"var(--ast-global-color-5)","background-image":"","background-repeat":"repeat","background-position":"center center","background-size":"auto","background-attachment":"scroll","background-type":"","background-media":"","overlay-type":"","overlay-color":"","overlay-opacity":"","overlay-gradient":""},"mobile":{"background-color":"var(--ast-global-color-5)","background-image":"","background-repeat":"repeat","background-position":"center center","background-size":"auto","background-attachment":"scroll","background-type":"","background-media":"","overlay-type":"","overlay-color":"","overlay-opacity":"","overlay-gradient":""}}},"product_brand":[],"product_cat":[218,211],"product_tag":[],"class_list":{"0":"post-13312","1":"product","2":"type-product","3":"status-publish","4":"has-post-thumbnail","6":"product_cat-bas-och-stickor-for-rumsfraschare","7":"product_cat-beredning-av-rumsfraschare","8":"desktop-align-left","9":"tablet-align-left","10":"mobile-align-left","11":"ast-product-gallery-layout-horizontal","12":"ast-product-gallery-with-no-image","13":"ast-product-tabs-layout-horizontal","15":"first","16":"instock","17":"taxable","18":"shipping-taxable","19":"purchasable","20":"product-type-simple"},"_links":{"self":[{"href":"https:\/\/nordicdiy.ee\/sv\/wp-json\/wp\/v2\/product\/13312","targetHints":{"allow":["GET"]}}],"collection":[{"href":"https:\/\/nordicdiy.ee\/sv\/wp-json\/wp\/v2\/product"}],"about":[{"href":"https:\/\/nordicdiy.ee\/sv\/wp-json\/wp\/v2\/types\/product"}],"wp:featuredmedia":[{"embeddable":true,"href":"https:\/\/nordicdiy.ee\/sv\/wp-json\/wp\/v2\/media\/6314"}],"wp:attachment":[{"href":"https:\/\/nordicdiy.ee\/sv\/wp-json\/wp\/v2\/media?parent=13312"}],"wp:term":[{"taxonomy":"product_brand","embeddable":true,"href":"https:\/\/nordicdiy.ee\/sv\/wp-json\/wp\/v2\/product_brand?post=13312"},{"taxonomy":"product_cat","embeddable":true,"href":"https:\/\/nordicdiy.ee\/sv\/wp-json\/wp\/v2\/product_cat?post=13312"},{"taxonomy":"product_tag","embeddable":true,"href":"https:\/\/nordicdiy.ee\/sv\/wp-json\/wp\/v2\/product_tag?post=13312"}],"curies":[{"name":"wp","href":"https:\/\/api.w.org\/{rel}","templated":true}]}}