{"id":13325,"date":"2025-01-15T15:30:27","date_gmt":"2025-01-15T12:30:27","guid":{"rendered":"https:\/\/nordicdiy.ee\/epood\/okategoriserad\/hem-doft-bas-vatska-augeo-no-5\/"},"modified":"2026-04-02T15:17:41","modified_gmt":"2026-04-02T12:17:41","slug":"hem-doft-bas-vatska-augeo-no-5","status":"publish","type":"product","link":"https:\/\/nordicdiy.ee\/sv\/epood\/beredning-av-rumsfraschare\/bas-och-stickor-for-rumsfraschare\/hem-doft-bas-vatska-augeo-no-5\/","title":{"rendered":"Diffuserbas f\u00f6r rumsdoft Augeo No 5"},"content":{"rendered":"<p>Augeo Multi Clean \u00e4r en h\u00e5llbar och milj\u00f6v\u00e4nlig basv\u00e4tska som fr\u00e4mst anv\u00e4nds i hemdofter, bildofter, luftfr\u00e4schare, elektriska diffusorer, parfymer, doftsprayer samt reng\u00f6rings- och underh\u00e5llsprodukter. Den \u00e4r av vegetabiliskt ursprung, tillverkad av f\u00f6rnybara k\u00e4llor, vanligtvis sockerr\u00f6r. <\/p>\n<p>Augeo Clean \u00e4r luktfri, f\u00e4rgl\u00f6s, icke-allergiframkallande och l\u00e5gtoxisk. Fungerar bra med fiberstickor i hemdoftare. Inneh\u00e5ller inte ftalater och \u00e4r inte testad p\u00e5 djur.  <\/p>\n<p>Dosering av doftolja 15-25% till Augeo Clean Multi basv\u00e4tska. F\u00f6rdelen med denna basv\u00e4tska \u00e4r dess f\u00f6rm\u00e5ga att f\u00f6rst\u00e4rka och sprida doften, vilket g\u00f6r aromerna mer intensiva och l\u00e5ngvariga. Augeo \u00e4r ocks\u00e5 biologiskt nedbrytbar och VOC-fri (fri fr\u00e5n flyktiga organiska f\u00f6reningar), vilket inneb\u00e4r att den inte skadar luftkvaliteten och inte \u00e4r skadlig f\u00f6r milj\u00f6n.  <\/p>\n<p><strong data-start=\"0\" data-end=\"26\">Augeo Multi Ren 100%.<\/strong><\/p>\n<ul>\n<li>En produkt som tillverkas av f\u00f6rnybara r\u00e5varor.<\/li>\n<li>Luktfri, l\u00e5ngsamt avdunstande v\u00e4tska.<\/li>\n<li>Avdunstningstid 7-8 veckor.<\/li>\n<li>B\u00e4rare\/uppl\u00f6sare av doft\u00e4mnen.<\/li>\n<li>Inneh\u00e5ller inte ftalater.<\/li>\n<li>Ej testad p\u00e5 djur.<\/li>\n<\/ul>\n<p data-start=\"175\" data-end=\"314\"><strong data-start=\"175\" data-end=\"191\">Anv\u00e4ndningsomr\u00e5den:<\/strong><br data-start=\"191\" data-end=\"194\">doftspridare, rumssprayer, parfymer, luftfr\u00e4schare, reng\u00f6rings- och ytv\u00e5rdsprodukter, elektriska spridare.<\/p>\n<p data-start=\"368\" data-end=\"416\" data-is-last-node=\"\" data-is-only-node=\"\"><strong data-start=\"368\" data-end=\"408\">Dosering av doft\u00e4mne i basv\u00e4tska:<\/strong> 15-25%.<\/p>\n<p>VARNING!<br \/>\n<img decoding=\"async\" class=\"\" src=\"https:\/\/nordicdiy.ee\/wp-content\/uploads\/2025\/01\/terviseoht.jpg\" width=\"70\" height=\"70\"><\/p>\n","protected":false},"excerpt":{"rendered":"<p>Augeo Clean Multi Base \u00e4r en milj\u00f6v\u00e4nlig, v\u00e4xtbaserad basv\u00e4tska f\u00f6r anv\u00e4ndning i hem- och bildofter, diffusorer och doftsprayer. Den \u00e4r luktfri och har l\u00e5g toxicitet och l\u00e4mpar sig v\u00e4l f\u00f6r fiberpinnar men inte f\u00f6r bambupinnar. Rekommenderad anv\u00e4ndning \u00e4r 80% basv\u00e4tska och 20% doftolja. Augeo \u00e4r biologiskt nedbrytbar och VOC-fri.   <\/p>\n","protected":false},"featured_media":28575,"template":"","meta":{"site-sidebar-layout":"default","site-content-layout":"","ast-site-content-layout":"default","site-content-style":"default","site-sidebar-style":"default","ast-global-header-display":"","ast-banner-title-visibility":"","ast-main-header-display":"","ast-hfb-above-header-display":"","ast-hfb-below-header-display":"","ast-hfb-mobile-header-display":"","site-post-title":"","ast-breadcrumbs-content":"","ast-featured-img":"","footer-sml-layout":"","ast-disable-related-posts":"","theme-transparent-header-meta":"default","adv-header-id-meta":"","stick-header-meta":"default","header-above-stick-meta":"","header-main-stick-meta":"","header-below-stick-meta":"","astra-migrate-meta-layouts":"set","ast-page-background-enabled":"default","ast-page-background-meta":{"desktop":{"background-color":"","background-image":"","background-repeat":"repeat","background-position":"center center","background-size":"auto","background-attachment":"scroll","background-type":"","background-media":"","overlay-type":"","overlay-color":"","overlay-opacity":"","overlay-gradient":""},"tablet":{"background-color":"","background-image":"","background-repeat":"repeat","background-position":"center center","background-size":"auto","background-attachment":"scroll","background-type":"","background-media":"","overlay-type":"","overlay-color":"","overlay-opacity":"","overlay-gradient":""},"mobile":{"background-color":"","background-image":"","background-repeat":"repeat","background-position":"center center","background-size":"auto","background-attachment":"scroll","background-type":"","background-media":"","overlay-type":"","overlay-color":"","overlay-opacity":"","overlay-gradient":""}},"ast-content-background-meta":{"desktop":{"background-color":"var(--ast-global-color-5)","background-image":"","background-repeat":"repeat","background-position":"center center","background-size":"auto","background-attachment":"scroll","background-type":"","background-media":"","overlay-type":"","overlay-color":"","overlay-opacity":"","overlay-gradient":""},"tablet":{"background-color":"var(--ast-global-color-5)","background-image":"","background-repeat":"repeat","background-position":"center center","background-size":"auto","background-attachment":"scroll","background-type":"","background-media":"","overlay-type":"","overlay-color":"","overlay-opacity":"","overlay-gradient":""},"mobile":{"background-color":"var(--ast-global-color-5)","background-image":"","background-repeat":"repeat","background-position":"center center","background-size":"auto","background-attachment":"scroll","background-type":"","background-media":"","overlay-type":"","overlay-color":"","overlay-opacity":"","overlay-gradient":""}}},"product_brand":[],"product_cat":[218,211,415],"product_tag":[],"class_list":{"0":"post-13325","1":"product","2":"type-product","3":"status-publish","4":"has-post-thumbnail","6":"product_cat-bas-och-stickor-for-rumsfraschare","7":"product_cat-beredning-av-rumsfraschare","8":"product_cat-rea","9":"desktop-align-left","10":"tablet-align-left","11":"mobile-align-left","12":"ast-product-gallery-layout-horizontal","13":"ast-product-single-variable","14":"ast-product-tabs-layout-horizontal","16":"first","17":"instock","18":"sale","19":"taxable","20":"shipping-taxable","21":"purchasable","22":"product-type-variable","23":"has-default-attributes"},"_links":{"self":[{"href":"https:\/\/nordicdiy.ee\/sv\/wp-json\/wp\/v2\/product\/13325","targetHints":{"allow":["GET"]}}],"collection":[{"href":"https:\/\/nordicdiy.ee\/sv\/wp-json\/wp\/v2\/product"}],"about":[{"href":"https:\/\/nordicdiy.ee\/sv\/wp-json\/wp\/v2\/types\/product"}],"wp:featuredmedia":[{"embeddable":true,"href":"https:\/\/nordicdiy.ee\/sv\/wp-json\/wp\/v2\/media\/28575"}],"wp:attachment":[{"href":"https:\/\/nordicdiy.ee\/sv\/wp-json\/wp\/v2\/media?parent=13325"}],"wp:term":[{"taxonomy":"product_brand","embeddable":true,"href":"https:\/\/nordicdiy.ee\/sv\/wp-json\/wp\/v2\/product_brand?post=13325"},{"taxonomy":"product_cat","embeddable":true,"href":"https:\/\/nordicdiy.ee\/sv\/wp-json\/wp\/v2\/product_cat?post=13325"},{"taxonomy":"product_tag","embeddable":true,"href":"https:\/\/nordicdiy.ee\/sv\/wp-json\/wp\/v2\/product_tag?post=13325"}],"curies":[{"name":"wp","href":"https:\/\/api.w.org\/{rel}","templated":true}]}}