{"id":13342,"date":"2024-09-13T15:15:29","date_gmt":"2024-09-13T12:15:29","guid":{"rendered":"https:\/\/nordicdiy.ee\/epood\/okategoriserad\/canola-wax-keragreen-behallare-for-stearinljus-glas\/"},"modified":"2025-05-26T11:28:56","modified_gmt":"2025-05-26T08:28:56","slug":"canola-wax-keragreen-behallare-for-stearinljus-glas","status":"publish","type":"product","link":"https:\/\/nordicdiy.ee\/sv\/epood\/tillverkning-av-stearinljus\/vaxer-for-stearinljus\/canola-wax-keragreen-behallare-for-stearinljus-glas\/","title":{"rendered":"Canola Wax Keragreen Beh\u00e5llare f\u00f6r stearinljus Glas"},"content":{"rendered":"<p>Keragreen rapsvax f\u00f6r glasljus \u00e4r ett milj\u00f6v\u00e4nligt val. Keragreen rapsvax kommer fr\u00e5n v\u00e4xter som v\u00e4xer tillbaka och bryts ned naturligt. Vaxet brinner rent och \u00e4r mindre r\u00f6kigt och sotigt. Vaxet tillverkas huvudsakligen av rapsfr\u00f6 som odlas i och runt Frankrike.   <\/p>\n<p>Genom att anv\u00e4nda Keragreens rapsvax vid tillverkning av ljus f\u00e5r man en perfekt finish, maximal vidh\u00e4ftning till glaset och en mycket vit f\u00e4rg, vilket \u00e4r en uppskattad egenskap. Vaxet \u00e4r l\u00e4tt att hantera, har en sl\u00e4t yta, en neutral lukt och brinner l\u00e4nge. L\u00e4mplig f\u00f6r kontakt med livsmedel. 100% veganv\u00e4nligt. GMO-fritt.    <\/p>\n<p>Vaxet b\u00f6rjar stelna vid en temperatur p\u00e5 32 - 42 \u00b0C. Vaxet sm\u00e4lter vid 48-52 \u00b0C, med en maximal sm\u00e4ltpunkt p\u00e5 85-90 \u00b0C. Doftinneh\u00e5llet i vaxet \u00e4r 5 - 8%, maximalt 10%. Den rekommenderade temperaturen f\u00f6r tillsats av doftolja b\u00f6r inte vara l\u00e4gre \u00e4n 70 \u00b0C. Rekommenderad temperatur f\u00f6r tillsats av f\u00e4rgpulver \u00e4r 75\u00b0C, f\u00f6r tillsats av flytande f\u00e4rg och f\u00e4rgpulver 70\u00b0C. Rekommenderad h\u00e4lltemperatur \u00e4r 65\u00b0C. St\u00f6rre ljus kan kr\u00e4va en andra h\u00e4llning. Vi rekommenderar att ljuset br\u00e4nns tidigast 48 timmar efter gjutningen.       <\/p>\n","protected":false},"excerpt":{"rendered":"<p>Keragreen rapsvax \u00e4r ett milj\u00f6v\u00e4nligt val f\u00f6r tillverkning av glasljus, som h\u00e4rr\u00f6r fr\u00e5n v\u00e4xter som v\u00e4xer tillbaka och bryts ned naturligt. Detta rent brinnande, r\u00f6k- och sotfria vax ger en utm\u00e4rkt finish och vidh\u00e4ftning till glaset. Tillverkat i Frankrike, GMO-fritt och veganv\u00e4nligt. Doftinneh\u00e5ll 5-8%, upp till 50-80 g\/ml per 1 kg vax.   <\/p>\n","protected":false},"featured_media":5774,"template":"","meta":{"site-sidebar-layout":"default","site-content-layout":"","ast-site-content-layout":"default","site-content-style":"default","site-sidebar-style":"default","ast-global-header-display":"","ast-banner-title-visibility":"","ast-main-header-display":"","ast-hfb-above-header-display":"","ast-hfb-below-header-display":"","ast-hfb-mobile-header-display":"","site-post-title":"","ast-breadcrumbs-content":"","ast-featured-img":"","footer-sml-layout":"","ast-disable-related-posts":"","theme-transparent-header-meta":"default","adv-header-id-meta":"","stick-header-meta":"default","header-above-stick-meta":"","header-main-stick-meta":"","header-below-stick-meta":"","astra-migrate-meta-layouts":"default","ast-page-background-enabled":"default","ast-page-background-meta":{"desktop":{"background-color":"","background-image":"","background-repeat":"repeat","background-position":"center center","background-size":"auto","background-attachment":"scroll","background-type":"","background-media":"","overlay-type":"","overlay-color":"","overlay-opacity":"","overlay-gradient":""},"tablet":{"background-color":"","background-image":"","background-repeat":"repeat","background-position":"center center","background-size":"auto","background-attachment":"scroll","background-type":"","background-media":"","overlay-type":"","overlay-color":"","overlay-opacity":"","overlay-gradient":""},"mobile":{"background-color":"","background-image":"","background-repeat":"repeat","background-position":"center center","background-size":"auto","background-attachment":"scroll","background-type":"","background-media":"","overlay-type":"","overlay-color":"","overlay-opacity":"","overlay-gradient":""}},"ast-content-background-meta":{"desktop":{"background-color":"var(--ast-global-color-5)","background-image":"","background-repeat":"repeat","background-position":"center center","background-size":"auto","background-attachment":"scroll","background-type":"","background-media":"","overlay-type":"","overlay-color":"","overlay-opacity":"","overlay-gradient":""},"tablet":{"background-color":"var(--ast-global-color-5)","background-image":"","background-repeat":"repeat","background-position":"center center","background-size":"auto","background-attachment":"scroll","background-type":"","background-media":"","overlay-type":"","overlay-color":"","overlay-opacity":"","overlay-gradient":""},"mobile":{"background-color":"var(--ast-global-color-5)","background-image":"","background-repeat":"repeat","background-position":"center center","background-size":"auto","background-attachment":"scroll","background-type":"","background-media":"","overlay-type":"","overlay-color":"","overlay-opacity":"","overlay-gradient":""}}},"product_brand":[],"product_cat":[138,139],"product_tag":[],"class_list":{"0":"post-13342","1":"product","2":"type-product","3":"status-publish","4":"has-post-thumbnail","6":"product_cat-tillverkning-av-stearinljus","7":"product_cat-vaxer-for-stearinljus","8":"desktop-align-left","9":"tablet-align-left","10":"mobile-align-left","11":"ast-product-gallery-layout-horizontal","12":"ast-product-single-variable","13":"ast-product-tabs-layout-horizontal","15":"first","16":"instock","17":"taxable","18":"shipping-taxable","19":"purchasable","20":"product-type-variable"},"_links":{"self":[{"href":"https:\/\/nordicdiy.ee\/sv\/wp-json\/wp\/v2\/product\/13342","targetHints":{"allow":["GET"]}}],"collection":[{"href":"https:\/\/nordicdiy.ee\/sv\/wp-json\/wp\/v2\/product"}],"about":[{"href":"https:\/\/nordicdiy.ee\/sv\/wp-json\/wp\/v2\/types\/product"}],"wp:featuredmedia":[{"embeddable":true,"href":"https:\/\/nordicdiy.ee\/sv\/wp-json\/wp\/v2\/media\/5774"}],"wp:attachment":[{"href":"https:\/\/nordicdiy.ee\/sv\/wp-json\/wp\/v2\/media?parent=13342"}],"wp:term":[{"taxonomy":"product_brand","embeddable":true,"href":"https:\/\/nordicdiy.ee\/sv\/wp-json\/wp\/v2\/product_brand?post=13342"},{"taxonomy":"product_cat","embeddable":true,"href":"https:\/\/nordicdiy.ee\/sv\/wp-json\/wp\/v2\/product_cat?post=13342"},{"taxonomy":"product_tag","embeddable":true,"href":"https:\/\/nordicdiy.ee\/sv\/wp-json\/wp\/v2\/product_tag?post=13342"}],"curies":[{"name":"wp","href":"https:\/\/api.w.org\/{rel}","templated":true}]}}