{"id":13375,"date":"2025-02-13T15:11:11","date_gmt":"2025-02-13T12:11:11","guid":{"rendered":"https:\/\/nordicdiy.ee\/epood\/okategoriserad\/tvalvax-cargill-nature-wax-c-3-for-ljusglas\/"},"modified":"2026-03-25T01:10:14","modified_gmt":"2026-03-24T22:10:14","slug":"tvalvax-cargill-nature-wax-c-3-for-ljusglas","status":"publish","type":"product","link":"https:\/\/nordicdiy.ee\/sv\/epood\/tillverkning-av-stearinljus\/vaxer-for-stearinljus\/tvalvax-cargill-nature-wax-c-3-for-ljusglas\/","title":{"rendered":"Tv\u00e5lvax Cargill Nature Wax C-3 f\u00f6r ljusglas"},"content":{"rendered":"<p>Nature Wax C-3 \u00e4r ett 100% sojavax som \u00e4r perfekt f\u00f6r tillverkning av glasljus eller parfymvaxer. Sojavaxljus brinner renare och l\u00e4ngre \u00e4n traditionella paraffinljus och avger inte sot, vilket kan vara skadligt f\u00f6r b\u00e5de h\u00e4lsa och milj\u00f6. Vaxet brinner mycket rent och krymper dessutom mycket lite och \u00e4r gr\u00e4ddvitt till f\u00e4rgen.  <\/p>\n<p>Vaxet \u00e4r s\u00e4rskilt utformat f\u00f6r att blandas med doftoljor och eteriska oljor. Anv\u00e4ndningen av f\u00e4rg\u00e4mnen kan orsaka en \"frosting\", s\u00e5 testa dina ljus i f\u00f6rv\u00e4g f\u00f6r m\u00e4ngden f\u00e4rg. Ljus tillverkade med Nature Wax C-3 har ett mjukt, kr\u00e4migt utseende. Vaxets maximala doftbelastning \u00e4r ca 5-10%.    <\/p>\n<p>Sm\u00e4ltpunkt: sm\u00e4lter i allm\u00e4nhet mellan 51 \u00b0C och 55 \u00b0C. H\u00e4lltemperatur 50-70\u00b0C. Om man vill testa f\u00f6rbr\u00e4nningen av vaxet b\u00f6r ljuset f\u00e5 st\u00e5 i 2 dygn i rumstemperatur. Nature Wax C-3:s vidh\u00e4ftning till k\u00e4rl kan f\u00f6rb\u00e4ttras genom f\u00f6rv\u00e4rmning av k\u00e4rlen. Tillverkad i Europa, veganv\u00e4nlig formulering. Veganv\u00e4nlig formulering inneb\u00e4r att den inte inneh\u00e5ller n\u00e5gra animaliska ingredienser.     <\/p>\n","protected":false},"excerpt":{"rendered":"<p>Nature Wax C-3 \u00e4r ett 100% sojavax som \u00e4r perfekt f\u00f6r tillverkning av glasljus och v\u00e4rmeljus. Detta kr\u00e4migt vita vax brinner rent, har l\u00e5g krympning och blandar sig v\u00e4l med doftoljor. Vaxet har en sm\u00e4ltpunkt p\u00e5 51-55\u00b0C och en h\u00e4llpunkt p\u00e5 50-70\u00b0C. Den maximala luktbelastningen \u00e4r 5-10%. Veganv\u00e4nligt och tillverkat i Europa.    <\/p>\n","protected":false},"featured_media":23230,"template":"","meta":{"site-sidebar-layout":"default","site-content-layout":"","ast-site-content-layout":"default","site-content-style":"default","site-sidebar-style":"default","ast-global-header-display":"","ast-banner-title-visibility":"","ast-main-header-display":"","ast-hfb-above-header-display":"","ast-hfb-below-header-display":"","ast-hfb-mobile-header-display":"","site-post-title":"","ast-breadcrumbs-content":"","ast-featured-img":"","footer-sml-layout":"","ast-disable-related-posts":"","theme-transparent-header-meta":"default","adv-header-id-meta":"","stick-header-meta":"default","header-above-stick-meta":"","header-main-stick-meta":"","header-below-stick-meta":"","astra-migrate-meta-layouts":"default","ast-page-background-enabled":"default","ast-page-background-meta":{"desktop":{"background-color":"","background-image":"","background-repeat":"repeat","background-position":"center center","background-size":"auto","background-attachment":"scroll","background-type":"","background-media":"","overlay-type":"","overlay-color":"","overlay-opacity":"","overlay-gradient":""},"tablet":{"background-color":"","background-image":"","background-repeat":"repeat","background-position":"center center","background-size":"auto","background-attachment":"scroll","background-type":"","background-media":"","overlay-type":"","overlay-color":"","overlay-opacity":"","overlay-gradient":""},"mobile":{"background-color":"","background-image":"","background-repeat":"repeat","background-position":"center center","background-size":"auto","background-attachment":"scroll","background-type":"","background-media":"","overlay-type":"","overlay-color":"","overlay-opacity":"","overlay-gradient":""}},"ast-content-background-meta":{"desktop":{"background-color":"var(--ast-global-color-5)","background-image":"","background-repeat":"repeat","background-position":"center center","background-size":"auto","background-attachment":"scroll","background-type":"","background-media":"","overlay-type":"","overlay-color":"","overlay-opacity":"","overlay-gradient":""},"tablet":{"background-color":"var(--ast-global-color-5)","background-image":"","background-repeat":"repeat","background-position":"center center","background-size":"auto","background-attachment":"scroll","background-type":"","background-media":"","overlay-type":"","overlay-color":"","overlay-opacity":"","overlay-gradient":""},"mobile":{"background-color":"var(--ast-global-color-5)","background-image":"","background-repeat":"repeat","background-position":"center center","background-size":"auto","background-attachment":"scroll","background-type":"","background-media":"","overlay-type":"","overlay-color":"","overlay-opacity":"","overlay-gradient":""}}},"product_brand":[],"product_cat":[415,138,139],"product_tag":[],"class_list":{"0":"post-13375","1":"product","2":"type-product","3":"status-publish","4":"has-post-thumbnail","6":"product_cat-rea","7":"product_cat-tillverkning-av-stearinljus","8":"product_cat-vaxer-for-stearinljus","9":"desktop-align-left","10":"tablet-align-left","11":"mobile-align-left","12":"ast-product-gallery-layout-horizontal","13":"ast-product-single-variable","14":"ast-product-tabs-layout-horizontal","16":"first","17":"instock","18":"sale","19":"taxable","20":"shipping-taxable","21":"purchasable","22":"product-type-variable"},"_links":{"self":[{"href":"https:\/\/nordicdiy.ee\/sv\/wp-json\/wp\/v2\/product\/13375","targetHints":{"allow":["GET"]}}],"collection":[{"href":"https:\/\/nordicdiy.ee\/sv\/wp-json\/wp\/v2\/product"}],"about":[{"href":"https:\/\/nordicdiy.ee\/sv\/wp-json\/wp\/v2\/types\/product"}],"wp:featuredmedia":[{"embeddable":true,"href":"https:\/\/nordicdiy.ee\/sv\/wp-json\/wp\/v2\/media\/23230"}],"wp:attachment":[{"href":"https:\/\/nordicdiy.ee\/sv\/wp-json\/wp\/v2\/media?parent=13375"}],"wp:term":[{"taxonomy":"product_brand","embeddable":true,"href":"https:\/\/nordicdiy.ee\/sv\/wp-json\/wp\/v2\/product_brand?post=13375"},{"taxonomy":"product_cat","embeddable":true,"href":"https:\/\/nordicdiy.ee\/sv\/wp-json\/wp\/v2\/product_cat?post=13375"},{"taxonomy":"product_tag","embeddable":true,"href":"https:\/\/nordicdiy.ee\/sv\/wp-json\/wp\/v2\/product_tag?post=13375"}],"curies":[{"name":"wp","href":"https:\/\/api.w.org\/{rel}","templated":true}]}}