{"id":13529,"date":"2024-09-24T18:36:48","date_gmt":"2024-09-24T15:36:48","guid":{"rendered":"https:\/\/nordicdiy.ee\/epood\/okategoriserad\/aromalampa\/"},"modified":"2025-08-14T15:06:27","modified_gmt":"2025-08-14T12:06:27","slug":"aromalampa","status":"publish","type":"product","link":"https:\/\/nordicdiy.ee\/sv\/epood\/tillverkning-av-stearinljus\/glas-och-lock-till-stearinljus\/aromalampa\/","title":{"rendered":"Aromalampa"},"content":{"rendered":"<p>Elegant <strong>aromalampa i keramik<\/strong> som ger ett fint ljus och en st\u00e4mningsfull doft till alla rum. I setet ing\u00e5r en speciell keramikbas f\u00f6r v\u00e4rmeljuset, perfekt f\u00f6r att placera lampan och anv\u00e4nda den p\u00e5 ett s\u00e4kert s\u00e4tt. Tre vackra m\u00f6nster finns tillg\u00e4ngliga, med delikat keramik utsmyckad med antingen blommotiv eller stj\u00e4rnor. Varje design \u00e4r unik och ger en lugnande och mysig atmosf\u00e4r i ditt hem. Tillg\u00e5ngen till doftlamporna g\u00e4ller i m\u00e5n av lagertillg\u00e5ng - urvalet baseras p\u00e5 tillg\u00e4ngligt lager.    <\/p>\n<p>Dessutom finns det <strong><a href=\"https:\/\/nordicdiy.ee\/sv\/produkt-kategori\/tillverkning-av-stearinljus\/vaxer-for-stearinljus\/\">vaxer<\/a> och <a href=\"https:\/\/nordicdiy.ee\/sv\/produkt-kategori\/aromoljor\/\">doftoljor<\/a><\/strong> som kan anv\u00e4ndas direkt i doftlampan eller kombineras f\u00f6r att skapa unika doftvaxer hemma. Njut av aromaterapins l\u00e4ckerheter och fyll ditt hem med en lugnande st\u00e4mning och ditt val av aromer! <\/p>\n","protected":false},"excerpt":{"rendered":"<p>Elegant <strong>aromalampa i keramik<\/strong> som ger ett fint ljus och en st\u00e4mningsfull doft till alla rum. I setet ing\u00e5r en speciell keramikbas f\u00f6r v\u00e4rmeljuset, perfekt f\u00f6r att placera lampan och anv\u00e4nda den p\u00e5 ett s\u00e4kert s\u00e4tt. Tre vackra m\u00f6nster finns tillg\u00e4ngliga, med delikat keramik utsmyckad med antingen blommotiv eller stj\u00e4rnor. Varje design \u00e4r unik och ger en lugnande och mysig atmosf\u00e4r i ditt hem. Tillg\u00e5ngen till doftlamporna g\u00e4ller i m\u00e5n av lagertillg\u00e5ng - urvalet baseras p\u00e5 tillg\u00e4ngligt lager.    <\/p>\n","protected":false},"featured_media":6859,"template":"","meta":{"site-sidebar-layout":"default","site-content-layout":"","ast-site-content-layout":"default","site-content-style":"default","site-sidebar-style":"default","ast-global-header-display":"","ast-banner-title-visibility":"","ast-main-header-display":"","ast-hfb-above-header-display":"","ast-hfb-below-header-display":"","ast-hfb-mobile-header-display":"","site-post-title":"","ast-breadcrumbs-content":"","ast-featured-img":"","footer-sml-layout":"","ast-disable-related-posts":"","theme-transparent-header-meta":"default","adv-header-id-meta":"","stick-header-meta":"default","header-above-stick-meta":"","header-main-stick-meta":"","header-below-stick-meta":"","astra-migrate-meta-layouts":"default","ast-page-background-enabled":"default","ast-page-background-meta":{"desktop":{"background-color":"","background-image":"","background-repeat":"repeat","background-position":"center center","background-size":"auto","background-attachment":"scroll","background-type":"","background-media":"","overlay-type":"","overlay-color":"","overlay-opacity":"","overlay-gradient":""},"tablet":{"background-color":"","background-image":"","background-repeat":"repeat","background-position":"center center","background-size":"auto","background-attachment":"scroll","background-type":"","background-media":"","overlay-type":"","overlay-color":"","overlay-opacity":"","overlay-gradient":""},"mobile":{"background-color":"","background-image":"","background-repeat":"repeat","background-position":"center center","background-size":"auto","background-attachment":"scroll","background-type":"","background-media":"","overlay-type":"","overlay-color":"","overlay-opacity":"","overlay-gradient":""}},"ast-content-background-meta":{"desktop":{"background-color":"var(--ast-global-color-5)","background-image":"","background-repeat":"repeat","background-position":"center center","background-size":"auto","background-attachment":"scroll","background-type":"","background-media":"","overlay-type":"","overlay-color":"","overlay-opacity":"","overlay-gradient":""},"tablet":{"background-color":"var(--ast-global-color-5)","background-image":"","background-repeat":"repeat","background-position":"center center","background-size":"auto","background-attachment":"scroll","background-type":"","background-media":"","overlay-type":"","overlay-color":"","overlay-opacity":"","overlay-gradient":""},"mobile":{"background-color":"var(--ast-global-color-5)","background-image":"","background-repeat":"repeat","background-position":"center center","background-size":"auto","background-attachment":"scroll","background-type":"","background-media":"","overlay-type":"","overlay-color":"","overlay-opacity":"","overlay-gradient":""}}},"product_brand":[],"product_cat":[162],"product_tag":[],"class_list":{"0":"post-13529","1":"product","2":"type-product","3":"status-publish","4":"has-post-thumbnail","6":"product_cat-glas-och-lock-till-stearinljus","7":"desktop-align-left","8":"tablet-align-left","9":"mobile-align-left","10":"ast-product-gallery-layout-horizontal","11":"ast-product-tabs-layout-horizontal","13":"first","14":"instock","15":"taxable","16":"shipping-taxable","17":"purchasable","18":"product-type-simple"},"_links":{"self":[{"href":"https:\/\/nordicdiy.ee\/sv\/wp-json\/wp\/v2\/product\/13529","targetHints":{"allow":["GET"]}}],"collection":[{"href":"https:\/\/nordicdiy.ee\/sv\/wp-json\/wp\/v2\/product"}],"about":[{"href":"https:\/\/nordicdiy.ee\/sv\/wp-json\/wp\/v2\/types\/product"}],"wp:featuredmedia":[{"embeddable":true,"href":"https:\/\/nordicdiy.ee\/sv\/wp-json\/wp\/v2\/media\/6859"}],"wp:attachment":[{"href":"https:\/\/nordicdiy.ee\/sv\/wp-json\/wp\/v2\/media?parent=13529"}],"wp:term":[{"taxonomy":"product_brand","embeddable":true,"href":"https:\/\/nordicdiy.ee\/sv\/wp-json\/wp\/v2\/product_brand?post=13529"},{"taxonomy":"product_cat","embeddable":true,"href":"https:\/\/nordicdiy.ee\/sv\/wp-json\/wp\/v2\/product_cat?post=13529"},{"taxonomy":"product_tag","embeddable":true,"href":"https:\/\/nordicdiy.ee\/sv\/wp-json\/wp\/v2\/product_tag?post=13529"}],"curies":[{"name":"wp","href":"https:\/\/api.w.org\/{rel}","templated":true}]}}