{"id":13534,"date":"2024-11-07T08:02:54","date_gmt":"2024-11-07T05:02:54","guid":{"rendered":"https:\/\/nordicdiy.ee\/epood\/okategoriserad\/kit-for-tillverkning-av-doft-for-hemmet\/"},"modified":"2025-10-07T15:56:03","modified_gmt":"2025-10-07T12:56:03","slug":"kit-for-tillverkning-av-doft-for-hemmet","status":"publish","type":"product","link":"https:\/\/nordicdiy.ee\/sv\/epood\/gor-det-sjalv-kit\/kit-for-tillverkning-av-doft-for-hemmet\/","title":{"rendered":"Kit f\u00f6r tillverkning av doft f\u00f6r hemmet"},"content":{"rendered":"<p>Skapa en underbar och unik doftkomposition i ditt hem <strong>med<\/strong> detta <strong>hemdoftkit<\/strong>! Kitet inneh\u00e5ller allt du beh\u00f6ver f\u00f6r att skapa vackra, h\u00f6gkvalitativa hemdofter som kommer att fylla dina rum med en behaglig och lugnande doft. Det \u00e4r en <strong>perfekt presentid\u00e9 till alla hj\u00e4rtans dag, kvinnodagen eller f\u00f6delsedagen<\/strong> f\u00f6r b\u00e5de kreativa v\u00e4nner och de som \u00e4lskar hemmagjorda dofter. <\/p>\n<p><strong>Upps\u00e4ttningen inneh\u00e5ller:<\/strong><\/p>\n<ul>\n<li><strong>3 x 100 ml m\u00f6nstrade parfymflaskor med lock<\/strong> - eleganta och vackert f\u00e4rgade flaskor som ger en snygg accent till alla inredningar.<\/li>\n<li><strong>Augeo basv\u00e4tska (300 ml)<\/strong> - en h\u00f6gkvalitativ, s\u00e4ker basv\u00e4tska som hj\u00e4lper till att sprida lukter j\u00e4mnt i hela rummet.<\/li>\n<li><strong>Fiberpinnar (3 upps\u00e4ttningar)<\/strong> - ett urval av olika pinnar, inklusive <strong>svart, vit och bambu<\/strong>, f\u00f6r att s\u00e4kerst\u00e4lla b\u00e4ttre spridning av doften och g\u00f6ra det m\u00f6jligt f\u00f6r dig att v\u00e4lja den som passar stilen i ditt hem.<\/li>\n<li><strong>3 doftoljor (20 ml):<\/strong>\n<ul>\n<li><strong>Z&#8217;ara Rose<\/strong> - en delikat och romantisk rosendoft som ger rummet en fr\u00e4sch och blommig nyans.<\/li>\n<li><strong>Vanilla Cedar Lavender<\/strong> - en varm och mysig blandning av vanilj, cedertr\u00e4 och lavendel som skapar en lugnande atmosf\u00e4r.<\/li>\n<li><strong>Dio J&#8217;adore<\/strong> - en lyxig och unik doft som tillf\u00f6r en subtil arom till ditt hem.<\/li>\n<\/ul>\n<\/li>\n<\/ul>\n<p>Det h\u00e4r setet \u00e4r det perfekta valet om du vill skapa din egen hemdoft eller g\u00f6ra en <strong>speciell och personlig julklapp<\/strong>. L\u00e5t ditt hem dofta precis som du alltid har velat att det ska dofta - och ge samma upplevelse till dina n\u00e4ra och k\u00e4ra! <\/p>\n","protected":false},"excerpt":{"rendered":"<p>Doftkitet inneh\u00e5ller allt du beh\u00f6ver f\u00f6r att g\u00f6ra dina egna vackra, h\u00f6gkvalitativa hemdofter som fyller dina rum med en behaglig och lugnande doft. Det \u00e4r den <g id=\"gid_0\">perfekta presenten till alla hj\u00e4rtans dag, kvinnodagen eller f\u00f6delsedagen<\/g> f\u00f6r b\u00e5de kreativa v\u00e4nner och de som \u00e4lskar hemmagjorda dofter. Setet inneh\u00e5ller: 3 st 100 ml f\u00e4rgade diffusorflaskor, 300 ml basv\u00e4tska, 3 x 20 ml doftoljor: \"Z&#8217;ara Rose\" - en delikat ros, \"Vanilla Cedar Lavender\" - vanilj och tr\u00e4ig lavendel och \"Dio J&#8217;adore\" -<g id=\"gid_1\"> en<\/g> lyxig blandning av mandarin, ros och sandeltr\u00e4. Allt detta \u00e4r f\u00f6rpackat i en naturlig kartong, som \u00e4r fin att ge bort som present.   <\/p>\n","protected":false},"featured_media":6844,"template":"","meta":{"site-sidebar-layout":"default","site-content-layout":"","ast-site-content-layout":"default","site-content-style":"default","site-sidebar-style":"default","ast-global-header-display":"","ast-banner-title-visibility":"","ast-main-header-display":"","ast-hfb-above-header-display":"","ast-hfb-below-header-display":"","ast-hfb-mobile-header-display":"","site-post-title":"","ast-breadcrumbs-content":"","ast-featured-img":"","footer-sml-layout":"","ast-disable-related-posts":"","theme-transparent-header-meta":"default","adv-header-id-meta":"","stick-header-meta":"default","header-above-stick-meta":"","header-main-stick-meta":"","header-below-stick-meta":"","astra-migrate-meta-layouts":"default","ast-page-background-enabled":"default","ast-page-background-meta":{"desktop":{"background-color":"","background-image":"","background-repeat":"repeat","background-position":"center center","background-size":"auto","background-attachment":"scroll","background-type":"","background-media":"","overlay-type":"","overlay-color":"","overlay-opacity":"","overlay-gradient":""},"tablet":{"background-color":"","background-image":"","background-repeat":"repeat","background-position":"center center","background-size":"auto","background-attachment":"scroll","background-type":"","background-media":"","overlay-type":"","overlay-color":"","overlay-opacity":"","overlay-gradient":""},"mobile":{"background-color":"","background-image":"","background-repeat":"repeat","background-position":"center center","background-size":"auto","background-attachment":"scroll","background-type":"","background-media":"","overlay-type":"","overlay-color":"","overlay-opacity":"","overlay-gradient":""}},"ast-content-background-meta":{"desktop":{"background-color":"var(--ast-global-color-5)","background-image":"","background-repeat":"repeat","background-position":"center center","background-size":"auto","background-attachment":"scroll","background-type":"","background-media":"","overlay-type":"","overlay-color":"","overlay-opacity":"","overlay-gradient":""},"tablet":{"background-color":"var(--ast-global-color-5)","background-image":"","background-repeat":"repeat","background-position":"center center","background-size":"auto","background-attachment":"scroll","background-type":"","background-media":"","overlay-type":"","overlay-color":"","overlay-opacity":"","overlay-gradient":""},"mobile":{"background-color":"var(--ast-global-color-5)","background-image":"","background-repeat":"repeat","background-position":"center center","background-size":"auto","background-attachment":"scroll","background-type":"","background-media":"","overlay-type":"","overlay-color":"","overlay-opacity":"","overlay-gradient":""}}},"product_brand":[],"product_cat":[225],"product_tag":[],"class_list":{"0":"post-13534","1":"product","2":"type-product","3":"status-publish","4":"has-post-thumbnail","6":"product_cat-gor-det-sjalv-kit","7":"desktop-align-left","8":"tablet-align-left","9":"mobile-align-left","10":"ast-product-gallery-layout-horizontal","11":"ast-product-tabs-layout-horizontal","13":"first","14":"instock","15":"taxable","16":"shipping-taxable","17":"purchasable","18":"product-type-simple"},"_links":{"self":[{"href":"https:\/\/nordicdiy.ee\/sv\/wp-json\/wp\/v2\/product\/13534","targetHints":{"allow":["GET"]}}],"collection":[{"href":"https:\/\/nordicdiy.ee\/sv\/wp-json\/wp\/v2\/product"}],"about":[{"href":"https:\/\/nordicdiy.ee\/sv\/wp-json\/wp\/v2\/types\/product"}],"wp:featuredmedia":[{"embeddable":true,"href":"https:\/\/nordicdiy.ee\/sv\/wp-json\/wp\/v2\/media\/6844"}],"wp:attachment":[{"href":"https:\/\/nordicdiy.ee\/sv\/wp-json\/wp\/v2\/media?parent=13534"}],"wp:term":[{"taxonomy":"product_brand","embeddable":true,"href":"https:\/\/nordicdiy.ee\/sv\/wp-json\/wp\/v2\/product_brand?post=13534"},{"taxonomy":"product_cat","embeddable":true,"href":"https:\/\/nordicdiy.ee\/sv\/wp-json\/wp\/v2\/product_cat?post=13534"},{"taxonomy":"product_tag","embeddable":true,"href":"https:\/\/nordicdiy.ee\/sv\/wp-json\/wp\/v2\/product_tag?post=13534"}],"curies":[{"name":"wp","href":"https:\/\/api.w.org\/{rel}","templated":true}]}}