{"id":13577,"date":"2024-11-05T07:00:09","date_gmt":"2024-11-05T04:00:09","guid":{"rendered":"https:\/\/nordicdiy.ee\/epood\/okategoriserad\/ljusglas-med-lock-gront-200ml-h124-x-d104-mm\/"},"modified":"2025-12-02T00:43:52","modified_gmt":"2025-12-01T21:43:52","slug":"ljusglas-med-lock-gront-200ml-h124-x-d104-mm","status":"publish","type":"product","link":"https:\/\/nordicdiy.ee\/sv\/epood\/tillverkning-av-stearinljus\/glas-och-lock-till-stearinljus\/ljusglas-med-lock-gront-200ml-h124-x-d104-mm\/","title":{"rendered":"Ljusglas med lock gr\u00f6nt 200ml, h124 x d104 mm"},"content":{"rendered":"<p>Detta eleganta och m\u00e5ngsidiga <strong>dekorativa glask\u00e4rl<\/strong> \u00e4r tillverkat av h\u00f6gkvalitativt tjockt glas som ger ett lyxigt och elegant utseende till alla hem. Ljuskronans <strong>gr\u00f6na glans<\/strong> f\u00e5ngar ljuset vackert och g\u00f6r den till en i\u00f6gonfallande inredningsdetalj. <\/p>\n<ul>\n<li><strong>M\u00e5tt:<\/strong> h\u00f6jd med lock 124 mm, bredd 104 mm<\/li>\n<li><strong>Kapacitet:<\/strong> 200 ml<\/li>\n<li><strong>Material:<\/strong> tjockt glas<\/li>\n<\/ul>\n<p>Detta glask\u00e4rl \u00e4r idealiskt <strong>f\u00f6r ljusglas<\/strong> och \u00e4r ett utm\u00e4rkt val f\u00f6r att h\u00e4lla hemmagjorda ljus. Dessutom kan det anv\u00e4ndas <strong>som<\/strong> godisburk eller f\u00f6r att f\u00f6rvara sm\u00e5 f\u00f6rem\u00e5l i. <\/p>\n<p>Med sin m\u00e5ngsidighet och fina finish \u00e4r detta glask\u00e4rl det perfekta valet f\u00f6r alla hem och skapar en mysig och elegant atmosf\u00e4r.<\/p>\n<p>L\u00e4mpligt f\u00f6r anv\u00e4ndning med en m\u00e4ngd olika vaxer, t.ex. sojavax, paraffin, rapsvax, bivax och palmvax. Ljusglas \u00e4r v\u00e4rmebest\u00e4ndigt, h\u00e5llbart och ett utm\u00e4rkt val f\u00f6r b\u00e5de DIY-ljusmakare och professionella ljusmakare. <\/p>\n<p>Den enkla och eleganta designen p\u00e5 detta ljus \u00e4r perfekt f\u00f6r heminredning eller som present. G\u00f6r ditt eget sojavaxljus som brinner rent och milj\u00f6v\u00e4nligt, eller gjut ett l\u00e5ngbrinnande ljus i paraffin. Bivaxljus ger en touch av natur till ett rum och rapsljus \u00e4r biologiskt nedbrytbara och milj\u00f6v\u00e4nliga.  <\/p>\n<p>Komplettera din ljuskollektion med palml\u00e4derljus med iskristalleffekt. Ljusburken p\u00e5 200 ml rymmer tillr\u00e4ckligt med vax f\u00f6r att skapa ett l\u00e5ngbrinnande och visuellt vackert ljus. Glasburken kan ocks\u00e5 anv\u00e4ndas f\u00f6r att tills\u00e4tta en m\u00e4ngd olika doftoljor och f\u00e4rger f\u00f6r att skapa den perfekta hemdoften eller ett snyggt hantverksljus.  <\/p>\n","protected":false},"excerpt":{"rendered":"<p>Detta eleganta och m\u00e5ngsidiga <strong>dekorativa glask\u00e4rl<\/strong> \u00e4r tillverkat av h\u00f6gkvalitativt tjockt glas som ger ett lyxigt och elegant utseende till alla hem. Ljuskronans gr\u00f6na glans f\u00e5ngar ljuset vackert och g\u00f6r den till en i\u00f6gonfallande inredningsdetalj. <\/p>\n","protected":false},"featured_media":6829,"template":"","meta":{"site-sidebar-layout":"default","site-content-layout":"","ast-site-content-layout":"default","site-content-style":"default","site-sidebar-style":"default","ast-global-header-display":"","ast-banner-title-visibility":"","ast-main-header-display":"","ast-hfb-above-header-display":"","ast-hfb-below-header-display":"","ast-hfb-mobile-header-display":"","site-post-title":"","ast-breadcrumbs-content":"","ast-featured-img":"","footer-sml-layout":"","ast-disable-related-posts":"","theme-transparent-header-meta":"default","adv-header-id-meta":"","stick-header-meta":"default","header-above-stick-meta":"","header-main-stick-meta":"","header-below-stick-meta":"","astra-migrate-meta-layouts":"default","ast-page-background-enabled":"default","ast-page-background-meta":{"desktop":{"background-color":"","background-image":"","background-repeat":"repeat","background-position":"center center","background-size":"auto","background-attachment":"scroll","background-type":"","background-media":"","overlay-type":"","overlay-color":"","overlay-opacity":"","overlay-gradient":""},"tablet":{"background-color":"","background-image":"","background-repeat":"repeat","background-position":"center center","background-size":"auto","background-attachment":"scroll","background-type":"","background-media":"","overlay-type":"","overlay-color":"","overlay-opacity":"","overlay-gradient":""},"mobile":{"background-color":"","background-image":"","background-repeat":"repeat","background-position":"center center","background-size":"auto","background-attachment":"scroll","background-type":"","background-media":"","overlay-type":"","overlay-color":"","overlay-opacity":"","overlay-gradient":""}},"ast-content-background-meta":{"desktop":{"background-color":"var(--ast-global-color-5)","background-image":"","background-repeat":"repeat","background-position":"center center","background-size":"auto","background-attachment":"scroll","background-type":"","background-media":"","overlay-type":"","overlay-color":"","overlay-opacity":"","overlay-gradient":""},"tablet":{"background-color":"var(--ast-global-color-5)","background-image":"","background-repeat":"repeat","background-position":"center center","background-size":"auto","background-attachment":"scroll","background-type":"","background-media":"","overlay-type":"","overlay-color":"","overlay-opacity":"","overlay-gradient":""},"mobile":{"background-color":"var(--ast-global-color-5)","background-image":"","background-repeat":"repeat","background-position":"center center","background-size":"auto","background-attachment":"scroll","background-type":"","background-media":"","overlay-type":"","overlay-color":"","overlay-opacity":"","overlay-gradient":""}}},"product_brand":[],"product_cat":[162,138],"product_tag":[],"class_list":{"0":"post-13577","1":"product","2":"type-product","3":"status-publish","4":"has-post-thumbnail","6":"product_cat-glas-och-lock-till-stearinljus","7":"product_cat-tillverkning-av-stearinljus","8":"desktop-align-left","9":"tablet-align-left","10":"mobile-align-left","11":"ast-product-gallery-layout-horizontal","12":"ast-product-gallery-with-no-image","13":"ast-product-tabs-layout-horizontal","15":"first","16":"instock","17":"taxable","18":"shipping-taxable","19":"purchasable","20":"product-type-simple"},"_links":{"self":[{"href":"https:\/\/nordicdiy.ee\/sv\/wp-json\/wp\/v2\/product\/13577","targetHints":{"allow":["GET"]}}],"collection":[{"href":"https:\/\/nordicdiy.ee\/sv\/wp-json\/wp\/v2\/product"}],"about":[{"href":"https:\/\/nordicdiy.ee\/sv\/wp-json\/wp\/v2\/types\/product"}],"wp:featuredmedia":[{"embeddable":true,"href":"https:\/\/nordicdiy.ee\/sv\/wp-json\/wp\/v2\/media\/6829"}],"wp:attachment":[{"href":"https:\/\/nordicdiy.ee\/sv\/wp-json\/wp\/v2\/media?parent=13577"}],"wp:term":[{"taxonomy":"product_brand","embeddable":true,"href":"https:\/\/nordicdiy.ee\/sv\/wp-json\/wp\/v2\/product_brand?post=13577"},{"taxonomy":"product_cat","embeddable":true,"href":"https:\/\/nordicdiy.ee\/sv\/wp-json\/wp\/v2\/product_cat?post=13577"},{"taxonomy":"product_tag","embeddable":true,"href":"https:\/\/nordicdiy.ee\/sv\/wp-json\/wp\/v2\/product_tag?post=13577"}],"curies":[{"name":"wp","href":"https:\/\/api.w.org\/{rel}","templated":true}]}}