{"id":13731,"date":"2024-09-24T16:23:50","date_gmt":"2024-09-24T13:23:50","guid":{"rendered":"https:\/\/nordicdiy.ee\/epood\/okategoriserad\/forklippt-veke-wedo-iv-zn-5-h20cm\/"},"modified":"2025-05-14T13:51:29","modified_gmt":"2025-05-14T10:51:29","slug":"forklippt-veke-wedo-iv-zn-5-h20cm","status":"publish","type":"product","link":"https:\/\/nordicdiy.ee\/sv\/epood\/tillverkning-av-stearinljus\/vekar-och-socklar-till-stearinljus\/forklippt-veke-wedo-iv-zn-5-h20cm\/","title":{"rendered":"F\u00f6rklippt veke Wedo IV ZN 5- h20cm"},"content":{"rendered":"<p>Den f\u00f6rbelagda Wedo Candle IV ZN5 \u00e4r tillverkad av naturmaterial och \u00e4r idealisk f\u00f6r att g\u00f6ra en m\u00e4ngd olika ljus, s\u00e4rskilt paraffinljus. Wedo-vekar inneh\u00e5ller inga metaller och avger inga giftiga \u00e4mnen vid f\u00f6rbr\u00e4nning, vilket garanterar en ren och j\u00e4mn f\u00f6rbr\u00e4nning. Vekarna \u00e4r f\u00f6rblekta, kapade till 20 cm l\u00e4ngd och f\u00f6rsedda med en 1,5 cm metallbas. L\u00e4mplig f\u00f6r beh\u00e5llare med en bredd p\u00e5 upp till 10 cm.   <\/p>\n<p>Paraffinfyllda glas- och plastk\u00e4rl: Vekar passar bra f\u00f6r ljus som h\u00e4lls i glas- eller plastk\u00e4rl d\u00e4r paraffin \u00e4r det huvudsakliga ljusvaxet. Glas- och plastk\u00e4rl hj\u00e4lper ljuset att brinna s\u00e4kert och j\u00e4mnt, medan vekar \u00e4r anpassade f\u00f6r att s\u00e4kerst\u00e4lla j\u00e4mn f\u00f6rbr\u00e4nning. <\/p>\n<p>Paraffin- och fettblandningar: Pastorna \u00e4r utformade f\u00f6r att fungera i blandningar med b\u00e5de paraffin och vegetabiliska eller animaliska fetter. S\u00e5dana blandningar \u00e4r vanliga vid ljustillverkning, eftersom de ger ljusen en annan struktur och brinnegenskaper. <\/p>\n<p>Ljusinsats: Ljusvekar kan \u00e4ven anv\u00e4ndas som ljusinsats, t.ex. vid p\u00e5fyllning av ljus eller som ljusinsats. Det inneb\u00e4r att dessa vekar kan anv\u00e4ndas till ljus d\u00e4r inneh\u00e5llet (vaxblandningen) placeras i andra beh\u00e5llare. <\/p>\n<p>Det \u00e4r l\u00e4mpligt att testa ljusen innan man producerar en stor m\u00e4ngd.<\/p>\n","protected":false},"excerpt":{"rendered":"<p>Den f\u00f6rglaserade Wedo \u00e4r tillverkad av naturmaterial och \u00e4r idealisk f\u00f6r tillverkning av en m\u00e4ngd olika ljus, s\u00e4rskilt paraffinljus. Wedo-vaxer inneh\u00e5ller inga metaller och avger inga giftiga \u00e4mnen vid f\u00f6rbr\u00e4nning, vilket garanterar en ren och j\u00e4mn f\u00f6rbr\u00e4nning. Vekarna \u00e4r f\u00f6rblekta, skurna till 20 cm l\u00e4ngd och f\u00f6rsedda med en 1,5 cm metallbas. L\u00e4mplig f\u00f6r beh\u00e5llare med en bredd p\u00e5 upp till 10 cm.   <\/p>\n","protected":false},"featured_media":7019,"template":"","meta":{"site-sidebar-layout":"default","site-content-layout":"","ast-site-content-layout":"default","site-content-style":"default","site-sidebar-style":"default","ast-global-header-display":"","ast-banner-title-visibility":"","ast-main-header-display":"","ast-hfb-above-header-display":"","ast-hfb-below-header-display":"","ast-hfb-mobile-header-display":"","site-post-title":"","ast-breadcrumbs-content":"","ast-featured-img":"","footer-sml-layout":"","ast-disable-related-posts":"","theme-transparent-header-meta":"default","adv-header-id-meta":"","stick-header-meta":"default","header-above-stick-meta":"","header-main-stick-meta":"","header-below-stick-meta":"","astra-migrate-meta-layouts":"default","ast-page-background-enabled":"default","ast-page-background-meta":{"desktop":{"background-color":"","background-image":"","background-repeat":"repeat","background-position":"center center","background-size":"auto","background-attachment":"scroll","background-type":"","background-media":"","overlay-type":"","overlay-color":"","overlay-opacity":"","overlay-gradient":""},"tablet":{"background-color":"","background-image":"","background-repeat":"repeat","background-position":"center center","background-size":"auto","background-attachment":"scroll","background-type":"","background-media":"","overlay-type":"","overlay-color":"","overlay-opacity":"","overlay-gradient":""},"mobile":{"background-color":"","background-image":"","background-repeat":"repeat","background-position":"center center","background-size":"auto","background-attachment":"scroll","background-type":"","background-media":"","overlay-type":"","overlay-color":"","overlay-opacity":"","overlay-gradient":""}},"ast-content-background-meta":{"desktop":{"background-color":"var(--ast-global-color-5)","background-image":"","background-repeat":"repeat","background-position":"center center","background-size":"auto","background-attachment":"scroll","background-type":"","background-media":"","overlay-type":"","overlay-color":"","overlay-opacity":"","overlay-gradient":""},"tablet":{"background-color":"var(--ast-global-color-5)","background-image":"","background-repeat":"repeat","background-position":"center center","background-size":"auto","background-attachment":"scroll","background-type":"","background-media":"","overlay-type":"","overlay-color":"","overlay-opacity":"","overlay-gradient":""},"mobile":{"background-color":"var(--ast-global-color-5)","background-image":"","background-repeat":"repeat","background-position":"center center","background-size":"auto","background-attachment":"scroll","background-type":"","background-media":"","overlay-type":"","overlay-color":"","overlay-opacity":"","overlay-gradient":""}}},"product_brand":[],"product_cat":[138,198],"product_tag":[],"class_list":{"0":"post-13731","1":"product","2":"type-product","3":"status-publish","4":"has-post-thumbnail","6":"product_cat-tillverkning-av-stearinljus","7":"product_cat-vekar-och-socklar-till-stearinljus","8":"desktop-align-left","9":"tablet-align-left","10":"mobile-align-left","11":"ast-product-gallery-layout-horizontal","12":"ast-product-gallery-with-no-image","13":"ast-product-single-variable","14":"ast-product-tabs-layout-horizontal","16":"first","17":"instock","18":"taxable","19":"shipping-taxable","20":"purchasable","21":"product-type-variable"},"_links":{"self":[{"href":"https:\/\/nordicdiy.ee\/sv\/wp-json\/wp\/v2\/product\/13731","targetHints":{"allow":["GET"]}}],"collection":[{"href":"https:\/\/nordicdiy.ee\/sv\/wp-json\/wp\/v2\/product"}],"about":[{"href":"https:\/\/nordicdiy.ee\/sv\/wp-json\/wp\/v2\/types\/product"}],"wp:featuredmedia":[{"embeddable":true,"href":"https:\/\/nordicdiy.ee\/sv\/wp-json\/wp\/v2\/media\/7019"}],"wp:attachment":[{"href":"https:\/\/nordicdiy.ee\/sv\/wp-json\/wp\/v2\/media?parent=13731"}],"wp:term":[{"taxonomy":"product_brand","embeddable":true,"href":"https:\/\/nordicdiy.ee\/sv\/wp-json\/wp\/v2\/product_brand?post=13731"},{"taxonomy":"product_cat","embeddable":true,"href":"https:\/\/nordicdiy.ee\/sv\/wp-json\/wp\/v2\/product_cat?post=13731"},{"taxonomy":"product_tag","embeddable":true,"href":"https:\/\/nordicdiy.ee\/sv\/wp-json\/wp\/v2\/product_tag?post=13731"}],"curies":[{"name":"wp","href":"https:\/\/api.w.org\/{rel}","templated":true}]}}