{"id":13777,"date":"2024-09-24T16:21:14","date_gmt":"2024-09-24T13:21:14","guid":{"rendered":"https:\/\/nordicdiy.ee\/epood\/okategoriserad\/forskuren-veke-wedo-bio-14-h12cm\/"},"modified":"2026-03-25T01:10:15","modified_gmt":"2026-03-24T22:10:15","slug":"forskuren-veke-wedo-bio-14-h12cm","status":"publish","type":"product","link":"https:\/\/nordicdiy.ee\/sv\/epood\/tillverkning-av-stearinljus\/vekar-och-socklar-till-stearinljus\/forskuren-veke-wedo-bio-14-h12cm\/","title":{"rendered":"F\u00f6rskuren veke Wedo BIO 14 h12cm"},"content":{"rendered":"<p>Den f\u00f6rbelagda Wedo-ljusstaken \u00e4r tillverkad av naturliga material och \u00e4r perfekt f\u00f6r att g\u00f6ra en m\u00e4ngd olika ljus, inklusive ljus gjorda av vegetabiliska vaxer. Wedo-vekarna inneh\u00e5ller inga metaller och avger inga giftiga \u00e4mnen vid f\u00f6rbr\u00e4nning, vilket garanterar en ren och j\u00e4mn f\u00f6rbr\u00e4nning. Vekarna \u00e4r f\u00f6rblekta, skurna till 12 cm l\u00e4ngd och har en 1,5 cm metallbas.  <\/p>\n<p>Wedo-veken \u00e4r tillverkad av platta bomullsfibrer som \u00e4r sammanv\u00e4vda med pappersfibrer, som \u00e4r styvare i strukturen f\u00f6r att g\u00f6ra ljuset l\u00e4ttare att h\u00e4lla. Vekarna l\u00e4mpar sig s\u00e4rskilt v\u00e4l f\u00f6r tillverkning av ljus av naturliga vaxer med aromatiska oljor, men kan \u00e4ven anv\u00e4ndas till paraffinljus.  Wedovaxer t\u00e5l varmare br\u00e4nningar och \u00e4r l\u00e4mpliga f\u00f6r b\u00e5de glas och fasta ljus, s\u00e4rskilt f\u00f6r vegetabiliska vaxer.<\/p>\n<p>Det \u00e4r l\u00e4mpligt att testa ljusen innan man producerar en stor m\u00e4ngd.<\/p>\n<p>Typ av lera beroende p\u00e5 glasets storlek:<\/p>\n<ul>\n<li>BIO 6 m\u00f6ter 55mm - 65mm<\/li>\n<li>BIO 8 m\u00f6ter 60mm - 70mm<\/li>\n<li>BIO 10 m\u00f6ter 65mm - 73mm<\/li>\n<li>BIO 12 m\u00f6ter 70mm - 76mm<\/li>\n<li>BIO 13 m\u00f6ter 75mm - 80mm<\/li>\n<li>BIO 14 m\u00f6ter 80mm - 85mm<\/li>\n<\/ul>\n","protected":false},"excerpt":{"rendered":"<p>Den f\u00f6rbelagda Wedo-ljusstaken \u00e4r tillverkad av naturliga material och \u00e4r perfekt f\u00f6r att g\u00f6ra en m\u00e4ngd olika ljus, inklusive ljus gjorda av vegetabiliska vaxer. Wedo-vekarna inneh\u00e5ller inga metaller och avger inga giftiga \u00e4mnen vid f\u00f6rbr\u00e4nning, vilket garanterar en ren och j\u00e4mn f\u00f6rbr\u00e4nning. Vekarna \u00e4r f\u00f6rblekta, skurna till 12 cm l\u00e4ngd och har en 1,5 cm metallbas.   Vaxet \u00e4r mer l\u00e4mpligt f\u00f6r ljus med h\u00f6gre koncentration av doft och f\u00e4rg och f\u00f6r ljus tillverkade av paraffinvaxer och andra vegetabiliska vaxer (utom soja).<\/p>\n","protected":false},"featured_media":6649,"template":"","meta":{"site-sidebar-layout":"default","site-content-layout":"","ast-site-content-layout":"default","site-content-style":"default","site-sidebar-style":"default","ast-global-header-display":"","ast-banner-title-visibility":"","ast-main-header-display":"","ast-hfb-above-header-display":"","ast-hfb-below-header-display":"","ast-hfb-mobile-header-display":"","site-post-title":"","ast-breadcrumbs-content":"","ast-featured-img":"","footer-sml-layout":"","ast-disable-related-posts":"","theme-transparent-header-meta":"default","adv-header-id-meta":"","stick-header-meta":"default","header-above-stick-meta":"","header-main-stick-meta":"","header-below-stick-meta":"","astra-migrate-meta-layouts":"default","ast-page-background-enabled":"default","ast-page-background-meta":{"desktop":{"background-color":"","background-image":"","background-repeat":"repeat","background-position":"center center","background-size":"auto","background-attachment":"scroll","background-type":"","background-media":"","overlay-type":"","overlay-color":"","overlay-opacity":"","overlay-gradient":""},"tablet":{"background-color":"","background-image":"","background-repeat":"repeat","background-position":"center center","background-size":"auto","background-attachment":"scroll","background-type":"","background-media":"","overlay-type":"","overlay-color":"","overlay-opacity":"","overlay-gradient":""},"mobile":{"background-color":"","background-image":"","background-repeat":"repeat","background-position":"center center","background-size":"auto","background-attachment":"scroll","background-type":"","background-media":"","overlay-type":"","overlay-color":"","overlay-opacity":"","overlay-gradient":""}},"ast-content-background-meta":{"desktop":{"background-color":"var(--ast-global-color-5)","background-image":"","background-repeat":"repeat","background-position":"center center","background-size":"auto","background-attachment":"scroll","background-type":"","background-media":"","overlay-type":"","overlay-color":"","overlay-opacity":"","overlay-gradient":""},"tablet":{"background-color":"var(--ast-global-color-5)","background-image":"","background-repeat":"repeat","background-position":"center center","background-size":"auto","background-attachment":"scroll","background-type":"","background-media":"","overlay-type":"","overlay-color":"","overlay-opacity":"","overlay-gradient":""},"mobile":{"background-color":"var(--ast-global-color-5)","background-image":"","background-repeat":"repeat","background-position":"center center","background-size":"auto","background-attachment":"scroll","background-type":"","background-media":"","overlay-type":"","overlay-color":"","overlay-opacity":"","overlay-gradient":""}}},"product_brand":[],"product_cat":[138,198],"product_tag":[],"class_list":{"0":"post-13777","1":"product","2":"type-product","3":"status-publish","4":"has-post-thumbnail","6":"product_cat-tillverkning-av-stearinljus","7":"product_cat-vekar-och-socklar-till-stearinljus","8":"desktop-align-left","9":"tablet-align-left","10":"mobile-align-left","11":"ast-product-gallery-layout-horizontal","12":"ast-product-gallery-with-no-image","13":"ast-product-single-variable","14":"ast-product-tabs-layout-horizontal","16":"first","17":"instock","18":"taxable","19":"shipping-taxable","20":"purchasable","21":"product-type-variable"},"_links":{"self":[{"href":"https:\/\/nordicdiy.ee\/sv\/wp-json\/wp\/v2\/product\/13777","targetHints":{"allow":["GET"]}}],"collection":[{"href":"https:\/\/nordicdiy.ee\/sv\/wp-json\/wp\/v2\/product"}],"about":[{"href":"https:\/\/nordicdiy.ee\/sv\/wp-json\/wp\/v2\/types\/product"}],"wp:featuredmedia":[{"embeddable":true,"href":"https:\/\/nordicdiy.ee\/sv\/wp-json\/wp\/v2\/media\/6649"}],"wp:attachment":[{"href":"https:\/\/nordicdiy.ee\/sv\/wp-json\/wp\/v2\/media?parent=13777"}],"wp:term":[{"taxonomy":"product_brand","embeddable":true,"href":"https:\/\/nordicdiy.ee\/sv\/wp-json\/wp\/v2\/product_brand?post=13777"},{"taxonomy":"product_cat","embeddable":true,"href":"https:\/\/nordicdiy.ee\/sv\/wp-json\/wp\/v2\/product_cat?post=13777"},{"taxonomy":"product_tag","embeddable":true,"href":"https:\/\/nordicdiy.ee\/sv\/wp-json\/wp\/v2\/product_tag?post=13777"}],"curies":[{"name":"wp","href":"https:\/\/api.w.org\/{rel}","templated":true}]}}