{"id":13994,"date":"2024-09-20T09:06:25","date_gmt":"2024-09-20T06:06:25","guid":{"rendered":"https:\/\/nordicdiy.ee\/epood\/okategoriserad\/metallholje-for-ljusglas-med-packning-silver\/"},"modified":"2025-04-25T08:46:19","modified_gmt":"2025-04-25T05:46:19","slug":"metallholje-for-ljusglas-med-packning-silver","status":"publish","type":"product","link":"https:\/\/nordicdiy.ee\/sv\/epood\/tillverkning-av-stearinljus\/glas-och-lock-till-stearinljus\/metallholje-for-ljusglas-med-packning-silver\/","title":{"rendered":"Metallh\u00f6lje f\u00f6r ljusglas med packning silver"},"content":{"rendered":"<p>Metallock med packning 1 \u00d7 8,2 cm. Detta metallock med packning \u00e4r ett perfekt designelement f\u00f6r ljusstakar och garanterar l\u00e4ngre lukth\u00e5llning och s\u00e4ker f\u00f6rvaring.  Den h\u00e5ller ocks\u00e5 damm och smuts borta. Locket finns i flera f\u00e4rger - silver, ros\u00e9guld och guld, och passar b\u00e5de Ombre, 260 ml och 280 ml ljusglas, oavsett om de \u00e4r klara eller f\u00e4rgade.<\/p>\n","protected":false},"excerpt":{"rendered":"<p>Detta metallock med packning \u00e4r ett perfekt designelement f\u00f6r ljusstakar och garanterar l\u00e4ngre lukth\u00e5llning och s\u00e4ker f\u00f6rvaring. Det h\u00e5ller ocks\u00e5 damm och smuts borta. Locket passar till b\u00e5de Ombre, 260 ml och 280 ml ljusglas, oavsett om de \u00e4r klara eller f\u00e4rgade.  <\/p>\n","protected":false},"featured_media":6329,"template":"","meta":{"site-sidebar-layout":"default","site-content-layout":"","ast-site-content-layout":"default","site-content-style":"default","site-sidebar-style":"default","ast-global-header-display":"","ast-banner-title-visibility":"","ast-main-header-display":"","ast-hfb-above-header-display":"","ast-hfb-below-header-display":"","ast-hfb-mobile-header-display":"","site-post-title":"","ast-breadcrumbs-content":"","ast-featured-img":"","footer-sml-layout":"","ast-disable-related-posts":"","theme-transparent-header-meta":"default","adv-header-id-meta":"","stick-header-meta":"default","header-above-stick-meta":"","header-main-stick-meta":"","header-below-stick-meta":"","astra-migrate-meta-layouts":"default","ast-page-background-enabled":"default","ast-page-background-meta":{"desktop":{"background-color":"","background-image":"","background-repeat":"repeat","background-position":"center center","background-size":"auto","background-attachment":"scroll","background-type":"","background-media":"","overlay-type":"","overlay-color":"","overlay-opacity":"","overlay-gradient":""},"tablet":{"background-color":"","background-image":"","background-repeat":"repeat","background-position":"center center","background-size":"auto","background-attachment":"scroll","background-type":"","background-media":"","overlay-type":"","overlay-color":"","overlay-opacity":"","overlay-gradient":""},"mobile":{"background-color":"","background-image":"","background-repeat":"repeat","background-position":"center center","background-size":"auto","background-attachment":"scroll","background-type":"","background-media":"","overlay-type":"","overlay-color":"","overlay-opacity":"","overlay-gradient":""}},"ast-content-background-meta":{"desktop":{"background-color":"var(--ast-global-color-5)","background-image":"","background-repeat":"repeat","background-position":"center center","background-size":"auto","background-attachment":"scroll","background-type":"","background-media":"","overlay-type":"","overlay-color":"","overlay-opacity":"","overlay-gradient":""},"tablet":{"background-color":"var(--ast-global-color-5)","background-image":"","background-repeat":"repeat","background-position":"center center","background-size":"auto","background-attachment":"scroll","background-type":"","background-media":"","overlay-type":"","overlay-color":"","overlay-opacity":"","overlay-gradient":""},"mobile":{"background-color":"var(--ast-global-color-5)","background-image":"","background-repeat":"repeat","background-position":"center center","background-size":"auto","background-attachment":"scroll","background-type":"","background-media":"","overlay-type":"","overlay-color":"","overlay-opacity":"","overlay-gradient":""}}},"product_brand":[],"product_cat":[162,138],"product_tag":[],"class_list":{"0":"post-13994","1":"product","2":"type-product","3":"status-publish","4":"has-post-thumbnail","6":"product_cat-glas-och-lock-till-stearinljus","7":"product_cat-tillverkning-av-stearinljus","8":"desktop-align-left","9":"tablet-align-left","10":"mobile-align-left","11":"ast-product-gallery-layout-horizontal","12":"ast-product-gallery-with-no-image","13":"ast-product-tabs-layout-horizontal","15":"first","16":"instock","17":"taxable","18":"shipping-taxable","19":"purchasable","20":"product-type-simple"},"_links":{"self":[{"href":"https:\/\/nordicdiy.ee\/sv\/wp-json\/wp\/v2\/product\/13994","targetHints":{"allow":["GET"]}}],"collection":[{"href":"https:\/\/nordicdiy.ee\/sv\/wp-json\/wp\/v2\/product"}],"about":[{"href":"https:\/\/nordicdiy.ee\/sv\/wp-json\/wp\/v2\/types\/product"}],"wp:featuredmedia":[{"embeddable":true,"href":"https:\/\/nordicdiy.ee\/sv\/wp-json\/wp\/v2\/media\/6329"}],"wp:attachment":[{"href":"https:\/\/nordicdiy.ee\/sv\/wp-json\/wp\/v2\/media?parent=13994"}],"wp:term":[{"taxonomy":"product_brand","embeddable":true,"href":"https:\/\/nordicdiy.ee\/sv\/wp-json\/wp\/v2\/product_brand?post=13994"},{"taxonomy":"product_cat","embeddable":true,"href":"https:\/\/nordicdiy.ee\/sv\/wp-json\/wp\/v2\/product_cat?post=13994"},{"taxonomy":"product_tag","embeddable":true,"href":"https:\/\/nordicdiy.ee\/sv\/wp-json\/wp\/v2\/product_tag?post=13994"}],"curies":[{"name":"wp","href":"https:\/\/api.w.org\/{rel}","templated":true}]}}