{"id":14012,"date":"2025-01-18T16:02:29","date_gmt":"2025-01-18T13:02:29","guid":{"rendered":"https:\/\/nordicdiy.ee\/epood\/okategoriserad\/basvatska-for-hemdoft-no-2\/"},"modified":"2026-03-19T18:10:05","modified_gmt":"2026-03-19T15:10:05","slug":"basvatska-for-hemdoft-no-2","status":"publish","type":"product","link":"https:\/\/nordicdiy.ee\/sv\/epood\/beredning-av-rumsfraschare\/bas-och-stickor-for-rumsfraschare\/basvatska-for-hemdoft-no-2\/","title":{"rendered":"Diffuserbas f\u00f6r rumsdoft No 2"},"content":{"rendered":"<div class=\"flex max-w-full flex-col flex-grow\">\n<div class=\"min-h-8 text-message flex w-full flex-col items-end gap-2 whitespace-normal break-words text-start [.text-message+&amp;]:mt-5\" dir=\"auto\" data-message-author-role=\"assistant\" data-message-id=\"88b938a0-6a8f-4ea5-82bf-35f22a2ab23e\" data-message-model-slug=\"gpt-4o\">\n<div class=\"flex w-full flex-col gap-1 empty:hidden first:pt-[3px]\">\n<div class=\"markdown prose w-full break-words dark:prose-invert light\">\n<p data-start=\"23\" data-end=\"86\">Reed Diffuser Base No.2 AF74 1456 (alkoholhalt mindre \u00e4n 2%): <\/p>\n<ul data-start=\"87\" data-end=\"571\" data-is-last-node=\"\">\n<li data-start=\"87\" data-end=\"159\">Inneh\u00e5ller alkohol av h\u00f6gsta kosmetiska renhet (mindre \u00e4n 2%).<\/li>\n<li data-start=\"160\" data-end=\"253\">Inneh\u00e5ller en ekologisk ingrediens som \u00e4r idealisk f\u00f6r parfymer och dofter.<\/li>\n<li data-start=\"254\" data-end=\"284\">N\u00e5got oljig konsistens.<\/li>\n<li data-start=\"285\" data-end=\"364\">L\u00e4mplig f\u00f6r anv\u00e4ndning med pinnar i hemdofter, luftfr\u00e4schare och rumssprayer.<\/li>\n<li data-start=\"365\" data-end=\"422\">Inneh\u00e5ller ingredienser som f\u00f6rb\u00e4ttrar doftens kvalitet.<\/li>\n<li data-start=\"423\" data-end=\"454\">Avdunstningstid 6-10 veckor.<\/li>\n<li data-start=\"455\" data-end=\"495\">Den \u00e4r fri fr\u00e5n ftalater och tungmetaller och \u00e4r d\u00e4rf\u00f6r s\u00e4ker att anv\u00e4nda i k\u00e4nsligare milj\u00f6er.<\/li>\n<li>Ej testad p\u00e5 djur.<\/li>\n<li data-start=\"524\" data-end=\"571\" data-is-last-node=\"\">Dosering av doft\u00e4mne till basl\u00f6sning: 15-25%.<\/li>\n<\/ul>\n<\/div>\n<\/div>\n<\/div>\n<\/div>\n<p><strong>Dosering av doft:<\/strong><br \/>\nRekommenderad m\u00e4ngd doftolja \u00e4r 15-25% doftolja och 75-85% basv\u00e4tska. Home fragrance base liquid No. 2 \u00e4r den perfekta l\u00f6sningen f\u00f6r dig som letar efter en h\u00f6gkvalitativ produkt f\u00f6r att skapa en behaglig atmosf\u00e4r i alla rum. <\/p>\n<p>VARNING!<\/p>\n<p><img decoding=\"async\" class=\"\" src=\"https:\/\/nordicdiy.ee\/wp-content\/uploads\/2025\/02\/eriti-tuleohtlik.jpg\" width=\"70\" height=\"70\"> <img decoding=\"async\" class=\"\" src=\"https:\/\/nordicdiy.ee\/wp-content\/uploads\/2025\/01\/terviseoht.jpg\" width=\"71\" height=\"71\"> <img decoding=\"async\" class=\"\" src=\"https:\/\/nordicdiy.ee\/wp-content\/uploads\/2025\/02\/keskkonnaoht.jpg\" width=\"70\" height=\"70\"><\/p>\n","protected":false},"excerpt":{"rendered":"<p>Det b\u00e4sta valet f\u00f6r en hemdoft eller rumsspray med pinnar! Home fragrance base liquid No. 2 \u00e4r den perfekta l\u00f6sningen f\u00f6r dig som s\u00f6ker en h\u00f6gkvalitativ basv\u00e4tska med optimal avdunstning. Avdunstar inom 6-10 veckor. N\u00e4stan ingen alkohol, alkoholhalt mindre \u00e4n 2%. N\u00e5got oljig konsistens.    <\/p>\n","protected":false},"featured_media":28563,"template":"","meta":{"site-sidebar-layout":"default","site-content-layout":"","ast-site-content-layout":"default","site-content-style":"default","site-sidebar-style":"default","ast-global-header-display":"","ast-banner-title-visibility":"","ast-main-header-display":"","ast-hfb-above-header-display":"","ast-hfb-below-header-display":"","ast-hfb-mobile-header-display":"","site-post-title":"","ast-breadcrumbs-content":"","ast-featured-img":"","footer-sml-layout":"","ast-disable-related-posts":"","theme-transparent-header-meta":"default","adv-header-id-meta":"","stick-header-meta":"default","header-above-stick-meta":"","header-main-stick-meta":"","header-below-stick-meta":"","astra-migrate-meta-layouts":"default","ast-page-background-enabled":"default","ast-page-background-meta":{"desktop":{"background-color":"","background-image":"","background-repeat":"repeat","background-position":"center center","background-size":"auto","background-attachment":"scroll","background-type":"","background-media":"","overlay-type":"","overlay-color":"","overlay-opacity":"","overlay-gradient":""},"tablet":{"background-color":"","background-image":"","background-repeat":"repeat","background-position":"center center","background-size":"auto","background-attachment":"scroll","background-type":"","background-media":"","overlay-type":"","overlay-color":"","overlay-opacity":"","overlay-gradient":""},"mobile":{"background-color":"","background-image":"","background-repeat":"repeat","background-position":"center center","background-size":"auto","background-attachment":"scroll","background-type":"","background-media":"","overlay-type":"","overlay-color":"","overlay-opacity":"","overlay-gradient":""}},"ast-content-background-meta":{"desktop":{"background-color":"var(--ast-global-color-5)","background-image":"","background-repeat":"repeat","background-position":"center center","background-size":"auto","background-attachment":"scroll","background-type":"","background-media":"","overlay-type":"","overlay-color":"","overlay-opacity":"","overlay-gradient":""},"tablet":{"background-color":"var(--ast-global-color-5)","background-image":"","background-repeat":"repeat","background-position":"center center","background-size":"auto","background-attachment":"scroll","background-type":"","background-media":"","overlay-type":"","overlay-color":"","overlay-opacity":"","overlay-gradient":""},"mobile":{"background-color":"var(--ast-global-color-5)","background-image":"","background-repeat":"repeat","background-position":"center center","background-size":"auto","background-attachment":"scroll","background-type":"","background-media":"","overlay-type":"","overlay-color":"","overlay-opacity":"","overlay-gradient":""}}},"product_brand":[],"product_cat":[218,211],"product_tag":[],"class_list":{"0":"post-14012","1":"product","2":"type-product","3":"status-publish","4":"has-post-thumbnail","6":"product_cat-bas-och-stickor-for-rumsfraschare","7":"product_cat-beredning-av-rumsfraschare","8":"desktop-align-left","9":"tablet-align-left","10":"mobile-align-left","11":"ast-product-gallery-layout-horizontal","12":"ast-product-gallery-with-no-image","13":"ast-product-single-variable","14":"ast-product-tabs-layout-horizontal","16":"first","17":"instock","18":"taxable","19":"shipping-taxable","20":"purchasable","21":"product-type-variable","22":"has-default-attributes"},"_links":{"self":[{"href":"https:\/\/nordicdiy.ee\/sv\/wp-json\/wp\/v2\/product\/14012","targetHints":{"allow":["GET"]}}],"collection":[{"href":"https:\/\/nordicdiy.ee\/sv\/wp-json\/wp\/v2\/product"}],"about":[{"href":"https:\/\/nordicdiy.ee\/sv\/wp-json\/wp\/v2\/types\/product"}],"wp:featuredmedia":[{"embeddable":true,"href":"https:\/\/nordicdiy.ee\/sv\/wp-json\/wp\/v2\/media\/28563"}],"wp:attachment":[{"href":"https:\/\/nordicdiy.ee\/sv\/wp-json\/wp\/v2\/media?parent=14012"}],"wp:term":[{"taxonomy":"product_brand","embeddable":true,"href":"https:\/\/nordicdiy.ee\/sv\/wp-json\/wp\/v2\/product_brand?post=14012"},{"taxonomy":"product_cat","embeddable":true,"href":"https:\/\/nordicdiy.ee\/sv\/wp-json\/wp\/v2\/product_cat?post=14012"},{"taxonomy":"product_tag","embeddable":true,"href":"https:\/\/nordicdiy.ee\/sv\/wp-json\/wp\/v2\/product_tag?post=14012"}],"curies":[{"name":"wp","href":"https:\/\/api.w.org\/{rel}","templated":true}]}}