{"id":14027,"date":"2025-02-13T15:44:10","date_gmt":"2025-02-13T12:44:10","guid":{"rendered":"https:\/\/nordicdiy.ee\/epood\/okategoriserad\/doftbas-for-hemmet-flytande-med-alkohol-nr-1\/"},"modified":"2026-03-19T18:09:40","modified_gmt":"2026-03-19T15:09:40","slug":"doftbas-for-hemmet-flytande-med-alkohol-nr-1","status":"publish","type":"product","link":"https:\/\/nordicdiy.ee\/sv\/epood\/beredning-av-rumsfraschare\/bas-och-stickor-for-rumsfraschare\/doftbas-for-hemmet-flytande-med-alkohol-nr-1\/","title":{"rendered":"Diffuserbas f\u00f6r rumsdoft med alkohol nr 1"},"content":{"rendered":"<p data-start=\"21\" data-end=\"85\">Reed Diffuser Base No.1 AF74 2958 (mindre \u00e4n 40% alkohol) <\/p>\n<p data-start=\"21\" data-end=\"85\">Home fragrance base liquid No. 1 \u00e4r ett h\u00f6gkvalitativt och utm\u00e4rkt val f\u00f6r att skapa en trevlig och doftande atmosf\u00e4r.<\/p>\n<ul data-start=\"86\" data-end=\"516\" data-is-last-node=\"\">\n<li data-start=\"86\" data-end=\"140\">Inneh\u00e5ller alkohol av h\u00f6gsta kosmetiska renhet.<\/li>\n<li data-start=\"141\" data-end=\"230\">Inneh\u00e5ller en ekologisk ingrediens som \u00e4r l\u00e4mplig f\u00f6r dofter till hem och bilar.<\/li>\n<li data-start=\"231\" data-end=\"310\">L\u00e4mplig f\u00f6r anv\u00e4ndning med pinnar i hemdofter, luftfr\u00e4schare f\u00f6r bilar och rumssprayer.<\/li>\n<li data-start=\"311\" data-end=\"368\">Inneh\u00e5ller ingredienser som f\u00f6rb\u00e4ttrar doftens kvalitet.<\/li>\n<li data-start=\"369\" data-end=\"399\">Avdunstningstid 4-6 veckor.<\/li>\n<li data-start=\"400\" data-end=\"440\">Den \u00e4r fri fr\u00e5n ftalater och tungmetaller och \u00e4r d\u00e4rf\u00f6r s\u00e4ker att anv\u00e4nda i k\u00e4nsligare milj\u00f6er.<\/li>\n<li>Ej testad p\u00e5 djur.<\/li>\n<li data-start=\"469\" data-end=\"516\" data-is-last-node=\"\">Dosering av doft\u00e4mne till basl\u00f6sning: 15-25%.<\/li>\n<\/ul>\n<p><strong>Dosering av doft:<\/strong><br \/>\nRekommenderad m\u00e4ngd doftolja \u00e4r 15-25% doftolja och 75-85% basv\u00e4tska. Home fragrance base liquid No. 1 \u00e4r den perfekta l\u00f6sningen f\u00f6r dig som letar efter en h\u00f6gkvalitativ produkt f\u00f6r att skapa en behaglig atmosf\u00e4r i alla rum. <\/p>\n<p>OBS!<\/p>\n<p><img decoding=\"async\" class=\"\" src=\"https:\/\/nordicdiy.ee\/wp-content\/uploads\/2025\/01\/terviseoht.jpg\" width=\"70\" height=\"70\"><\/p>\n","protected":false},"excerpt":{"rendered":"<p>Det b\u00e4sta valet f\u00f6r en hemfr\u00e4schare, luftfr\u00e4schare f\u00f6r bilen eller rumsfr\u00e4schare med pinnar! Home freshener base fluid No. 1 \u00e4r den perfekta l\u00f6sningen f\u00f6r dig som letar efter en h\u00f6gkvalitativ basv\u00e4tska med optimal avdunstning. Avdunstar inom 4-6 veckor. Inneh\u00e5ller ren kosmetisk alkohol, mindre \u00e4n 40% alkohol.   <\/p>\n","protected":false},"featured_media":28559,"template":"","meta":{"site-sidebar-layout":"default","site-content-layout":"","ast-site-content-layout":"default","site-content-style":"default","site-sidebar-style":"default","ast-global-header-display":"","ast-banner-title-visibility":"","ast-main-header-display":"","ast-hfb-above-header-display":"","ast-hfb-below-header-display":"","ast-hfb-mobile-header-display":"","site-post-title":"","ast-breadcrumbs-content":"","ast-featured-img":"","footer-sml-layout":"","ast-disable-related-posts":"","theme-transparent-header-meta":"default","adv-header-id-meta":"","stick-header-meta":"default","header-above-stick-meta":"","header-main-stick-meta":"","header-below-stick-meta":"","astra-migrate-meta-layouts":"default","ast-page-background-enabled":"default","ast-page-background-meta":{"desktop":{"background-color":"","background-image":"","background-repeat":"repeat","background-position":"center center","background-size":"auto","background-attachment":"scroll","background-type":"","background-media":"","overlay-type":"","overlay-color":"","overlay-opacity":"","overlay-gradient":""},"tablet":{"background-color":"","background-image":"","background-repeat":"repeat","background-position":"center center","background-size":"auto","background-attachment":"scroll","background-type":"","background-media":"","overlay-type":"","overlay-color":"","overlay-opacity":"","overlay-gradient":""},"mobile":{"background-color":"","background-image":"","background-repeat":"repeat","background-position":"center center","background-size":"auto","background-attachment":"scroll","background-type":"","background-media":"","overlay-type":"","overlay-color":"","overlay-opacity":"","overlay-gradient":""}},"ast-content-background-meta":{"desktop":{"background-color":"var(--ast-global-color-5)","background-image":"","background-repeat":"repeat","background-position":"center center","background-size":"auto","background-attachment":"scroll","background-type":"","background-media":"","overlay-type":"","overlay-color":"","overlay-opacity":"","overlay-gradient":""},"tablet":{"background-color":"var(--ast-global-color-5)","background-image":"","background-repeat":"repeat","background-position":"center center","background-size":"auto","background-attachment":"scroll","background-type":"","background-media":"","overlay-type":"","overlay-color":"","overlay-opacity":"","overlay-gradient":""},"mobile":{"background-color":"var(--ast-global-color-5)","background-image":"","background-repeat":"repeat","background-position":"center center","background-size":"auto","background-attachment":"scroll","background-type":"","background-media":"","overlay-type":"","overlay-color":"","overlay-opacity":"","overlay-gradient":""}}},"product_brand":[],"product_cat":[218,211,212],"product_tag":[],"class_list":{"0":"post-14027","1":"product","2":"type-product","3":"status-publish","4":"has-post-thumbnail","6":"product_cat-bas-och-stickor-for-rumsfraschare","7":"product_cat-beredning-av-rumsfraschare","8":"product_cat-rum-mash-faciliteter","9":"desktop-align-left","10":"tablet-align-left","11":"mobile-align-left","12":"ast-product-gallery-layout-horizontal","13":"ast-product-gallery-with-no-image","14":"ast-product-single-variable","15":"ast-product-tabs-layout-horizontal","17":"first","18":"instock","19":"taxable","20":"shipping-taxable","21":"purchasable","22":"product-type-variable","23":"has-default-attributes"},"_links":{"self":[{"href":"https:\/\/nordicdiy.ee\/sv\/wp-json\/wp\/v2\/product\/14027","targetHints":{"allow":["GET"]}}],"collection":[{"href":"https:\/\/nordicdiy.ee\/sv\/wp-json\/wp\/v2\/product"}],"about":[{"href":"https:\/\/nordicdiy.ee\/sv\/wp-json\/wp\/v2\/types\/product"}],"wp:featuredmedia":[{"embeddable":true,"href":"https:\/\/nordicdiy.ee\/sv\/wp-json\/wp\/v2\/media\/28559"}],"wp:attachment":[{"href":"https:\/\/nordicdiy.ee\/sv\/wp-json\/wp\/v2\/media?parent=14027"}],"wp:term":[{"taxonomy":"product_brand","embeddable":true,"href":"https:\/\/nordicdiy.ee\/sv\/wp-json\/wp\/v2\/product_brand?post=14027"},{"taxonomy":"product_cat","embeddable":true,"href":"https:\/\/nordicdiy.ee\/sv\/wp-json\/wp\/v2\/product_cat?post=14027"},{"taxonomy":"product_tag","embeddable":true,"href":"https:\/\/nordicdiy.ee\/sv\/wp-json\/wp\/v2\/product_tag?post=14027"}],"curies":[{"name":"wp","href":"https:\/\/api.w.org\/{rel}","templated":true}]}}