{"id":14050,"date":"2025-02-13T09:33:44","date_gmt":"2025-02-13T06:33:44","guid":{"rendered":"https:\/\/nordicdiy.ee\/epood\/okategoriserad\/tvalvax-kerax-kerasoy-pillar-4120-for-gjutna-ljus\/"},"modified":"2026-03-05T23:07:17","modified_gmt":"2026-03-05T20:07:17","slug":"tvalvax-kerax-kerasoy-pillar-4120-for-gjutna-ljus","status":"publish","type":"product","link":"https:\/\/nordicdiy.ee\/sv\/epood\/tillverkning-av-stearinljus\/vaxer-for-stearinljus\/tvalvax-kerax-kerasoy-pillar-4120-for-gjutna-ljus\/","title":{"rendered":"Tv\u00e5lvax Kerax Kerasoy Pillar 4120 f\u00f6r gjutna ljus"},"content":{"rendered":"<p data-start=\"0\" data-end=\"269\">Kerax KeraSoy Pillar 4120 \u00e4r en 100% naturlig sojavaxblandning speciellt framtagen f\u00f6r tillverkning av pelarljus, votivljus, aromavaxer (tarts) och figuriner. Detta biologiskt nedbrytbara och veganv\u00e4nliga vax inneh\u00e5ller inga animaliska ingredienser och \u00e4r inte testat p\u00e5 djur. <\/p>\n<p data-start=\"271\" data-end=\"293\"><strong data-start=\"271\" data-end=\"293\">Huvudsakliga egenskaper:<\/strong><\/p>\n<ul data-start=\"295\" data-end=\"619\">\n<li data-start=\"295\" data-end=\"402\">\n<p data-start=\"297\" data-end=\"402\"><strong data-start=\"297\" data-end=\"319\">Naturlig formulering:<\/strong> tillverkad av sojavax och naturliga tillsatser, vilket garanterar milj\u00f6v\u00e4nlighet.<\/p>\n<\/li>\n<li data-start=\"404\" data-end=\"507\">\n<p data-start=\"406\" data-end=\"507\"><strong data-start=\"406\" data-end=\"423\">M\u00e5ngsidighet:<\/strong> l\u00e4mplig f\u00f6r gjutna ljus, votivljus, aromavaxer och dekorationsljus.<\/p>\n<\/li>\n<li data-start=\"509\" data-end=\"619\">\n<p data-start=\"511\" data-end=\"619\"><strong data-start=\"511\" data-end=\"542\">L\u00e4tt att ta bort fr\u00e5n formen:<\/strong> vaxet krymper och lossnar l\u00e4tt fr\u00e5n formen, vilket f\u00f6renklar f\u00f6rberedelseprocessen.<\/p>\n<\/li>\n<\/ul>\n<p data-start=\"621\" data-end=\"643\"><strong data-start=\"621\" data-end=\"643\">Tekniska data:<\/strong><\/p>\n<ul data-start=\"645\" data-end=\"922\">\n<li data-start=\"645\" data-end=\"671\">\n<p data-start=\"647\" data-end=\"671\"><strong data-start=\"647\" data-end=\"665\">Tackpunkt<\/strong>: +48\u00b0C<\/p>\n<\/li>\n<li data-start=\"673\" data-end=\"698\">\n<p data-start=\"675\" data-end=\"698\"><strong data-start=\"675\" data-end=\"692\">Sm\u00e4ltpunkt:<\/strong> +60\u00b0C<\/p>\n<\/li>\n<li data-start=\"700\" data-end=\"748\">\n<p data-start=\"702\" data-end=\"748\"><strong data-start=\"702\" data-end=\"739\">Maximal sm\u00e4lttemperatur<\/strong>: +85-90\u00b0C<\/p>\n<\/li>\n<li data-start=\"750\" data-end=\"814\">\n<p data-start=\"752\" data-end=\"814\"><strong data-start=\"752\" data-end=\"797\">Rekommenderad temperatur f\u00f6r tillsats av doftolja<\/strong>: ej under +70\u00b0C<\/p>\n<\/li>\n<li data-start=\"816\" data-end=\"861\">\n<p data-start=\"818\" data-end=\"861\"><strong data-start=\"818\" data-end=\"852\">Rekommenderad h\u00e4lltemperatur<\/strong>: +55-65\u00b0C<\/p>\n<\/li>\n<li data-start=\"863\" data-end=\"922\">\n<p data-start=\"865\" data-end=\"922\"><strong data-start=\"865\" data-end=\"898\">Rekommenderad halt av doftolja<\/strong>: 5-8%, max 10%.<\/p>\n<\/li>\n<\/ul>\n<p data-start=\"924\" data-end=\"1265\">KeraSoy Pillar 4120 kr\u00e4ver inga andra tillsatser \u00e4n ljusf\u00e4rger och doftoljor och l\u00e4mpar sig v\u00e4l f\u00f6r blandning med <a href=\"https:\/\/nordicdiy.ee\/sv\/produkt-kategori\/tillverkning-av-stearinljus\/farger-pa-stearinljus\/\" target=\"_blank\" rel=\"noopener\">oljel\u00f6sliga f\u00e4rger<\/a> och <a href=\"\/?product_cat=aroomiolid\" target=\"_blank\" rel=\"noopener\">doftoljor<\/a>. Gamla eller delvis anv\u00e4nda ljus kan sm\u00e4ltas om och vaxet \u00e5teranv\u00e4ndas, men det rekommenderas att inte v\u00e4rma upp vaxet \u00f6ver 85\u00b0C eller under l\u00e4ngre perioder. <\/p>\n<p data-start=\"1267\" data-end=\"1536\">Ljus tillverkade med detta vax brinner rent, avger minimalt med sot och erbjuder utm\u00e4rkt doftavgivning och l\u00e4ngre brinntid j\u00e4mf\u00f6rt med paraffinljus. KeraSoy Pillar 4120 \u00e4r det perfekta valet f\u00f6r h\u00f6gkvalitativa och milj\u00f6v\u00e4nliga ljus. <\/p>\n","protected":false},"excerpt":{"rendered":"<p>Kerax KeraSoy Pillar 4120 \u00e4r en 100% naturlig sojavaxblandning speciellt framtagen f\u00f6r tillverkning av pelarljus, votivljus, aromavaxer (tarts) och figuriner. Detta biologiskt nedbrytbara och veganv\u00e4nliga vax inneh\u00e5ller inga animaliska ingredienser och \u00e4r inte testat p\u00e5 djur.  Ljus tillverkade med detta vax brinner rent, avger minimalt med sot och ger utm\u00e4rkt doftavgivning och l\u00e4ngre brinntid j\u00e4mf\u00f6rt med paraffinljus. KeraSoy Pillar 4120 \u00e4r det perfekta valet f\u00f6r tillverkning av h\u00f6gkvalitativa och milj\u00f6v\u00e4nliga ljus.<\/p>\n","protected":false},"featured_media":23225,"template":"","meta":{"site-sidebar-layout":"default","site-content-layout":"","ast-site-content-layout":"default","site-content-style":"default","site-sidebar-style":"default","ast-global-header-display":"","ast-banner-title-visibility":"","ast-main-header-display":"","ast-hfb-above-header-display":"","ast-hfb-below-header-display":"","ast-hfb-mobile-header-display":"","site-post-title":"","ast-breadcrumbs-content":"","ast-featured-img":"","footer-sml-layout":"","ast-disable-related-posts":"","theme-transparent-header-meta":"default","adv-header-id-meta":"","stick-header-meta":"default","header-above-stick-meta":"","header-main-stick-meta":"","header-below-stick-meta":"","astra-migrate-meta-layouts":"default","ast-page-background-enabled":"default","ast-page-background-meta":{"desktop":{"background-color":"","background-image":"","background-repeat":"repeat","background-position":"center center","background-size":"auto","background-attachment":"scroll","background-type":"","background-media":"","overlay-type":"","overlay-color":"","overlay-opacity":"","overlay-gradient":""},"tablet":{"background-color":"","background-image":"","background-repeat":"repeat","background-position":"center center","background-size":"auto","background-attachment":"scroll","background-type":"","background-media":"","overlay-type":"","overlay-color":"","overlay-opacity":"","overlay-gradient":""},"mobile":{"background-color":"","background-image":"","background-repeat":"repeat","background-position":"center center","background-size":"auto","background-attachment":"scroll","background-type":"","background-media":"","overlay-type":"","overlay-color":"","overlay-opacity":"","overlay-gradient":""}},"ast-content-background-meta":{"desktop":{"background-color":"var(--ast-global-color-5)","background-image":"","background-repeat":"repeat","background-position":"center center","background-size":"auto","background-attachment":"scroll","background-type":"","background-media":"","overlay-type":"","overlay-color":"","overlay-opacity":"","overlay-gradient":""},"tablet":{"background-color":"var(--ast-global-color-5)","background-image":"","background-repeat":"repeat","background-position":"center center","background-size":"auto","background-attachment":"scroll","background-type":"","background-media":"","overlay-type":"","overlay-color":"","overlay-opacity":"","overlay-gradient":""},"mobile":{"background-color":"var(--ast-global-color-5)","background-image":"","background-repeat":"repeat","background-position":"center center","background-size":"auto","background-attachment":"scroll","background-type":"","background-media":"","overlay-type":"","overlay-color":"","overlay-opacity":"","overlay-gradient":""}}},"product_brand":[],"product_cat":[138,139],"product_tag":[],"class_list":{"0":"post-14050","1":"product","2":"type-product","3":"status-publish","4":"has-post-thumbnail","6":"product_cat-tillverkning-av-stearinljus","7":"product_cat-vaxer-for-stearinljus","8":"desktop-align-left","9":"tablet-align-left","10":"mobile-align-left","11":"ast-product-gallery-layout-horizontal","12":"ast-product-single-variable","13":"ast-product-tabs-layout-horizontal","15":"first","16":"instock","17":"taxable","18":"shipping-taxable","19":"purchasable","20":"product-type-variable"},"_links":{"self":[{"href":"https:\/\/nordicdiy.ee\/sv\/wp-json\/wp\/v2\/product\/14050","targetHints":{"allow":["GET"]}}],"collection":[{"href":"https:\/\/nordicdiy.ee\/sv\/wp-json\/wp\/v2\/product"}],"about":[{"href":"https:\/\/nordicdiy.ee\/sv\/wp-json\/wp\/v2\/types\/product"}],"wp:featuredmedia":[{"embeddable":true,"href":"https:\/\/nordicdiy.ee\/sv\/wp-json\/wp\/v2\/media\/23225"}],"wp:attachment":[{"href":"https:\/\/nordicdiy.ee\/sv\/wp-json\/wp\/v2\/media?parent=14050"}],"wp:term":[{"taxonomy":"product_brand","embeddable":true,"href":"https:\/\/nordicdiy.ee\/sv\/wp-json\/wp\/v2\/product_brand?post=14050"},{"taxonomy":"product_cat","embeddable":true,"href":"https:\/\/nordicdiy.ee\/sv\/wp-json\/wp\/v2\/product_cat?post=14050"},{"taxonomy":"product_tag","embeddable":true,"href":"https:\/\/nordicdiy.ee\/sv\/wp-json\/wp\/v2\/product_tag?post=14050"}],"curies":[{"name":"wp","href":"https:\/\/api.w.org\/{rel}","templated":true}]}}