{"id":14064,"date":"2025-02-04T20:17:06","date_gmt":"2025-02-04T17:17:06","guid":{"rendered":"https:\/\/nordicdiy.ee\/epood\/okategoriserad\/parfymflaska-med-lock-200ml-ombre-smoke-grey-h140xd65mm\/"},"modified":"2026-03-05T01:37:29","modified_gmt":"2026-03-04T22:37:29","slug":"parfymflaska-med-lock-200ml-ombre-smoke-grey-h140xd65mm","status":"publish","type":"product","link":"https:\/\/nordicdiy.ee\/sv\/epood\/beredning-av-rumsfraschare\/flaskor-med-rumsfraschare\/parfymflaska-med-lock-200ml-ombre-smoke-grey-h140xd65mm\/","title":{"rendered":"Parfymflaska med lock, 200ml Ombre smoke grey h140xd65mm"},"content":{"rendered":"<p>Uppt\u00e4ck den eleganta doftflaskan f\u00f6r hemmet fr\u00e5n Nordic DIY! Flaskans design \u00e4r det perfekta valet f\u00f6r att ge stil och funktionalitet till din rumsdoft. Flaskan levereras med ett medf\u00f6ljande lock i tv\u00e5 f\u00e4rger: guld eller silver, f\u00f6r att matcha alla inredningar.  <\/p>\n<p><strong>Hur man g\u00f6r hem doft?  <\/strong><\/p>\n<p>Det \u00e4r en enkel och rolig process! V\u00e4lj en 200 ml flaska och tills\u00e4tt 15-60 ml <a href=\"https:\/\/nordicdiy.ee\/sv\/produkt-kategori\/aromoljor\/ufi-gron\/\" target=\"_blank\" rel=\"noopener\">UFIGREEN doftolja<\/a>, k\u00e4nd f\u00f6r sin h\u00f6ga kvalitet och s\u00e4kerhet. Tills\u00e4tt sedan 140-185 ml <a href=\"https:\/\/nordicdiy.ee\/sv\/produkt-kategori\/beredning-av-rumsfraschare\/bas-och-stickor-for-rumsfraschare\/\" target=\"_blank\" rel=\"noopener\">basv\u00e4tska<\/a>. Om du vill kan du ocks\u00e5 tills\u00e4tta n\u00e5gra droppar <a href=\"https:\/\/nordicdiy.ee\/sv\/produkt-kategori\/tillverkning-av-tval\/\" target=\"_blank\" rel=\"noopener\">vattenbaserad f\u00e4rg<\/a> f\u00f6r att ge din parfym\u00f6r den \u00f6nskade f\u00e4rgtonen. Blanda v\u00e4tskorna ordentligt och h\u00e4ll dem i flaskan.    <\/p>\n<p>L\u00e4gg till sist 5-8 <a href=\"https:\/\/nordicdiy.ee\/sv\/produkt-kategori\/beredning-av-rumsfraschare\/bas-och-stickor-for-rumsfraschare\/\" target=\"_blank\" rel=\"noopener\">fiber- eller bambupinnar<\/a> i flaskan. Dessa pinnar absorberar v\u00e4tskan och s\u00e4kerst\u00e4ller en j\u00e4mn och l\u00e5ngvarig spridning av doften. Njut av en hemmagjord doft som sprider behagliga dofter och v\u00e4rme i rummet.  <\/p>\n","protected":false},"excerpt":{"rendered":"<p>Den eleganta 200 ml doftflaskan f\u00f6r hemmet \u00e4r det perfekta valet f\u00f6r doftspridning. Den r\u00f6kgr\u00e5 ombref\u00e4rgen och flaskans l\u00e5ngstr\u00e4ckta design ger ett elegant och lyxigt intryck i alla rum. Setet levereras med en kork som kan v\u00e4ljas mellan tv\u00e5 olika f\u00e4rger: guld eller silver.  <\/p>\n","protected":false},"featured_media":11689,"template":"","meta":{"site-sidebar-layout":"default","site-content-layout":"","ast-site-content-layout":"default","site-content-style":"default","site-sidebar-style":"default","ast-global-header-display":"","ast-banner-title-visibility":"","ast-main-header-display":"","ast-hfb-above-header-display":"","ast-hfb-below-header-display":"","ast-hfb-mobile-header-display":"","site-post-title":"","ast-breadcrumbs-content":"","ast-featured-img":"","footer-sml-layout":"","ast-disable-related-posts":"","theme-transparent-header-meta":"default","adv-header-id-meta":"","stick-header-meta":"default","header-above-stick-meta":"","header-main-stick-meta":"","header-below-stick-meta":"","astra-migrate-meta-layouts":"default","ast-page-background-enabled":"default","ast-page-background-meta":{"desktop":{"background-color":"","background-image":"","background-repeat":"repeat","background-position":"center center","background-size":"auto","background-attachment":"scroll","background-type":"","background-media":"","overlay-type":"","overlay-color":"","overlay-opacity":"","overlay-gradient":""},"tablet":{"background-color":"","background-image":"","background-repeat":"repeat","background-position":"center center","background-size":"auto","background-attachment":"scroll","background-type":"","background-media":"","overlay-type":"","overlay-color":"","overlay-opacity":"","overlay-gradient":""},"mobile":{"background-color":"","background-image":"","background-repeat":"repeat","background-position":"center center","background-size":"auto","background-attachment":"scroll","background-type":"","background-media":"","overlay-type":"","overlay-color":"","overlay-opacity":"","overlay-gradient":""}},"ast-content-background-meta":{"desktop":{"background-color":"var(--ast-global-color-5)","background-image":"","background-repeat":"repeat","background-position":"center center","background-size":"auto","background-attachment":"scroll","background-type":"","background-media":"","overlay-type":"","overlay-color":"","overlay-opacity":"","overlay-gradient":""},"tablet":{"background-color":"var(--ast-global-color-5)","background-image":"","background-repeat":"repeat","background-position":"center center","background-size":"auto","background-attachment":"scroll","background-type":"","background-media":"","overlay-type":"","overlay-color":"","overlay-opacity":"","overlay-gradient":""},"mobile":{"background-color":"var(--ast-global-color-5)","background-image":"","background-repeat":"repeat","background-position":"center center","background-size":"auto","background-attachment":"scroll","background-type":"","background-media":"","overlay-type":"","overlay-color":"","overlay-opacity":"","overlay-gradient":""}}},"product_brand":[],"product_cat":[211,232],"product_tag":[],"class_list":{"0":"post-14064","1":"product","2":"type-product","3":"status-publish","4":"has-post-thumbnail","6":"product_cat-beredning-av-rumsfraschare","7":"product_cat-flaskor-med-rumsfraschare","8":"desktop-align-left","9":"tablet-align-left","10":"mobile-align-left","11":"ast-product-gallery-layout-horizontal","12":"ast-product-gallery-with-no-image","13":"ast-product-single-variable","14":"ast-product-tabs-layout-horizontal","16":"first","17":"instock","18":"sale","19":"taxable","20":"shipping-taxable","21":"purchasable","22":"product-type-variable"},"_links":{"self":[{"href":"https:\/\/nordicdiy.ee\/sv\/wp-json\/wp\/v2\/product\/14064","targetHints":{"allow":["GET"]}}],"collection":[{"href":"https:\/\/nordicdiy.ee\/sv\/wp-json\/wp\/v2\/product"}],"about":[{"href":"https:\/\/nordicdiy.ee\/sv\/wp-json\/wp\/v2\/types\/product"}],"wp:featuredmedia":[{"embeddable":true,"href":"https:\/\/nordicdiy.ee\/sv\/wp-json\/wp\/v2\/media\/11689"}],"wp:attachment":[{"href":"https:\/\/nordicdiy.ee\/sv\/wp-json\/wp\/v2\/media?parent=14064"}],"wp:term":[{"taxonomy":"product_brand","embeddable":true,"href":"https:\/\/nordicdiy.ee\/sv\/wp-json\/wp\/v2\/product_brand?post=14064"},{"taxonomy":"product_cat","embeddable":true,"href":"https:\/\/nordicdiy.ee\/sv\/wp-json\/wp\/v2\/product_cat?post=14064"},{"taxonomy":"product_tag","embeddable":true,"href":"https:\/\/nordicdiy.ee\/sv\/wp-json\/wp\/v2\/product_tag?post=14064"}],"curies":[{"name":"wp","href":"https:\/\/api.w.org\/{rel}","templated":true}]}}