{"id":14088,"date":"2025-02-04T19:57:44","date_gmt":"2025-02-04T16:57:44","guid":{"rendered":"https:\/\/nordicdiy.ee\/epood\/okategoriserad\/kandelaber-med-svart-glansande-lock-220ml-h138-x-d82-mm\/"},"modified":"2025-03-12T16:42:52","modified_gmt":"2025-03-12T13:42:52","slug":"kandelaber-med-svart-glansande-lock-220ml-h138-x-d82-mm","status":"publish","type":"product","link":"https:\/\/nordicdiy.ee\/sv\/epood\/tillverkning-av-stearinljus\/glas-och-lock-till-stearinljus\/kandelaber-med-svart-glansande-lock-220ml-h138-x-d82-mm\/","title":{"rendered":"Kandelaber med svart gl\u00e4nsande lock 220ml, h138 x d82 mm"},"content":{"rendered":"<p>Det h\u00e4r <strong>dekorativa glask\u00e4rlet<\/strong> \u00e4r elegant och m\u00e5ngsidigt och tillverkat av h\u00f6gkvalitativt tjockt glas som ger ett lyxigt och elegant utseende till alla hem.<\/p>\n<ul>\n<li><strong>M\u00e5tt:<\/strong> h\u00f6jd 138 mm, bredd 82 mm<\/li>\n<li><strong>Kapacitet:<\/strong> 220 ml<\/li>\n<li><strong>Material:<\/strong> tjockt glas<\/li>\n<\/ul>\n<p>Detta glask\u00e4rl \u00e4r idealiskt <strong>f\u00f6r ljusglas<\/strong> och \u00e4r ett utm\u00e4rkt val f\u00f6r att h\u00e4lla hemmagjorda ljus. Dessutom kan det anv\u00e4ndas som en <strong>vas<\/strong> f\u00f6r sm\u00e5 blommor eller <strong>som en topp f\u00f6r<\/strong> f\u00f6rvaring av sm\u00e5 f\u00f6rem\u00e5l. <\/p>\n<p>Med sin m\u00e5ngsidighet och fina finish \u00e4r detta glask\u00e4rl det perfekta valet f\u00f6r alla hem och skapar en mysig och elegant atmosf\u00e4r.<\/p>\n<p>L\u00e4mpligt f\u00f6r anv\u00e4ndning med en m\u00e4ngd olika vaxer, t.ex. sojavax, paraffin, rapsvax, bivax och palmvax. Ljusglas \u00e4r v\u00e4rmebest\u00e4ndigt, h\u00e5llbart och ett utm\u00e4rkt val f\u00f6r b\u00e5de DIY-ljusmakare och professionella ljusmakare. <\/p>\n<p>Den enkla och eleganta designen p\u00e5 detta ljus \u00e4r perfekt f\u00f6r heminredning eller som present. G\u00f6r ditt eget sojavaxljus som brinner rent och milj\u00f6v\u00e4nligt, eller gjut ett l\u00e5ngbrinnande ljus i paraffin. Bivaxljus ger en touch av natur till ett rum och rapsljus \u00e4r biologiskt nedbrytbara och milj\u00f6v\u00e4nliga.  <\/p>\n<p>Komplettera din ljuskollektion med palml\u00e4derljus med iskristalleffekt. Ljusburken p\u00e5 220 ml rymmer tillr\u00e4ckligt med vax f\u00f6r att skapa ett l\u00e5ngbrinnande och visuellt vackert ljus. Glasburken kan ocks\u00e5 anv\u00e4ndas f\u00f6r att tills\u00e4tta en m\u00e4ngd olika doftoljor och f\u00e4rger f\u00f6r att skapa den perfekta hemdoften eller ett snyggt hantverksljus.  <\/p>\n","protected":false},"excerpt":{"rendered":"<p>Detta uts\u00f6kta och m\u00e5ngsidiga <strong>dekorativa glask\u00e4rl<\/strong> \u00e4r tillverkat av h\u00f6gkvalitativt tjockt glas som ger en lyxig och elegant look till alla hem. K\u00e4rlet \u00e4r svart med ett gl\u00e4nsande fyrkantigt m\u00f6nster och \u00e4r en i\u00f6gonfallande inredningsdetalj, badrumstillbeh\u00f6r eller handduk. <\/p>\n","protected":false},"featured_media":11684,"template":"","meta":{"site-sidebar-layout":"default","site-content-layout":"","ast-site-content-layout":"default","site-content-style":"default","site-sidebar-style":"default","ast-global-header-display":"","ast-banner-title-visibility":"","ast-main-header-display":"","ast-hfb-above-header-display":"","ast-hfb-below-header-display":"","ast-hfb-mobile-header-display":"","site-post-title":"","ast-breadcrumbs-content":"","ast-featured-img":"","footer-sml-layout":"","ast-disable-related-posts":"","theme-transparent-header-meta":"default","adv-header-id-meta":"","stick-header-meta":"default","header-above-stick-meta":"","header-main-stick-meta":"","header-below-stick-meta":"","astra-migrate-meta-layouts":"default","ast-page-background-enabled":"default","ast-page-background-meta":{"desktop":{"background-color":"","background-image":"","background-repeat":"repeat","background-position":"center center","background-size":"auto","background-attachment":"scroll","background-type":"","background-media":"","overlay-type":"","overlay-color":"","overlay-opacity":"","overlay-gradient":""},"tablet":{"background-color":"","background-image":"","background-repeat":"repeat","background-position":"center center","background-size":"auto","background-attachment":"scroll","background-type":"","background-media":"","overlay-type":"","overlay-color":"","overlay-opacity":"","overlay-gradient":""},"mobile":{"background-color":"","background-image":"","background-repeat":"repeat","background-position":"center center","background-size":"auto","background-attachment":"scroll","background-type":"","background-media":"","overlay-type":"","overlay-color":"","overlay-opacity":"","overlay-gradient":""}},"ast-content-background-meta":{"desktop":{"background-color":"var(--ast-global-color-5)","background-image":"","background-repeat":"repeat","background-position":"center center","background-size":"auto","background-attachment":"scroll","background-type":"","background-media":"","overlay-type":"","overlay-color":"","overlay-opacity":"","overlay-gradient":""},"tablet":{"background-color":"var(--ast-global-color-5)","background-image":"","background-repeat":"repeat","background-position":"center center","background-size":"auto","background-attachment":"scroll","background-type":"","background-media":"","overlay-type":"","overlay-color":"","overlay-opacity":"","overlay-gradient":""},"mobile":{"background-color":"var(--ast-global-color-5)","background-image":"","background-repeat":"repeat","background-position":"center center","background-size":"auto","background-attachment":"scroll","background-type":"","background-media":"","overlay-type":"","overlay-color":"","overlay-opacity":"","overlay-gradient":""}}},"product_brand":[],"product_cat":[162,138],"product_tag":[],"class_list":{"0":"post-14088","1":"product","2":"type-product","3":"status-publish","4":"has-post-thumbnail","6":"product_cat-glas-och-lock-till-stearinljus","7":"product_cat-tillverkning-av-stearinljus","8":"desktop-align-left","9":"tablet-align-left","10":"mobile-align-left","11":"ast-product-gallery-layout-horizontal","12":"ast-product-gallery-with-no-image","13":"ast-product-tabs-layout-horizontal","15":"first","16":"instock","17":"taxable","18":"shipping-taxable","19":"purchasable","20":"product-type-simple"},"_links":{"self":[{"href":"https:\/\/nordicdiy.ee\/sv\/wp-json\/wp\/v2\/product\/14088","targetHints":{"allow":["GET"]}}],"collection":[{"href":"https:\/\/nordicdiy.ee\/sv\/wp-json\/wp\/v2\/product"}],"about":[{"href":"https:\/\/nordicdiy.ee\/sv\/wp-json\/wp\/v2\/types\/product"}],"wp:featuredmedia":[{"embeddable":true,"href":"https:\/\/nordicdiy.ee\/sv\/wp-json\/wp\/v2\/media\/11684"}],"wp:attachment":[{"href":"https:\/\/nordicdiy.ee\/sv\/wp-json\/wp\/v2\/media?parent=14088"}],"wp:term":[{"taxonomy":"product_brand","embeddable":true,"href":"https:\/\/nordicdiy.ee\/sv\/wp-json\/wp\/v2\/product_brand?post=14088"},{"taxonomy":"product_cat","embeddable":true,"href":"https:\/\/nordicdiy.ee\/sv\/wp-json\/wp\/v2\/product_cat?post=14088"},{"taxonomy":"product_tag","embeddable":true,"href":"https:\/\/nordicdiy.ee\/sv\/wp-json\/wp\/v2\/product_tag?post=14088"}],"curies":[{"name":"wp","href":"https:\/\/api.w.org\/{rel}","templated":true}]}}