{"id":14103,"date":"2025-02-04T18:06:24","date_gmt":"2025-02-04T15:06:24","guid":{"rendered":"https:\/\/nordicdiy.ee\/epood\/okategoriserad\/transparent-ljusglas-650ml-h75-x-d137mm\/"},"modified":"2025-04-01T16:33:06","modified_gmt":"2025-04-01T13:33:06","slug":"transparent-ljusglas-650ml-h75-x-d137mm","status":"publish","type":"product","link":"https:\/\/nordicdiy.ee\/sv\/epood\/tillverkning-av-stearinljus\/glas-och-lock-till-stearinljus\/transparent-ljusglas-650ml-h75-x-d137mm\/","title":{"rendered":"Transparent ljusglas 650ml, h75 x d137mm"},"content":{"rendered":"<p>Det klara ljusglaset p\u00e5 650 ml \u00e4r ett utm\u00e4rkt val f\u00f6r s\u00e5v\u00e4l nyb\u00f6rjare som professionella ljusmakare. Glaset \u00e4r l\u00e4mpligt f\u00f6r anv\u00e4ndning med en m\u00e4ngd olika ljusvaxer, inklusive sojavax, paraffinvax, rapsvax, bivax och palmvax. Den v\u00e4rmebest\u00e4ndiga och h\u00e5llbara designen garanterar s\u00e4kerhet och l\u00e5ngvarig anv\u00e4ndning.  <\/p>\n<p>Den minimalistiska och eleganta designen p\u00e5 detta klara ljusglas kompletterar alla heminredningar eller \u00e4r perfekt f\u00f6r att skapa en vacker hantverksg\u00e5va. G\u00f6r ett sojavaxljus f\u00f6r en ren och milj\u00f6v\u00e4nlig brinntid, eller h\u00e4ll ett paraffinljus f\u00f6r en utm\u00e4rkt brinntid. Anv\u00e4nd en <a href=\"https:\/\/nordicdiy.ee\/sv\/produkt-kategori\/tillverkning-av-stearinljus\/vekar-och-socklar-till-stearinljus\/\">veke av tr\u00e4 f\u00f6r<\/a> att g\u00f6ra ljuset \u00e4nnu mer exklusivt.  <\/p>\n<p>Med hj\u00e4lp av palmvax kan du skapa unika ljus med iskristalleffekt som \u00e4r visuellt fantastiska. Glasburkens kapacitet p\u00e5 650 ml g\u00f6r att du kan g\u00f6ra l\u00e5ngtidsbrinnande ljus som \u00e4r perfekta f\u00f6r att tills\u00e4tta dofter och f\u00e4rger f\u00f6r att skapa personliga doftljus eller m\u00e4sterverk f\u00f6r att dekorera ditt hem med stil. <\/p>\n<p>V\u00e4lj det h\u00e4r ljusglaset f\u00f6r att skapa h\u00f6gkvalitativa och estetiska ljus som \u00e4r b\u00e5de praktiska och vackra.<\/p>\n","protected":false},"excerpt":{"rendered":"<p>Det l\u00e5ga och breda 650 ml klara ljusglaset \u00e4r det perfekta valet f\u00f6r hantverksljus. L\u00e4mpligt f\u00f6r anv\u00e4ndning med en m\u00e4ngd olika vaxer som sojavax, paraffinvax, rapsvax, bivax och palmvax. Ljusglaset \u00e4r v\u00e4rmet\u00e5ligt, h\u00e5llbart och ett utm\u00e4rkt val f\u00f6r DIY-ljusmakare s\u00e5v\u00e4l som professionella ljusmakare.  <\/p>\n","protected":false},"featured_media":11664,"template":"","meta":{"site-sidebar-layout":"default","site-content-layout":"","ast-site-content-layout":"default","site-content-style":"default","site-sidebar-style":"default","ast-global-header-display":"","ast-banner-title-visibility":"","ast-main-header-display":"","ast-hfb-above-header-display":"","ast-hfb-below-header-display":"","ast-hfb-mobile-header-display":"","site-post-title":"","ast-breadcrumbs-content":"","ast-featured-img":"","footer-sml-layout":"","ast-disable-related-posts":"","theme-transparent-header-meta":"default","adv-header-id-meta":"","stick-header-meta":"default","header-above-stick-meta":"","header-main-stick-meta":"","header-below-stick-meta":"","astra-migrate-meta-layouts":"default","ast-page-background-enabled":"default","ast-page-background-meta":{"desktop":{"background-color":"","background-image":"","background-repeat":"repeat","background-position":"center center","background-size":"auto","background-attachment":"scroll","background-type":"","background-media":"","overlay-type":"","overlay-color":"","overlay-opacity":"","overlay-gradient":""},"tablet":{"background-color":"","background-image":"","background-repeat":"repeat","background-position":"center center","background-size":"auto","background-attachment":"scroll","background-type":"","background-media":"","overlay-type":"","overlay-color":"","overlay-opacity":"","overlay-gradient":""},"mobile":{"background-color":"","background-image":"","background-repeat":"repeat","background-position":"center center","background-size":"auto","background-attachment":"scroll","background-type":"","background-media":"","overlay-type":"","overlay-color":"","overlay-opacity":"","overlay-gradient":""}},"ast-content-background-meta":{"desktop":{"background-color":"var(--ast-global-color-5)","background-image":"","background-repeat":"repeat","background-position":"center center","background-size":"auto","background-attachment":"scroll","background-type":"","background-media":"","overlay-type":"","overlay-color":"","overlay-opacity":"","overlay-gradient":""},"tablet":{"background-color":"var(--ast-global-color-5)","background-image":"","background-repeat":"repeat","background-position":"center center","background-size":"auto","background-attachment":"scroll","background-type":"","background-media":"","overlay-type":"","overlay-color":"","overlay-opacity":"","overlay-gradient":""},"mobile":{"background-color":"var(--ast-global-color-5)","background-image":"","background-repeat":"repeat","background-position":"center center","background-size":"auto","background-attachment":"scroll","background-type":"","background-media":"","overlay-type":"","overlay-color":"","overlay-opacity":"","overlay-gradient":""}}},"product_brand":[],"product_cat":[162,138],"product_tag":[],"class_list":{"0":"post-14103","1":"product","2":"type-product","3":"status-publish","4":"has-post-thumbnail","6":"product_cat-glas-och-lock-till-stearinljus","7":"product_cat-tillverkning-av-stearinljus","8":"desktop-align-left","9":"tablet-align-left","10":"mobile-align-left","11":"ast-product-gallery-layout-horizontal","12":"ast-product-gallery-with-no-image","13":"ast-product-tabs-layout-horizontal","15":"first","16":"instock","17":"taxable","18":"shipping-taxable","19":"purchasable","20":"product-type-simple"},"_links":{"self":[{"href":"https:\/\/nordicdiy.ee\/sv\/wp-json\/wp\/v2\/product\/14103","targetHints":{"allow":["GET"]}}],"collection":[{"href":"https:\/\/nordicdiy.ee\/sv\/wp-json\/wp\/v2\/product"}],"about":[{"href":"https:\/\/nordicdiy.ee\/sv\/wp-json\/wp\/v2\/types\/product"}],"wp:featuredmedia":[{"embeddable":true,"href":"https:\/\/nordicdiy.ee\/sv\/wp-json\/wp\/v2\/media\/11664"}],"wp:attachment":[{"href":"https:\/\/nordicdiy.ee\/sv\/wp-json\/wp\/v2\/media?parent=14103"}],"wp:term":[{"taxonomy":"product_brand","embeddable":true,"href":"https:\/\/nordicdiy.ee\/sv\/wp-json\/wp\/v2\/product_brand?post=14103"},{"taxonomy":"product_cat","embeddable":true,"href":"https:\/\/nordicdiy.ee\/sv\/wp-json\/wp\/v2\/product_cat?post=14103"},{"taxonomy":"product_tag","embeddable":true,"href":"https:\/\/nordicdiy.ee\/sv\/wp-json\/wp\/v2\/product_tag?post=14103"}],"curies":[{"name":"wp","href":"https:\/\/api.w.org\/{rel}","templated":true}]}}