{"id":14523,"date":"2025-01-24T16:55:36","date_gmt":"2025-01-24T13:55:36","guid":{"rendered":"https:\/\/nordicdiy.ee\/epood\/okategoriserad\/transparent-ljusglas-400ml-h100-x-d90-mm\/"},"modified":"2025-12-10T12:13:44","modified_gmt":"2025-12-10T09:13:44","slug":"transparent-ljusglas-400ml-h100-x-d90-mm","status":"publish","type":"product","link":"https:\/\/nordicdiy.ee\/sv\/epood\/tillverkning-av-stearinljus\/glas-och-lock-till-stearinljus\/transparent-ljusglas-400ml-h100-x-d90-mm\/","title":{"rendered":"Transparent ljusglas 400ml, h100 x d90 mm"},"content":{"rendered":"<p>Detta klara ljusglas p\u00e5 400 ml \u00e4r det perfekta valet f\u00f6r hantverksljus. L\u00e4mpligt f\u00f6r anv\u00e4ndning med en m\u00e4ngd olika vaxer som sojavax, paraffinvax, rapsvax, bivax och palmvax. Ljusglaset \u00e4r v\u00e4rmet\u00e5ligt, h\u00e5llbart och ett utm\u00e4rkt val f\u00f6r DIY-ljusmakare s\u00e5v\u00e4l som professionella ljusmakare.  <\/p>\n<p>Den enkla och eleganta designen p\u00e5 detta ljus \u00e4r perfekt f\u00f6r heminredning eller som present. G\u00f6r ditt eget sojavaxljus som brinner rent och milj\u00f6v\u00e4nligt, eller gjut ett l\u00e5ngbrinnande ljus i paraffin. Bivaxljus ger en touch av natur till ett rum och rapsljus \u00e4r biologiskt nedbrytbara och milj\u00f6v\u00e4nliga.  <\/p>\n<p>Komplettera din ljuskollektion med ljus i palml\u00e4der med iskristalleffekt. Ljuskrukan p\u00e5 400 ml rymmer tillr\u00e4ckligt med vax f\u00f6r att skapa ett l\u00e5ngbrinnande och visuellt vackert ljus. Glasburken \u00e4r ocks\u00e5 l\u00e4mplig f\u00f6r att l\u00e4gga till en m\u00e4ngd olika dofter och f\u00e4rger f\u00f6r att skapa den perfekta hemdoften eller det eleganta hantverksljuset.  <\/p>\n<p>Glash\u00f6jd: 10 cm<br \/>\nToppdiameter: 10 cm<br \/>\nBottendiameter: 9 cm<br \/>\nKapacitet: 400 ml<\/p>\n","protected":false},"excerpt":{"rendered":"<p>Detta klara ljusglas p\u00e5 400 ml \u00e4r det perfekta valet f\u00f6r hantverksljus. L\u00e4mpligt f\u00f6r anv\u00e4ndning med en m\u00e4ngd olika vaxer som sojavax, paraffinvax, rapsvax, bivax och palmvax. Ljusglaset \u00e4r v\u00e4rmet\u00e5ligt, h\u00e5llbart och ett utm\u00e4rkt val f\u00f6r DIY-ljusmakare s\u00e5v\u00e4l som professionella ljusmakare.  <\/p>\n","protected":false},"featured_media":7234,"template":"","meta":{"site-sidebar-layout":"default","site-content-layout":"","ast-site-content-layout":"default","site-content-style":"default","site-sidebar-style":"default","ast-global-header-display":"","ast-banner-title-visibility":"","ast-main-header-display":"","ast-hfb-above-header-display":"","ast-hfb-below-header-display":"","ast-hfb-mobile-header-display":"","site-post-title":"","ast-breadcrumbs-content":"","ast-featured-img":"","footer-sml-layout":"","ast-disable-related-posts":"","theme-transparent-header-meta":"default","adv-header-id-meta":"","stick-header-meta":"default","header-above-stick-meta":"","header-main-stick-meta":"","header-below-stick-meta":"","astra-migrate-meta-layouts":"default","ast-page-background-enabled":"default","ast-page-background-meta":{"desktop":{"background-color":"","background-image":"","background-repeat":"repeat","background-position":"center center","background-size":"auto","background-attachment":"scroll","background-type":"","background-media":"","overlay-type":"","overlay-color":"","overlay-opacity":"","overlay-gradient":""},"tablet":{"background-color":"","background-image":"","background-repeat":"repeat","background-position":"center center","background-size":"auto","background-attachment":"scroll","background-type":"","background-media":"","overlay-type":"","overlay-color":"","overlay-opacity":"","overlay-gradient":""},"mobile":{"background-color":"","background-image":"","background-repeat":"repeat","background-position":"center center","background-size":"auto","background-attachment":"scroll","background-type":"","background-media":"","overlay-type":"","overlay-color":"","overlay-opacity":"","overlay-gradient":""}},"ast-content-background-meta":{"desktop":{"background-color":"var(--ast-global-color-5)","background-image":"","background-repeat":"repeat","background-position":"center center","background-size":"auto","background-attachment":"scroll","background-type":"","background-media":"","overlay-type":"","overlay-color":"","overlay-opacity":"","overlay-gradient":""},"tablet":{"background-color":"var(--ast-global-color-5)","background-image":"","background-repeat":"repeat","background-position":"center center","background-size":"auto","background-attachment":"scroll","background-type":"","background-media":"","overlay-type":"","overlay-color":"","overlay-opacity":"","overlay-gradient":""},"mobile":{"background-color":"var(--ast-global-color-5)","background-image":"","background-repeat":"repeat","background-position":"center center","background-size":"auto","background-attachment":"scroll","background-type":"","background-media":"","overlay-type":"","overlay-color":"","overlay-opacity":"","overlay-gradient":""}}},"product_brand":[],"product_cat":[162,138],"product_tag":[],"class_list":{"0":"post-14523","1":"product","2":"type-product","3":"status-publish","4":"has-post-thumbnail","6":"product_cat-glas-och-lock-till-stearinljus","7":"product_cat-tillverkning-av-stearinljus","8":"desktop-align-left","9":"tablet-align-left","10":"mobile-align-left","11":"ast-product-gallery-layout-horizontal","12":"ast-product-gallery-with-no-image","13":"ast-product-tabs-layout-horizontal","15":"first","16":"instock","17":"taxable","18":"shipping-taxable","19":"purchasable","20":"product-type-simple"},"_links":{"self":[{"href":"https:\/\/nordicdiy.ee\/sv\/wp-json\/wp\/v2\/product\/14523","targetHints":{"allow":["GET"]}}],"collection":[{"href":"https:\/\/nordicdiy.ee\/sv\/wp-json\/wp\/v2\/product"}],"about":[{"href":"https:\/\/nordicdiy.ee\/sv\/wp-json\/wp\/v2\/types\/product"}],"wp:featuredmedia":[{"embeddable":true,"href":"https:\/\/nordicdiy.ee\/sv\/wp-json\/wp\/v2\/media\/7234"}],"wp:attachment":[{"href":"https:\/\/nordicdiy.ee\/sv\/wp-json\/wp\/v2\/media?parent=14523"}],"wp:term":[{"taxonomy":"product_brand","embeddable":true,"href":"https:\/\/nordicdiy.ee\/sv\/wp-json\/wp\/v2\/product_brand?post=14523"},{"taxonomy":"product_cat","embeddable":true,"href":"https:\/\/nordicdiy.ee\/sv\/wp-json\/wp\/v2\/product_cat?post=14523"},{"taxonomy":"product_tag","embeddable":true,"href":"https:\/\/nordicdiy.ee\/sv\/wp-json\/wp\/v2\/product_tag?post=14523"}],"curies":[{"name":"wp","href":"https:\/\/api.w.org\/{rel}","templated":true}]}}