{"id":14533,"date":"2025-01-24T15:28:00","date_gmt":"2025-01-24T12:28:00","guid":{"rendered":"https:\/\/nordicdiy.ee\/epood\/okategoriserad\/ljusstake-glas-frostat-ljusrosa-280-ml-h96-x-d80-mm\/"},"modified":"2026-01-15T18:04:38","modified_gmt":"2026-01-15T15:04:38","slug":"ljusstake-glas-frostat-ljusrosa-280-ml-h96-x-d80-mm","status":"publish","type":"product","link":"https:\/\/nordicdiy.ee\/sv\/epood\/tillverkning-av-stearinljus\/glas-och-lock-till-stearinljus\/ljusstake-glas-frostat-ljusrosa-280-ml-h96-x-d80-mm\/","title":{"rendered":"Ljusglas ljusrosa matt 280 ml, h96 x d80 mm"},"content":{"rendered":"<p>Elegant, matt och delikat ljusrosa ljusglas 280 ml \u00e4r det perfekta valet f\u00f6r hantverksljus. L\u00e4mplig f\u00f6r anv\u00e4ndning med en m\u00e4ngd olika vaxer s\u00e5som Tv\u00e5lvax, paraffinvax, rapsvax, bivax och palmvax. Den v\u00e4rmebest\u00e4ndiga glasburken garanterar s\u00e4ker och h\u00e5llbar ljusbr\u00e4nning samtidigt som den ger ett snyggt utseende.  <\/p>\n<p>Det pastellf\u00e4rgade och matta ljusglaset i ljusrosa ger en modern och elegant accent till dina ljus, vilket g\u00f6r det till ett utm\u00e4rkt val f\u00f6r b\u00e5de heminredning och presenter. Med ett glas p\u00e5 h96 mm och en diameter p\u00e5 80 mm \u00e4r det den perfekta storleken f\u00f6r att g\u00f6ra ett ljus av Tv\u00e5lvax som brinner rent och l\u00e4ngre eller ett paraffinljus som ger en l\u00e5ng brinntid. <\/p>\n<p>Med det h\u00e4r ljusglaset kan du skapa bivax- eller rapsvaxljus som \u00e4r milj\u00f6v\u00e4nliga och biologiskt nedbrytbara. Det \u00e4r ocks\u00e5 l\u00e4mpligt f\u00f6r tillverkning av ljus av palml\u00e4der, d\u00e4r den kristallina strukturen ger ljusen ett speciellt utseende. Det fina ljusrosa glaset rymmer upp till 280 ml vax, s\u00e5 att du kan tills\u00e4tta doftoljor och f\u00e4rg\u00e4mnen f\u00f6r att skapa unika doftljus.<\/p>\n","protected":false},"excerpt":{"rendered":"<p>Pastellf\u00e4rgat, matt och delikat, det ljusrosa ljusglaset 280 ml \u00e4r det perfekta valet f\u00f6r hantverksljus. L\u00e4mplig f\u00f6r anv\u00e4ndning med en m\u00e4ngd olika vaxer s\u00e5som Tv\u00e5lvax, paraffinvax, rapsvax, bivax och palmvax. Den v\u00e4rmebest\u00e4ndiga glasburken garanterar en s\u00e4ker och h\u00e5llbar ljusbr\u00e4nning samtidigt som den ger ett snyggt utseende.  <\/p>\n","protected":false},"featured_media":7224,"template":"","meta":{"site-sidebar-layout":"default","site-content-layout":"","ast-site-content-layout":"default","site-content-style":"default","site-sidebar-style":"default","ast-global-header-display":"","ast-banner-title-visibility":"","ast-main-header-display":"","ast-hfb-above-header-display":"","ast-hfb-below-header-display":"","ast-hfb-mobile-header-display":"","site-post-title":"","ast-breadcrumbs-content":"","ast-featured-img":"","footer-sml-layout":"","ast-disable-related-posts":"","theme-transparent-header-meta":"default","adv-header-id-meta":"","stick-header-meta":"default","header-above-stick-meta":"","header-main-stick-meta":"","header-below-stick-meta":"","astra-migrate-meta-layouts":"default","ast-page-background-enabled":"default","ast-page-background-meta":{"desktop":{"background-color":"","background-image":"","background-repeat":"repeat","background-position":"center center","background-size":"auto","background-attachment":"scroll","background-type":"","background-media":"","overlay-type":"","overlay-color":"","overlay-opacity":"","overlay-gradient":""},"tablet":{"background-color":"","background-image":"","background-repeat":"repeat","background-position":"center center","background-size":"auto","background-attachment":"scroll","background-type":"","background-media":"","overlay-type":"","overlay-color":"","overlay-opacity":"","overlay-gradient":""},"mobile":{"background-color":"","background-image":"","background-repeat":"repeat","background-position":"center center","background-size":"auto","background-attachment":"scroll","background-type":"","background-media":"","overlay-type":"","overlay-color":"","overlay-opacity":"","overlay-gradient":""}},"ast-content-background-meta":{"desktop":{"background-color":"var(--ast-global-color-5)","background-image":"","background-repeat":"repeat","background-position":"center center","background-size":"auto","background-attachment":"scroll","background-type":"","background-media":"","overlay-type":"","overlay-color":"","overlay-opacity":"","overlay-gradient":""},"tablet":{"background-color":"var(--ast-global-color-5)","background-image":"","background-repeat":"repeat","background-position":"center center","background-size":"auto","background-attachment":"scroll","background-type":"","background-media":"","overlay-type":"","overlay-color":"","overlay-opacity":"","overlay-gradient":""},"mobile":{"background-color":"var(--ast-global-color-5)","background-image":"","background-repeat":"repeat","background-position":"center center","background-size":"auto","background-attachment":"scroll","background-type":"","background-media":"","overlay-type":"","overlay-color":"","overlay-opacity":"","overlay-gradient":""}}},"product_brand":[],"product_cat":[162,138],"product_tag":[],"class_list":{"0":"post-14533","1":"product","2":"type-product","3":"status-publish","4":"has-post-thumbnail","6":"product_cat-glas-och-lock-till-stearinljus","7":"product_cat-tillverkning-av-stearinljus","8":"desktop-align-left","9":"tablet-align-left","10":"mobile-align-left","11":"ast-product-gallery-layout-horizontal","12":"ast-product-gallery-with-no-image","13":"ast-product-tabs-layout-horizontal","15":"first","16":"instock","17":"taxable","18":"shipping-taxable","19":"purchasable","20":"product-type-simple"},"_links":{"self":[{"href":"https:\/\/nordicdiy.ee\/sv\/wp-json\/wp\/v2\/product\/14533","targetHints":{"allow":["GET"]}}],"collection":[{"href":"https:\/\/nordicdiy.ee\/sv\/wp-json\/wp\/v2\/product"}],"about":[{"href":"https:\/\/nordicdiy.ee\/sv\/wp-json\/wp\/v2\/types\/product"}],"wp:featuredmedia":[{"embeddable":true,"href":"https:\/\/nordicdiy.ee\/sv\/wp-json\/wp\/v2\/media\/7224"}],"wp:attachment":[{"href":"https:\/\/nordicdiy.ee\/sv\/wp-json\/wp\/v2\/media?parent=14533"}],"wp:term":[{"taxonomy":"product_brand","embeddable":true,"href":"https:\/\/nordicdiy.ee\/sv\/wp-json\/wp\/v2\/product_brand?post=14533"},{"taxonomy":"product_cat","embeddable":true,"href":"https:\/\/nordicdiy.ee\/sv\/wp-json\/wp\/v2\/product_cat?post=14533"},{"taxonomy":"product_tag","embeddable":true,"href":"https:\/\/nordicdiy.ee\/sv\/wp-json\/wp\/v2\/product_tag?post=14533"}],"curies":[{"name":"wp","href":"https:\/\/api.w.org\/{rel}","templated":true}]}}