{"id":14534,"date":"2025-01-02T15:44:55","date_gmt":"2025-01-02T12:44:55","guid":{"rendered":"https:\/\/nordicdiy.ee\/epood\/okategoriserad\/stearin\/"},"modified":"2025-08-22T10:52:39","modified_gmt":"2025-08-22T07:52:39","slug":"stearin","status":"publish","type":"product","link":"https:\/\/nordicdiy.ee\/sv\/epood\/tillverkning-av-stearinljus\/vaxer-for-stearinljus\/stearin\/","title":{"rendered":"Stearin"},"content":{"rendered":"<p>Stearin tills\u00e4tts i ljusvax (t.ex. paraffin eller sojavax) f\u00f6r att g\u00f6ra ljusen h\u00e5rdare, f\u00f6rb\u00e4ttra deras form och f\u00f6rl\u00e4nga deras brinntid. S\u00e4rskilt l\u00e4mpligt f\u00f6r formade ljus, t.ex. cylindriska ljus eller kubformade ljus, eftersom ljusen blir mer h\u00e5llbara och l\u00e4ttare att hantera. Stearin f\u00f6rb\u00e4ttrar ocks\u00e5 bindningen av<a href=\"https:\/\/nordicdiy.ee\/sv\/produkt-kategori\/tillverkning-av-stearinljus\/farger-pa-stearinljus\/\" target=\"_blank\" rel=\"noopener\"> ljusf\u00e4rger<\/a> och <a href=\"https:\/\/nordicdiy.ee\/sv\/produkt-kategori\/aromoljor\/\" target=\"_blank\" rel=\"noopener\">doftoljor<\/a> till vaxet, vilket hj\u00e4lper dofterna och f\u00e4rgerna att f\u00f6rbli stabila under ljusbr\u00e4nningen.<br \/>\nStearin anv\u00e4nds i ljusvax f\u00f6r att f\u00f6rb\u00e4ttra ljusens br\u00e4nnbarhet, minska sotbildning och f\u00f6rhindra sm\u00e4ltning under varma f\u00f6rh\u00e5llanden. Stearin tills\u00e4tts ocks\u00e5 i tv\u00e5lar, t.ex. f\u00f6r att g\u00f6ra dem h\u00e5rdare och f\u00f6r att \u00f6ka m\u00e4ngden skum.   <\/p>\n<p><strong>Anv\u00e4nda stearin med ljus<\/strong>vax<br \/>\nStearin blandas vanligtvis med paraffin, sojavax eller bivax, eftersom det inte fungerar som ljusvax p\u00e5 egen hand (sm\u00e4ltpunkten \u00e4r f\u00f6r h\u00f6g). H\u00e4r \u00e4r de grundl\u00e4ggande proportionerna och instruktionerna: <\/p>\n<ul>\n<li>Med paraffin 10-30% . 10% stearin ger grundl\u00e4ggande styrka och matt yta. 25-30% stearin ger maximal styrka och v\u00e4rmebest\u00e4ndighet.  <\/li>\n<li style=\"text-align: left;\">Med sojavax: mindre stearin tills\u00e4tts, vanligtvis 5-10%, eftersom sojavax redan \u00e4r naturligt t\u00e4tt.<\/li>\n<li style=\"list-style-type: none;\"><strong><br \/>\nSm\u00e4ltpunkt<br \/>\n<\/strong>Sm\u00e4ltpunkten f\u00f6r stearin \u00e4r 54-72\u00b0C, beroende p\u00e5 ursprung och renhet. <span style=\"font-size: 16px;\">En sm\u00e4lttemperatur p\u00e5 70-80\u00b0C rekommenderas f\u00f6r att s\u00e4kerst\u00e4lla en j\u00e4mn blandning med andra vaxer.<\/span><\/li>\n<\/ul>\n","protected":false},"excerpt":{"rendered":"<p>Stearin tills\u00e4tts i ljusvax (t.ex. paraffin eller sojavax) f\u00f6r att g\u00f6ra ljusen h\u00e5rdare, f\u00f6rb\u00e4ttra deras form och f\u00f6rl\u00e4nga deras brinntid. S\u00e4rskilt l\u00e4mpligt f\u00f6r formade ljus, t.ex. cylindriska ljus eller kubformade ljus, eftersom ljusen blir mer h\u00e5llbara och l\u00e4ttare att hantera. Stearin f\u00f6rb\u00e4ttrar ocks\u00e5 bindningen av f\u00e4rg\u00e4mnen och doftoljor till vaxet, vilket bidrar till att dofter och f\u00e4rger f\u00f6rblir stabila under ljusbr\u00e4nningen.  <\/p>\n","protected":false},"featured_media":7229,"template":"","meta":{"site-sidebar-layout":"default","site-content-layout":"","ast-site-content-layout":"default","site-content-style":"default","site-sidebar-style":"default","ast-global-header-display":"","ast-banner-title-visibility":"","ast-main-header-display":"","ast-hfb-above-header-display":"","ast-hfb-below-header-display":"","ast-hfb-mobile-header-display":"","site-post-title":"","ast-breadcrumbs-content":"","ast-featured-img":"","footer-sml-layout":"","ast-disable-related-posts":"","theme-transparent-header-meta":"default","adv-header-id-meta":"","stick-header-meta":"default","header-above-stick-meta":"","header-main-stick-meta":"","header-below-stick-meta":"","astra-migrate-meta-layouts":"default","ast-page-background-enabled":"default","ast-page-background-meta":{"desktop":{"background-color":"","background-image":"","background-repeat":"repeat","background-position":"center center","background-size":"auto","background-attachment":"scroll","background-type":"","background-media":"","overlay-type":"","overlay-color":"","overlay-opacity":"","overlay-gradient":""},"tablet":{"background-color":"","background-image":"","background-repeat":"repeat","background-position":"center center","background-size":"auto","background-attachment":"scroll","background-type":"","background-media":"","overlay-type":"","overlay-color":"","overlay-opacity":"","overlay-gradient":""},"mobile":{"background-color":"","background-image":"","background-repeat":"repeat","background-position":"center center","background-size":"auto","background-attachment":"scroll","background-type":"","background-media":"","overlay-type":"","overlay-color":"","overlay-opacity":"","overlay-gradient":""}},"ast-content-background-meta":{"desktop":{"background-color":"var(--ast-global-color-5)","background-image":"","background-repeat":"repeat","background-position":"center center","background-size":"auto","background-attachment":"scroll","background-type":"","background-media":"","overlay-type":"","overlay-color":"","overlay-opacity":"","overlay-gradient":""},"tablet":{"background-color":"var(--ast-global-color-5)","background-image":"","background-repeat":"repeat","background-position":"center center","background-size":"auto","background-attachment":"scroll","background-type":"","background-media":"","overlay-type":"","overlay-color":"","overlay-opacity":"","overlay-gradient":""},"mobile":{"background-color":"var(--ast-global-color-5)","background-image":"","background-repeat":"repeat","background-position":"center center","background-size":"auto","background-attachment":"scroll","background-type":"","background-media":"","overlay-type":"","overlay-color":"","overlay-opacity":"","overlay-gradient":""}}},"product_brand":[],"product_cat":[138,139],"product_tag":[],"class_list":{"0":"post-14534","1":"product","2":"type-product","3":"status-publish","4":"has-post-thumbnail","6":"product_cat-tillverkning-av-stearinljus","7":"product_cat-vaxer-for-stearinljus","8":"desktop-align-left","9":"tablet-align-left","10":"mobile-align-left","11":"ast-product-gallery-layout-horizontal","12":"ast-product-gallery-with-no-image","13":"ast-product-single-variable","14":"ast-product-tabs-layout-horizontal","16":"first","17":"instock","18":"taxable","19":"shipping-taxable","20":"purchasable","21":"product-type-variable"},"_links":{"self":[{"href":"https:\/\/nordicdiy.ee\/sv\/wp-json\/wp\/v2\/product\/14534","targetHints":{"allow":["GET"]}}],"collection":[{"href":"https:\/\/nordicdiy.ee\/sv\/wp-json\/wp\/v2\/product"}],"about":[{"href":"https:\/\/nordicdiy.ee\/sv\/wp-json\/wp\/v2\/types\/product"}],"wp:featuredmedia":[{"embeddable":true,"href":"https:\/\/nordicdiy.ee\/sv\/wp-json\/wp\/v2\/media\/7229"}],"wp:attachment":[{"href":"https:\/\/nordicdiy.ee\/sv\/wp-json\/wp\/v2\/media?parent=14534"}],"wp:term":[{"taxonomy":"product_brand","embeddable":true,"href":"https:\/\/nordicdiy.ee\/sv\/wp-json\/wp\/v2\/product_brand?post=14534"},{"taxonomy":"product_cat","embeddable":true,"href":"https:\/\/nordicdiy.ee\/sv\/wp-json\/wp\/v2\/product_cat?post=14534"},{"taxonomy":"product_tag","embeddable":true,"href":"https:\/\/nordicdiy.ee\/sv\/wp-json\/wp\/v2\/product_tag?post=14534"}],"curies":[{"name":"wp","href":"https:\/\/api.w.org\/{rel}","templated":true}]}}