{"id":14678,"date":"2025-01-02T14:07:20","date_gmt":"2025-01-02T11:07:20","guid":{"rendered":"https:\/\/nordicdiy.ee\/epood\/okategoriserad\/vatten-tval-doftolja-magical-cashmere\/"},"modified":"2026-04-06T01:57:44","modified_gmt":"2026-04-05T22:57:44","slug":"vatten-tval-doftolja-magical-cashmere","status":"publish","type":"product","link":"https:\/\/nordicdiy.ee\/sv\/epood\/beredning-av-kosmetika\/doftoljor-for-kosmetika-och-tvalar\/vatten-tval-doftolja-magical-cashmere\/","title":{"rendered":"Magical Cashmere doftolja f\u00f6r kosmetika och tv\u00e5l"},"content":{"rendered":"<p><strong data-start=\"374\" data-end=\"394\">Magical Cashmere<\/strong> \u00e4r en delikat och elegant doft som b\u00f6rjar med en l\u00e4tt citrusaktig \u00e4ppelfriskhet. I doftens hj\u00e4rta blommar liljekonvalj och magnolia, vilket skapar en fr\u00e4sch och feminin v\u00e5rk\u00e4nsla. Doften \u00e4r baserad p\u00e5 mjuka kashmirtr\u00e4slag, djup patchouli, s\u00f6t vanilj och sensuell mysk - vilket resulterar i en silkeslen och varm hudk\u00e4nsla.  <\/p>\n<p>Det \u00e4r en <strong>vattenbaserad doftolja<\/strong> som \u00e4r perfekt f\u00f6r kosmetika, kr\u00e4mer, tv\u00e5lar och schampon samt tv\u00e4tt- och reng\u00f6ringsmedel. Tack vare sin sammans\u00e4ttning blandar den sig v\u00e4l i olika recept och ger en j\u00e4mn och l\u00e5ngvarig doft. <\/p>\n<p>Magical Cashmere ing\u00e5r i <strong>ASPOL Fragrance AF72-serien, som \u00e4r UFI GREEN-certifierad med en anv\u00e4ndningsgrad p\u00e5 upp till 11%.<\/strong><\/p>\n<p><strong>Att f\u00f6lja IFRA-kategorierna \u00e4r obligatoriskt f\u00f6r alla som tillverkar doft- och kosmetikaprodukter - de anger gr\u00e4nser f\u00f6r s\u00e4ker anv\u00e4ndning!<br \/>\n<\/strong><\/p>\n<p>F\u00f6r kr\u00e4mer och duschgeler \u00e4r den genomsnittliga anv\u00e4ndningsniv\u00e5n 0,5-1%. Vi rekommenderar dock alltid att du provar en mindre m\u00e4ngd f\u00f6rst, eftersom olika doftoljor har olika styrka. F\u00f6r att till exempel g\u00f6ra 500 ml flytande tv\u00e5l kan du tills\u00e4tta ca 2,5-5 ml doftolja.  <\/p>\n<p>F\u00e5r inte anv\u00e4ndas i l\u00e4pprodukter eller munv\u00e5rdsprodukter.<\/p>\n<p>Inte l\u00e4mplig f\u00f6r ljusst\u00f6pning, men <strong>l\u00e4mplig f\u00f6r anv\u00e4ndning i doftlampor, elektriska doftlampor och doftdiffusorer<\/strong> (vattenbaserade).<\/p>\n<p>Doftoljor kan g\u00f6ra duschgeler mj\u00f6lkiga eller flytande, f\u00f6r att l\u00f6sa detta rekommenderas att anv\u00e4nda W405 stabilisator. W405 stabilisator anv\u00e4nds vanligtvis f\u00f6r att \u00f6ka viskositeten hos flytande tv\u00e5lar, schampon, duschgeler och andra tensidbaserade (ytaktiva) reng\u00f6ringsmedel, dvs. f\u00f6r att g\u00f6ra produkten tjockare och mer stabil. Denna ingrediens bidrar till att uppn\u00e5 den behagliga gelliknande konsistens som konsumenterna f\u00f6rv\u00e4ntar sig av en tv\u00e5l eller ett schampo.  <\/p>\n<p><strong>B\u00e4st f\u00f6re:<\/strong> ASPOL Fragrance doftoljor har en rekommenderad h\u00e5llbarhetstid p\u00e5 1 \u00e5r. ASPOL FRANCOLE dofter rekommenderas f\u00f6r 1 \u00e5rs anv\u00e4ndning. Vid korrekt f\u00f6rvaring - skyddade fr\u00e5n solljus, p\u00e5 en torr och sval plats - kommer produkterna att vara anv\u00e4ndbara i flera \u00e5r. <\/p>\n<p>VARNING!<br \/>\n<img decoding=\"async\" class=\"\" src=\"https:\/\/nordicdiy.ee\/wp-content\/uploads\/2025\/01\/terviseoht.jpg\" width=\"70\" height=\"70\"> <img decoding=\"async\" class=\"\" src=\"https:\/\/nordicdiy.ee\/wp-content\/uploads\/2025\/02\/keskkonnaoht.jpg\" width=\"70\" height=\"70\"><\/p>\n","protected":false},"excerpt":{"rendered":"<p><strong>Magical Cashmere<\/strong> vattenbaserad doftolja (AF72 8413) - en mjuk, lyxig och blommig varm doft, perfekt f\u00f6r handgjorda tv\u00e5lar och kosmetika. UFI Green-certifierad, ett s\u00e4kert och h\u00f6gkvalitativt val (anv\u00e4ndningsgrad upp till 11%). F\u00f6r detaljerad information om anv\u00e4ndning och till\u00e5tna koncentrationer, se dokumentationsavsnittet i produktspecifikationen. <strong data-start=\"1163\" data-end=\"1209\">Efterlevnad av IFRA-kategorierna \u00e4r obligatorisk f\u00f6r<\/strong> alla som tillverkar doft- och kosmetiska produkter - de anger s\u00e4kra anv\u00e4ndningsgr\u00e4nser. B\u00e4st f\u00f6re: 31.07.2026.   <\/p>\n<p><strong>Doftnoter<\/strong><br \/>\nToppnoter: citrus\u00e4pple<br \/>\nHj\u00e4rtnoter: liljekonvalj, liljekonvalj, mango<br \/>\nBasnoter: kashmir, patchouli, vanilj, mysk.<\/p>\n","protected":false},"featured_media":18745,"template":"","meta":{"site-sidebar-layout":"default","site-content-layout":"","ast-site-content-layout":"default","site-content-style":"default","site-sidebar-style":"default","ast-global-header-display":"","ast-banner-title-visibility":"","ast-main-header-display":"","ast-hfb-above-header-display":"","ast-hfb-below-header-display":"","ast-hfb-mobile-header-display":"","site-post-title":"","ast-breadcrumbs-content":"","ast-featured-img":"","footer-sml-layout":"","ast-disable-related-posts":"","theme-transparent-header-meta":"default","adv-header-id-meta":"","stick-header-meta":"default","header-above-stick-meta":"","header-main-stick-meta":"","header-below-stick-meta":"","astra-migrate-meta-layouts":"default","ast-page-background-enabled":"default","ast-page-background-meta":{"desktop":{"background-color":"","background-image":"","background-repeat":"repeat","background-position":"center center","background-size":"auto","background-attachment":"scroll","background-type":"","background-media":"","overlay-type":"","overlay-color":"","overlay-opacity":"","overlay-gradient":""},"tablet":{"background-color":"","background-image":"","background-repeat":"repeat","background-position":"center center","background-size":"auto","background-attachment":"scroll","background-type":"","background-media":"","overlay-type":"","overlay-color":"","overlay-opacity":"","overlay-gradient":""},"mobile":{"background-color":"","background-image":"","background-repeat":"repeat","background-position":"center center","background-size":"auto","background-attachment":"scroll","background-type":"","background-media":"","overlay-type":"","overlay-color":"","overlay-opacity":"","overlay-gradient":""}},"ast-content-background-meta":{"desktop":{"background-color":"var(--ast-global-color-5)","background-image":"","background-repeat":"repeat","background-position":"center center","background-size":"auto","background-attachment":"scroll","background-type":"","background-media":"","overlay-type":"","overlay-color":"","overlay-opacity":"","overlay-gradient":""},"tablet":{"background-color":"var(--ast-global-color-5)","background-image":"","background-repeat":"repeat","background-position":"center center","background-size":"auto","background-attachment":"scroll","background-type":"","background-media":"","overlay-type":"","overlay-color":"","overlay-opacity":"","overlay-gradient":""},"mobile":{"background-color":"var(--ast-global-color-5)","background-image":"","background-repeat":"repeat","background-position":"center center","background-size":"auto","background-attachment":"scroll","background-type":"","background-media":"","overlay-type":"","overlay-color":"","overlay-opacity":"","overlay-gradient":""}}},"product_brand":[],"product_cat":[276,277,415,213],"product_tag":[],"class_list":{"0":"post-14678","1":"product","2":"type-product","3":"status-publish","4":"has-post-thumbnail","6":"product_cat-beredning-av-kosmetika","7":"product_cat-doftoljor-for-kosmetika-och-tvalar","8":"product_cat-rea","9":"product_cat-tillverkning-av-tval","10":"desktop-align-left","11":"tablet-align-left","12":"mobile-align-left","13":"ast-product-gallery-layout-horizontal","14":"ast-product-gallery-with-no-image","15":"ast-product-single-variable","16":"ast-product-tabs-layout-horizontal","18":"first","19":"instock","20":"taxable","21":"shipping-taxable","22":"purchasable","23":"product-type-variable"},"_links":{"self":[{"href":"https:\/\/nordicdiy.ee\/sv\/wp-json\/wp\/v2\/product\/14678","targetHints":{"allow":["GET"]}}],"collection":[{"href":"https:\/\/nordicdiy.ee\/sv\/wp-json\/wp\/v2\/product"}],"about":[{"href":"https:\/\/nordicdiy.ee\/sv\/wp-json\/wp\/v2\/types\/product"}],"wp:featuredmedia":[{"embeddable":true,"href":"https:\/\/nordicdiy.ee\/sv\/wp-json\/wp\/v2\/media\/18745"}],"wp:attachment":[{"href":"https:\/\/nordicdiy.ee\/sv\/wp-json\/wp\/v2\/media?parent=14678"}],"wp:term":[{"taxonomy":"product_brand","embeddable":true,"href":"https:\/\/nordicdiy.ee\/sv\/wp-json\/wp\/v2\/product_brand?post=14678"},{"taxonomy":"product_cat","embeddable":true,"href":"https:\/\/nordicdiy.ee\/sv\/wp-json\/wp\/v2\/product_cat?post=14678"},{"taxonomy":"product_tag","embeddable":true,"href":"https:\/\/nordicdiy.ee\/sv\/wp-json\/wp\/v2\/product_tag?post=14678"}],"curies":[{"name":"wp","href":"https:\/\/api.w.org\/{rel}","templated":true}]}}