{"id":14702,"date":"2025-01-06T10:14:34","date_gmt":"2025-01-06T07:14:34","guid":{"rendered":"https:\/\/nordicdiy.ee\/epood\/okategoriserad\/doftbas-for-hemmet-flytande-ekologisk-ufigreen-no-7\/"},"modified":"2026-05-06T02:34:55","modified_gmt":"2026-05-05T23:34:55","slug":"doftbas-for-hemmet-flytande-ekologisk-ufigreen-no-7","status":"publish","type":"product","link":"https:\/\/nordicdiy.ee\/sv\/epood\/beredning-av-rumsfraschare\/bas-och-stickor-for-rumsfraschare\/doftbas-for-hemmet-flytande-ekologisk-ufigreen-no-7\/","title":{"rendered":"Diffuserbas f\u00f6r rumsdoft. flytande ekologisk, UFIGREEN No 7"},"content":{"rendered":"<p>Reed Diffuser Base No. 7 AF74 4220 UFI GREEN, REACH: 01-2119450011-60-XXXX.<\/p>\n<p><strong>Den efterl\u00e4ngtade UFIGREEN-basv\u00e4tskan f\u00f6r hemmaparfym\u00f6rer!<\/strong><br \/>\nBasv\u00e4tskan \u00e4r speciellt utformad f\u00f6r diffusorer med pinnar och \u00e4r det perfekta valet f\u00f6r dem som v\u00e4rdes\u00e4tter renhet och kvalitet. Genom att kombinera UFIGREEN Series Fragrance Oil med No.7 Base Fluid f\u00e5r du de renaste och s\u00e4kraste diffusorerna. <a href=\"https:\/\/nordicdiy.ee\/product-category\/aroomiolid\/ufigreen\/\">UFIGREEN doftoljor<\/a> hittar du p\u00e5 v\u00e5r webbplats <a href=\"https:\/\/nordicdiy.ee\/product-category\/aroomiolid\/ufigreen\/\">h\u00e4r.<\/a> <\/p>\n<p>Basv\u00e4tskan \u00e4r neutral och p\u00e5verkar inte doftegenskaperna, vilket s\u00e4kerst\u00e4ller att den valda doften f\u00f6rblir autentisk och njutbar. Dessutom avdunstar den p\u00e5 ett kontrollerat s\u00e4tt, vilket ger en l\u00e5ngvarig och j\u00e4mn luktspridning. Den perfekta l\u00f6sningen f\u00f6r hemmabruk f\u00f6r att g\u00f6ra ett rum mysigt och behagligt doftande.  <\/p>\n<p><strong>Upplev kvalitet och komfort med UFIGREEN-produkter!<\/strong><\/p>\n<p>Home fragrance base fluid No 7 inneh\u00e5ller den organiska kemikalien di(propylenglykol)metyleter, som \u00e4r en organisk kemikalie (l\u00f6sningsmedel).<\/p>\n<p><strong>Doftdosering:<\/strong><br \/>\nDen rekommenderade m\u00e4ngden doftolja \u00e4r 15-25% doftolja och 75-85% basv\u00e4tska.<\/p>\n<p>&nbsp;<\/p>\n","protected":false},"excerpt":{"rendered":"<p><strong>Den efterl\u00e4ngtade UFIGREEN-basv\u00e4tskan f\u00f6r hemmaparfym\u00f6rer!  <\/strong>Basv\u00e4tskan \u00e4r speciellt utformad f\u00f6r diffusorer med pinnar och \u00e4r det perfekta valet f\u00f6r dem som v\u00e4rdes\u00e4tter renhet och kvalitet. Genom att kombinera UFIGREEN Series doftolja med No.7 Base Fluid skapar du de renaste och s\u00e4kraste diffusorerna p\u00e5 marknaden. <a href=\"https:\/\/nordicdiy.ee\/product-category\/aroomiolid\/ufigreen\/\">UFIGREEN doftoljor<\/a> hittar du p\u00e5 v\u00e5r webbplats <a href=\"https:\/\/nordicdiy.ee\/product-category\/aroomiolid\/ufigreen\/\">h\u00e4r.<\/a> Rekommenderad m\u00e4ngd doftolja \u00e4r 15-25% doftolja och 75-85% basv\u00e4tska. Avdunstning 7-8 veckor.   <\/p>\n","protected":false},"featured_media":28583,"template":"","meta":{"site-sidebar-layout":"default","site-content-layout":"","ast-site-content-layout":"default","site-content-style":"default","site-sidebar-style":"default","ast-global-header-display":"","ast-banner-title-visibility":"","ast-main-header-display":"","ast-hfb-above-header-display":"","ast-hfb-below-header-display":"","ast-hfb-mobile-header-display":"","site-post-title":"","ast-breadcrumbs-content":"","ast-featured-img":"","footer-sml-layout":"","ast-disable-related-posts":"","theme-transparent-header-meta":"default","adv-header-id-meta":"","stick-header-meta":"default","header-above-stick-meta":"","header-main-stick-meta":"","header-below-stick-meta":"","astra-migrate-meta-layouts":"default","ast-page-background-enabled":"default","ast-page-background-meta":{"desktop":{"background-color":"","background-image":"","background-repeat":"repeat","background-position":"center center","background-size":"auto","background-attachment":"scroll","background-type":"","background-media":"","overlay-type":"","overlay-color":"","overlay-opacity":"","overlay-gradient":""},"tablet":{"background-color":"","background-image":"","background-repeat":"repeat","background-position":"center center","background-size":"auto","background-attachment":"scroll","background-type":"","background-media":"","overlay-type":"","overlay-color":"","overlay-opacity":"","overlay-gradient":""},"mobile":{"background-color":"","background-image":"","background-repeat":"repeat","background-position":"center center","background-size":"auto","background-attachment":"scroll","background-type":"","background-media":"","overlay-type":"","overlay-color":"","overlay-opacity":"","overlay-gradient":""}},"ast-content-background-meta":{"desktop":{"background-color":"var(--ast-global-color-5)","background-image":"","background-repeat":"repeat","background-position":"center center","background-size":"auto","background-attachment":"scroll","background-type":"","background-media":"","overlay-type":"","overlay-color":"","overlay-opacity":"","overlay-gradient":""},"tablet":{"background-color":"var(--ast-global-color-5)","background-image":"","background-repeat":"repeat","background-position":"center center","background-size":"auto","background-attachment":"scroll","background-type":"","background-media":"","overlay-type":"","overlay-color":"","overlay-opacity":"","overlay-gradient":""},"mobile":{"background-color":"var(--ast-global-color-5)","background-image":"","background-repeat":"repeat","background-position":"center center","background-size":"auto","background-attachment":"scroll","background-type":"","background-media":"","overlay-type":"","overlay-color":"","overlay-opacity":"","overlay-gradient":""}}},"product_brand":[],"product_cat":[218,211,415],"product_tag":[],"class_list":{"0":"post-14702","1":"product","2":"type-product","3":"status-publish","4":"has-post-thumbnail","6":"product_cat-bas-och-stickor-for-rumsfraschare","7":"product_cat-beredning-av-rumsfraschare","8":"product_cat-rea","9":"desktop-align-left","10":"tablet-align-left","11":"mobile-align-left","12":"ast-product-gallery-layout-horizontal","13":"ast-product-gallery-with-no-image","14":"ast-product-single-variable","15":"ast-product-tabs-layout-horizontal","17":"first","18":"instock","19":"taxable","20":"shipping-taxable","21":"purchasable","22":"product-type-variable","23":"has-default-attributes"},"_links":{"self":[{"href":"https:\/\/nordicdiy.ee\/sv\/wp-json\/wp\/v2\/product\/14702","targetHints":{"allow":["GET"]}}],"collection":[{"href":"https:\/\/nordicdiy.ee\/sv\/wp-json\/wp\/v2\/product"}],"about":[{"href":"https:\/\/nordicdiy.ee\/sv\/wp-json\/wp\/v2\/types\/product"}],"wp:featuredmedia":[{"embeddable":true,"href":"https:\/\/nordicdiy.ee\/sv\/wp-json\/wp\/v2\/media\/28583"}],"wp:attachment":[{"href":"https:\/\/nordicdiy.ee\/sv\/wp-json\/wp\/v2\/media?parent=14702"}],"wp:term":[{"taxonomy":"product_brand","embeddable":true,"href":"https:\/\/nordicdiy.ee\/sv\/wp-json\/wp\/v2\/product_brand?post=14702"},{"taxonomy":"product_cat","embeddable":true,"href":"https:\/\/nordicdiy.ee\/sv\/wp-json\/wp\/v2\/product_cat?post=14702"},{"taxonomy":"product_tag","embeddable":true,"href":"https:\/\/nordicdiy.ee\/sv\/wp-json\/wp\/v2\/product_tag?post=14702"}],"curies":[{"name":"wp","href":"https:\/\/api.w.org\/{rel}","templated":true}]}}