{"id":14801,"date":"2025-01-06T17:40:43","date_gmt":"2025-01-06T14:40:43","guid":{"rendered":"https:\/\/nordicdiy.ee\/epood\/okategoriserad\/doftbas-for-hemmet-flytande-med-alkohol-nr-6\/"},"modified":"2026-03-19T18:13:08","modified_gmt":"2026-03-19T15:13:08","slug":"doftbas-for-hemmet-flytande-med-alkohol-nr-6","status":"publish","type":"product","link":"https:\/\/nordicdiy.ee\/sv\/epood\/beredning-av-rumsfraschare\/bas-och-stickor-for-rumsfraschare\/doftbas-for-hemmet-flytande-med-alkohol-nr-6\/","title":{"rendered":"Diffuserbas f\u00f6r rumsdoft med alkohol nr 6"},"content":{"rendered":"<p>Reed Diffuser Base No. 6 AF74 1333 UFI Ready.<\/p>\n<p>Home fragrance base liquid No. 6 \u00e4r ett h\u00f6gkvalitativt och utm\u00e4rkt val f\u00f6r att skapa en trevlig och doftande atmosf\u00e4r.<\/p>\n<ul>\n<li>Inneh\u00e5ller alkohol av h\u00f6gsta kosmetiska renhet f\u00f6r att s\u00e4kerst\u00e4lla en effektiv och j\u00e4mn spridning av dofterna.<\/li>\n<li>Den \u00e4r formulerad med naturliga ingredienser som g\u00f6r produkten milj\u00f6v\u00e4nlig och s\u00e4ker.<\/li>\n<li>En biologiskt nedbrytbar produkt som \u00e4r s\u00e4ker f\u00f6r naturen och h\u00e5llbar.<\/li>\n<li>Den \u00e4r fri fr\u00e5n ftalater och tungmetaller och \u00e4r d\u00e4rf\u00f6r s\u00e4ker att anv\u00e4nda i k\u00e4nsligare milj\u00f6er.<\/li>\n<li>M\u00e5ngsidig anv\u00e4ndning: l\u00e4mplig f\u00f6r dofter i hemmet, luftfr\u00e4schare och rumssprayer.<\/li>\n<li>Ej testad p\u00e5 djur.<\/li>\n<li>L\u00e5ngsam avdunstning: varaktigheten f\u00f6r en fyllning \u00e4r 4-5 veckor.<\/li>\n<li>Den l\u00e4mnar ingen oljig doft p\u00e5 ytor, s\u00e5 den \u00e4r s\u00e4ker att anv\u00e4nda p\u00e5 alla ytor.<\/li>\n<li>Inneh\u00e5ller 50% alkohol, vilket optimerar effektiviteten av hemdoften och s\u00e4kerst\u00e4ller l\u00e5ngvarig anv\u00e4ndning.\n<p><strong>Doftdosering:<\/strong><br \/>\nDen rekommenderade m\u00e4ngden doftolja \u00e4r 15-25% doftolja och 75-85% basv\u00e4tska. Det b\u00e4sta valet f\u00f6r en hemdoft eller rumsspray! Home fragrance base liquid No. 6 \u00e4r den perfekta l\u00f6sningen f\u00f6r dig som letar efter en h\u00f6gkvalitativ och milj\u00f6v\u00e4nlig produkt f\u00f6r att skapa en behaglig atmosf\u00e4r i alla rum.<br \/>\nVIKTIGT!<br \/>\n<img decoding=\"async\" class=\"\" src=\"https:\/\/nordicdiy.ee\/wp-content\/uploads\/2025\/02\/eriti-tuleohtlik.jpg\" width=\"70\" height=\"70\"><\/li>\n<\/ul>\n","protected":false},"excerpt":{"rendered":"<p>Det b\u00e4sta valet f\u00f6r en doft i hemmet eller som basv\u00e4tska f\u00f6r en rumsspray! Home fragrance base liquid No. 6 \u00e4r den perfekta l\u00f6sningen f\u00f6r dig som s\u00f6ker en h\u00f6gkvalitativ basv\u00e4tska med optimal avdunstning. Avdunstar inom 4-5 veckor. Inneh\u00e5ller ren kosmetisk alkohol. Utm\u00e4rkt f\u00f6r anv\u00e4ndning i doftsprayer - l\u00e4mnar inga oljiga rester p\u00e5 ytor och \u00e4r d\u00e4rf\u00f6r s\u00e4ker att anv\u00e4nda p\u00e5 alla ytor.    <\/p>\n","protected":false},"featured_media":28579,"template":"","meta":{"site-sidebar-layout":"default","site-content-layout":"","ast-site-content-layout":"default","site-content-style":"default","site-sidebar-style":"default","ast-global-header-display":"","ast-banner-title-visibility":"","ast-main-header-display":"","ast-hfb-above-header-display":"","ast-hfb-below-header-display":"","ast-hfb-mobile-header-display":"","site-post-title":"","ast-breadcrumbs-content":"","ast-featured-img":"","footer-sml-layout":"","ast-disable-related-posts":"","theme-transparent-header-meta":"default","adv-header-id-meta":"","stick-header-meta":"default","header-above-stick-meta":"","header-main-stick-meta":"","header-below-stick-meta":"","astra-migrate-meta-layouts":"default","ast-page-background-enabled":"default","ast-page-background-meta":{"desktop":{"background-color":"","background-image":"","background-repeat":"repeat","background-position":"center center","background-size":"auto","background-attachment":"scroll","background-type":"","background-media":"","overlay-type":"","overlay-color":"","overlay-opacity":"","overlay-gradient":""},"tablet":{"background-color":"","background-image":"","background-repeat":"repeat","background-position":"center center","background-size":"auto","background-attachment":"scroll","background-type":"","background-media":"","overlay-type":"","overlay-color":"","overlay-opacity":"","overlay-gradient":""},"mobile":{"background-color":"","background-image":"","background-repeat":"repeat","background-position":"center center","background-size":"auto","background-attachment":"scroll","background-type":"","background-media":"","overlay-type":"","overlay-color":"","overlay-opacity":"","overlay-gradient":""}},"ast-content-background-meta":{"desktop":{"background-color":"var(--ast-global-color-5)","background-image":"","background-repeat":"repeat","background-position":"center center","background-size":"auto","background-attachment":"scroll","background-type":"","background-media":"","overlay-type":"","overlay-color":"","overlay-opacity":"","overlay-gradient":""},"tablet":{"background-color":"var(--ast-global-color-5)","background-image":"","background-repeat":"repeat","background-position":"center center","background-size":"auto","background-attachment":"scroll","background-type":"","background-media":"","overlay-type":"","overlay-color":"","overlay-opacity":"","overlay-gradient":""},"mobile":{"background-color":"var(--ast-global-color-5)","background-image":"","background-repeat":"repeat","background-position":"center center","background-size":"auto","background-attachment":"scroll","background-type":"","background-media":"","overlay-type":"","overlay-color":"","overlay-opacity":"","overlay-gradient":""}}},"product_brand":[],"product_cat":[218,211,212],"product_tag":[],"class_list":{"0":"post-14801","1":"product","2":"type-product","3":"status-publish","4":"has-post-thumbnail","6":"product_cat-bas-och-stickor-for-rumsfraschare","7":"product_cat-beredning-av-rumsfraschare","8":"product_cat-rum-mash-faciliteter","9":"desktop-align-left","10":"tablet-align-left","11":"mobile-align-left","12":"ast-product-gallery-layout-horizontal","13":"ast-product-gallery-with-no-image","14":"ast-product-single-variable","15":"ast-product-tabs-layout-horizontal","17":"first","18":"instock","19":"taxable","20":"shipping-taxable","21":"purchasable","22":"product-type-variable","23":"has-default-attributes"},"_links":{"self":[{"href":"https:\/\/nordicdiy.ee\/sv\/wp-json\/wp\/v2\/product\/14801","targetHints":{"allow":["GET"]}}],"collection":[{"href":"https:\/\/nordicdiy.ee\/sv\/wp-json\/wp\/v2\/product"}],"about":[{"href":"https:\/\/nordicdiy.ee\/sv\/wp-json\/wp\/v2\/types\/product"}],"wp:featuredmedia":[{"embeddable":true,"href":"https:\/\/nordicdiy.ee\/sv\/wp-json\/wp\/v2\/media\/28579"}],"wp:attachment":[{"href":"https:\/\/nordicdiy.ee\/sv\/wp-json\/wp\/v2\/media?parent=14801"}],"wp:term":[{"taxonomy":"product_brand","embeddable":true,"href":"https:\/\/nordicdiy.ee\/sv\/wp-json\/wp\/v2\/product_brand?post=14801"},{"taxonomy":"product_cat","embeddable":true,"href":"https:\/\/nordicdiy.ee\/sv\/wp-json\/wp\/v2\/product_cat?post=14801"},{"taxonomy":"product_tag","embeddable":true,"href":"https:\/\/nordicdiy.ee\/sv\/wp-json\/wp\/v2\/product_tag?post=14801"}],"curies":[{"name":"wp","href":"https:\/\/api.w.org\/{rel}","templated":true}]}}