{"id":14891,"date":"2025-01-05T16:14:41","date_gmt":"2025-01-05T13:14:41","guid":{"rendered":"https:\/\/nordicdiy.ee\/epood\/okategoriserad\/kandelaber-mintgron-frostad-260ml-h88-x-d80-mm\/"},"modified":"2025-06-03T09:01:17","modified_gmt":"2025-06-03T06:01:17","slug":"kandelaber-mintgron-frostad-260ml-h88-x-d80-mm","status":"publish","type":"product","link":"https:\/\/nordicdiy.ee\/sv\/epood\/tillverkning-av-stearinljus\/glas-och-lock-till-stearinljus\/kandelaber-mintgron-frostad-260ml-h88-x-d80-mm\/","title":{"rendered":"Kandelaber mintgr\u00f6n frostad 260ml, h88 x d80 mm"},"content":{"rendered":"<p>Matt mintgr\u00f6nt ljusglas 260 ml \u00e4r det perfekta valet f\u00f6r hantverksljus. Dess storlek och moderna design g\u00f6r den idealisk f\u00f6r anv\u00e4ndning med en m\u00e4ngd olika vaxer, t.ex. sojavax, paraffin, rapsvax, bivax och palmvax. Den v\u00e4rmebest\u00e4ndiga glassk\u00e5len ger en s\u00e4ker och h\u00e5llbar l\u00f6sning samtidigt som den ger ett lyxigt utseende.<\/p>\n<p>Ljusk\u00e4rlets m\u00e5tt h88 x d80 mm ger en optimal volym som rymmer upp till 260 ml vax, vilket g\u00f6r det m\u00f6jligt att g\u00f6ra s\u00e5v\u00e4l doftljus som enkla dekorationsljus. Den pastellf\u00e4rgade och matt mintgr\u00f6na ytan tillf\u00f6r mjukhet och f\u00e4rg till alla rum, vilket g\u00f6r den till ett utm\u00e4rkt val f\u00f6r heminredning eller som present. <\/p>\n<p>L\u00e4mplig f\u00f6r b\u00e5de sojavax- och paraffinljus, med l\u00e5ng brinntid och ren f\u00f6rbr\u00e4nning. Glaset \u00e4r ocks\u00e5 utm\u00e4rkt f\u00f6r rapsvax- och bivaxljus, som \u00e4r milj\u00f6v\u00e4nliga och biologiskt nedbrytbara. <\/p>\n","protected":false},"excerpt":{"rendered":"<p>Matt mintgr\u00f6nt ljusglas 260 ml \u00e4r det perfekta valet f\u00f6r hantverksljus. Dess storlek och moderna design \u00e4r perfekt f\u00f6r anv\u00e4ndning med en m\u00e4ngd olika vaxer som sojavax, paraffinvax, rapsvax, bivax och palmvax. Den v\u00e4rmebest\u00e4ndiga glassk\u00e5len ger en s\u00e4ker och h\u00e5llbar l\u00f6sning, samtidigt som den erbjuder en livlig kollektion av f\u00e4rgglada ljusglas f\u00f6r v\u00e5ren.  <\/p>\n","protected":false},"featured_media":6994,"template":"","meta":{"site-sidebar-layout":"default","site-content-layout":"","ast-site-content-layout":"default","site-content-style":"default","site-sidebar-style":"default","ast-global-header-display":"","ast-banner-title-visibility":"","ast-main-header-display":"","ast-hfb-above-header-display":"","ast-hfb-below-header-display":"","ast-hfb-mobile-header-display":"","site-post-title":"","ast-breadcrumbs-content":"","ast-featured-img":"","footer-sml-layout":"","ast-disable-related-posts":"","theme-transparent-header-meta":"default","adv-header-id-meta":"","stick-header-meta":"default","header-above-stick-meta":"","header-main-stick-meta":"","header-below-stick-meta":"","astra-migrate-meta-layouts":"default","ast-page-background-enabled":"default","ast-page-background-meta":{"desktop":{"background-color":"","background-image":"","background-repeat":"repeat","background-position":"center center","background-size":"auto","background-attachment":"scroll","background-type":"","background-media":"","overlay-type":"","overlay-color":"","overlay-opacity":"","overlay-gradient":""},"tablet":{"background-color":"","background-image":"","background-repeat":"repeat","background-position":"center center","background-size":"auto","background-attachment":"scroll","background-type":"","background-media":"","overlay-type":"","overlay-color":"","overlay-opacity":"","overlay-gradient":""},"mobile":{"background-color":"","background-image":"","background-repeat":"repeat","background-position":"center center","background-size":"auto","background-attachment":"scroll","background-type":"","background-media":"","overlay-type":"","overlay-color":"","overlay-opacity":"","overlay-gradient":""}},"ast-content-background-meta":{"desktop":{"background-color":"var(--ast-global-color-5)","background-image":"","background-repeat":"repeat","background-position":"center center","background-size":"auto","background-attachment":"scroll","background-type":"","background-media":"","overlay-type":"","overlay-color":"","overlay-opacity":"","overlay-gradient":""},"tablet":{"background-color":"var(--ast-global-color-5)","background-image":"","background-repeat":"repeat","background-position":"center center","background-size":"auto","background-attachment":"scroll","background-type":"","background-media":"","overlay-type":"","overlay-color":"","overlay-opacity":"","overlay-gradient":""},"mobile":{"background-color":"var(--ast-global-color-5)","background-image":"","background-repeat":"repeat","background-position":"center center","background-size":"auto","background-attachment":"scroll","background-type":"","background-media":"","overlay-type":"","overlay-color":"","overlay-opacity":"","overlay-gradient":""}}},"product_brand":[],"product_cat":[162,138],"product_tag":[],"class_list":{"0":"post-14891","1":"product","2":"type-product","3":"status-publish","4":"has-post-thumbnail","6":"product_cat-glas-och-lock-till-stearinljus","7":"product_cat-tillverkning-av-stearinljus","8":"desktop-align-left","9":"tablet-align-left","10":"mobile-align-left","11":"ast-product-gallery-layout-horizontal","12":"ast-product-gallery-with-no-image","13":"ast-product-tabs-layout-horizontal","15":"first","16":"instock","17":"taxable","18":"shipping-taxable","19":"purchasable","20":"product-type-simple"},"_links":{"self":[{"href":"https:\/\/nordicdiy.ee\/sv\/wp-json\/wp\/v2\/product\/14891","targetHints":{"allow":["GET"]}}],"collection":[{"href":"https:\/\/nordicdiy.ee\/sv\/wp-json\/wp\/v2\/product"}],"about":[{"href":"https:\/\/nordicdiy.ee\/sv\/wp-json\/wp\/v2\/types\/product"}],"wp:featuredmedia":[{"embeddable":true,"href":"https:\/\/nordicdiy.ee\/sv\/wp-json\/wp\/v2\/media\/6994"}],"wp:attachment":[{"href":"https:\/\/nordicdiy.ee\/sv\/wp-json\/wp\/v2\/media?parent=14891"}],"wp:term":[{"taxonomy":"product_brand","embeddable":true,"href":"https:\/\/nordicdiy.ee\/sv\/wp-json\/wp\/v2\/product_brand?post=14891"},{"taxonomy":"product_cat","embeddable":true,"href":"https:\/\/nordicdiy.ee\/sv\/wp-json\/wp\/v2\/product_cat?post=14891"},{"taxonomy":"product_tag","embeddable":true,"href":"https:\/\/nordicdiy.ee\/sv\/wp-json\/wp\/v2\/product_tag?post=14891"}],"curies":[{"name":"wp","href":"https:\/\/api.w.org\/{rel}","templated":true}]}}