{"id":15076,"date":"2025-02-24T19:10:30","date_gmt":"2025-02-24T16:10:30","guid":{"rendered":"https:\/\/nordicdiy.ee\/epood\/okategoriserad\/diffusorlock-tillverkat-av-tra\/"},"modified":"2026-01-22T01:26:56","modified_gmt":"2026-01-21T22:26:56","slug":"diffusorlock-tillverkat-av-tra","status":"publish","type":"product","link":"https:\/\/nordicdiy.ee\/sv\/epood\/beredning-av-rumsfraschare\/bas-och-stickor-for-rumsfraschare\/diffusorlock-tillverkat-av-tra\/","title":{"rendered":"Difuserlock tillverkat av tr\u00e4"},"content":{"rendered":"<p data-start=\"0\" data-end=\"48\"><strong data-start=\"0\" data-end=\"46\">Elegant sk\u00f6nhetskork i tr\u00e4 f\u00f6r hemmaparfym\u00f6ren!<\/strong><\/p>\n<p data-start=\"50\" data-end=\"305\">Ge din doftflaska en elegant och lyxig finish med v\u00e5r h\u00f6gkvalitativa tr\u00e4kork. Tillverkad av h\u00e5llbart tr\u00e4 och dekorerad med en elegant guldmetallkant, ger detta vackert utformade lock en exklusiv look till alla diffusorflaskor. <\/p>\n<p data-start=\"307\" data-end=\"469\">Locket \u00e4r l\u00e4tt att montera och passar flaskor med en diameter p\u00e5 upp till 2,9 cm. Korkens h\u00f6jd \u00e4r 3 cm. <\/p>\n<p data-start=\"471\" data-end=\"559\" data-is-last-node=\"\" data-is-only-node=\"\">Komplettera din hemdoft med en vacker detalj som kombinerar naturlighet och lyx!<\/p>\n","protected":false},"excerpt":{"rendered":"<p data-start=\"50\" data-end=\"305\">Ge din doftflaska en elegant och lyxig finish med v\u00e5r h\u00f6gkvalitativa tr\u00e4kork. Den h\u00e4r vackert utformade korken \u00e4r tillverkad av robust tr\u00e4 och har en elegant inre kant i guldmetall som ger en exklusiv look till alla diffusorflaskor. Korken \u00e4r l\u00e4tt att s\u00e4tta p\u00e5 och passar flaskor med en halsdiameter p\u00e5 upp till 2,9 cm. Locket har en h\u00f6jd p\u00e5 3 cm, en innerdiameter p\u00e5 2,9 cm och \u00e4r inte vridbart.   <\/p>\n","protected":false},"featured_media":11914,"template":"","meta":{"site-sidebar-layout":"default","site-content-layout":"","ast-site-content-layout":"default","site-content-style":"default","site-sidebar-style":"default","ast-global-header-display":"","ast-banner-title-visibility":"","ast-main-header-display":"","ast-hfb-above-header-display":"","ast-hfb-below-header-display":"","ast-hfb-mobile-header-display":"","site-post-title":"","ast-breadcrumbs-content":"","ast-featured-img":"","footer-sml-layout":"","ast-disable-related-posts":"","theme-transparent-header-meta":"default","adv-header-id-meta":"","stick-header-meta":"default","header-above-stick-meta":"","header-main-stick-meta":"","header-below-stick-meta":"","astra-migrate-meta-layouts":"default","ast-page-background-enabled":"default","ast-page-background-meta":{"desktop":{"background-color":"","background-image":"","background-repeat":"repeat","background-position":"center center","background-size":"auto","background-attachment":"scroll","background-type":"","background-media":"","overlay-type":"","overlay-color":"","overlay-opacity":"","overlay-gradient":""},"tablet":{"background-color":"","background-image":"","background-repeat":"repeat","background-position":"center center","background-size":"auto","background-attachment":"scroll","background-type":"","background-media":"","overlay-type":"","overlay-color":"","overlay-opacity":"","overlay-gradient":""},"mobile":{"background-color":"","background-image":"","background-repeat":"repeat","background-position":"center center","background-size":"auto","background-attachment":"scroll","background-type":"","background-media":"","overlay-type":"","overlay-color":"","overlay-opacity":"","overlay-gradient":""}},"ast-content-background-meta":{"desktop":{"background-color":"var(--ast-global-color-5)","background-image":"","background-repeat":"repeat","background-position":"center center","background-size":"auto","background-attachment":"scroll","background-type":"","background-media":"","overlay-type":"","overlay-color":"","overlay-opacity":"","overlay-gradient":""},"tablet":{"background-color":"var(--ast-global-color-5)","background-image":"","background-repeat":"repeat","background-position":"center center","background-size":"auto","background-attachment":"scroll","background-type":"","background-media":"","overlay-type":"","overlay-color":"","overlay-opacity":"","overlay-gradient":""},"mobile":{"background-color":"var(--ast-global-color-5)","background-image":"","background-repeat":"repeat","background-position":"center center","background-size":"auto","background-attachment":"scroll","background-type":"","background-media":"","overlay-type":"","overlay-color":"","overlay-opacity":"","overlay-gradient":""}}},"product_brand":[],"product_cat":[218,211,232],"product_tag":[],"class_list":{"0":"post-15076","1":"product","2":"type-product","3":"status-publish","4":"has-post-thumbnail","6":"product_cat-bas-och-stickor-for-rumsfraschare","7":"product_cat-beredning-av-rumsfraschare","8":"product_cat-flaskor-med-rumsfraschare","9":"desktop-align-left","10":"tablet-align-left","11":"mobile-align-left","12":"ast-product-gallery-layout-horizontal","13":"ast-product-gallery-with-no-image","14":"ast-product-tabs-layout-horizontal","16":"first","17":"instock","18":"taxable","19":"shipping-taxable","20":"purchasable","21":"product-type-simple"},"_links":{"self":[{"href":"https:\/\/nordicdiy.ee\/sv\/wp-json\/wp\/v2\/product\/15076","targetHints":{"allow":["GET"]}}],"collection":[{"href":"https:\/\/nordicdiy.ee\/sv\/wp-json\/wp\/v2\/product"}],"about":[{"href":"https:\/\/nordicdiy.ee\/sv\/wp-json\/wp\/v2\/types\/product"}],"wp:featuredmedia":[{"embeddable":true,"href":"https:\/\/nordicdiy.ee\/sv\/wp-json\/wp\/v2\/media\/11914"}],"wp:attachment":[{"href":"https:\/\/nordicdiy.ee\/sv\/wp-json\/wp\/v2\/media?parent=15076"}],"wp:term":[{"taxonomy":"product_brand","embeddable":true,"href":"https:\/\/nordicdiy.ee\/sv\/wp-json\/wp\/v2\/product_brand?post=15076"},{"taxonomy":"product_cat","embeddable":true,"href":"https:\/\/nordicdiy.ee\/sv\/wp-json\/wp\/v2\/product_cat?post=15076"},{"taxonomy":"product_tag","embeddable":true,"href":"https:\/\/nordicdiy.ee\/sv\/wp-json\/wp\/v2\/product_tag?post=15076"}],"curies":[{"name":"wp","href":"https:\/\/api.w.org\/{rel}","templated":true}]}}