{"id":15081,"date":"2025-02-26T15:25:31","date_gmt":"2025-02-26T12:25:31","guid":{"rendered":"https:\/\/nordicdiy.ee\/epood\/okategoriserad\/ljusglas-svart-matt-180ml-h775-x-d70-mm\/"},"modified":"2025-07-22T11:07:44","modified_gmt":"2025-07-22T08:07:44","slug":"ljusglas-svart-matt-180ml-h775-x-d70-mm","status":"publish","type":"product","link":"https:\/\/nordicdiy.ee\/sv\/epood\/tillverkning-av-stearinljus\/glas-och-lock-till-stearinljus\/ljusglas-svart-matt-180ml-h775-x-d70-mm\/","title":{"rendered":"Ljusglas svart matt 180ml, h77,5 x d70 mm"},"content":{"rendered":"<p>Elegant och klassiskt svart matt ljusglas 180 ml \u00e4r det perfekta valet f\u00f6r hantverksljus. L\u00e4mplig f\u00f6r anv\u00e4ndning med en m\u00e4ngd olika vaxer som sojavax, paraffinvax, rapsvax, bivax och palmvax. Den v\u00e4rmebest\u00e4ndiga glasburken garanterar s\u00e4ker och h\u00e5llbar ljusbr\u00e4nning samtidigt som den ger en elegant look.  <\/p>\n<p>Svart frostat ljusglas ger en modern och elegant accent till dina ljus, vilket g\u00f6r det till ett utm\u00e4rkt val f\u00f6r heminredning eller som present. Med en glash\u00f6jd p\u00e5 77,5 mm och en diameter p\u00e5 70 mm \u00e4r det den perfekta storleken f\u00f6r att g\u00f6ra ett sojaljus som brinner rent och l\u00e4ngre, eller ett paraffinljus som garanterar en l\u00e5ng brinntid. <\/p>\n<p>Anv\u00e4nd det h\u00e4r ljusglaset f\u00f6r att skapa bivax- eller rapsvaxljus som \u00e4r milj\u00f6v\u00e4nliga och biologiskt nedbrytbara. Det \u00e4r ocks\u00e5 l\u00e4mpligt f\u00f6r att g\u00f6ra palmvaxljus, med en kristallin textur som ger ljusen ett speciellt utseende. Det svarta frostat glaset rymmer upp till 180 ml vax, vilket ocks\u00e5 g\u00f6r det m\u00f6jligt att tills\u00e4tta doft\u00e4mnen och f\u00e4rg\u00e4mnen f\u00f6r att skapa unika doftljus.  <\/p>\n","protected":false},"excerpt":{"rendered":"<p>Elegant och klassiskt, detta svarta matta ljusglas 180 ml \u00e4r det perfekta valet f\u00f6r hantverksljus. L\u00e4mplig f\u00f6r anv\u00e4ndning med en m\u00e4ngd olika vaxer som sojavax, paraffinvax, rapsvax, bivax och palmvax. Den v\u00e4rmebest\u00e4ndiga glasburken garanterar s\u00e4ker och h\u00e5llbar ljusbr\u00e4nning samtidigt som den ger ett elegant utseende.  <\/p>\n","protected":false},"featured_media":12064,"template":"","meta":{"site-sidebar-layout":"default","site-content-layout":"","ast-site-content-layout":"default","site-content-style":"default","site-sidebar-style":"default","ast-global-header-display":"","ast-banner-title-visibility":"","ast-main-header-display":"","ast-hfb-above-header-display":"","ast-hfb-below-header-display":"","ast-hfb-mobile-header-display":"","site-post-title":"","ast-breadcrumbs-content":"","ast-featured-img":"","footer-sml-layout":"","ast-disable-related-posts":"","theme-transparent-header-meta":"default","adv-header-id-meta":"","stick-header-meta":"default","header-above-stick-meta":"","header-main-stick-meta":"","header-below-stick-meta":"","astra-migrate-meta-layouts":"default","ast-page-background-enabled":"default","ast-page-background-meta":{"desktop":{"background-color":"","background-image":"","background-repeat":"repeat","background-position":"center center","background-size":"auto","background-attachment":"scroll","background-type":"","background-media":"","overlay-type":"","overlay-color":"","overlay-opacity":"","overlay-gradient":""},"tablet":{"background-color":"","background-image":"","background-repeat":"repeat","background-position":"center center","background-size":"auto","background-attachment":"scroll","background-type":"","background-media":"","overlay-type":"","overlay-color":"","overlay-opacity":"","overlay-gradient":""},"mobile":{"background-color":"","background-image":"","background-repeat":"repeat","background-position":"center center","background-size":"auto","background-attachment":"scroll","background-type":"","background-media":"","overlay-type":"","overlay-color":"","overlay-opacity":"","overlay-gradient":""}},"ast-content-background-meta":{"desktop":{"background-color":"var(--ast-global-color-5)","background-image":"","background-repeat":"repeat","background-position":"center center","background-size":"auto","background-attachment":"scroll","background-type":"","background-media":"","overlay-type":"","overlay-color":"","overlay-opacity":"","overlay-gradient":""},"tablet":{"background-color":"var(--ast-global-color-5)","background-image":"","background-repeat":"repeat","background-position":"center center","background-size":"auto","background-attachment":"scroll","background-type":"","background-media":"","overlay-type":"","overlay-color":"","overlay-opacity":"","overlay-gradient":""},"mobile":{"background-color":"var(--ast-global-color-5)","background-image":"","background-repeat":"repeat","background-position":"center center","background-size":"auto","background-attachment":"scroll","background-type":"","background-media":"","overlay-type":"","overlay-color":"","overlay-opacity":"","overlay-gradient":""}}},"product_brand":[],"product_cat":[162,415,138],"product_tag":[],"class_list":{"0":"post-15081","1":"product","2":"type-product","3":"status-publish","4":"has-post-thumbnail","6":"product_cat-glas-och-lock-till-stearinljus","7":"product_cat-rea","8":"product_cat-tillverkning-av-stearinljus","9":"desktop-align-left","10":"tablet-align-left","11":"mobile-align-left","12":"ast-product-gallery-layout-horizontal","13":"ast-product-gallery-with-no-image","14":"ast-product-tabs-layout-horizontal","16":"first","17":"instock","18":"sale","19":"taxable","20":"shipping-taxable","21":"purchasable","22":"product-type-simple"},"_links":{"self":[{"href":"https:\/\/nordicdiy.ee\/sv\/wp-json\/wp\/v2\/product\/15081","targetHints":{"allow":["GET"]}}],"collection":[{"href":"https:\/\/nordicdiy.ee\/sv\/wp-json\/wp\/v2\/product"}],"about":[{"href":"https:\/\/nordicdiy.ee\/sv\/wp-json\/wp\/v2\/types\/product"}],"wp:featuredmedia":[{"embeddable":true,"href":"https:\/\/nordicdiy.ee\/sv\/wp-json\/wp\/v2\/media\/12064"}],"wp:attachment":[{"href":"https:\/\/nordicdiy.ee\/sv\/wp-json\/wp\/v2\/media?parent=15081"}],"wp:term":[{"taxonomy":"product_brand","embeddable":true,"href":"https:\/\/nordicdiy.ee\/sv\/wp-json\/wp\/v2\/product_brand?post=15081"},{"taxonomy":"product_cat","embeddable":true,"href":"https:\/\/nordicdiy.ee\/sv\/wp-json\/wp\/v2\/product_cat?post=15081"},{"taxonomy":"product_tag","embeddable":true,"href":"https:\/\/nordicdiy.ee\/sv\/wp-json\/wp\/v2\/product_tag?post=15081"}],"curies":[{"name":"wp","href":"https:\/\/api.w.org\/{rel}","templated":true}]}}