{"id":15137,"date":"2025-02-19T19:05:53","date_gmt":"2025-02-19T16:05:53","guid":{"rendered":"https:\/\/nordicdiy.ee\/epood\/okategoriserad\/kokosnotsvax-cargill-agri-pure-ap620-for-ljusglas\/"},"modified":"2026-02-16T10:40:36","modified_gmt":"2026-02-16T07:40:36","slug":"kokosnotsvax-cargill-agri-pure-ap620-for-ljusglas","status":"publish","type":"product","link":"https:\/\/nordicdiy.ee\/sv\/epood\/tillverkning-av-stearinljus\/vaxer-for-stearinljus\/kokosnotsvax-cargill-agri-pure-ap620-for-ljusglas\/","title":{"rendered":"Kokosn\u00f6tsvax Cargill Agri-Pure AP620 f\u00f6r ljusglas"},"content":{"rendered":"<p><strong>Agri-Pure\u00ae AP-620<\/strong> \u00e4r ett organiskt och f\u00f6rnybart <strong>kokosvax<\/strong> med mjukg\u00f6rande egenskaper och m\u00e5ngsidiga anv\u00e4ndningsomr\u00e5den. Det utvinns ur kokosn\u00f6tsk\u00e4rnor och bearbetas genom raffinering, blekning, hydrogenering och deodorisering. Vaxet \u00e4r smakl\u00f6st, har h\u00f6g oxidationsbest\u00e4ndighet och \u00e4r l\u00e4mpligt f\u00f6r ljus och kosmetika.  <\/p>\n<p><strong>Egenskaper:<\/strong><br \/>\n\u2714 Naturlig och veganv\u00e4nlig<br \/>\n\u2714 Kosher- och halalcertifierad<br \/>\n\u2714 Kr\u00e4mig konsistens, perfekt f\u00f6r glasljus<br \/>\n\u2714 Blandbar med sojavax och palmstearin<br \/>\n\u2714 L\u00e4mplig f\u00f6r kosmetika: l\u00e4ppstift, hudv\u00e5rd, deodoranter<br \/>\n\u2714 Smakl\u00f6s och doftfri<br \/>\n\u2714 Sm\u00e4ltpunkt: 32 \u00b0C (32 \u00b0F)<\/p>\n<p><strong>Anv\u00e4ndning vid ljustillverkning<\/strong>:<br \/>\nRekommenderad blandning: kan anv\u00e4ndas rent eller blandas med sojavax\/ palmstearin f\u00f6r b\u00e4ttre resultat.<br \/>\nTillsats av doftoljor: rekommenderad m\u00e4ngd doftolja \u00e4r 6%.<br \/>\nSm\u00e4lttemperatur: 51-54 \u00b0C (fullst\u00e4ndig sm\u00e4ltning).<br \/>\nH\u00e4llning: rekommenderad h\u00e4lltemperatur beror p\u00e5 blandningens sammans\u00e4ttning, men \u00e4r vanligtvis mellan 50-60 \u00b0C (50-60 \u00b0F).<\/p>\n<p><strong>Kosmetisk anv\u00e4ndning:<\/strong><br \/>\nSom mjukg\u00f6rare ger den flexibilitet och mjukhet till kosmetiska produkter.<br \/>\nL\u00e4mplig f\u00f6r l\u00e4ppbalsam, l\u00e4ppstift, hudv\u00e5rds- och h\u00e5rv\u00e5rdsprodukter.<br \/>\n<strong>Anv\u00e4ndningsniv\u00e5<\/strong>: 2-10% beroende p\u00e5 produkt.<\/p>\n<p>F\u00f6rvaring<strong>:<\/strong><br \/>\nF\u00f6rvara p\u00e5 en sval, torr plats, skyddad fr\u00e5n direkt v\u00e4rme och solljus.<\/p>\n<p>Detta vax \u00e4r det perfekta valet f\u00f6r att tillverka naturliga, h\u00f6gkvalitativa produkter som \u00e4r milj\u00f6v\u00e4nliga och s\u00e4kra!<\/p>\n","protected":false},"excerpt":{"rendered":"<p><strong>Kokosvax<\/strong> \u00e4r ett naturligt, f\u00f6rnybart och veganv\u00e4nligt vax som utvinns ur kokosn\u00f6tk\u00f6ttet. Dess <strong>mjuka och kr\u00e4miga konsistens<\/strong> g\u00f6r det idealiskt <strong>f\u00f6r tillverkning av votivljus<\/strong> och f\u00f6r blandning med sojavax eller palmstearin. Vaxet \u00e4r av h\u00f6g kvalitet, icke-GMO-ursprung och kan ocks\u00e5 anv\u00e4ndas i kosmetiska produkter som l\u00e4ppbalsam, hudv\u00e5rd och h\u00e5rv\u00e5rdsprodukter.   Detta vax \u00e4r det perfekta valet f\u00f6r att tillverka naturliga, h\u00f6gkvalitativa produkter som \u00e4r milj\u00f6v\u00e4nliga och s\u00e4kra!<\/p>\n","protected":false},"featured_media":11869,"template":"","meta":{"site-sidebar-layout":"default","site-content-layout":"","ast-site-content-layout":"default","site-content-style":"default","site-sidebar-style":"default","ast-global-header-display":"","ast-banner-title-visibility":"","ast-main-header-display":"","ast-hfb-above-header-display":"","ast-hfb-below-header-display":"","ast-hfb-mobile-header-display":"","site-post-title":"","ast-breadcrumbs-content":"","ast-featured-img":"","footer-sml-layout":"","ast-disable-related-posts":"","theme-transparent-header-meta":"default","adv-header-id-meta":"","stick-header-meta":"default","header-above-stick-meta":"","header-main-stick-meta":"","header-below-stick-meta":"","astra-migrate-meta-layouts":"default","ast-page-background-enabled":"default","ast-page-background-meta":{"desktop":{"background-color":"","background-image":"","background-repeat":"repeat","background-position":"center center","background-size":"auto","background-attachment":"scroll","background-type":"","background-media":"","overlay-type":"","overlay-color":"","overlay-opacity":"","overlay-gradient":""},"tablet":{"background-color":"","background-image":"","background-repeat":"repeat","background-position":"center center","background-size":"auto","background-attachment":"scroll","background-type":"","background-media":"","overlay-type":"","overlay-color":"","overlay-opacity":"","overlay-gradient":""},"mobile":{"background-color":"","background-image":"","background-repeat":"repeat","background-position":"center center","background-size":"auto","background-attachment":"scroll","background-type":"","background-media":"","overlay-type":"","overlay-color":"","overlay-opacity":"","overlay-gradient":""}},"ast-content-background-meta":{"desktop":{"background-color":"var(--ast-global-color-5)","background-image":"","background-repeat":"repeat","background-position":"center center","background-size":"auto","background-attachment":"scroll","background-type":"","background-media":"","overlay-type":"","overlay-color":"","overlay-opacity":"","overlay-gradient":""},"tablet":{"background-color":"var(--ast-global-color-5)","background-image":"","background-repeat":"repeat","background-position":"center center","background-size":"auto","background-attachment":"scroll","background-type":"","background-media":"","overlay-type":"","overlay-color":"","overlay-opacity":"","overlay-gradient":""},"mobile":{"background-color":"var(--ast-global-color-5)","background-image":"","background-repeat":"repeat","background-position":"center center","background-size":"auto","background-attachment":"scroll","background-type":"","background-media":"","overlay-type":"","overlay-color":"","overlay-opacity":"","overlay-gradient":""}}},"product_brand":[],"product_cat":[138,139],"product_tag":[],"class_list":{"0":"post-15137","1":"product","2":"type-product","3":"status-publish","4":"has-post-thumbnail","6":"product_cat-tillverkning-av-stearinljus","7":"product_cat-vaxer-for-stearinljus","8":"desktop-align-left","9":"tablet-align-left","10":"mobile-align-left","11":"ast-product-gallery-layout-horizontal","12":"ast-product-gallery-with-no-image","13":"ast-product-single-variable","14":"ast-product-tabs-layout-horizontal","16":"first","17":"instock","18":"taxable","19":"shipping-taxable","20":"purchasable","21":"product-type-variable"},"_links":{"self":[{"href":"https:\/\/nordicdiy.ee\/sv\/wp-json\/wp\/v2\/product\/15137","targetHints":{"allow":["GET"]}}],"collection":[{"href":"https:\/\/nordicdiy.ee\/sv\/wp-json\/wp\/v2\/product"}],"about":[{"href":"https:\/\/nordicdiy.ee\/sv\/wp-json\/wp\/v2\/types\/product"}],"wp:featuredmedia":[{"embeddable":true,"href":"https:\/\/nordicdiy.ee\/sv\/wp-json\/wp\/v2\/media\/11869"}],"wp:attachment":[{"href":"https:\/\/nordicdiy.ee\/sv\/wp-json\/wp\/v2\/media?parent=15137"}],"wp:term":[{"taxonomy":"product_brand","embeddable":true,"href":"https:\/\/nordicdiy.ee\/sv\/wp-json\/wp\/v2\/product_brand?post=15137"},{"taxonomy":"product_cat","embeddable":true,"href":"https:\/\/nordicdiy.ee\/sv\/wp-json\/wp\/v2\/product_cat?post=15137"},{"taxonomy":"product_tag","embeddable":true,"href":"https:\/\/nordicdiy.ee\/sv\/wp-json\/wp\/v2\/product_tag?post=15137"}],"curies":[{"name":"wp","href":"https:\/\/api.w.org\/{rel}","templated":true}]}}