{"id":15155,"date":"2025-02-21T10:00:58","date_gmt":"2025-02-21T07:00:58","guid":{"rendered":"https:\/\/nordicdiy.ee\/epood\/okategoriserad\/doftpinnar-for-hemmet-28cm-5st-svart\/"},"modified":"2025-12-23T11:34:48","modified_gmt":"2025-12-23T08:34:48","slug":"doftpinnar-for-hemmet-28cm-5st-svart","status":"publish","type":"product","link":"https:\/\/nordicdiy.ee\/sv\/epood\/beredning-av-rumsfraschare\/bas-och-stickor-for-rumsfraschare\/doftpinnar-for-hemmet-28cm-5st-svart\/","title":{"rendered":"Doftpinnar f\u00f6r hemmet 28cm, 5st svart"},"content":{"rendered":"<p>Dessa fiberpinnar \u00e4r speciellt utformade f\u00f6r rumsdoftning f\u00f6r att s\u00e4kerst\u00e4lla en j\u00e4mn och effektiv spridning av dofter i rummet. Fiberpinnarna \u00e4r tillverkade av h\u00f6gkvalitativa material och absorberar doftoljor v\u00e4l, vilket ger en l\u00e5ngvarig doft. I setet ing\u00e5r 5 pinnar som passar till olika doftspridare och hemdoftare. F\u00e4rg svart, l\u00e4ngd 28 cm, d4 mm.   <\/p>\n","protected":false},"excerpt":{"rendered":"<p>Dessa 28 cm l\u00e5nga fiberpinnar \u00e4r speciellt utformade f\u00f6r rumsdoftare f\u00f6r att s\u00e4kerst\u00e4lla en j\u00e4mn och effektiv spridning av doft i rummet. Fiberpinnarna \u00e4r tillverkade av h\u00f6gkvalitativa material och absorberar doftoljor v\u00e4l, vilket ger en l\u00e5ngvarig doft. Setet inneh\u00e5ller 5 pinnar som passar till olika doftspridare och doftspridare f\u00f6r hemmet. F\u00e4rg svart, pinnens l\u00e4ngd 28 cm, diameter 4 mm.   <\/p>\n","protected":false},"featured_media":11874,"template":"","meta":{"site-sidebar-layout":"default","site-content-layout":"","ast-site-content-layout":"default","site-content-style":"default","site-sidebar-style":"default","ast-global-header-display":"","ast-banner-title-visibility":"","ast-main-header-display":"","ast-hfb-above-header-display":"","ast-hfb-below-header-display":"","ast-hfb-mobile-header-display":"","site-post-title":"","ast-breadcrumbs-content":"","ast-featured-img":"","footer-sml-layout":"","ast-disable-related-posts":"","theme-transparent-header-meta":"default","adv-header-id-meta":"","stick-header-meta":"default","header-above-stick-meta":"","header-main-stick-meta":"","header-below-stick-meta":"","astra-migrate-meta-layouts":"default","ast-page-background-enabled":"default","ast-page-background-meta":{"desktop":{"background-color":"","background-image":"","background-repeat":"repeat","background-position":"center center","background-size":"auto","background-attachment":"scroll","background-type":"","background-media":"","overlay-type":"","overlay-color":"","overlay-opacity":"","overlay-gradient":""},"tablet":{"background-color":"","background-image":"","background-repeat":"repeat","background-position":"center center","background-size":"auto","background-attachment":"scroll","background-type":"","background-media":"","overlay-type":"","overlay-color":"","overlay-opacity":"","overlay-gradient":""},"mobile":{"background-color":"","background-image":"","background-repeat":"repeat","background-position":"center center","background-size":"auto","background-attachment":"scroll","background-type":"","background-media":"","overlay-type":"","overlay-color":"","overlay-opacity":"","overlay-gradient":""}},"ast-content-background-meta":{"desktop":{"background-color":"var(--ast-global-color-5)","background-image":"","background-repeat":"repeat","background-position":"center center","background-size":"auto","background-attachment":"scroll","background-type":"","background-media":"","overlay-type":"","overlay-color":"","overlay-opacity":"","overlay-gradient":""},"tablet":{"background-color":"var(--ast-global-color-5)","background-image":"","background-repeat":"repeat","background-position":"center center","background-size":"auto","background-attachment":"scroll","background-type":"","background-media":"","overlay-type":"","overlay-color":"","overlay-opacity":"","overlay-gradient":""},"mobile":{"background-color":"var(--ast-global-color-5)","background-image":"","background-repeat":"repeat","background-position":"center center","background-size":"auto","background-attachment":"scroll","background-type":"","background-media":"","overlay-type":"","overlay-color":"","overlay-opacity":"","overlay-gradient":""}}},"product_brand":[],"product_cat":[218,211],"product_tag":[],"class_list":{"0":"post-15155","1":"product","2":"type-product","3":"status-publish","4":"has-post-thumbnail","6":"product_cat-bas-och-stickor-for-rumsfraschare","7":"product_cat-beredning-av-rumsfraschare","8":"desktop-align-left","9":"tablet-align-left","10":"mobile-align-left","11":"ast-product-gallery-layout-horizontal","12":"ast-product-gallery-with-no-image","13":"ast-product-tabs-layout-horizontal","15":"first","16":"instock","17":"taxable","18":"shipping-taxable","19":"purchasable","20":"product-type-simple"},"_links":{"self":[{"href":"https:\/\/nordicdiy.ee\/sv\/wp-json\/wp\/v2\/product\/15155","targetHints":{"allow":["GET"]}}],"collection":[{"href":"https:\/\/nordicdiy.ee\/sv\/wp-json\/wp\/v2\/product"}],"about":[{"href":"https:\/\/nordicdiy.ee\/sv\/wp-json\/wp\/v2\/types\/product"}],"wp:featuredmedia":[{"embeddable":true,"href":"https:\/\/nordicdiy.ee\/sv\/wp-json\/wp\/v2\/media\/11874"}],"wp:attachment":[{"href":"https:\/\/nordicdiy.ee\/sv\/wp-json\/wp\/v2\/media?parent=15155"}],"wp:term":[{"taxonomy":"product_brand","embeddable":true,"href":"https:\/\/nordicdiy.ee\/sv\/wp-json\/wp\/v2\/product_brand?post=15155"},{"taxonomy":"product_cat","embeddable":true,"href":"https:\/\/nordicdiy.ee\/sv\/wp-json\/wp\/v2\/product_cat?post=15155"},{"taxonomy":"product_tag","embeddable":true,"href":"https:\/\/nordicdiy.ee\/sv\/wp-json\/wp\/v2\/product_tag?post=15155"}],"curies":[{"name":"wp","href":"https:\/\/api.w.org\/{rel}","templated":true}]}}