{"id":15167,"date":"2025-01-16T16:38:48","date_gmt":"2025-01-16T13:38:48","guid":{"rendered":"https:\/\/nordicdiy.ee\/epood\/okategoriserad\/doftbasvatska-for-hemmet-no-4\/"},"modified":"2026-03-19T18:12:08","modified_gmt":"2026-03-19T15:12:08","slug":"doftbasvatska-for-hemmet-no-4","status":"publish","type":"product","link":"https:\/\/nordicdiy.ee\/sv\/epood\/beredning-av-rumsfraschare\/bas-och-stickor-for-rumsfraschare\/doftbasvatska-for-hemmet-no-4\/","title":{"rendered":"Diffuserbas f\u00f6r rumsdoft No 4"},"content":{"rendered":"<div class=\"flex max-w-full flex-col flex-grow\">\n<div class=\"min-h-8 text-message flex w-full flex-col items-end gap-2 whitespace-normal break-words text-start [.text-message+&amp;]:mt-5\" dir=\"auto\" data-message-author-role=\"assistant\" data-message-id=\"88b938a0-6a8f-4ea5-82bf-35f22a2ab23e\" data-message-model-slug=\"gpt-4o\">\n<div class=\"flex w-full flex-col gap-1 empty:hidden first:pt-[3px]\">\n<div class=\"markdown prose w-full break-words dark:prose-invert light\">\n<p data-start=\"23\" data-end=\"55\">Reed Diffuser Base 4 AF74 5224 (alkoholhalt mindre \u00e4n 25 %)<\/p>\n<ul data-start=\"57\" data-end=\"397\" data-is-last-node=\"\">\n<li data-start=\"57\" data-end=\"111\">Inneh\u00e5ller alkohol av h\u00f6gsta kosmetiska renhet.<\/li>\n<li data-start=\"112\" data-end=\"148\">Inneh\u00e5ller naturliga ingredienser.<\/li>\n<li data-start=\"149\" data-end=\"195\">Biologiskt nedbrytbar produkt, milj\u00f6v\u00e4nligt val.<\/li>\n<li data-start=\"149\" data-end=\"195\">Avdunstning 6-7 veckor.<\/li>\n<li data-start=\"196\" data-end=\"236\">Den \u00e4r fri fr\u00e5n ftalater och tungmetaller och \u00e4r d\u00e4rf\u00f6r s\u00e4ker att anv\u00e4nda i k\u00e4nsligare milj\u00f6er.<\/li>\n<li data-start=\"237\" data-end=\"321\">L\u00e4mplig f\u00f6r anv\u00e4ndning med pinnar i parfymer f\u00f6r hemmet, luftfr\u00e4schare och rumssprayer.<\/li>\n<li>Ej testad p\u00e5 djur.<\/li>\n<li data-start=\"350\" data-end=\"397\" data-is-last-node=\"\">Dosering av doft\u00e4mne till basl\u00f6sning: 15-25%.<\/li>\n<\/ul>\n<\/div>\n<\/div>\n<\/div>\n<\/div>\n<p><strong>Doftdosering:<\/strong><br \/>\nDen rekommenderade m\u00e4ngden doftolja \u00e4r 15-25% doftolja och 75-85% basv\u00e4tska. Home fragrance base liquid No. 4 \u00e4r den perfekta l\u00f6sningen f\u00f6r dig som letar efter en h\u00f6gkvalitativ produkt f\u00f6r att skapa en behaglig atmosf\u00e4r i alla rum. <\/p>\n<p>OBS!<br \/>\n<img decoding=\"async\" class=\"\" src=\"https:\/\/nordicdiy.ee\/wp-content\/uploads\/2025\/01\/terviseoht.jpg\" width=\"70\" height=\"70\"><\/p>\n","protected":false},"excerpt":{"rendered":"<p>L\u00e4mplig f\u00f6r anv\u00e4ndning med pinnar i hemdofter, luftfr\u00e4schare och rumssprayer. Home fragrance base liquid No. 4 \u00e4r den perfekta l\u00f6sningen f\u00f6r dig som s\u00f6ker en h\u00f6gkvalitativ basv\u00e4tska med optimal avdunstning (6-7 veckor). Inneh\u00e5ller upp till 25% alkohol.  <\/p>\n","protected":false},"featured_media":28571,"template":"","meta":{"site-sidebar-layout":"default","site-content-layout":"","ast-site-content-layout":"default","site-content-style":"default","site-sidebar-style":"default","ast-global-header-display":"","ast-banner-title-visibility":"","ast-main-header-display":"","ast-hfb-above-header-display":"","ast-hfb-below-header-display":"","ast-hfb-mobile-header-display":"","site-post-title":"","ast-breadcrumbs-content":"","ast-featured-img":"","footer-sml-layout":"","ast-disable-related-posts":"","theme-transparent-header-meta":"default","adv-header-id-meta":"","stick-header-meta":"default","header-above-stick-meta":"","header-main-stick-meta":"","header-below-stick-meta":"","astra-migrate-meta-layouts":"default","ast-page-background-enabled":"default","ast-page-background-meta":{"desktop":{"background-color":"","background-image":"","background-repeat":"repeat","background-position":"center center","background-size":"auto","background-attachment":"scroll","background-type":"","background-media":"","overlay-type":"","overlay-color":"","overlay-opacity":"","overlay-gradient":""},"tablet":{"background-color":"","background-image":"","background-repeat":"repeat","background-position":"center center","background-size":"auto","background-attachment":"scroll","background-type":"","background-media":"","overlay-type":"","overlay-color":"","overlay-opacity":"","overlay-gradient":""},"mobile":{"background-color":"","background-image":"","background-repeat":"repeat","background-position":"center center","background-size":"auto","background-attachment":"scroll","background-type":"","background-media":"","overlay-type":"","overlay-color":"","overlay-opacity":"","overlay-gradient":""}},"ast-content-background-meta":{"desktop":{"background-color":"var(--ast-global-color-5)","background-image":"","background-repeat":"repeat","background-position":"center center","background-size":"auto","background-attachment":"scroll","background-type":"","background-media":"","overlay-type":"","overlay-color":"","overlay-opacity":"","overlay-gradient":""},"tablet":{"background-color":"var(--ast-global-color-5)","background-image":"","background-repeat":"repeat","background-position":"center center","background-size":"auto","background-attachment":"scroll","background-type":"","background-media":"","overlay-type":"","overlay-color":"","overlay-opacity":"","overlay-gradient":""},"mobile":{"background-color":"var(--ast-global-color-5)","background-image":"","background-repeat":"repeat","background-position":"center center","background-size":"auto","background-attachment":"scroll","background-type":"","background-media":"","overlay-type":"","overlay-color":"","overlay-opacity":"","overlay-gradient":""}}},"product_brand":[],"product_cat":[218,211,212],"product_tag":[],"class_list":{"0":"post-15167","1":"product","2":"type-product","3":"status-publish","4":"has-post-thumbnail","6":"product_cat-bas-och-stickor-for-rumsfraschare","7":"product_cat-beredning-av-rumsfraschare","8":"product_cat-rum-mash-faciliteter","9":"desktop-align-left","10":"tablet-align-left","11":"mobile-align-left","12":"ast-product-gallery-layout-horizontal","13":"ast-product-gallery-with-no-image","14":"ast-product-single-variable","15":"ast-product-tabs-layout-horizontal","17":"first","18":"instock","19":"taxable","20":"shipping-taxable","21":"purchasable","22":"product-type-variable","23":"has-default-attributes"},"_links":{"self":[{"href":"https:\/\/nordicdiy.ee\/sv\/wp-json\/wp\/v2\/product\/15167","targetHints":{"allow":["GET"]}}],"collection":[{"href":"https:\/\/nordicdiy.ee\/sv\/wp-json\/wp\/v2\/product"}],"about":[{"href":"https:\/\/nordicdiy.ee\/sv\/wp-json\/wp\/v2\/types\/product"}],"wp:featuredmedia":[{"embeddable":true,"href":"https:\/\/nordicdiy.ee\/sv\/wp-json\/wp\/v2\/media\/28571"}],"wp:attachment":[{"href":"https:\/\/nordicdiy.ee\/sv\/wp-json\/wp\/v2\/media?parent=15167"}],"wp:term":[{"taxonomy":"product_brand","embeddable":true,"href":"https:\/\/nordicdiy.ee\/sv\/wp-json\/wp\/v2\/product_brand?post=15167"},{"taxonomy":"product_cat","embeddable":true,"href":"https:\/\/nordicdiy.ee\/sv\/wp-json\/wp\/v2\/product_cat?post=15167"},{"taxonomy":"product_tag","embeddable":true,"href":"https:\/\/nordicdiy.ee\/sv\/wp-json\/wp\/v2\/product_tag?post=15167"}],"curies":[{"name":"wp","href":"https:\/\/api.w.org\/{rel}","templated":true}]}}