{"id":15716,"date":"2025-02-13T17:25:14","date_gmt":"2025-02-13T14:25:14","guid":{"rendered":"https:\/\/nordicdiy.ee\/epood\/okategoriserad\/tralock-for-sma-stearinljus-glas-10012-med-packning\/"},"modified":"2025-11-27T20:10:50","modified_gmt":"2025-11-27T17:10:50","slug":"tralock-for-sma-stearinljus-glas-10012-med-packning","status":"publish","type":"product","link":"https:\/\/nordicdiy.ee\/sv\/epood\/tillverkning-av-stearinljus\/glas-och-lock-till-stearinljus\/tralock-for-sma-stearinljus-glas-10012-med-packning\/","title":{"rendered":"Tr\u00e4lock f\u00f6r sm\u00e5 stearinljus glas 10012 med packning"},"content":{"rendered":"<p>Detta tr\u00e4lock med packning \u00e4r ett perfekt designelement f\u00f6r ljusstakar och garanterar l\u00e4ngre lukth\u00e5llning och s\u00e4ker f\u00f6rvaring. Det h\u00e5ller ocks\u00e5 damm och smuts borta. Tr\u00e4locket passar till ett litet 180 ml ljusglas, h77,5 x d70 mm, genomskinligt eller f\u00e4rgat. M\u00e5tt p\u00e5 locket med tr\u00e4packning: h\u00f6jd - 1,3 cm, ytterdiameter - 7,2 cm, innerdiameter - 6,0 cm. Det \u00e4r m\u00f6jligt att f\u00e5 din logotyp eller n\u00e5got annat meddelande graverat p\u00e5 locket till tr\u00e4ljuset, vilket ger en lyxig och minnesv\u00e4rd detalj till ditt ljus. Beg\u00e4r en offert f\u00f6r gravering p\u00e5 epood@nordicdiy.ee.     <\/p>\n","protected":false},"excerpt":{"rendered":"<p>Detta tr\u00e4lock med packning \u00e4r ett perfekt designelement f\u00f6r ljusstakar och garanterar l\u00e4ngre lukth\u00e5llning och s\u00e4ker f\u00f6rvaring. Det h\u00e5ller ocks\u00e5 damm och smuts borta. Tr\u00e4locket \u00e4r l\u00e4mpligt f\u00f6r 180 ml, h77,5 x d70 mm (10012), genomskinligt eller f\u00e4rgat.  <\/p>\n","protected":false},"featured_media":12079,"template":"","meta":{"site-sidebar-layout":"default","site-content-layout":"","ast-site-content-layout":"default","site-content-style":"default","site-sidebar-style":"default","ast-global-header-display":"","ast-banner-title-visibility":"","ast-main-header-display":"","ast-hfb-above-header-display":"","ast-hfb-below-header-display":"","ast-hfb-mobile-header-display":"","site-post-title":"","ast-breadcrumbs-content":"","ast-featured-img":"","footer-sml-layout":"","ast-disable-related-posts":"","theme-transparent-header-meta":"default","adv-header-id-meta":"","stick-header-meta":"default","header-above-stick-meta":"","header-main-stick-meta":"","header-below-stick-meta":"","astra-migrate-meta-layouts":"default","ast-page-background-enabled":"default","ast-page-background-meta":{"desktop":{"background-color":"","background-image":"","background-repeat":"repeat","background-position":"center center","background-size":"auto","background-attachment":"scroll","background-type":"","background-media":"","overlay-type":"","overlay-color":"","overlay-opacity":"","overlay-gradient":""},"tablet":{"background-color":"","background-image":"","background-repeat":"repeat","background-position":"center center","background-size":"auto","background-attachment":"scroll","background-type":"","background-media":"","overlay-type":"","overlay-color":"","overlay-opacity":"","overlay-gradient":""},"mobile":{"background-color":"","background-image":"","background-repeat":"repeat","background-position":"center center","background-size":"auto","background-attachment":"scroll","background-type":"","background-media":"","overlay-type":"","overlay-color":"","overlay-opacity":"","overlay-gradient":""}},"ast-content-background-meta":{"desktop":{"background-color":"var(--ast-global-color-5)","background-image":"","background-repeat":"repeat","background-position":"center center","background-size":"auto","background-attachment":"scroll","background-type":"","background-media":"","overlay-type":"","overlay-color":"","overlay-opacity":"","overlay-gradient":""},"tablet":{"background-color":"var(--ast-global-color-5)","background-image":"","background-repeat":"repeat","background-position":"center center","background-size":"auto","background-attachment":"scroll","background-type":"","background-media":"","overlay-type":"","overlay-color":"","overlay-opacity":"","overlay-gradient":""},"mobile":{"background-color":"var(--ast-global-color-5)","background-image":"","background-repeat":"repeat","background-position":"center center","background-size":"auto","background-attachment":"scroll","background-type":"","background-media":"","overlay-type":"","overlay-color":"","overlay-opacity":"","overlay-gradient":""}}},"product_brand":[],"product_cat":[162,138],"product_tag":[],"class_list":{"0":"post-15716","1":"product","2":"type-product","3":"status-publish","4":"has-post-thumbnail","6":"product_cat-glas-och-lock-till-stearinljus","7":"product_cat-tillverkning-av-stearinljus","8":"desktop-align-left","9":"tablet-align-left","10":"mobile-align-left","11":"ast-product-gallery-layout-horizontal","12":"ast-product-gallery-with-no-image","13":"ast-product-tabs-layout-horizontal","15":"first","16":"instock","17":"taxable","18":"shipping-taxable","19":"purchasable","20":"product-type-simple"},"_links":{"self":[{"href":"https:\/\/nordicdiy.ee\/sv\/wp-json\/wp\/v2\/product\/15716","targetHints":{"allow":["GET"]}}],"collection":[{"href":"https:\/\/nordicdiy.ee\/sv\/wp-json\/wp\/v2\/product"}],"about":[{"href":"https:\/\/nordicdiy.ee\/sv\/wp-json\/wp\/v2\/types\/product"}],"wp:featuredmedia":[{"embeddable":true,"href":"https:\/\/nordicdiy.ee\/sv\/wp-json\/wp\/v2\/media\/12079"}],"wp:attachment":[{"href":"https:\/\/nordicdiy.ee\/sv\/wp-json\/wp\/v2\/media?parent=15716"}],"wp:term":[{"taxonomy":"product_brand","embeddable":true,"href":"https:\/\/nordicdiy.ee\/sv\/wp-json\/wp\/v2\/product_brand?post=15716"},{"taxonomy":"product_cat","embeddable":true,"href":"https:\/\/nordicdiy.ee\/sv\/wp-json\/wp\/v2\/product_cat?post=15716"},{"taxonomy":"product_tag","embeddable":true,"href":"https:\/\/nordicdiy.ee\/sv\/wp-json\/wp\/v2\/product_tag?post=15716"}],"curies":[{"name":"wp","href":"https:\/\/api.w.org\/{rel}","templated":true}]}}