{"id":17076,"date":"2025-04-04T15:26:59","date_gmt":"2025-04-04T12:26:59","guid":{"rendered":"https:\/\/nordicdiy.ee\/?post_type=product&#038;p=17076"},"modified":"2025-04-04T15:48:24","modified_gmt":"2025-04-04T12:48:24","slug":"parfymflaska-for-hemmabruk-med-lock-svart-matt-100ml-copy","status":"publish","type":"product","link":"https:\/\/nordicdiy.ee\/sv\/epood\/beredning-av-rumsfraschare\/flaskor-med-rumsfraschare\/parfymflaska-for-hemmabruk-med-lock-svart-matt-100ml-copy\/","title":{"rendered":"Doftflaska med lock, m\u00f6rkgr\u00f6n matt 100ml"},"content":{"rendered":"<p>Uppt\u00e4ck den nordiska DIY-stilfulla doftflaskan f\u00f6r hemmet! Flaskans design \u00e4r det perfekta valet f\u00f6r att ge stil och funktionalitet till din rumsdoft. Flaskan levereras med ett medf\u00f6ljande lock i tre f\u00e4rger: guld, silver och ros\u00e9guld f\u00f6r att matcha alla inredningar.  <\/p>\n<p><strong>Hur man g\u00f6r hem doft?  <\/strong><\/p>\n<p>Det \u00e4r en enkel och rolig process! V\u00e4lj en 100 ml flaska och tills\u00e4tt 20 ml av doftoljan UFI Green, som \u00e4r k\u00e4nd f\u00f6r sin h\u00f6ga kvalitet och s\u00e4kerhet. Tills\u00e4tt sedan 80 ml basv\u00e4tska.   Om du vill kan du ocks\u00e5 tills\u00e4tta n\u00e5gra droppar vattenbaserad f\u00e4rg f\u00f6r att ge din doft den f\u00e4rg du vill ha. Blanda v\u00e4tskorna ordentligt och h\u00e4ll dem i flaskan. <\/p>\n<p>L\u00e4gg till sist 5-8 fiber- eller bambupinnar i flaskan. Dessa pinnar absorberar v\u00e4tskan och s\u00e4kerst\u00e4ller en j\u00e4mn och l\u00e5ngvarig spridning av doften. Njut av din egen doftspridare f\u00f6r hemmet, som sprider doft och v\u00e4rme i rummet.  <\/p>\n","protected":false},"excerpt":{"rendered":"<p>Snygg 100 ml doftflaska f\u00f6r hemmet - perfekt f\u00f6r att g\u00f6ra doftspritsar. L\u00e4gg till en touch av elegans i din inredning med denna m\u00f6rkgr\u00f6na runda parfymflaska i matt finish. Kapaciteten p\u00e5 100 ml \u00e4r perfekt f\u00f6r eteriska oljor eller diffuserv\u00e4tskor. Setet levereras med ett innerlock och en dekorativ kork, som finns i tre popul\u00e4ra f\u00e4rger: guld, silver eller ros\u00e9guld - f\u00f6r att matcha alla inredningsstilar. Flaskan \u00e4r n\u00e5got genomskinlig.    <\/p>\n","protected":false},"featured_media":17047,"template":"","meta":{"site-sidebar-layout":"default","site-content-layout":"","ast-site-content-layout":"default","site-content-style":"default","site-sidebar-style":"default","ast-global-header-display":"","ast-banner-title-visibility":"","ast-main-header-display":"","ast-hfb-above-header-display":"","ast-hfb-below-header-display":"","ast-hfb-mobile-header-display":"","site-post-title":"","ast-breadcrumbs-content":"","ast-featured-img":"","footer-sml-layout":"","ast-disable-related-posts":"","theme-transparent-header-meta":"default","adv-header-id-meta":"","stick-header-meta":"default","header-above-stick-meta":"","header-main-stick-meta":"","header-below-stick-meta":"","astra-migrate-meta-layouts":"set","ast-page-background-enabled":"default","ast-page-background-meta":{"desktop":{"background-color":"","background-image":"","background-repeat":"repeat","background-position":"center center","background-size":"auto","background-attachment":"scroll","background-type":"","background-media":"","overlay-type":"","overlay-color":"","overlay-opacity":"","overlay-gradient":""},"tablet":{"background-color":"","background-image":"","background-repeat":"repeat","background-position":"center center","background-size":"auto","background-attachment":"scroll","background-type":"","background-media":"","overlay-type":"","overlay-color":"","overlay-opacity":"","overlay-gradient":""},"mobile":{"background-color":"","background-image":"","background-repeat":"repeat","background-position":"center center","background-size":"auto","background-attachment":"scroll","background-type":"","background-media":"","overlay-type":"","overlay-color":"","overlay-opacity":"","overlay-gradient":""}},"ast-content-background-meta":{"desktop":{"background-color":"var(--ast-global-color-5)","background-image":"","background-repeat":"repeat","background-position":"center center","background-size":"auto","background-attachment":"scroll","background-type":"","background-media":"","overlay-type":"","overlay-color":"","overlay-opacity":"","overlay-gradient":""},"tablet":{"background-color":"var(--ast-global-color-5)","background-image":"","background-repeat":"repeat","background-position":"center center","background-size":"auto","background-attachment":"scroll","background-type":"","background-media":"","overlay-type":"","overlay-color":"","overlay-opacity":"","overlay-gradient":""},"mobile":{"background-color":"var(--ast-global-color-5)","background-image":"","background-repeat":"repeat","background-position":"center center","background-size":"auto","background-attachment":"scroll","background-type":"","background-media":"","overlay-type":"","overlay-color":"","overlay-opacity":"","overlay-gradient":""}}},"product_brand":[],"product_cat":[211,232],"product_tag":[],"class_list":{"0":"post-17076","1":"product","2":"type-product","3":"status-publish","4":"has-post-thumbnail","6":"product_cat-beredning-av-rumsfraschare","7":"product_cat-flaskor-med-rumsfraschare","8":"desktop-align-left","9":"tablet-align-left","10":"mobile-align-left","11":"ast-product-gallery-layout-horizontal","12":"ast-product-gallery-with-no-image","13":"ast-product-single-variable","14":"ast-product-tabs-layout-horizontal","16":"first","17":"instock","18":"taxable","19":"shipping-taxable","20":"purchasable","21":"product-type-variable"},"_links":{"self":[{"href":"https:\/\/nordicdiy.ee\/sv\/wp-json\/wp\/v2\/product\/17076","targetHints":{"allow":["GET"]}}],"collection":[{"href":"https:\/\/nordicdiy.ee\/sv\/wp-json\/wp\/v2\/product"}],"about":[{"href":"https:\/\/nordicdiy.ee\/sv\/wp-json\/wp\/v2\/types\/product"}],"wp:featuredmedia":[{"embeddable":true,"href":"https:\/\/nordicdiy.ee\/sv\/wp-json\/wp\/v2\/media\/17047"}],"wp:attachment":[{"href":"https:\/\/nordicdiy.ee\/sv\/wp-json\/wp\/v2\/media?parent=17076"}],"wp:term":[{"taxonomy":"product_brand","embeddable":true,"href":"https:\/\/nordicdiy.ee\/sv\/wp-json\/wp\/v2\/product_brand?post=17076"},{"taxonomy":"product_cat","embeddable":true,"href":"https:\/\/nordicdiy.ee\/sv\/wp-json\/wp\/v2\/product_cat?post=17076"},{"taxonomy":"product_tag","embeddable":true,"href":"https:\/\/nordicdiy.ee\/sv\/wp-json\/wp\/v2\/product_tag?post=17076"}],"curies":[{"name":"wp","href":"https:\/\/api.w.org\/{rel}","templated":true}]}}