{"id":17108,"date":"2025-04-02T10:23:21","date_gmt":"2025-04-02T07:23:21","guid":{"rendered":"https:\/\/nordicdiy.ee\/?post_type=product&#038;p=17108"},"modified":"2025-04-02T10:33:06","modified_gmt":"2025-04-02T07:33:06","slug":"doftflaska-med-lock-morkgron-matt-100ml-copy","status":"publish","type":"product","link":"https:\/\/nordicdiy.ee\/sv\/epood\/beredning-av-rumsfraschare\/flaskor-med-rumsfraschare\/doftflaska-med-lock-morkgron-matt-100ml-copy\/","title":{"rendered":"Parfymflaska f\u00f6r hemmabruk med lock, klar kristall 100ml"},"content":{"rendered":"<p>Uppt\u00e4ck den lyxiga doftflaskan i kristall f\u00f6r hemmet fr\u00e5n Nordic DIY! Den h\u00e4r flaskan har en kristallglasliknande finish och \u00e4r perfekt f\u00f6r doftspridare och eteriska oljor. Setet inneh\u00e5ller ett praktiskt innerlock och ett dekorativt topplock i tre olika f\u00e4rger: guld, silver eller ros\u00e9guld. Flaskan m\u00e4ter 10,5 \u00d7 10,5 \u00d7 8 cm.   <\/p>\n<p><strong>Hur man g\u00f6r hem doft?  <\/strong><\/p>\n<p>Det \u00e4r en enkel och rolig process! V\u00e4lj en 100 ml flaska och tills\u00e4tt 20 ml av doftoljan UFI Green, som \u00e4r k\u00e4nd f\u00f6r sin h\u00f6ga kvalitet och s\u00e4kerhet. Tills\u00e4tt sedan 80 ml basv\u00e4tska.   Om du vill kan du ocks\u00e5 tills\u00e4tta n\u00e5gra droppar vattenbaserad f\u00e4rg f\u00f6r att ge din doft den f\u00e4rg du vill ha. Blanda v\u00e4tskorna ordentligt och h\u00e4ll dem i flaskan. <\/p>\n<p>L\u00e4gg till sist 5-8 fiber- eller bambupinnar i flaskan. Dessa pinnar absorberar v\u00e4tskan och s\u00e4kerst\u00e4ller en j\u00e4mn och l\u00e5ngvarig spridning av doften. Njut av din egen doftspridare f\u00f6r hemmet, som sprider doft och v\u00e4rme i rummet.  <\/p>\n","protected":false},"excerpt":{"rendered":"<p><strong data-start=\"61\" data-end=\"177\">Transparent 100 ml doftflaska f\u00f6r hemmet med innerkorg och dekorativt lock - kristallklar elegans f\u00f6r alla rum.  <\/strong>F\u00f6rvandla stilen i ditt hem med en lyxig transparent 100 ml doftflaska f\u00f6r hemmet. Flaskan har en kristallglasliknande finish och \u00e4r perfekt f\u00f6r doftdiffusorer och eteriska oljor. Setet inneh\u00e5ller ett praktiskt innerlock och ett dekorativt topplock i tre olika f\u00e4rger: guld, silver eller ros\u00e9guld.  <\/p>\n","protected":false},"featured_media":17027,"template":"","meta":{"site-sidebar-layout":"default","site-content-layout":"","ast-site-content-layout":"default","site-content-style":"default","site-sidebar-style":"default","ast-global-header-display":"","ast-banner-title-visibility":"","ast-main-header-display":"","ast-hfb-above-header-display":"","ast-hfb-below-header-display":"","ast-hfb-mobile-header-display":"","site-post-title":"","ast-breadcrumbs-content":"","ast-featured-img":"","footer-sml-layout":"","ast-disable-related-posts":"","theme-transparent-header-meta":"default","adv-header-id-meta":"","stick-header-meta":"default","header-above-stick-meta":"","header-main-stick-meta":"","header-below-stick-meta":"","astra-migrate-meta-layouts":"set","ast-page-background-enabled":"default","ast-page-background-meta":{"desktop":{"background-color":"","background-image":"","background-repeat":"repeat","background-position":"center center","background-size":"auto","background-attachment":"scroll","background-type":"","background-media":"","overlay-type":"","overlay-color":"","overlay-opacity":"","overlay-gradient":""},"tablet":{"background-color":"","background-image":"","background-repeat":"repeat","background-position":"center center","background-size":"auto","background-attachment":"scroll","background-type":"","background-media":"","overlay-type":"","overlay-color":"","overlay-opacity":"","overlay-gradient":""},"mobile":{"background-color":"","background-image":"","background-repeat":"repeat","background-position":"center center","background-size":"auto","background-attachment":"scroll","background-type":"","background-media":"","overlay-type":"","overlay-color":"","overlay-opacity":"","overlay-gradient":""}},"ast-content-background-meta":{"desktop":{"background-color":"var(--ast-global-color-5)","background-image":"","background-repeat":"repeat","background-position":"center center","background-size":"auto","background-attachment":"scroll","background-type":"","background-media":"","overlay-type":"","overlay-color":"","overlay-opacity":"","overlay-gradient":""},"tablet":{"background-color":"var(--ast-global-color-5)","background-image":"","background-repeat":"repeat","background-position":"center center","background-size":"auto","background-attachment":"scroll","background-type":"","background-media":"","overlay-type":"","overlay-color":"","overlay-opacity":"","overlay-gradient":""},"mobile":{"background-color":"var(--ast-global-color-5)","background-image":"","background-repeat":"repeat","background-position":"center center","background-size":"auto","background-attachment":"scroll","background-type":"","background-media":"","overlay-type":"","overlay-color":"","overlay-opacity":"","overlay-gradient":""}}},"product_brand":[],"product_cat":[211,232,415],"product_tag":[],"class_list":{"0":"post-17108","1":"product","2":"type-product","3":"status-publish","4":"has-post-thumbnail","6":"product_cat-beredning-av-rumsfraschare","7":"product_cat-flaskor-med-rumsfraschare","8":"product_cat-rea","9":"desktop-align-left","10":"tablet-align-left","11":"mobile-align-left","12":"ast-product-gallery-layout-horizontal","13":"ast-product-gallery-with-no-image","14":"ast-product-single-variable","15":"ast-product-tabs-layout-horizontal","17":"first","18":"instock","19":"taxable","20":"shipping-taxable","21":"purchasable","22":"product-type-variable"},"_links":{"self":[{"href":"https:\/\/nordicdiy.ee\/sv\/wp-json\/wp\/v2\/product\/17108","targetHints":{"allow":["GET"]}}],"collection":[{"href":"https:\/\/nordicdiy.ee\/sv\/wp-json\/wp\/v2\/product"}],"about":[{"href":"https:\/\/nordicdiy.ee\/sv\/wp-json\/wp\/v2\/types\/product"}],"wp:featuredmedia":[{"embeddable":true,"href":"https:\/\/nordicdiy.ee\/sv\/wp-json\/wp\/v2\/media\/17027"}],"wp:attachment":[{"href":"https:\/\/nordicdiy.ee\/sv\/wp-json\/wp\/v2\/media?parent=17108"}],"wp:term":[{"taxonomy":"product_brand","embeddable":true,"href":"https:\/\/nordicdiy.ee\/sv\/wp-json\/wp\/v2\/product_brand?post=17108"},{"taxonomy":"product_cat","embeddable":true,"href":"https:\/\/nordicdiy.ee\/sv\/wp-json\/wp\/v2\/product_cat?post=17108"},{"taxonomy":"product_tag","embeddable":true,"href":"https:\/\/nordicdiy.ee\/sv\/wp-json\/wp\/v2\/product_tag?post=17108"}],"curies":[{"name":"wp","href":"https:\/\/api.w.org\/{rel}","templated":true}]}}