{"id":17163,"date":"2025-04-02T11:53:57","date_gmt":"2025-04-02T08:53:57","guid":{"rendered":"https:\/\/nordicdiy.ee\/?post_type=product&#038;p=17163"},"modified":"2025-04-04T16:04:12","modified_gmt":"2025-04-04T13:04:12","slug":"ljusglas-lavendel-lila-matt-260ml-h88-x-d80-mm-copy","status":"publish","type":"product","link":"https:\/\/nordicdiy.ee\/sv\/epood\/tillverkning-av-stearinljus\/glas-och-lock-till-stearinljus\/ljusglas-lavendel-lila-matt-260ml-h88-x-d80-mm-copy\/","title":{"rendered":"Lyxigt ljusglas f\u00f6r ljusst\u00f6pning - 300 ml"},"content":{"rendered":"<p class=\"\" data-start=\"227\" data-end=\"441\">Snyggt och <strong data-start=\"238\" data-end=\"263\">lyxigt ljusglas<\/strong>, tillverkat av tjockt v\u00e4rmebest\u00e4ndigt glas av h\u00f6g kvalitet. Detta eleganta 300 ml k\u00e4rl \u00e4r perfekt f\u00f6r b\u00e5de hemmagjorda ljus och som dekorativt tillbeh\u00f6r. <\/p>\n<p class=\"\" data-start=\"443\" data-end=\"720\"><strong data-start=\"443\" data-end=\"498\">Perfekt f\u00f6r anv\u00e4ndning med en m\u00e4ngd olika vaxer<\/strong>: sojavax, paraffinvax, rapsvax, bivax och palmvax. Ljusglaset ger en ren och j\u00e4mn f\u00f6rbr\u00e4nning, samtidigt som det ger en l\u00e5ngvarig och s\u00e4ker anv\u00e4ndning. Kristalleffekten framh\u00e4ver vaxets sk\u00f6nhet och ger alla ljus en lyxig look.  <\/p>\n<p class=\"\" data-start=\"722\" data-end=\"979\"><strong data-start=\"722\" data-end=\"753\">Vill du ha en unik design?<\/strong> Ljusglas kan ocks\u00e5 best\u00e4llas <strong data-start=\"790\" data-end=\"819\">i valfri f\u00e4rg<\/strong> - perfekt f\u00f6r varum\u00e4rkesprofilering eller f\u00f6r att skapa speciella kollektioner. Minsta antal f\u00f6r specialbest\u00e4llningar \u00e4r 500 st. Skriv till oss med din f\u00f6rfr\u00e5gan: <strong data-start=\"957\" data-end=\"979\"><a class=\"cursor-pointer\" rel=\"noopener\" data-start=\"959\" data-end=\"977\">epood@nordicdiy.ee<\/a><\/strong>  <\/p>\n<p class=\"\" data-start=\"981\" data-end=\"1081\"><strong data-start=\"981\" data-end=\"995\">Kapacitet:<\/strong> ca 300 ml<br data-start=\"1004\" data-end=\"1007\"><strong data-start=\"1007\" data-end=\"1018\">M\u00e5tt:<\/strong> h\u00f6jd ca 9 cm, bredd ca 8 cm, kanttjocklek 5mm, innerbredd 6,8cm<br data-start=\"1046\" data-end=\"1049\"> Material: v\u00e4rmebest\u00e4ndigt glas<\/p>\n","protected":false},"excerpt":{"rendered":"<p>Snyggt och <strong data-start=\"238\" data-end=\"263\">lyxigt ljusglas i transparent kristall<\/strong>, tillverkat av tjockt v\u00e4rmebest\u00e4ndigt glas av h\u00f6g kvalitet. Detta eleganta 300 ml k\u00e4rl \u00e4r perfekt f\u00f6r b\u00e5de hemmagjorda ljus och som dekorativt tillbeh\u00f6r.  Dess storlek och moderna design g\u00f6r den idealisk f\u00f6r anv\u00e4ndning med en m\u00e4ngd olika vaxer, t.ex. sojavax, paraffin, rapsvax, bivax och palmvax.<\/p>\n","protected":false},"featured_media":17168,"template":"","meta":{"site-sidebar-layout":"default","site-content-layout":"","ast-site-content-layout":"default","site-content-style":"default","site-sidebar-style":"default","ast-global-header-display":"","ast-banner-title-visibility":"","ast-main-header-display":"","ast-hfb-above-header-display":"","ast-hfb-below-header-display":"","ast-hfb-mobile-header-display":"","site-post-title":"","ast-breadcrumbs-content":"","ast-featured-img":"","footer-sml-layout":"","ast-disable-related-posts":"","theme-transparent-header-meta":"default","adv-header-id-meta":"","stick-header-meta":"default","header-above-stick-meta":"","header-main-stick-meta":"","header-below-stick-meta":"","astra-migrate-meta-layouts":"set","ast-page-background-enabled":"default","ast-page-background-meta":{"desktop":{"background-color":"","background-image":"","background-repeat":"repeat","background-position":"center center","background-size":"auto","background-attachment":"scroll","background-type":"","background-media":"","overlay-type":"","overlay-color":"","overlay-opacity":"","overlay-gradient":""},"tablet":{"background-color":"","background-image":"","background-repeat":"repeat","background-position":"center center","background-size":"auto","background-attachment":"scroll","background-type":"","background-media":"","overlay-type":"","overlay-color":"","overlay-opacity":"","overlay-gradient":""},"mobile":{"background-color":"","background-image":"","background-repeat":"repeat","background-position":"center center","background-size":"auto","background-attachment":"scroll","background-type":"","background-media":"","overlay-type":"","overlay-color":"","overlay-opacity":"","overlay-gradient":""}},"ast-content-background-meta":{"desktop":{"background-color":"var(--ast-global-color-5)","background-image":"","background-repeat":"repeat","background-position":"center center","background-size":"auto","background-attachment":"scroll","background-type":"","background-media":"","overlay-type":"","overlay-color":"","overlay-opacity":"","overlay-gradient":""},"tablet":{"background-color":"var(--ast-global-color-5)","background-image":"","background-repeat":"repeat","background-position":"center center","background-size":"auto","background-attachment":"scroll","background-type":"","background-media":"","overlay-type":"","overlay-color":"","overlay-opacity":"","overlay-gradient":""},"mobile":{"background-color":"var(--ast-global-color-5)","background-image":"","background-repeat":"repeat","background-position":"center center","background-size":"auto","background-attachment":"scroll","background-type":"","background-media":"","overlay-type":"","overlay-color":"","overlay-opacity":"","overlay-gradient":""}}},"product_brand":[],"product_cat":[162,138],"product_tag":[],"class_list":{"0":"post-17163","1":"product","2":"type-product","3":"status-publish","4":"has-post-thumbnail","6":"product_cat-glas-och-lock-till-stearinljus","7":"product_cat-tillverkning-av-stearinljus","8":"desktop-align-left","9":"tablet-align-left","10":"mobile-align-left","11":"ast-product-gallery-layout-horizontal","12":"ast-product-gallery-with-no-image","13":"ast-product-tabs-layout-horizontal","15":"first","16":"instock","17":"taxable","18":"shipping-taxable","19":"purchasable","20":"product-type-simple"},"_links":{"self":[{"href":"https:\/\/nordicdiy.ee\/sv\/wp-json\/wp\/v2\/product\/17163","targetHints":{"allow":["GET"]}}],"collection":[{"href":"https:\/\/nordicdiy.ee\/sv\/wp-json\/wp\/v2\/product"}],"about":[{"href":"https:\/\/nordicdiy.ee\/sv\/wp-json\/wp\/v2\/types\/product"}],"wp:featuredmedia":[{"embeddable":true,"href":"https:\/\/nordicdiy.ee\/sv\/wp-json\/wp\/v2\/media\/17168"}],"wp:attachment":[{"href":"https:\/\/nordicdiy.ee\/sv\/wp-json\/wp\/v2\/media?parent=17163"}],"wp:term":[{"taxonomy":"product_brand","embeddable":true,"href":"https:\/\/nordicdiy.ee\/sv\/wp-json\/wp\/v2\/product_brand?post=17163"},{"taxonomy":"product_cat","embeddable":true,"href":"https:\/\/nordicdiy.ee\/sv\/wp-json\/wp\/v2\/product_cat?post=17163"},{"taxonomy":"product_tag","embeddable":true,"href":"https:\/\/nordicdiy.ee\/sv\/wp-json\/wp\/v2\/product_tag?post=17163"}],"curies":[{"name":"wp","href":"https:\/\/api.w.org\/{rel}","templated":true}]}}