{"id":17183,"date":"2025-04-02T12:38:18","date_gmt":"2025-04-02T09:38:18","guid":{"rendered":"https:\/\/nordicdiy.ee\/?post_type=product&#038;p=17183"},"modified":"2025-12-10T12:11:28","modified_gmt":"2025-12-10T09:11:28","slug":"rombic-ljusglas-for-ljusstopning-300-ml-copy","status":"publish","type":"product","link":"https:\/\/nordicdiy.ee\/sv\/epood\/tillverkning-av-stearinljus\/glas-och-lock-till-stearinljus\/rombic-ljusglas-for-ljusstopning-300-ml-copy\/","title":{"rendered":"M\u00f6rkbrunt ljusglas med skruvkork 100 ml"},"content":{"rendered":"<p class=\"\" data-start=\"209\" data-end=\"520\"><strong data-start=\"230\" data-end=\"282\">Dekorativ<\/strong> 100 ml <strong data-start=\"230\" data-end=\"282\">beh\u00e5llare<\/strong> med flera anv\u00e4ndningsomr\u00e5den, <strong data-start=\"230\" data-end=\"282\">tillverkad av h\u00f6gkvalitativt brunt glas<\/strong> med <strong data-start=\"308\" data-end=\"337\">svart vridlock<\/strong>. Perfekt f\u00f6r <strong data-start=\"363\" data-end=\"381\">ljusglas<\/strong> och som <strong data-start=\"389\" data-end=\"423\">beh\u00e5llare f\u00f6r kosmetika<\/strong> - t.ex. f\u00f6r doftkulor som kan anv\u00e4ndas f\u00f6r att skapa en effektiv doft i hemmet. <\/p>\n<p class=\"\" data-start=\"522\" data-end=\"672\">Det perfekta valet f\u00f6r g\u00f6r-det-sj\u00e4lvaren eller hantverkaren: h\u00e4ll i paraffinet, tills\u00e4tt gel, doft eller f\u00e4rg, placera veken - och ditt personliga ljus \u00e4r klart!<\/p>\n<p class=\"\" data-start=\"674\" data-end=\"797\"><strong data-start=\"674\" data-end=\"685\">M\u00e5tt:<\/strong> h\u00f6jd 6,5 cm, bredd 6,2 cm<br data-start=\"711\" data-end=\"714\"> Kapacitet: 100 ml<br data-start=\"730\" data-end=\"733\"> Material: tjockt brunt glas<br data-start=\"757\" data-end=\"760\"> Lock: svart plastlock (skruvlock)<\/p>\n","protected":false},"excerpt":{"rendered":"<p><strong data-start=\"230\" data-end=\"282\">Dekorativ<\/strong> 100 ml <strong data-start=\"230\" data-end=\"282\">beh\u00e5llare<\/strong> med flera anv\u00e4ndningsomr\u00e5den, <strong data-start=\"230\" data-end=\"282\">tillverkad av h\u00f6gkvalitativt brunt glas<\/strong> med <strong data-start=\"308\" data-end=\"337\">svart vridlock<\/strong>. Perfekt f\u00f6r <strong data-start=\"363\" data-end=\"381\">ljusglas<\/strong> och som <strong data-start=\"389\" data-end=\"423\">beh\u00e5llare f\u00f6r kosmetika<\/strong> - t.ex. f\u00f6r doftkulor som kan anv\u00e4ndas f\u00f6r att skapa en effektiv hemmaparfym. <\/p>\n","protected":false},"featured_media":17188,"template":"","meta":{"site-sidebar-layout":"default","site-content-layout":"","ast-site-content-layout":"default","site-content-style":"default","site-sidebar-style":"default","ast-global-header-display":"","ast-banner-title-visibility":"","ast-main-header-display":"","ast-hfb-above-header-display":"","ast-hfb-below-header-display":"","ast-hfb-mobile-header-display":"","site-post-title":"","ast-breadcrumbs-content":"","ast-featured-img":"","footer-sml-layout":"","ast-disable-related-posts":"","theme-transparent-header-meta":"default","adv-header-id-meta":"","stick-header-meta":"default","header-above-stick-meta":"","header-main-stick-meta":"","header-below-stick-meta":"","astra-migrate-meta-layouts":"set","ast-page-background-enabled":"default","ast-page-background-meta":{"desktop":{"background-color":"","background-image":"","background-repeat":"repeat","background-position":"center center","background-size":"auto","background-attachment":"scroll","background-type":"","background-media":"","overlay-type":"","overlay-color":"","overlay-opacity":"","overlay-gradient":""},"tablet":{"background-color":"","background-image":"","background-repeat":"repeat","background-position":"center center","background-size":"auto","background-attachment":"scroll","background-type":"","background-media":"","overlay-type":"","overlay-color":"","overlay-opacity":"","overlay-gradient":""},"mobile":{"background-color":"","background-image":"","background-repeat":"repeat","background-position":"center center","background-size":"auto","background-attachment":"scroll","background-type":"","background-media":"","overlay-type":"","overlay-color":"","overlay-opacity":"","overlay-gradient":""}},"ast-content-background-meta":{"desktop":{"background-color":"var(--ast-global-color-5)","background-image":"","background-repeat":"repeat","background-position":"center center","background-size":"auto","background-attachment":"scroll","background-type":"","background-media":"","overlay-type":"","overlay-color":"","overlay-opacity":"","overlay-gradient":""},"tablet":{"background-color":"var(--ast-global-color-5)","background-image":"","background-repeat":"repeat","background-position":"center center","background-size":"auto","background-attachment":"scroll","background-type":"","background-media":"","overlay-type":"","overlay-color":"","overlay-opacity":"","overlay-gradient":""},"mobile":{"background-color":"var(--ast-global-color-5)","background-image":"","background-repeat":"repeat","background-position":"center center","background-size":"auto","background-attachment":"scroll","background-type":"","background-media":"","overlay-type":"","overlay-color":"","overlay-opacity":"","overlay-gradient":""}}},"product_brand":[],"product_cat":[162,138],"product_tag":[],"class_list":{"0":"post-17183","1":"product","2":"type-product","3":"status-publish","4":"has-post-thumbnail","6":"product_cat-glas-och-lock-till-stearinljus","7":"product_cat-tillverkning-av-stearinljus","8":"desktop-align-left","9":"tablet-align-left","10":"mobile-align-left","11":"ast-product-gallery-layout-horizontal","12":"ast-product-tabs-layout-horizontal","14":"first","15":"instock","16":"taxable","17":"shipping-taxable","18":"purchasable","19":"product-type-simple"},"_links":{"self":[{"href":"https:\/\/nordicdiy.ee\/sv\/wp-json\/wp\/v2\/product\/17183","targetHints":{"allow":["GET"]}}],"collection":[{"href":"https:\/\/nordicdiy.ee\/sv\/wp-json\/wp\/v2\/product"}],"about":[{"href":"https:\/\/nordicdiy.ee\/sv\/wp-json\/wp\/v2\/types\/product"}],"wp:featuredmedia":[{"embeddable":true,"href":"https:\/\/nordicdiy.ee\/sv\/wp-json\/wp\/v2\/media\/17188"}],"wp:attachment":[{"href":"https:\/\/nordicdiy.ee\/sv\/wp-json\/wp\/v2\/media?parent=17183"}],"wp:term":[{"taxonomy":"product_brand","embeddable":true,"href":"https:\/\/nordicdiy.ee\/sv\/wp-json\/wp\/v2\/product_brand?post=17183"},{"taxonomy":"product_cat","embeddable":true,"href":"https:\/\/nordicdiy.ee\/sv\/wp-json\/wp\/v2\/product_cat?post=17183"},{"taxonomy":"product_tag","embeddable":true,"href":"https:\/\/nordicdiy.ee\/sv\/wp-json\/wp\/v2\/product_tag?post=17183"}],"curies":[{"name":"wp","href":"https:\/\/api.w.org\/{rel}","templated":true}]}}